{"id":2967,"date":"2026-02-10T16:25:41","date_gmt":"2026-02-10T15:25:41","guid":{"rendered":"https:\/\/arbraculture.fr\/?page_id=2967"},"modified":"2026-02-10T16:25:48","modified_gmt":"2026-02-10T15:25:48","slug":"elementor-2967","status":"publish","type":"page","link":"https:\/\/arbraculture.fr\/index.php\/elementor-2967\/","title":{"rendered":"Elementor #2967"},"content":{"rendered":"\t\t<div data-elementor-type=\"wp-page\" data-elementor-id=\"2967\" class=\"elementor elementor-2967\">\n\t\t\t\t<div class=\"elementor-element elementor-element-75aecb67 e-flex e-con-boxed wpr-particle-no wpr-jarallax-no wpr-parallax-no wpr-sticky-section-no e-con e-parent\" data-id=\"75aecb67\" data-element_type=\"container\" data-settings=\"{&quot;background_background&quot;:&quot;classic&quot;}\">\n\t\t\t\t\t<div class=\"e-con-inner\">\n\t\t<div class=\"elementor-element elementor-element-20fbe5f3 e-con-full e-flex wpr-particle-no wpr-jarallax-no wpr-parallax-no wpr-sticky-section-no e-con e-child\" data-id=\"20fbe5f3\" data-element_type=\"container\">\n\t\t<div class=\"elementor-element elementor-element-669879d8 e-con-full e-flex wpr-particle-no wpr-jarallax-no wpr-parallax-no wpr-sticky-section-no e-con e-child\" data-id=\"669879d8\" data-element_type=\"container\">\n\t\t\t\t<div class=\"elementor-element elementor-element-355d59a6 elementor-widget elementor-widget-heading\" data-id=\"355d59a6\" data-element_type=\"widget\" data-widget_type=\"heading.default\">\n\t\t\t\t<div class=\"elementor-widget-container\">\n\t\t\t\t\t<h2 class=\"elementor-heading-title elementor-size-default\">page en cours de r\u00e9alisation...<\/h2>\t\t\t\t<\/div>\n\t\t\t\t<\/div>\n\t\t\t\t<\/div>\n\t\t<div class=\"elementor-element elementor-element-430fafe9 e-con-full e-flex wpr-particle-no wpr-jarallax-no wpr-parallax-no wpr-sticky-section-no e-con e-child\" data-id=\"430fafe9\" data-element_type=\"container\">\n\t\t\t\t<\/div>\n\t\t\t\t<\/div>\n\t\t\t\t\t<\/div>\n\t\t\t\t<\/div>\n\t\t<div class=\"elementor-element elementor-element-754731d4 e-con-full e-flex wpr-particle-no wpr-jarallax-no wpr-parallax-no wpr-sticky-section-no e-con e-child\" data-id=\"754731d4\" data-element_type=\"container\">\n\t\t\t\t<div class=\"elementor-element elementor-element-762307a5 elementor-widget elementor-widget-heading\" data-id=\"762307a5\" data-element_type=\"widget\" data-widget_type=\"heading.default\">\n\t\t\t\t<div class=\"elementor-widget-container\">\n\t\t\t\t\t<h2 class=\"elementor-heading-title elementor-size-default\">En d\u00e9couvrir plus ?<\/h2>\t\t\t\t<\/div>\n\t\t\t\t<\/div>\n\t\t\t\t<div class=\"elementor-element elementor-element-5d9dd983 elementor-widget__width-initial elementor-widget elementor-widget-text-editor\" data-id=\"5d9dd983\" data-element_type=\"widget\" data-widget_type=\"text-editor.default\">\n\t\t\t\t<div class=\"elementor-widget-container\">\n\t\t\t\t\t\t\t\t\t<p>D\u00e9couvrez nos conseils, nos plantes.<br \/>Mais aussi nos r\u00e9alisations :<\/p>\t\t\t\t\t\t\t\t<\/div>\n\t\t\t\t<\/div>\n\t\t<div class=\"elementor-element elementor-element-5a29d2f4 e-con-full e-flex wpr-particle-no wpr-jarallax-no wpr-parallax-no wpr-sticky-section-no e-con e-child\" data-id=\"5a29d2f4\" data-element_type=\"container\">\n\t\t\t\t<div class=\"elementor-element elementor-element-43813f2c elementor-widget elementor-widget-button\" data-id=\"43813f2c\" data-element_type=\"widget\" data-widget_type=\"button.default\">\n\t\t\t\t<div class=\"elementor-widget-container\">\n\t\t\t\t\t\t\t\t\t<div class=\"elementor-button-wrapper\">\n\t\t\t\t\t<a class=\"elementor-button elementor-button-link elementor-size-sm\" href=\"https:\/\/arbraculture.fr\/index.php\/guide-du-jardin\/\">\n\t\t\t\t\t\t<span class=\"elementor-button-content-wrapper\">\n\t\t\t\t\t\t\t\t\t<span class=\"elementor-button-text\">Guide du jardin<\/span>\n\t\t\t\t\t<\/span>\n\t\t\t\t\t<\/a>\n\t\t\t\t<\/div>\n\t\t\t\t\t\t\t\t<\/div>\n\t\t\t\t<\/div>\n\t\t\t\t<div class=\"elementor-element elementor-element-68a9ba60 elementor-widget elementor-widget-button\" data-id=\"68a9ba60\" data-element_type=\"widget\" data-widget_type=\"button.default\">\n\t\t\t\t<div class=\"elementor-widget-container\">\n\t\t\t\t\t\t\t\t\t<div class=\"elementor-button-wrapper\">\n\t\t\t\t\t<a class=\"elementor-button elementor-button-link elementor-size-sm\" href=\"https:\/\/arbraculture.fr\/index.php\/projets\/\">\n\t\t\t\t\t\t<span class=\"elementor-button-content-wrapper\">\n\t\t\t\t\t\t\t\t\t<span class=\"elementor-button-text\">Projets<\/span>\n\t\t\t\t\t<\/span>\n\t\t\t\t\t<\/a>\n\t\t\t\t<\/div>\n\t\t\t\t\t\t\t\t<\/div>\n\t\t\t\t<\/div>\n\t\t\t\t<\/div>\n\t\t\t\t<\/div>\n\t\t\t\t<\/div>\n\t\t","protected":false},"excerpt":{"rendered":"<p>page en cours de r\u00e9alisation&#8230; En d\u00e9couvrir plus ? D\u00e9couvrez nos conseils, nos plantes.Mais aussi nos r\u00e9alisations : Guide du jardin Projets<\/p>\n","protected":false},"author":2,"featured_media":0,"parent":0,"menu_order":0,"comment_status":"closed","ping_status":"closed","template":"","meta":{"site-sidebar-layout":"no-sidebar","site-content-layout":"","ast-site-content-layout":"full-width-container","site-content-style":"default","site-sidebar-style":"default","ast-global-header-display":"","ast-banner-title-visibility":"","ast-main-header-display":"","ast-hfb-above-header-display":"","ast-hfb-below-header-display":"","ast-hfb-mobile-header-display":"","site-post-title":"disabled","ast-breadcrumbs-content":"","ast-featured-img":"disabled","footer-sml-layout":"","theme-transparent-header-meta":"","adv-header-id-meta":"","stick-header-meta":"","header-above-stick-meta":"","header-main-stick-meta":"","header-below-stick-meta":"","astra-migrate-meta-layouts":"default","ast-page-background-enabled":"default","ast-page-background-meta":{"desktop":{"background-color":"var(--ast-global-color-5)","background-image":"","background-repeat":"repeat","background-position":"center center","background-size":"auto","background-attachment":"scroll","background-type":"","background-media":"","overlay-type":"","overlay-color":"","overlay-opacity":"","overlay-gradient":""},"tablet":{"background-color":"","background-image":"","background-repeat":"repeat","background-position":"center center","background-size":"auto","background-attachment":"scroll","background-type":"","background-media":"","overlay-type":"","overlay-color":"","overlay-opacity":"","overlay-gradient":""},"mobile":{"background-color":"","background-image":"","background-repeat":"repeat","background-position":"center center","background-size":"auto","background-attachment":"scroll","background-type":"","background-media":"","overlay-type":"","overlay-color":"","overlay-opacity":"","overlay-gradient":""}},"ast-content-background-meta":{"desktop":{"background-color":"var(--ast-global-color-4)","background-image":"","background-repeat":"repeat","background-position":"center center","background-size":"auto","background-attachment":"scroll","background-type":"","background-media":"","overlay-type":"","overlay-color":"","overlay-opacity":"","overlay-gradient":""},"tablet":{"background-color":"var(--ast-global-color-4)","background-image":"","background-repeat":"repeat","background-position":"center center","background-size":"auto","background-attachment":"scroll","background-type":"","background-media":"","overlay-type":"","overlay-color":"","overlay-opacity":"","overlay-gradient":""},"mobile":{"background-color":"var(--ast-global-color-4)","background-image":"","background-repeat":"repeat","background-position":"center center","background-size":"auto","background-attachment":"scroll","background-type":"","background-media":"","overlay-type":"","overlay-color":"","overlay-opacity":"","overlay-gradient":""}},"footnotes":""},"class_list":["post-2967","page","type-page","status-publish","hentry"],"yoast_head":"<!-- This site is optimized with the Yoast SEO plugin v26.7 - https:\/\/yoast.com\/wordpress\/plugins\/seo\/ -->\n<title>Elementor #2967 - Arbraculture<\/title>\n<meta name=\"robots\" content=\"index, follow, max-snippet:-1, max-image-preview:large, max-video-preview:-1\" \/>\n<link rel=\"canonical\" href=\"https:\/\/arbraculture.fr\/index.php\/elementor-2967\/\" \/>\n<meta property=\"og:locale\" content=\"fr_FR\" \/>\n<meta property=\"og:type\" content=\"article\" \/>\n<meta property=\"og:title\" content=\"Elementor #2967 - Arbraculture\" \/>\n<meta property=\"og:description\" content=\"page en cours de r\u00e9alisation&#8230; En d\u00e9couvrir plus ? D\u00e9couvrez nos conseils, nos plantes.Mais aussi nos r\u00e9alisations : Guide du jardin Projets\" \/>\n<meta property=\"og:url\" content=\"https:\/\/arbraculture.fr\/index.php\/elementor-2967\/\" \/>\n<meta property=\"og:site_name\" content=\"Arbraculture\" \/>\n<meta property=\"article:publisher\" content=\"https:\/\/www.facebook.com\/Arbraculture\/?locale=fr_FR\" \/>\n<meta property=\"article:modified_time\" content=\"2026-02-10T15:25:48+00:00\" \/>\n<meta name=\"twitter:card\" content=\"summary_large_image\" \/>\n<meta name=\"twitter:label1\" content=\"Dur\u00e9e de lecture estim\u00e9e\" \/>\n\t<meta name=\"twitter:data1\" content=\"1 minute\" \/>\n<script type=\"application\/ld+json\" class=\"yoast-schema-graph\">{\"@context\":\"https:\/\/schema.org\",\"@graph\":[{\"@type\":\"WebPage\",\"@id\":\"https:\/\/arbraculture.fr\/index.php\/elementor-2967\/\",\"url\":\"https:\/\/arbraculture.fr\/index.php\/elementor-2967\/\",\"name\":\"Elementor #2967 - Arbraculture\",\"isPartOf\":{\"@id\":\"https:\/\/arbraculture.fr\/#website\"},\"datePublished\":\"2026-02-10T15:25:41+00:00\",\"dateModified\":\"2026-02-10T15:25:48+00:00\",\"breadcrumb\":{\"@id\":\"https:\/\/arbraculture.fr\/index.php\/elementor-2967\/#breadcrumb\"},\"inLanguage\":\"fr-FR\",\"potentialAction\":[{\"@type\":\"ReadAction\",\"target\":[\"https:\/\/arbraculture.fr\/index.php\/elementor-2967\/\"]}]},{\"@type\":\"BreadcrumbList\",\"@id\":\"https:\/\/arbraculture.fr\/index.php\/elementor-2967\/#breadcrumb\",\"itemListElement\":[{\"@type\":\"ListItem\",\"position\":1,\"name\":\"Accueil\",\"item\":\"https:\/\/arbraculture.fr\/\"},{\"@type\":\"ListItem\",\"position\":2,\"name\":\"Elementor #2967\"}]},{\"@type\":\"WebSite\",\"@id\":\"https:\/\/arbraculture.fr\/#website\",\"url\":\"https:\/\/arbraculture.fr\/\",\"name\":\"Arbraculture\",\"description\":\"La transition paysag\u00e8re utile et naturelle\",\"publisher\":{\"@id\":\"https:\/\/arbraculture.fr\/#organization\"},\"potentialAction\":[{\"@type\":\"SearchAction\",\"target\":{\"@type\":\"EntryPoint\",\"urlTemplate\":\"https:\/\/arbraculture.fr\/?s={search_term_string}\"},\"query-input\":{\"@type\":\"PropertyValueSpecification\",\"valueRequired\":true,\"valueName\":\"search_term_string\"}}],\"inLanguage\":\"fr-FR\"},{\"@type\":\"Organization\",\"@id\":\"https:\/\/arbraculture.fr\/#organization\",\"name\":\"Arbraculture\",\"url\":\"https:\/\/arbraculture.fr\/\",\"logo\":{\"@type\":\"ImageObject\",\"inLanguage\":\"fr-FR\",\"@id\":\"https:\/\/arbraculture.fr\/#\/schema\/logo\/image\/\",\"url\":\"https:\/\/arbraculture.fr\/wp-content\/uploads\/2025\/03\/cropped-Arbraculture-logo-site.png\",\"contentUrl\":\"https:\/\/arbraculture.fr\/wp-content\/uploads\/2025\/03\/cropped-Arbraculture-logo-site.png\",\"width\":1198,\"height\":1012,\"caption\":\"Arbraculture\"},\"image\":{\"@id\":\"https:\/\/arbraculture.fr\/#\/schema\/logo\/image\/\"},\"sameAs\":[\"https:\/\/www.facebook.com\/Arbraculture\/?locale=fr_FR\",\"https:\/\/www.linkedin.com\/company\/arbraculture\/?originalSubdomain=fr\",\"https:\/\/www.instagram.com\/arbraculture\/?hl=fr\"]}]}<\/script>\n<!-- \/ Yoast SEO plugin. -->","yoast_head_json":{"title":"Elementor #2967 - Arbraculture","robots":{"index":"index","follow":"follow","max-snippet":"max-snippet:-1","max-image-preview":"max-image-preview:large","max-video-preview":"max-video-preview:-1"},"canonical":"https:\/\/arbraculture.fr\/index.php\/elementor-2967\/","og_locale":"fr_FR","og_type":"article","og_title":"Elementor #2967 - Arbraculture","og_description":"page en cours de r\u00e9alisation&#8230; En d\u00e9couvrir plus ? D\u00e9couvrez nos conseils, nos plantes.Mais aussi nos r\u00e9alisations : Guide du jardin Projets","og_url":"https:\/\/arbraculture.fr\/index.php\/elementor-2967\/","og_site_name":"Arbraculture","article_publisher":"https:\/\/www.facebook.com\/Arbraculture\/?locale=fr_FR","article_modified_time":"2026-02-10T15:25:48+00:00","twitter_card":"summary_large_image","twitter_misc":{"Dur\u00e9e de lecture estim\u00e9e":"1 minute"},"schema":{"@context":"https:\/\/schema.org","@graph":[{"@type":"WebPage","@id":"https:\/\/arbraculture.fr\/index.php\/elementor-2967\/","url":"https:\/\/arbraculture.fr\/index.php\/elementor-2967\/","name":"Elementor #2967 - Arbraculture","isPartOf":{"@id":"https:\/\/arbraculture.fr\/#website"},"datePublished":"2026-02-10T15:25:41+00:00","dateModified":"2026-02-10T15:25:48+00:00","breadcrumb":{"@id":"https:\/\/arbraculture.fr\/index.php\/elementor-2967\/#breadcrumb"},"inLanguage":"fr-FR","potentialAction":[{"@type":"ReadAction","target":["https:\/\/arbraculture.fr\/index.php\/elementor-2967\/"]}]},{"@type":"BreadcrumbList","@id":"https:\/\/arbraculture.fr\/index.php\/elementor-2967\/#breadcrumb","itemListElement":[{"@type":"ListItem","position":1,"name":"Accueil","item":"https:\/\/arbraculture.fr\/"},{"@type":"ListItem","position":2,"name":"Elementor #2967"}]},{"@type":"WebSite","@id":"https:\/\/arbraculture.fr\/#website","url":"https:\/\/arbraculture.fr\/","name":"Arbraculture","description":"La transition paysag\u00e8re utile et naturelle","publisher":{"@id":"https:\/\/arbraculture.fr\/#organization"},"potentialAction":[{"@type":"SearchAction","target":{"@type":"EntryPoint","urlTemplate":"https:\/\/arbraculture.fr\/?s={search_term_string}"},"query-input":{"@type":"PropertyValueSpecification","valueRequired":true,"valueName":"search_term_string"}}],"inLanguage":"fr-FR"},{"@type":"Organization","@id":"https:\/\/arbraculture.fr\/#organization","name":"Arbraculture","url":"https:\/\/arbraculture.fr\/","logo":{"@type":"ImageObject","inLanguage":"fr-FR","@id":"https:\/\/arbraculture.fr\/#\/schema\/logo\/image\/","url":"https:\/\/arbraculture.fr\/wp-content\/uploads\/2025\/03\/cropped-Arbraculture-logo-site.png","contentUrl":"https:\/\/arbraculture.fr\/wp-content\/uploads\/2025\/03\/cropped-Arbraculture-logo-site.png","width":1198,"height":1012,"caption":"Arbraculture"},"image":{"@id":"https:\/\/arbraculture.fr\/#\/schema\/logo\/image\/"},"sameAs":["https:\/\/www.facebook.com\/Arbraculture\/?locale=fr_FR","https:\/\/www.linkedin.com\/company\/arbraculture\/?originalSubdomain=fr","https:\/\/www.instagram.com\/arbraculture\/?hl=fr"]}]}},"_links":{"self":[{"href":"https:\/\/arbraculture.fr\/index.php\/wp-json\/wp\/v2\/pages\/2967","targetHints":{"allow":["GET"]}}],"collection":[{"href":"https:\/\/arbraculture.fr\/index.php\/wp-json\/wp\/v2\/pages"}],"about":[{"href":"https:\/\/arbraculture.fr\/index.php\/wp-json\/wp\/v2\/types\/page"}],"author":[{"embeddable":true,"href":"https:\/\/arbraculture.fr\/index.php\/wp-json\/wp\/v2\/users\/2"}],"replies":[{"embeddable":true,"href":"https:\/\/arbraculture.fr\/index.php\/wp-json\/wp\/v2\/comments?post=2967"}],"version-history":[{"count":4,"href":"https:\/\/arbraculture.fr\/index.php\/wp-json\/wp\/v2\/pages\/2967\/revisions"}],"predecessor-version":[{"id":2971,"href":"https:\/\/arbraculture.fr\/index.php\/wp-json\/wp\/v2\/pages\/2967\/revisions\/2971"}],"wp:attachment":[{"href":"https:\/\/arbraculture.fr\/index.php\/wp-json\/wp\/v2\/media?parent=2967"}],"curies":[{"name":"wp","href":"https:\/\/api.w.org\/{rel}","templated":true}]}}