{"id":2658,"date":"2026-02-06T15:51:06","date_gmt":"2026-02-06T14:51:06","guid":{"rendered":"https:\/\/arbraculture.fr\/?page_id=2658"},"modified":"2026-02-06T15:56:44","modified_gmt":"2026-02-06T14:56:44","slug":"plante-jasmin-etoile","status":"publish","type":"page","link":"https:\/\/arbraculture.fr\/index.php\/plante-jasmin-etoile\/","title":{"rendered":"Plante &#8211; Jasmin Etoil\u00e9"},"content":{"rendered":"\t\t<div data-elementor-type=\"wp-page\" data-elementor-id=\"2658\" class=\"elementor elementor-2658\">\n\t\t\t\t<div class=\"elementor-element elementor-element-75ff430a e-flex e-con-boxed wpr-particle-no wpr-jarallax-no wpr-parallax-no wpr-sticky-section-no e-con e-parent\" data-id=\"75ff430a\" data-element_type=\"container\" data-settings=\"{&quot;background_background&quot;:&quot;classic&quot;}\">\n\t\t\t\t\t<div class=\"e-con-inner\">\n\t\t\t\t<div class=\"elementor-element elementor-element-15af7ed6 elementor-invisible elementor-widget elementor-widget-heading\" data-id=\"15af7ed6\" data-element_type=\"widget\" data-settings=\"{&quot;_animation&quot;:&quot;fadeIn&quot;,&quot;_animation_delay&quot;:1000}\" data-widget_type=\"heading.default\">\n\t\t\t\t<div class=\"elementor-widget-container\">\n\t\t\t\t\t<h2 class=\"elementor-heading-title elementor-size-default\">Le Jasmin \u00e9toil\u00e9<\/h2>\t\t\t\t<\/div>\n\t\t\t\t<\/div>\n\t\t\t\t<div class=\"elementor-element elementor-element-542dfd14 elementor-invisible elementor-widget elementor-widget-heading\" data-id=\"542dfd14\" data-element_type=\"widget\" data-settings=\"{&quot;_animation&quot;:&quot;fadeIn&quot;,&quot;_animation_delay&quot;:1500}\" data-widget_type=\"heading.default\">\n\t\t\t\t<div class=\"elementor-widget-container\">\n\t\t\t\t\t<h2 class=\"elementor-heading-title elementor-size-default\">trachelospermum jasminoides<\/h2>\t\t\t\t<\/div>\n\t\t\t\t<\/div>\n\t\t\t\t\t<\/div>\n\t\t\t\t<\/div>\n\t\t<div class=\"elementor-element elementor-element-46574a86 e-flex e-con-boxed wpr-particle-no wpr-jarallax-no wpr-parallax-no wpr-sticky-section-no e-con e-parent\" data-id=\"46574a86\" data-element_type=\"container\">\n\t\t\t\t\t<div class=\"e-con-inner\">\n\t\t<div class=\"elementor-element elementor-element-58397232 e-con-full e-flex wpr-particle-no wpr-jarallax-no wpr-parallax-no wpr-sticky-section-no e-con e-child\" data-id=\"58397232\" data-element_type=\"container\">\n\t\t\t\t<div class=\"elementor-element elementor-element-4020f875 animated-slow elementor-invisible elementor-widget elementor-widget-image\" data-id=\"4020f875\" data-element_type=\"widget\" data-settings=\"{&quot;_animation&quot;:&quot;fadeInLeft&quot;,&quot;_animation_delay&quot;:2000}\" data-widget_type=\"image.default\">\n\t\t\t\t<div class=\"elementor-widget-container\">\n\t\t\t\t\t\t\t\t\t\t\t\t\t\t\t<img fetchpriority=\"high\" decoding=\"async\" width=\"554\" height=\"542\" src=\"https:\/\/arbraculture.fr\/wp-content\/uploads\/2026\/02\/Jasminentier.png\" class=\"attachment-large size-large wp-image-2660\" alt=\"\" srcset=\"https:\/\/arbraculture.fr\/wp-content\/uploads\/2026\/02\/Jasminentier.png 554w, https:\/\/arbraculture.fr\/wp-content\/uploads\/2026\/02\/Jasminentier-300x294.png 300w\" sizes=\"(max-width: 554px) 100vw, 554px\" \/>\t\t\t\t\t\t\t\t\t\t\t\t\t\t\t<\/div>\n\t\t\t\t<\/div>\n\t\t\t\t<\/div>\n\t\t<div class=\"elementor-element elementor-element-4c602434 e-con-full e-flex wpr-particle-no wpr-jarallax-no wpr-parallax-no wpr-sticky-section-no e-con e-child\" data-id=\"4c602434\" data-element_type=\"container\">\n\t\t\t\t<div class=\"elementor-element elementor-element-2afb2f9f elementor-widget__width-initial animated-slow elementor-invisible elementor-widget elementor-widget-text-editor\" data-id=\"2afb2f9f\" data-element_type=\"widget\" data-settings=\"{&quot;_animation&quot;:&quot;fadeIn&quot;,&quot;_animation_delay&quot;:2500}\" data-widget_type=\"text-editor.default\">\n\t\t\t\t<div class=\"elementor-widget-container\">\n\t\t\t\t\t\t\t\t\t<p><b>Nom commun<\/b><span style=\"font-weight: 400;\"> : Jasmin \u00e9toil\u00e9<\/span><\/p><p><b>Origine<\/b><span style=\"font-weight: 400;\"> : Chine, Cor\u00e9e, Japon, Viet-Nam<\/span><\/p><p><b>Description de la plante<\/b><span style=\"font-weight: 400;\"> : Le jasmin \u00e9toil\u00e9 est une plante grimpante au feuillage persistant d\u2019un vert sombre. La liane peut atteindre une hauteur de 10m et la floraison blanche pure contraste avec ses feuilles, ce qui lui donne un fort attrait esth\u00e9tique. En plus de \u00e7a, le parfum que d\u00e9gage ces fleurs rappelle celui du jasmin. L\u2019automne \/ hiver, les feuilles se teintent de couleurs bronzes ou rougeoyantes qui lui conf\u00e8re un attrait \u00e0 chaque saison. Attention, cette plante n&rsquo;est pas le jasmin connu pour parfumer le th\u00e9, qui est une toute autre plante appel\u00e9e Jasmin Sambac (<\/span><i><span style=\"font-weight: 400;\">Jasminum sambac)<\/span><\/i><span style=\"font-weight: 400;\">, plante moins rustique que le jasmin \u00e9toil\u00e9 mais n\u00e9anmoins comestible.\u00a0<\/span><\/p>\t\t\t\t\t\t\t\t<\/div>\n\t\t\t\t<\/div>\n\t\t\t\t<\/div>\n\t\t\t\t\t<\/div>\n\t\t\t\t<\/div>\n\t\t<div class=\"elementor-element elementor-element-ccd6e5c e-flex e-con-boxed wpr-particle-no wpr-jarallax-no wpr-parallax-no wpr-sticky-section-no e-con e-parent\" data-id=\"ccd6e5c\" data-element_type=\"container\">\n\t\t\t\t\t<div class=\"e-con-inner\">\n\t\t<div class=\"elementor-element elementor-element-253c2cfb e-con-full e-flex wpr-particle-no wpr-jarallax-no wpr-parallax-no wpr-sticky-section-no e-con e-child\" data-id=\"253c2cfb\" data-element_type=\"container\">\n\t\t\t\t<div class=\"elementor-element elementor-element-2e9912b6 elementor-invisible elementor-widget elementor-widget-image\" data-id=\"2e9912b6\" data-element_type=\"widget\" data-settings=\"{&quot;_animation&quot;:&quot;fadeIn&quot;,&quot;_animation_mobile&quot;:&quot;fadeIn&quot;,&quot;_animation_delay&quot;:500}\" data-widget_type=\"image.default\">\n\t\t\t\t<div class=\"elementor-widget-container\">\n\t\t\t\t\t\t\t\t\t\t\t\t\t\t\t<img decoding=\"async\" width=\"1024\" height=\"768\" src=\"https:\/\/arbraculture.fr\/wp-content\/uploads\/2026\/02\/jasminfleurs-1024x768.jpg\" class=\"attachment-large size-large wp-image-2661\" alt=\"\" srcset=\"https:\/\/arbraculture.fr\/wp-content\/uploads\/2026\/02\/jasminfleurs-1024x768.jpg 1024w, https:\/\/arbraculture.fr\/wp-content\/uploads\/2026\/02\/jasminfleurs-300x225.jpg 300w, https:\/\/arbraculture.fr\/wp-content\/uploads\/2026\/02\/jasminfleurs-768x576.jpg 768w, https:\/\/arbraculture.fr\/wp-content\/uploads\/2026\/02\/jasminfleurs.jpg 1200w\" sizes=\"(max-width: 1024px) 100vw, 1024px\" \/>\t\t\t\t\t\t\t\t\t\t\t\t\t\t\t<\/div>\n\t\t\t\t<\/div>\n\t\t\t\t<\/div>\n\t\t<div class=\"elementor-element elementor-element-45d698d9 e-con-full e-flex wpr-particle-no wpr-jarallax-no wpr-parallax-no wpr-sticky-section-no e-con e-child\" data-id=\"45d698d9\" data-element_type=\"container\">\n\t\t\t\t<div class=\"elementor-element elementor-element-19fd7835 animated-slow elementor-invisible elementor-widget elementor-widget-image\" data-id=\"19fd7835\" data-element_type=\"widget\" data-settings=\"{&quot;_animation&quot;:&quot;fadeIn&quot;,&quot;_animation_delay&quot;:1000}\" data-widget_type=\"image.default\">\n\t\t\t\t<div class=\"elementor-widget-container\">\n\t\t\t\t\t\t\t\t\t\t\t\t\t\t\t<img decoding=\"async\" width=\"982\" height=\"704\" src=\"https:\/\/arbraculture.fr\/wp-content\/uploads\/2026\/02\/Jasminhiver.png\" class=\"attachment-large size-large wp-image-2662\" alt=\"\" srcset=\"https:\/\/arbraculture.fr\/wp-content\/uploads\/2026\/02\/Jasminhiver.png 982w, https:\/\/arbraculture.fr\/wp-content\/uploads\/2026\/02\/Jasminhiver-300x215.png 300w, https:\/\/arbraculture.fr\/wp-content\/uploads\/2026\/02\/Jasminhiver-768x551.png 768w\" sizes=\"(max-width: 982px) 100vw, 982px\" \/>\t\t\t\t\t\t\t\t\t\t\t\t\t\t\t<\/div>\n\t\t\t\t<\/div>\n\t\t\t\t<div class=\"elementor-element elementor-element-3a250d4a elementor-widget__width-initial animated-slow elementor-invisible elementor-widget elementor-widget-text-editor\" data-id=\"3a250d4a\" data-element_type=\"widget\" data-settings=\"{&quot;_animation&quot;:&quot;fadeIn&quot;,&quot;_animation_delay&quot;:500}\" data-widget_type=\"text-editor.default\">\n\t\t\t\t<div class=\"elementor-widget-container\">\n\t\t\t\t\t\t\t\t\t<p><b>Plantation<\/b><span style=\"font-weight: 400;\"> : La plante appr\u00e9cie le plein soleil dans le Nord.\u00a0<\/span><\/p><p><b>Toxicit\u00e9 : <\/b><span style=\"font-weight: 400;\">La plante enti\u00e8re est toxique et ne doit pas \u00eatre utilis\u00e9e.<\/span><\/p>\t\t\t\t\t\t\t\t<\/div>\n\t\t\t\t<\/div>\n\t\t\t\t<\/div>\n\t\t\t\t\t<\/div>\n\t\t\t\t<\/div>\n\t\t<div class=\"elementor-element elementor-element-680aad5b e-con-full e-flex wpr-particle-no wpr-jarallax-no wpr-parallax-no wpr-sticky-section-no e-con e-child\" data-id=\"680aad5b\" data-element_type=\"container\">\n\t\t\t\t<div class=\"elementor-element elementor-element-76dfa185 elementor-widget elementor-widget-heading\" data-id=\"76dfa185\" data-element_type=\"widget\" data-widget_type=\"heading.default\">\n\t\t\t\t<div class=\"elementor-widget-container\">\n\t\t\t\t\t<h2 class=\"elementor-heading-title elementor-size-default\">En d\u00e9couvrir plus ?<\/h2>\t\t\t\t<\/div>\n\t\t\t\t<\/div>\n\t\t\t\t<div class=\"elementor-element elementor-element-2bdef6ed elementor-widget__width-initial elementor-widget elementor-widget-text-editor\" data-id=\"2bdef6ed\" data-element_type=\"widget\" data-widget_type=\"text-editor.default\">\n\t\t\t\t<div class=\"elementor-widget-container\">\n\t\t\t\t\t\t\t\t\t<p>D\u00e9couvrez nos conseils, nos plantes.<br \/>Mais aussi nos r\u00e9alisations :<\/p>\t\t\t\t\t\t\t\t<\/div>\n\t\t\t\t<\/div>\n\t\t<div class=\"elementor-element elementor-element-782c6a0 e-con-full e-flex wpr-particle-no wpr-jarallax-no wpr-parallax-no wpr-sticky-section-no e-con e-child\" data-id=\"782c6a0\" data-element_type=\"container\">\n\t\t\t\t<div class=\"elementor-element elementor-element-3a554802 elementor-widget elementor-widget-button\" data-id=\"3a554802\" data-element_type=\"widget\" data-widget_type=\"button.default\">\n\t\t\t\t<div class=\"elementor-widget-container\">\n\t\t\t\t\t\t\t\t\t<div class=\"elementor-button-wrapper\">\n\t\t\t\t\t<a class=\"elementor-button elementor-button-link elementor-size-sm\" href=\"https:\/\/arbraculture.fr\/index.php\/guide-du-jardin\/\">\n\t\t\t\t\t\t<span class=\"elementor-button-content-wrapper\">\n\t\t\t\t\t\t\t\t\t<span class=\"elementor-button-text\">Guide du jardin<\/span>\n\t\t\t\t\t<\/span>\n\t\t\t\t\t<\/a>\n\t\t\t\t<\/div>\n\t\t\t\t\t\t\t\t<\/div>\n\t\t\t\t<\/div>\n\t\t\t\t<div class=\"elementor-element elementor-element-7b24549e elementor-widget elementor-widget-button\" data-id=\"7b24549e\" data-element_type=\"widget\" data-widget_type=\"button.default\">\n\t\t\t\t<div class=\"elementor-widget-container\">\n\t\t\t\t\t\t\t\t\t<div class=\"elementor-button-wrapper\">\n\t\t\t\t\t<a class=\"elementor-button elementor-button-link elementor-size-sm\" href=\"https:\/\/arbraculture.fr\/index.php\/projets\/\">\n\t\t\t\t\t\t<span class=\"elementor-button-content-wrapper\">\n\t\t\t\t\t\t\t\t\t<span class=\"elementor-button-text\">Projets<\/span>\n\t\t\t\t\t<\/span>\n\t\t\t\t\t<\/a>\n\t\t\t\t<\/div>\n\t\t\t\t\t\t\t\t<\/div>\n\t\t\t\t<\/div>\n\t\t\t\t<\/div>\n\t\t\t\t<\/div>\n\t\t\t\t<\/div>\n\t\t","protected":false},"excerpt":{"rendered":"<p>Le Jasmin \u00e9toil\u00e9 trachelospermum jasminoides Nom commun : Jasmin \u00e9toil\u00e9 Origine : Chine, Cor\u00e9e, Japon, Viet-Nam Description de la plante : Le jasmin \u00e9toil\u00e9 est une plante grimpante au feuillage persistant d\u2019un vert sombre. La liane peut atteindre une hauteur de 10m et la floraison blanche pure contraste avec ses feuilles, ce qui lui donne un fort attrait esth\u00e9tique. En plus de \u00e7a, le parfum que d\u00e9gage ces fleurs rappelle celui du jasmin. L\u2019automne \/ hiver, les feuilles se teintent de couleurs bronzes ou rougeoyantes qui lui conf\u00e8re un attrait \u00e0 chaque saison. Attention, cette plante n&rsquo;est pas le jasmin connu pour parfumer le th\u00e9, qui est une toute autre plante appel\u00e9e Jasmin Sambac (Jasminum sambac), plante moins rustique que le jasmin \u00e9toil\u00e9 mais n\u00e9anmoins comestible.\u00a0 Plantation : La plante appr\u00e9cie le plein soleil dans le Nord.\u00a0 Toxicit\u00e9 : La plante enti\u00e8re est toxique et ne doit pas \u00eatre utilis\u00e9e. En d\u00e9couvrir plus ? D\u00e9couvrez nos conseils, nos plantes.Mais aussi nos r\u00e9alisations : Guide du jardin Projets<\/p>\n","protected":false},"author":2,"featured_media":0,"parent":0,"menu_order":0,"comment_status":"closed","ping_status":"closed","template":"","meta":{"site-sidebar-layout":"no-sidebar","site-content-layout":"","ast-site-content-layout":"full-width-container","site-content-style":"default","site-sidebar-style":"default","ast-global-header-display":"","ast-banner-title-visibility":"","ast-main-header-display":"","ast-hfb-above-header-display":"","ast-hfb-below-header-display":"","ast-hfb-mobile-header-display":"","site-post-title":"disabled","ast-breadcrumbs-content":"","ast-featured-img":"disabled","footer-sml-layout":"","theme-transparent-header-meta":"","adv-header-id-meta":"","stick-header-meta":"","header-above-stick-meta":"","header-main-stick-meta":"","header-below-stick-meta":"","astra-migrate-meta-layouts":"default","ast-page-background-enabled":"default","ast-page-background-meta":{"desktop":{"background-color":"var(--ast-global-color-5)","background-image":"","background-repeat":"repeat","background-position":"center center","background-size":"auto","background-attachment":"scroll","background-type":"","background-media":"","overlay-type":"","overlay-color":"","overlay-opacity":"","overlay-gradient":""},"tablet":{"background-color":"","background-image":"","background-repeat":"repeat","background-position":"center center","background-size":"auto","background-attachment":"scroll","background-type":"","background-media":"","overlay-type":"","overlay-color":"","overlay-opacity":"","overlay-gradient":""},"mobile":{"background-color":"","background-image":"","background-repeat":"repeat","background-position":"center center","background-size":"auto","background-attachment":"scroll","background-type":"","background-media":"","overlay-type":"","overlay-color":"","overlay-opacity":"","overlay-gradient":""}},"ast-content-background-meta":{"desktop":{"background-color":"var(--ast-global-color-4)","background-image":"","background-repeat":"repeat","background-position":"center center","background-size":"auto","background-attachment":"scroll","background-type":"","background-media":"","overlay-type":"","overlay-color":"","overlay-opacity":"","overlay-gradient":""},"tablet":{"background-color":"var(--ast-global-color-4)","background-image":"","background-repeat":"repeat","background-position":"center center","background-size":"auto","background-attachment":"scroll","background-type":"","background-media":"","overlay-type":"","overlay-color":"","overlay-opacity":"","overlay-gradient":""},"mobile":{"background-color":"var(--ast-global-color-4)","background-image":"","background-repeat":"repeat","background-position":"center center","background-size":"auto","background-attachment":"scroll","background-type":"","background-media":"","overlay-type":"","overlay-color":"","overlay-opacity":"","overlay-gradient":""}},"footnotes":""},"class_list":["post-2658","page","type-page","status-publish","hentry"],"yoast_head":"<!-- This site is optimized with the Yoast SEO plugin v26.7 - https:\/\/yoast.com\/wordpress\/plugins\/seo\/ -->\n<title>Plante - Jasmin Etoil\u00e9 - Arbraculture<\/title>\n<meta name=\"robots\" content=\"index, follow, max-snippet:-1, max-image-preview:large, max-video-preview:-1\" \/>\n<link rel=\"canonical\" href=\"https:\/\/arbraculture.fr\/index.php\/plante-jasmin-etoile\/\" \/>\n<meta property=\"og:locale\" content=\"fr_FR\" \/>\n<meta property=\"og:type\" content=\"article\" \/>\n<meta property=\"og:title\" content=\"Plante - Jasmin Etoil\u00e9 - Arbraculture\" \/>\n<meta property=\"og:description\" content=\"Le Jasmin \u00e9toil\u00e9 trachelospermum jasminoides Nom commun : Jasmin \u00e9toil\u00e9 Origine : Chine, Cor\u00e9e, Japon, Viet-Nam Description de la plante : Le jasmin \u00e9toil\u00e9 est une plante grimpante au feuillage persistant d\u2019un vert sombre. La liane peut atteindre une hauteur de 10m et la floraison blanche pure contraste avec ses feuilles, ce qui lui donne un fort attrait esth\u00e9tique. En plus de \u00e7a, le parfum que d\u00e9gage ces fleurs rappelle celui du jasmin. L\u2019automne \/ hiver, les feuilles se teintent de couleurs bronzes ou rougeoyantes qui lui conf\u00e8re un attrait \u00e0 chaque saison. Attention, cette plante n&rsquo;est pas le jasmin connu pour parfumer le th\u00e9, qui est une toute autre plante appel\u00e9e Jasmin Sambac (Jasminum sambac), plante moins rustique que le jasmin \u00e9toil\u00e9 mais n\u00e9anmoins comestible.\u00a0 Plantation : La plante appr\u00e9cie le plein soleil dans le Nord.\u00a0 Toxicit\u00e9 : La plante enti\u00e8re est toxique et ne doit pas \u00eatre utilis\u00e9e. En d\u00e9couvrir plus ? D\u00e9couvrez nos conseils, nos plantes.Mais aussi nos r\u00e9alisations : Guide du jardin Projets\" \/>\n<meta property=\"og:url\" content=\"https:\/\/arbraculture.fr\/index.php\/plante-jasmin-etoile\/\" \/>\n<meta property=\"og:site_name\" content=\"Arbraculture\" \/>\n<meta property=\"article:publisher\" content=\"https:\/\/www.facebook.com\/Arbraculture\/?locale=fr_FR\" \/>\n<meta property=\"article:modified_time\" content=\"2026-02-06T14:56:44+00:00\" \/>\n<meta property=\"og:image\" content=\"https:\/\/arbraculture.fr\/wp-content\/uploads\/2026\/02\/Jasminentier.png\" \/>\n\t<meta property=\"og:image:width\" content=\"554\" \/>\n\t<meta property=\"og:image:height\" content=\"542\" \/>\n\t<meta property=\"og:image:type\" content=\"image\/png\" \/>\n<meta name=\"twitter:card\" content=\"summary_large_image\" \/>\n<meta name=\"twitter:label1\" content=\"Dur\u00e9e de lecture estim\u00e9e\" \/>\n\t<meta name=\"twitter:data1\" content=\"1 minute\" \/>\n<script type=\"application\/ld+json\" class=\"yoast-schema-graph\">{\"@context\":\"https:\/\/schema.org\",\"@graph\":[{\"@type\":\"WebPage\",\"@id\":\"https:\/\/arbraculture.fr\/index.php\/plante-jasmin-etoile\/\",\"url\":\"https:\/\/arbraculture.fr\/index.php\/plante-jasmin-etoile\/\",\"name\":\"Plante - Jasmin Etoil\u00e9 - Arbraculture\",\"isPartOf\":{\"@id\":\"https:\/\/arbraculture.fr\/#website\"},\"primaryImageOfPage\":{\"@id\":\"https:\/\/arbraculture.fr\/index.php\/plante-jasmin-etoile\/#primaryimage\"},\"image\":{\"@id\":\"https:\/\/arbraculture.fr\/index.php\/plante-jasmin-etoile\/#primaryimage\"},\"thumbnailUrl\":\"https:\/\/arbraculture.fr\/wp-content\/uploads\/2026\/02\/Jasminentier.png\",\"datePublished\":\"2026-02-06T14:51:06+00:00\",\"dateModified\":\"2026-02-06T14:56:44+00:00\",\"breadcrumb\":{\"@id\":\"https:\/\/arbraculture.fr\/index.php\/plante-jasmin-etoile\/#breadcrumb\"},\"inLanguage\":\"fr-FR\",\"potentialAction\":[{\"@type\":\"ReadAction\",\"target\":[\"https:\/\/arbraculture.fr\/index.php\/plante-jasmin-etoile\/\"]}]},{\"@type\":\"ImageObject\",\"inLanguage\":\"fr-FR\",\"@id\":\"https:\/\/arbraculture.fr\/index.php\/plante-jasmin-etoile\/#primaryimage\",\"url\":\"https:\/\/arbraculture.fr\/wp-content\/uploads\/2026\/02\/Jasminentier.png\",\"contentUrl\":\"https:\/\/arbraculture.fr\/wp-content\/uploads\/2026\/02\/Jasminentier.png\",\"width\":554,\"height\":542},{\"@type\":\"BreadcrumbList\",\"@id\":\"https:\/\/arbraculture.fr\/index.php\/plante-jasmin-etoile\/#breadcrumb\",\"itemListElement\":[{\"@type\":\"ListItem\",\"position\":1,\"name\":\"Accueil\",\"item\":\"https:\/\/arbraculture.fr\/\"},{\"@type\":\"ListItem\",\"position\":2,\"name\":\"Plante &#8211; Jasmin Etoil\u00e9\"}]},{\"@type\":\"WebSite\",\"@id\":\"https:\/\/arbraculture.fr\/#website\",\"url\":\"https:\/\/arbraculture.fr\/\",\"name\":\"Arbraculture\",\"description\":\"La transition paysag\u00e8re utile et naturelle\",\"publisher\":{\"@id\":\"https:\/\/arbraculture.fr\/#organization\"},\"potentialAction\":[{\"@type\":\"SearchAction\",\"target\":{\"@type\":\"EntryPoint\",\"urlTemplate\":\"https:\/\/arbraculture.fr\/?s={search_term_string}\"},\"query-input\":{\"@type\":\"PropertyValueSpecification\",\"valueRequired\":true,\"valueName\":\"search_term_string\"}}],\"inLanguage\":\"fr-FR\"},{\"@type\":\"Organization\",\"@id\":\"https:\/\/arbraculture.fr\/#organization\",\"name\":\"Arbraculture\",\"url\":\"https:\/\/arbraculture.fr\/\",\"logo\":{\"@type\":\"ImageObject\",\"inLanguage\":\"fr-FR\",\"@id\":\"https:\/\/arbraculture.fr\/#\/schema\/logo\/image\/\",\"url\":\"https:\/\/arbraculture.fr\/wp-content\/uploads\/2025\/03\/cropped-Arbraculture-logo-site.png\",\"contentUrl\":\"https:\/\/arbraculture.fr\/wp-content\/uploads\/2025\/03\/cropped-Arbraculture-logo-site.png\",\"width\":1198,\"height\":1012,\"caption\":\"Arbraculture\"},\"image\":{\"@id\":\"https:\/\/arbraculture.fr\/#\/schema\/logo\/image\/\"},\"sameAs\":[\"https:\/\/www.facebook.com\/Arbraculture\/?locale=fr_FR\",\"https:\/\/www.linkedin.com\/company\/arbraculture\/?originalSubdomain=fr\",\"https:\/\/www.instagram.com\/arbraculture\/?hl=fr\"]}]}<\/script>\n<!-- \/ Yoast SEO plugin. -->","yoast_head_json":{"title":"Plante - Jasmin Etoil\u00e9 - Arbraculture","robots":{"index":"index","follow":"follow","max-snippet":"max-snippet:-1","max-image-preview":"max-image-preview:large","max-video-preview":"max-video-preview:-1"},"canonical":"https:\/\/arbraculture.fr\/index.php\/plante-jasmin-etoile\/","og_locale":"fr_FR","og_type":"article","og_title":"Plante - Jasmin Etoil\u00e9 - Arbraculture","og_description":"Le Jasmin \u00e9toil\u00e9 trachelospermum jasminoides Nom commun : Jasmin \u00e9toil\u00e9 Origine : Chine, Cor\u00e9e, Japon, Viet-Nam Description de la plante : Le jasmin \u00e9toil\u00e9 est une plante grimpante au feuillage persistant d\u2019un vert sombre. La liane peut atteindre une hauteur de 10m et la floraison blanche pure contraste avec ses feuilles, ce qui lui donne un fort attrait esth\u00e9tique. En plus de \u00e7a, le parfum que d\u00e9gage ces fleurs rappelle celui du jasmin. L\u2019automne \/ hiver, les feuilles se teintent de couleurs bronzes ou rougeoyantes qui lui conf\u00e8re un attrait \u00e0 chaque saison. Attention, cette plante n&rsquo;est pas le jasmin connu pour parfumer le th\u00e9, qui est une toute autre plante appel\u00e9e Jasmin Sambac (Jasminum sambac), plante moins rustique que le jasmin \u00e9toil\u00e9 mais n\u00e9anmoins comestible.\u00a0 Plantation : La plante appr\u00e9cie le plein soleil dans le Nord.\u00a0 Toxicit\u00e9 : La plante enti\u00e8re est toxique et ne doit pas \u00eatre utilis\u00e9e. En d\u00e9couvrir plus ? D\u00e9couvrez nos conseils, nos plantes.Mais aussi nos r\u00e9alisations : Guide du jardin Projets","og_url":"https:\/\/arbraculture.fr\/index.php\/plante-jasmin-etoile\/","og_site_name":"Arbraculture","article_publisher":"https:\/\/www.facebook.com\/Arbraculture\/?locale=fr_FR","article_modified_time":"2026-02-06T14:56:44+00:00","og_image":[{"width":554,"height":542,"url":"https:\/\/arbraculture.fr\/wp-content\/uploads\/2026\/02\/Jasminentier.png","type":"image\/png"}],"twitter_card":"summary_large_image","twitter_misc":{"Dur\u00e9e de lecture estim\u00e9e":"1 minute"},"schema":{"@context":"https:\/\/schema.org","@graph":[{"@type":"WebPage","@id":"https:\/\/arbraculture.fr\/index.php\/plante-jasmin-etoile\/","url":"https:\/\/arbraculture.fr\/index.php\/plante-jasmin-etoile\/","name":"Plante - Jasmin Etoil\u00e9 - Arbraculture","isPartOf":{"@id":"https:\/\/arbraculture.fr\/#website"},"primaryImageOfPage":{"@id":"https:\/\/arbraculture.fr\/index.php\/plante-jasmin-etoile\/#primaryimage"},"image":{"@id":"https:\/\/arbraculture.fr\/index.php\/plante-jasmin-etoile\/#primaryimage"},"thumbnailUrl":"https:\/\/arbraculture.fr\/wp-content\/uploads\/2026\/02\/Jasminentier.png","datePublished":"2026-02-06T14:51:06+00:00","dateModified":"2026-02-06T14:56:44+00:00","breadcrumb":{"@id":"https:\/\/arbraculture.fr\/index.php\/plante-jasmin-etoile\/#breadcrumb"},"inLanguage":"fr-FR","potentialAction":[{"@type":"ReadAction","target":["https:\/\/arbraculture.fr\/index.php\/plante-jasmin-etoile\/"]}]},{"@type":"ImageObject","inLanguage":"fr-FR","@id":"https:\/\/arbraculture.fr\/index.php\/plante-jasmin-etoile\/#primaryimage","url":"https:\/\/arbraculture.fr\/wp-content\/uploads\/2026\/02\/Jasminentier.png","contentUrl":"https:\/\/arbraculture.fr\/wp-content\/uploads\/2026\/02\/Jasminentier.png","width":554,"height":542},{"@type":"BreadcrumbList","@id":"https:\/\/arbraculture.fr\/index.php\/plante-jasmin-etoile\/#breadcrumb","itemListElement":[{"@type":"ListItem","position":1,"name":"Accueil","item":"https:\/\/arbraculture.fr\/"},{"@type":"ListItem","position":2,"name":"Plante &#8211; Jasmin Etoil\u00e9"}]},{"@type":"WebSite","@id":"https:\/\/arbraculture.fr\/#website","url":"https:\/\/arbraculture.fr\/","name":"Arbraculture","description":"La transition paysag\u00e8re utile et naturelle","publisher":{"@id":"https:\/\/arbraculture.fr\/#organization"},"potentialAction":[{"@type":"SearchAction","target":{"@type":"EntryPoint","urlTemplate":"https:\/\/arbraculture.fr\/?s={search_term_string}"},"query-input":{"@type":"PropertyValueSpecification","valueRequired":true,"valueName":"search_term_string"}}],"inLanguage":"fr-FR"},{"@type":"Organization","@id":"https:\/\/arbraculture.fr\/#organization","name":"Arbraculture","url":"https:\/\/arbraculture.fr\/","logo":{"@type":"ImageObject","inLanguage":"fr-FR","@id":"https:\/\/arbraculture.fr\/#\/schema\/logo\/image\/","url":"https:\/\/arbraculture.fr\/wp-content\/uploads\/2025\/03\/cropped-Arbraculture-logo-site.png","contentUrl":"https:\/\/arbraculture.fr\/wp-content\/uploads\/2025\/03\/cropped-Arbraculture-logo-site.png","width":1198,"height":1012,"caption":"Arbraculture"},"image":{"@id":"https:\/\/arbraculture.fr\/#\/schema\/logo\/image\/"},"sameAs":["https:\/\/www.facebook.com\/Arbraculture\/?locale=fr_FR","https:\/\/www.linkedin.com\/company\/arbraculture\/?originalSubdomain=fr","https:\/\/www.instagram.com\/arbraculture\/?hl=fr"]}]}},"_links":{"self":[{"href":"https:\/\/arbraculture.fr\/index.php\/wp-json\/wp\/v2\/pages\/2658","targetHints":{"allow":["GET"]}}],"collection":[{"href":"https:\/\/arbraculture.fr\/index.php\/wp-json\/wp\/v2\/pages"}],"about":[{"href":"https:\/\/arbraculture.fr\/index.php\/wp-json\/wp\/v2\/types\/page"}],"author":[{"embeddable":true,"href":"https:\/\/arbraculture.fr\/index.php\/wp-json\/wp\/v2\/users\/2"}],"replies":[{"embeddable":true,"href":"https:\/\/arbraculture.fr\/index.php\/wp-json\/wp\/v2\/comments?post=2658"}],"version-history":[{"count":4,"href":"https:\/\/arbraculture.fr\/index.php\/wp-json\/wp\/v2\/pages\/2658\/revisions"}],"predecessor-version":[{"id":2665,"href":"https:\/\/arbraculture.fr\/index.php\/wp-json\/wp\/v2\/pages\/2658\/revisions\/2665"}],"wp:attachment":[{"href":"https:\/\/arbraculture.fr\/index.php\/wp-json\/wp\/v2\/media?parent=2658"}],"curies":[{"name":"wp","href":"https:\/\/api.w.org\/{rel}","templated":true}]}}