{"id":2633,"date":"2026-02-06T15:33:56","date_gmt":"2026-02-06T14:33:56","guid":{"rendered":"https:\/\/arbraculture.fr\/?page_id=2633"},"modified":"2026-02-09T14:25:37","modified_gmt":"2026-02-09T13:25:37","slug":"plante-romarin","status":"publish","type":"page","link":"https:\/\/arbraculture.fr\/index.php\/plante-romarin\/","title":{"rendered":"Plante &#8211; Romarin"},"content":{"rendered":"\t\t<div data-elementor-type=\"wp-page\" data-elementor-id=\"2633\" class=\"elementor elementor-2633\">\n\t\t\t\t<div class=\"elementor-element elementor-element-6f89ed3a e-flex e-con-boxed wpr-particle-no wpr-jarallax-no wpr-parallax-no wpr-sticky-section-no e-con e-parent\" data-id=\"6f89ed3a\" data-element_type=\"container\" data-settings=\"{&quot;background_background&quot;:&quot;classic&quot;}\">\n\t\t\t\t\t<div class=\"e-con-inner\">\n\t\t\t\t<div class=\"elementor-element elementor-element-230842e0 elementor-invisible elementor-widget elementor-widget-heading\" data-id=\"230842e0\" data-element_type=\"widget\" data-settings=\"{&quot;_animation&quot;:&quot;fadeIn&quot;,&quot;_animation_delay&quot;:1000}\" data-widget_type=\"heading.default\">\n\t\t\t\t<div class=\"elementor-widget-container\">\n\t\t\t\t\t<h2 class=\"elementor-heading-title elementor-size-default\">Le Romarin<\/h2>\t\t\t\t<\/div>\n\t\t\t\t<\/div>\n\t\t\t\t<div class=\"elementor-element elementor-element-5d9d883 elementor-invisible elementor-widget elementor-widget-heading\" data-id=\"5d9d883\" data-element_type=\"widget\" data-settings=\"{&quot;_animation&quot;:&quot;fadeIn&quot;,&quot;_animation_delay&quot;:1500}\" data-widget_type=\"heading.default\">\n\t\t\t\t<div class=\"elementor-widget-container\">\n\t\t\t\t\t<h2 class=\"elementor-heading-title elementor-size-default\">salvia rosmarinus<\/h2>\t\t\t\t<\/div>\n\t\t\t\t<\/div>\n\t\t\t\t\t<\/div>\n\t\t\t\t<\/div>\n\t\t<div class=\"elementor-element elementor-element-245642c6 e-flex e-con-boxed wpr-particle-no wpr-jarallax-no wpr-parallax-no wpr-sticky-section-no e-con e-parent\" data-id=\"245642c6\" data-element_type=\"container\">\n\t\t\t\t\t<div class=\"e-con-inner\">\n\t\t<div class=\"elementor-element elementor-element-59853708 e-con-full e-flex wpr-particle-no wpr-jarallax-no wpr-parallax-no wpr-sticky-section-no e-con e-child\" data-id=\"59853708\" data-element_type=\"container\">\n\t\t\t\t<div class=\"elementor-element elementor-element-2eaa0588 animated-slow elementor-invisible elementor-widget elementor-widget-image\" data-id=\"2eaa0588\" data-element_type=\"widget\" data-settings=\"{&quot;_animation&quot;:&quot;fadeInLeft&quot;,&quot;_animation_delay&quot;:2000}\" data-widget_type=\"image.default\">\n\t\t\t\t<div class=\"elementor-widget-container\">\n\t\t\t\t\t\t\t\t\t\t\t\t\t\t\t<img fetchpriority=\"high\" decoding=\"async\" width=\"1024\" height=\"718\" src=\"https:\/\/arbraculture.fr\/wp-content\/uploads\/2026\/02\/Romarin-1024x718.jpg\" class=\"attachment-large size-large wp-image-2635\" alt=\"\" srcset=\"https:\/\/arbraculture.fr\/wp-content\/uploads\/2026\/02\/Romarin-1024x718.jpg 1024w, https:\/\/arbraculture.fr\/wp-content\/uploads\/2026\/02\/Romarin-300x210.jpg 300w, https:\/\/arbraculture.fr\/wp-content\/uploads\/2026\/02\/Romarin-768x538.jpg 768w, https:\/\/arbraculture.fr\/wp-content\/uploads\/2026\/02\/Romarin.jpg 1200w\" sizes=\"(max-width: 1024px) 100vw, 1024px\" \/>\t\t\t\t\t\t\t\t\t\t\t\t\t\t\t<\/div>\n\t\t\t\t<\/div>\n\t\t\t\t<\/div>\n\t\t<div class=\"elementor-element elementor-element-4af6a75 e-con-full e-flex wpr-particle-no wpr-jarallax-no wpr-parallax-no wpr-sticky-section-no e-con e-child\" data-id=\"4af6a75\" data-element_type=\"container\">\n\t\t\t\t<div class=\"elementor-element elementor-element-6e1af2d elementor-widget__width-initial animated-slow elementor-invisible elementor-widget elementor-widget-text-editor\" data-id=\"6e1af2d\" data-element_type=\"widget\" data-settings=\"{&quot;_animation&quot;:&quot;fadeIn&quot;,&quot;_animation_delay&quot;:2500}\" data-widget_type=\"text-editor.default\">\n\t\t\t\t<div class=\"elementor-widget-container\">\n\t\t\t\t\t\t\t\t\t<p><b>Origine<\/b><span style=\"font-weight: 400;\"> : bassin m\u00e9dit\u00e9rann\u00e9en<\/span><\/p><p><b>Description de la plante<\/b><span style=\"font-weight: 400;\"> : Le romarin est un arbrisseau au port large et parfois haut, au feuillage persistant et tr\u00e8s aromatique. Nous aimons le planter pour sa facilit\u00e9 de culture, sa croissance rapide, sa tol\u00e9rance \u00e0 la taille et ses fleurs bleues ador\u00e9es des abeilles, des bourdons et des enfants pour leur nectar sucr\u00e9. Certaines vari\u00e9t\u00e9s sont rampantes, comme le romarin corse, d\u2019autres ont une odeur tirant un peu plus sur le gingembre, d\u2019autres plus sur le menthol.\u00a0<\/span><\/p>\t\t\t\t\t\t\t\t<\/div>\n\t\t\t\t<\/div>\n\t\t\t\t<\/div>\n\t\t\t\t\t<\/div>\n\t\t\t\t<\/div>\n\t\t<div class=\"elementor-element elementor-element-2f2fb315 e-flex e-con-boxed wpr-particle-no wpr-jarallax-no wpr-parallax-no wpr-sticky-section-no e-con e-parent\" data-id=\"2f2fb315\" data-element_type=\"container\">\n\t\t\t\t\t<div class=\"e-con-inner\">\n\t\t<div class=\"elementor-element elementor-element-3a0e51b6 e-con-full e-flex wpr-particle-no wpr-jarallax-no wpr-parallax-no wpr-sticky-section-no e-con e-child\" data-id=\"3a0e51b6\" data-element_type=\"container\">\n\t\t\t\t<div class=\"elementor-element elementor-element-3c640ae8 elementor-invisible elementor-widget elementor-widget-image\" data-id=\"3c640ae8\" data-element_type=\"widget\" data-settings=\"{&quot;_animation&quot;:&quot;fadeIn&quot;,&quot;_animation_mobile&quot;:&quot;fadeIn&quot;,&quot;_animation_delay&quot;:500}\" data-widget_type=\"image.default\">\n\t\t\t\t<div class=\"elementor-widget-container\">\n\t\t\t\t\t\t\t\t\t\t\t\t\t\t\t<img decoding=\"async\" width=\"800\" height=\"800\" src=\"https:\/\/arbraculture.fr\/wp-content\/uploads\/2026\/02\/romafleurs.jpg\" class=\"attachment-large size-large wp-image-2636\" alt=\"\" srcset=\"https:\/\/arbraculture.fr\/wp-content\/uploads\/2026\/02\/romafleurs.jpg 800w, https:\/\/arbraculture.fr\/wp-content\/uploads\/2026\/02\/romafleurs-300x300.jpg 300w, https:\/\/arbraculture.fr\/wp-content\/uploads\/2026\/02\/romafleurs-150x150.jpg 150w, https:\/\/arbraculture.fr\/wp-content\/uploads\/2026\/02\/romafleurs-768x768.jpg 768w\" sizes=\"(max-width: 800px) 100vw, 800px\" \/>\t\t\t\t\t\t\t\t\t\t\t\t\t\t\t<\/div>\n\t\t\t\t<\/div>\n\t\t\t\t<\/div>\n\t\t<div class=\"elementor-element elementor-element-7da13b59 e-con-full e-flex wpr-particle-no wpr-jarallax-no wpr-parallax-no wpr-sticky-section-no e-con e-child\" data-id=\"7da13b59\" data-element_type=\"container\">\n\t\t\t\t<div class=\"elementor-element elementor-element-51c98f33 animated-slow elementor-invisible elementor-widget elementor-widget-image\" data-id=\"51c98f33\" data-element_type=\"widget\" data-settings=\"{&quot;_animation&quot;:&quot;fadeIn&quot;,&quot;_animation_delay&quot;:1000}\" data-widget_type=\"image.default\">\n\t\t\t\t<div class=\"elementor-widget-container\">\n\t\t\t\t\t\t\t\t\t\t\t\t\t\t\t<img decoding=\"async\" width=\"800\" height=\"533\" src=\"https:\/\/arbraculture.fr\/wp-content\/uploads\/2026\/02\/romarabeille.jpg\" class=\"attachment-large size-large wp-image-2637\" alt=\"\" srcset=\"https:\/\/arbraculture.fr\/wp-content\/uploads\/2026\/02\/romarabeille.jpg 800w, https:\/\/arbraculture.fr\/wp-content\/uploads\/2026\/02\/romarabeille-300x200.jpg 300w, https:\/\/arbraculture.fr\/wp-content\/uploads\/2026\/02\/romarabeille-768x512.jpg 768w\" sizes=\"(max-width: 800px) 100vw, 800px\" \/>\t\t\t\t\t\t\t\t\t\t\t\t\t\t\t<\/div>\n\t\t\t\t<\/div>\n\t\t\t\t<div class=\"elementor-element elementor-element-6d18bd6d elementor-widget__width-initial animated-slow elementor-invisible elementor-widget elementor-widget-text-editor\" data-id=\"6d18bd6d\" data-element_type=\"widget\" data-settings=\"{&quot;_animation&quot;:&quot;fadeIn&quot;,&quot;_animation_delay&quot;:500}\" data-widget_type=\"text-editor.default\">\n\t\t\t\t<div class=\"elementor-widget-container\">\n\t\t\t\t\t\t\t\t\t<p><b>Plantation<\/b><span style=\"font-weight: 400;\"> : Plant\u00e9 en sol pauvre et exposition bien ensoleill\u00e9e. Ne craint pas le gel une fois bien install\u00e9. Le romarin supporte le bac \u00e0 condition de r\u00e9p\u00e9ter les tailles pour favoriser les jeunes pousses<\/span><\/p><p><b>Parties utilis\u00e9es<\/b><span style=\"font-weight: 400;\"> : les rameaux et les feuilles sont utilis\u00e9s en infusion ou en plat cuisin\u00e9, pour les grillades. Les fleurs s\u2019utilisent pour agr\u00e9menter les desserts en petites touches raffin\u00e9es.<\/span><\/p><p><b>Toxicit\u00e9 : <\/b><span style=\"font-weight: 400;\">non toxique mais tr\u00e8s riche en huile essentielle, avec mod\u00e9ration.<\/span><\/p>\t\t\t\t\t\t\t\t<\/div>\n\t\t\t\t<\/div>\n\t\t\t\t<\/div>\n\t\t\t\t\t<\/div>\n\t\t\t\t<\/div>\n\t\t<div class=\"elementor-element elementor-element-7b7d8788 e-con-full e-flex wpr-particle-no wpr-jarallax-no wpr-parallax-no wpr-sticky-section-no e-con e-child\" data-id=\"7b7d8788\" data-element_type=\"container\">\n\t\t\t\t<div class=\"elementor-element elementor-element-7ed18259 elementor-widget elementor-widget-heading\" data-id=\"7ed18259\" data-element_type=\"widget\" data-widget_type=\"heading.default\">\n\t\t\t\t<div class=\"elementor-widget-container\">\n\t\t\t\t\t<h2 class=\"elementor-heading-title elementor-size-default\">En d\u00e9couvrir plus ?<\/h2>\t\t\t\t<\/div>\n\t\t\t\t<\/div>\n\t\t\t\t<div class=\"elementor-element elementor-element-11f67d0a elementor-widget__width-initial elementor-widget elementor-widget-text-editor\" data-id=\"11f67d0a\" data-element_type=\"widget\" data-widget_type=\"text-editor.default\">\n\t\t\t\t<div class=\"elementor-widget-container\">\n\t\t\t\t\t\t\t\t\t<p>D\u00e9couvrez nos conseils, nos plantes.<br \/>Mais aussi nos r\u00e9alisations :<\/p>\t\t\t\t\t\t\t\t<\/div>\n\t\t\t\t<\/div>\n\t\t<div class=\"elementor-element elementor-element-377e79ae e-con-full e-flex wpr-particle-no wpr-jarallax-no wpr-parallax-no wpr-sticky-section-no e-con e-child\" data-id=\"377e79ae\" data-element_type=\"container\">\n\t\t\t\t<div class=\"elementor-element elementor-element-33920950 elementor-widget elementor-widget-button\" data-id=\"33920950\" data-element_type=\"widget\" data-widget_type=\"button.default\">\n\t\t\t\t<div class=\"elementor-widget-container\">\n\t\t\t\t\t\t\t\t\t<div class=\"elementor-button-wrapper\">\n\t\t\t\t\t<a class=\"elementor-button elementor-button-link elementor-size-sm\" href=\"https:\/\/arbraculture.fr\/index.php\/guide-du-jardin\/\">\n\t\t\t\t\t\t<span class=\"elementor-button-content-wrapper\">\n\t\t\t\t\t\t\t\t\t<span class=\"elementor-button-text\">Guide du jardin<\/span>\n\t\t\t\t\t<\/span>\n\t\t\t\t\t<\/a>\n\t\t\t\t<\/div>\n\t\t\t\t\t\t\t\t<\/div>\n\t\t\t\t<\/div>\n\t\t\t\t<div class=\"elementor-element elementor-element-3b5fd41a elementor-widget elementor-widget-button\" data-id=\"3b5fd41a\" data-element_type=\"widget\" data-widget_type=\"button.default\">\n\t\t\t\t<div class=\"elementor-widget-container\">\n\t\t\t\t\t\t\t\t\t<div class=\"elementor-button-wrapper\">\n\t\t\t\t\t<a class=\"elementor-button elementor-button-link elementor-size-sm\" href=\"https:\/\/arbraculture.fr\/index.php\/projets\/\">\n\t\t\t\t\t\t<span class=\"elementor-button-content-wrapper\">\n\t\t\t\t\t\t\t\t\t<span class=\"elementor-button-text\">Projets<\/span>\n\t\t\t\t\t<\/span>\n\t\t\t\t\t<\/a>\n\t\t\t\t<\/div>\n\t\t\t\t\t\t\t\t<\/div>\n\t\t\t\t<\/div>\n\t\t\t\t<\/div>\n\t\t\t\t<\/div>\n\t\t\t\t<\/div>\n\t\t","protected":false},"excerpt":{"rendered":"<p>Le Romarin salvia rosmarinus Origine : bassin m\u00e9dit\u00e9rann\u00e9en Description de la plante : Le romarin est un arbrisseau au port large et parfois haut, au feuillage persistant et tr\u00e8s aromatique. Nous aimons le planter pour sa facilit\u00e9 de culture, sa croissance rapide, sa tol\u00e9rance \u00e0 la taille et ses fleurs bleues ador\u00e9es des abeilles, des bourdons et des enfants pour leur nectar sucr\u00e9. Certaines vari\u00e9t\u00e9s sont rampantes, comme le romarin corse, d\u2019autres ont une odeur tirant un peu plus sur le gingembre, d\u2019autres plus sur le menthol.\u00a0 Plantation : Plant\u00e9 en sol pauvre et exposition bien ensoleill\u00e9e. Ne craint pas le gel une fois bien install\u00e9. Le romarin supporte le bac \u00e0 condition de r\u00e9p\u00e9ter les tailles pour favoriser les jeunes pousses Parties utilis\u00e9es : les rameaux et les feuilles sont utilis\u00e9s en infusion ou en plat cuisin\u00e9, pour les grillades. Les fleurs s\u2019utilisent pour agr\u00e9menter les desserts en petites touches raffin\u00e9es. Toxicit\u00e9 : non toxique mais tr\u00e8s riche en huile essentielle, avec mod\u00e9ration. En d\u00e9couvrir plus ? D\u00e9couvrez nos conseils, nos plantes.Mais aussi nos r\u00e9alisations : Guide du jardin Projets<\/p>\n","protected":false},"author":2,"featured_media":0,"parent":0,"menu_order":0,"comment_status":"closed","ping_status":"closed","template":"","meta":{"site-sidebar-layout":"no-sidebar","site-content-layout":"","ast-site-content-layout":"full-width-container","site-content-style":"default","site-sidebar-style":"default","ast-global-header-display":"","ast-banner-title-visibility":"","ast-main-header-display":"","ast-hfb-above-header-display":"","ast-hfb-below-header-display":"","ast-hfb-mobile-header-display":"","site-post-title":"disabled","ast-breadcrumbs-content":"","ast-featured-img":"disabled","footer-sml-layout":"","theme-transparent-header-meta":"","adv-header-id-meta":"","stick-header-meta":"","header-above-stick-meta":"","header-main-stick-meta":"","header-below-stick-meta":"","astra-migrate-meta-layouts":"default","ast-page-background-enabled":"default","ast-page-background-meta":{"desktop":{"background-color":"var(--ast-global-color-5)","background-image":"","background-repeat":"repeat","background-position":"center center","background-size":"auto","background-attachment":"scroll","background-type":"","background-media":"","overlay-type":"","overlay-color":"","overlay-opacity":"","overlay-gradient":""},"tablet":{"background-color":"","background-image":"","background-repeat":"repeat","background-position":"center center","background-size":"auto","background-attachment":"scroll","background-type":"","background-media":"","overlay-type":"","overlay-color":"","overlay-opacity":"","overlay-gradient":""},"mobile":{"background-color":"","background-image":"","background-repeat":"repeat","background-position":"center center","background-size":"auto","background-attachment":"scroll","background-type":"","background-media":"","overlay-type":"","overlay-color":"","overlay-opacity":"","overlay-gradient":""}},"ast-content-background-meta":{"desktop":{"background-color":"var(--ast-global-color-4)","background-image":"","background-repeat":"repeat","background-position":"center center","background-size":"auto","background-attachment":"scroll","background-type":"","background-media":"","overlay-type":"","overlay-color":"","overlay-opacity":"","overlay-gradient":""},"tablet":{"background-color":"var(--ast-global-color-4)","background-image":"","background-repeat":"repeat","background-position":"center center","background-size":"auto","background-attachment":"scroll","background-type":"","background-media":"","overlay-type":"","overlay-color":"","overlay-opacity":"","overlay-gradient":""},"mobile":{"background-color":"var(--ast-global-color-4)","background-image":"","background-repeat":"repeat","background-position":"center center","background-size":"auto","background-attachment":"scroll","background-type":"","background-media":"","overlay-type":"","overlay-color":"","overlay-opacity":"","overlay-gradient":""}},"footnotes":""},"class_list":["post-2633","page","type-page","status-publish","hentry"],"yoast_head":"<!-- This site is optimized with the Yoast SEO plugin v26.7 - https:\/\/yoast.com\/wordpress\/plugins\/seo\/ -->\n<title>Plante - Romarin - Arbraculture<\/title>\n<meta name=\"robots\" content=\"index, follow, max-snippet:-1, max-image-preview:large, max-video-preview:-1\" \/>\n<link rel=\"canonical\" href=\"https:\/\/arbraculture.fr\/index.php\/plante-romarin\/\" \/>\n<meta property=\"og:locale\" content=\"fr_FR\" \/>\n<meta property=\"og:type\" content=\"article\" \/>\n<meta property=\"og:title\" content=\"Plante - Romarin - Arbraculture\" \/>\n<meta property=\"og:description\" content=\"Le Romarin salvia rosmarinus Origine : bassin m\u00e9dit\u00e9rann\u00e9en Description de la plante : Le romarin est un arbrisseau au port large et parfois haut, au feuillage persistant et tr\u00e8s aromatique. Nous aimons le planter pour sa facilit\u00e9 de culture, sa croissance rapide, sa tol\u00e9rance \u00e0 la taille et ses fleurs bleues ador\u00e9es des abeilles, des bourdons et des enfants pour leur nectar sucr\u00e9. Certaines vari\u00e9t\u00e9s sont rampantes, comme le romarin corse, d\u2019autres ont une odeur tirant un peu plus sur le gingembre, d\u2019autres plus sur le menthol.\u00a0 Plantation : Plant\u00e9 en sol pauvre et exposition bien ensoleill\u00e9e. Ne craint pas le gel une fois bien install\u00e9. Le romarin supporte le bac \u00e0 condition de r\u00e9p\u00e9ter les tailles pour favoriser les jeunes pousses Parties utilis\u00e9es : les rameaux et les feuilles sont utilis\u00e9s en infusion ou en plat cuisin\u00e9, pour les grillades. Les fleurs s\u2019utilisent pour agr\u00e9menter les desserts en petites touches raffin\u00e9es. Toxicit\u00e9 : non toxique mais tr\u00e8s riche en huile essentielle, avec mod\u00e9ration. En d\u00e9couvrir plus ? D\u00e9couvrez nos conseils, nos plantes.Mais aussi nos r\u00e9alisations : Guide du jardin Projets\" \/>\n<meta property=\"og:url\" content=\"https:\/\/arbraculture.fr\/index.php\/plante-romarin\/\" \/>\n<meta property=\"og:site_name\" content=\"Arbraculture\" \/>\n<meta property=\"article:publisher\" content=\"https:\/\/www.facebook.com\/Arbraculture\/?locale=fr_FR\" \/>\n<meta property=\"article:modified_time\" content=\"2026-02-09T13:25:37+00:00\" \/>\n<meta property=\"og:image\" content=\"https:\/\/arbraculture.fr\/wp-content\/uploads\/2026\/02\/Romarin-1024x718.jpg\" \/>\n<meta name=\"twitter:card\" content=\"summary_large_image\" \/>\n<meta name=\"twitter:label1\" content=\"Dur\u00e9e de lecture estim\u00e9e\" \/>\n\t<meta name=\"twitter:data1\" content=\"2 minutes\" \/>\n<script type=\"application\/ld+json\" class=\"yoast-schema-graph\">{\"@context\":\"https:\/\/schema.org\",\"@graph\":[{\"@type\":\"WebPage\",\"@id\":\"https:\/\/arbraculture.fr\/index.php\/plante-romarin\/\",\"url\":\"https:\/\/arbraculture.fr\/index.php\/plante-romarin\/\",\"name\":\"Plante - Romarin - Arbraculture\",\"isPartOf\":{\"@id\":\"https:\/\/arbraculture.fr\/#website\"},\"primaryImageOfPage\":{\"@id\":\"https:\/\/arbraculture.fr\/index.php\/plante-romarin\/#primaryimage\"},\"image\":{\"@id\":\"https:\/\/arbraculture.fr\/index.php\/plante-romarin\/#primaryimage\"},\"thumbnailUrl\":\"https:\/\/arbraculture.fr\/wp-content\/uploads\/2026\/02\/Romarin-1024x718.jpg\",\"datePublished\":\"2026-02-06T14:33:56+00:00\",\"dateModified\":\"2026-02-09T13:25:37+00:00\",\"breadcrumb\":{\"@id\":\"https:\/\/arbraculture.fr\/index.php\/plante-romarin\/#breadcrumb\"},\"inLanguage\":\"fr-FR\",\"potentialAction\":[{\"@type\":\"ReadAction\",\"target\":[\"https:\/\/arbraculture.fr\/index.php\/plante-romarin\/\"]}]},{\"@type\":\"ImageObject\",\"inLanguage\":\"fr-FR\",\"@id\":\"https:\/\/arbraculture.fr\/index.php\/plante-romarin\/#primaryimage\",\"url\":\"https:\/\/arbraculture.fr\/wp-content\/uploads\/2026\/02\/Romarin.jpg\",\"contentUrl\":\"https:\/\/arbraculture.fr\/wp-content\/uploads\/2026\/02\/Romarin.jpg\",\"width\":1200,\"height\":841},{\"@type\":\"BreadcrumbList\",\"@id\":\"https:\/\/arbraculture.fr\/index.php\/plante-romarin\/#breadcrumb\",\"itemListElement\":[{\"@type\":\"ListItem\",\"position\":1,\"name\":\"Accueil\",\"item\":\"https:\/\/arbraculture.fr\/\"},{\"@type\":\"ListItem\",\"position\":2,\"name\":\"Plante &#8211; Romarin\"}]},{\"@type\":\"WebSite\",\"@id\":\"https:\/\/arbraculture.fr\/#website\",\"url\":\"https:\/\/arbraculture.fr\/\",\"name\":\"Arbraculture\",\"description\":\"La transition paysag\u00e8re utile et naturelle\",\"publisher\":{\"@id\":\"https:\/\/arbraculture.fr\/#organization\"},\"potentialAction\":[{\"@type\":\"SearchAction\",\"target\":{\"@type\":\"EntryPoint\",\"urlTemplate\":\"https:\/\/arbraculture.fr\/?s={search_term_string}\"},\"query-input\":{\"@type\":\"PropertyValueSpecification\",\"valueRequired\":true,\"valueName\":\"search_term_string\"}}],\"inLanguage\":\"fr-FR\"},{\"@type\":\"Organization\",\"@id\":\"https:\/\/arbraculture.fr\/#organization\",\"name\":\"Arbraculture\",\"url\":\"https:\/\/arbraculture.fr\/\",\"logo\":{\"@type\":\"ImageObject\",\"inLanguage\":\"fr-FR\",\"@id\":\"https:\/\/arbraculture.fr\/#\/schema\/logo\/image\/\",\"url\":\"https:\/\/arbraculture.fr\/wp-content\/uploads\/2025\/03\/cropped-Arbraculture-logo-site.png\",\"contentUrl\":\"https:\/\/arbraculture.fr\/wp-content\/uploads\/2025\/03\/cropped-Arbraculture-logo-site.png\",\"width\":1198,\"height\":1012,\"caption\":\"Arbraculture\"},\"image\":{\"@id\":\"https:\/\/arbraculture.fr\/#\/schema\/logo\/image\/\"},\"sameAs\":[\"https:\/\/www.facebook.com\/Arbraculture\/?locale=fr_FR\",\"https:\/\/www.linkedin.com\/company\/arbraculture\/?originalSubdomain=fr\",\"https:\/\/www.instagram.com\/arbraculture\/?hl=fr\"]}]}<\/script>\n<!-- \/ Yoast SEO plugin. -->","yoast_head_json":{"title":"Plante - Romarin - Arbraculture","robots":{"index":"index","follow":"follow","max-snippet":"max-snippet:-1","max-image-preview":"max-image-preview:large","max-video-preview":"max-video-preview:-1"},"canonical":"https:\/\/arbraculture.fr\/index.php\/plante-romarin\/","og_locale":"fr_FR","og_type":"article","og_title":"Plante - Romarin - Arbraculture","og_description":"Le Romarin salvia rosmarinus Origine : bassin m\u00e9dit\u00e9rann\u00e9en Description de la plante : Le romarin est un arbrisseau au port large et parfois haut, au feuillage persistant et tr\u00e8s aromatique. Nous aimons le planter pour sa facilit\u00e9 de culture, sa croissance rapide, sa tol\u00e9rance \u00e0 la taille et ses fleurs bleues ador\u00e9es des abeilles, des bourdons et des enfants pour leur nectar sucr\u00e9. Certaines vari\u00e9t\u00e9s sont rampantes, comme le romarin corse, d\u2019autres ont une odeur tirant un peu plus sur le gingembre, d\u2019autres plus sur le menthol.\u00a0 Plantation : Plant\u00e9 en sol pauvre et exposition bien ensoleill\u00e9e. Ne craint pas le gel une fois bien install\u00e9. Le romarin supporte le bac \u00e0 condition de r\u00e9p\u00e9ter les tailles pour favoriser les jeunes pousses Parties utilis\u00e9es : les rameaux et les feuilles sont utilis\u00e9s en infusion ou en plat cuisin\u00e9, pour les grillades. Les fleurs s\u2019utilisent pour agr\u00e9menter les desserts en petites touches raffin\u00e9es. Toxicit\u00e9 : non toxique mais tr\u00e8s riche en huile essentielle, avec mod\u00e9ration. En d\u00e9couvrir plus ? D\u00e9couvrez nos conseils, nos plantes.Mais aussi nos r\u00e9alisations : Guide du jardin Projets","og_url":"https:\/\/arbraculture.fr\/index.php\/plante-romarin\/","og_site_name":"Arbraculture","article_publisher":"https:\/\/www.facebook.com\/Arbraculture\/?locale=fr_FR","article_modified_time":"2026-02-09T13:25:37+00:00","og_image":[{"url":"https:\/\/arbraculture.fr\/wp-content\/uploads\/2026\/02\/Romarin-1024x718.jpg","type":"","width":"","height":""}],"twitter_card":"summary_large_image","twitter_misc":{"Dur\u00e9e de lecture estim\u00e9e":"2 minutes"},"schema":{"@context":"https:\/\/schema.org","@graph":[{"@type":"WebPage","@id":"https:\/\/arbraculture.fr\/index.php\/plante-romarin\/","url":"https:\/\/arbraculture.fr\/index.php\/plante-romarin\/","name":"Plante - Romarin - Arbraculture","isPartOf":{"@id":"https:\/\/arbraculture.fr\/#website"},"primaryImageOfPage":{"@id":"https:\/\/arbraculture.fr\/index.php\/plante-romarin\/#primaryimage"},"image":{"@id":"https:\/\/arbraculture.fr\/index.php\/plante-romarin\/#primaryimage"},"thumbnailUrl":"https:\/\/arbraculture.fr\/wp-content\/uploads\/2026\/02\/Romarin-1024x718.jpg","datePublished":"2026-02-06T14:33:56+00:00","dateModified":"2026-02-09T13:25:37+00:00","breadcrumb":{"@id":"https:\/\/arbraculture.fr\/index.php\/plante-romarin\/#breadcrumb"},"inLanguage":"fr-FR","potentialAction":[{"@type":"ReadAction","target":["https:\/\/arbraculture.fr\/index.php\/plante-romarin\/"]}]},{"@type":"ImageObject","inLanguage":"fr-FR","@id":"https:\/\/arbraculture.fr\/index.php\/plante-romarin\/#primaryimage","url":"https:\/\/arbraculture.fr\/wp-content\/uploads\/2026\/02\/Romarin.jpg","contentUrl":"https:\/\/arbraculture.fr\/wp-content\/uploads\/2026\/02\/Romarin.jpg","width":1200,"height":841},{"@type":"BreadcrumbList","@id":"https:\/\/arbraculture.fr\/index.php\/plante-romarin\/#breadcrumb","itemListElement":[{"@type":"ListItem","position":1,"name":"Accueil","item":"https:\/\/arbraculture.fr\/"},{"@type":"ListItem","position":2,"name":"Plante &#8211; Romarin"}]},{"@type":"WebSite","@id":"https:\/\/arbraculture.fr\/#website","url":"https:\/\/arbraculture.fr\/","name":"Arbraculture","description":"La transition paysag\u00e8re utile et naturelle","publisher":{"@id":"https:\/\/arbraculture.fr\/#organization"},"potentialAction":[{"@type":"SearchAction","target":{"@type":"EntryPoint","urlTemplate":"https:\/\/arbraculture.fr\/?s={search_term_string}"},"query-input":{"@type":"PropertyValueSpecification","valueRequired":true,"valueName":"search_term_string"}}],"inLanguage":"fr-FR"},{"@type":"Organization","@id":"https:\/\/arbraculture.fr\/#organization","name":"Arbraculture","url":"https:\/\/arbraculture.fr\/","logo":{"@type":"ImageObject","inLanguage":"fr-FR","@id":"https:\/\/arbraculture.fr\/#\/schema\/logo\/image\/","url":"https:\/\/arbraculture.fr\/wp-content\/uploads\/2025\/03\/cropped-Arbraculture-logo-site.png","contentUrl":"https:\/\/arbraculture.fr\/wp-content\/uploads\/2025\/03\/cropped-Arbraculture-logo-site.png","width":1198,"height":1012,"caption":"Arbraculture"},"image":{"@id":"https:\/\/arbraculture.fr\/#\/schema\/logo\/image\/"},"sameAs":["https:\/\/www.facebook.com\/Arbraculture\/?locale=fr_FR","https:\/\/www.linkedin.com\/company\/arbraculture\/?originalSubdomain=fr","https:\/\/www.instagram.com\/arbraculture\/?hl=fr"]}]}},"_links":{"self":[{"href":"https:\/\/arbraculture.fr\/index.php\/wp-json\/wp\/v2\/pages\/2633","targetHints":{"allow":["GET"]}}],"collection":[{"href":"https:\/\/arbraculture.fr\/index.php\/wp-json\/wp\/v2\/pages"}],"about":[{"href":"https:\/\/arbraculture.fr\/index.php\/wp-json\/wp\/v2\/types\/page"}],"author":[{"embeddable":true,"href":"https:\/\/arbraculture.fr\/index.php\/wp-json\/wp\/v2\/users\/2"}],"replies":[{"embeddable":true,"href":"https:\/\/arbraculture.fr\/index.php\/wp-json\/wp\/v2\/comments?post=2633"}],"version-history":[{"count":13,"href":"https:\/\/arbraculture.fr\/index.php\/wp-json\/wp\/v2\/pages\/2633\/revisions"}],"predecessor-version":[{"id":2649,"href":"https:\/\/arbraculture.fr\/index.php\/wp-json\/wp\/v2\/pages\/2633\/revisions\/2649"}],"wp:attachment":[{"href":"https:\/\/arbraculture.fr\/index.php\/wp-json\/wp\/v2\/media?parent=2633"}],"curies":[{"name":"wp","href":"https:\/\/api.w.org\/{rel}","templated":true}]}}