{"id":2602,"date":"2026-02-05T13:59:52","date_gmt":"2026-02-05T12:59:52","guid":{"rendered":"https:\/\/arbraculture.fr\/?page_id=2602"},"modified":"2026-02-09T14:11:02","modified_gmt":"2026-02-09T13:11:02","slug":"plante-myrte","status":"publish","type":"page","link":"https:\/\/arbraculture.fr\/index.php\/plante-myrte\/","title":{"rendered":"Plante &#8211; Myrte"},"content":{"rendered":"\t\t<div data-elementor-type=\"wp-page\" data-elementor-id=\"2602\" class=\"elementor elementor-2602\">\n\t\t\t\t<div class=\"elementor-element elementor-element-6f302bed e-flex e-con-boxed wpr-particle-no wpr-jarallax-no wpr-parallax-no wpr-sticky-section-no e-con e-parent\" data-id=\"6f302bed\" data-element_type=\"container\" data-settings=\"{&quot;background_background&quot;:&quot;classic&quot;}\">\n\t\t\t\t\t<div class=\"e-con-inner\">\n\t\t\t\t<div class=\"elementor-element elementor-element-6085ce8d elementor-invisible elementor-widget elementor-widget-heading\" data-id=\"6085ce8d\" data-element_type=\"widget\" data-settings=\"{&quot;_animation&quot;:&quot;fadeIn&quot;,&quot;_animation_delay&quot;:1000}\" data-widget_type=\"heading.default\">\n\t\t\t\t<div class=\"elementor-widget-container\">\n\t\t\t\t\t<h2 class=\"elementor-heading-title elementor-size-default\">Le myrte<\/h2>\t\t\t\t<\/div>\n\t\t\t\t<\/div>\n\t\t\t\t<div class=\"elementor-element elementor-element-27b1dd4b elementor-invisible elementor-widget elementor-widget-heading\" data-id=\"27b1dd4b\" data-element_type=\"widget\" data-settings=\"{&quot;_animation&quot;:&quot;fadeIn&quot;,&quot;_animation_delay&quot;:1500}\" data-widget_type=\"heading.default\">\n\t\t\t\t<div class=\"elementor-widget-container\">\n\t\t\t\t\t<h2 class=\"elementor-heading-title elementor-size-default\">myrtus communis<\/h2>\t\t\t\t<\/div>\n\t\t\t\t<\/div>\n\t\t\t\t\t<\/div>\n\t\t\t\t<\/div>\n\t\t<div class=\"elementor-element elementor-element-4677f04f e-flex e-con-boxed wpr-particle-no wpr-jarallax-no wpr-parallax-no wpr-sticky-section-no e-con e-parent\" data-id=\"4677f04f\" data-element_type=\"container\">\n\t\t\t\t\t<div class=\"e-con-inner\">\n\t\t<div class=\"elementor-element elementor-element-5f2b7cae e-con-full e-flex wpr-particle-no wpr-jarallax-no wpr-parallax-no wpr-sticky-section-no e-con e-child\" data-id=\"5f2b7cae\" data-element_type=\"container\">\n\t\t\t\t<div class=\"elementor-element elementor-element-447365ea animated-slow elementor-invisible elementor-widget elementor-widget-image\" data-id=\"447365ea\" data-element_type=\"widget\" data-settings=\"{&quot;_animation&quot;:&quot;fadeInLeft&quot;,&quot;_animation_delay&quot;:2000}\" data-widget_type=\"image.default\">\n\t\t\t\t<div class=\"elementor-widget-container\">\n\t\t\t\t\t\t\t\t\t\t\t\t\t\t\t<img fetchpriority=\"high\" decoding=\"async\" width=\"625\" height=\"800\" src=\"https:\/\/arbraculture.fr\/wp-content\/uploads\/2026\/02\/myrtefruitsv.jpg\" class=\"attachment-large size-large wp-image-2609\" alt=\"\" srcset=\"https:\/\/arbraculture.fr\/wp-content\/uploads\/2026\/02\/myrtefruitsv.jpg 625w, https:\/\/arbraculture.fr\/wp-content\/uploads\/2026\/02\/myrtefruitsv-234x300.jpg 234w\" sizes=\"(max-width: 625px) 100vw, 625px\" \/>\t\t\t\t\t\t\t\t\t\t\t\t\t\t\t<\/div>\n\t\t\t\t<\/div>\n\t\t\t\t<\/div>\n\t\t<div class=\"elementor-element elementor-element-d1d841c e-con-full e-flex wpr-particle-no wpr-jarallax-no wpr-parallax-no wpr-sticky-section-no e-con e-child\" data-id=\"d1d841c\" data-element_type=\"container\">\n\t\t\t\t<div class=\"elementor-element elementor-element-13c3ccb5 elementor-widget__width-initial animated-slow elementor-invisible elementor-widget elementor-widget-text-editor\" data-id=\"13c3ccb5\" data-element_type=\"widget\" data-settings=\"{&quot;_animation&quot;:&quot;fadeIn&quot;,&quot;_animation_delay&quot;:2500}\" data-widget_type=\"text-editor.default\">\n\t\t\t\t<div class=\"elementor-widget-container\">\n\t\t\t\t\t\t\t\t\t<p><span style=\"font-weight: 400;\"><b>Origine<\/b> : bassin m\u00e9dit\u00e9rann\u00e9en<\/span><\/p><p><b>Description de la plante<\/b><span style=\"font-weight: 400;\"> : Le myrte est un arbuste \u00e0 petit feuillage persistant que l\u2019on rencontre en m\u00e9diterran\u00e9e. D\u2019origine et d\u2019allure sauvage mais aussi largement plant\u00e9 dans ces r\u00e9gions pour son caract\u00e8re ornemental en toute saison. Il est particuli\u00e8rement attrayant en fleurs, pour les insectes mais aussi pour notre \u00e2me en qu\u00eate de beaut\u00e9 : regardez-les de pr\u00e8s ! S\u2019en suivent des baies tr\u00e8s parfum\u00e9es qui peuvent s&rsquo;utiliser comme \u00e9pices et qui parfume les eaux-de-vie. Froissez l\u00e9g\u00e8rement la plante entre vos mains, et vous pourrez d\u00e9j\u00e0 sentir son parfum.<\/span><\/p>\t\t\t\t\t\t\t\t<\/div>\n\t\t\t\t<\/div>\n\t\t\t\t<\/div>\n\t\t\t\t\t<\/div>\n\t\t\t\t<\/div>\n\t\t<div class=\"elementor-element elementor-element-3e69394d e-flex e-con-boxed wpr-particle-no wpr-jarallax-no wpr-parallax-no wpr-sticky-section-no e-con e-parent\" data-id=\"3e69394d\" data-element_type=\"container\">\n\t\t\t\t\t<div class=\"e-con-inner\">\n\t\t<div class=\"elementor-element elementor-element-734d920f e-con-full e-flex wpr-particle-no wpr-jarallax-no wpr-parallax-no wpr-sticky-section-no e-con e-child\" data-id=\"734d920f\" data-element_type=\"container\">\n\t\t\t\t<div class=\"elementor-element elementor-element-4c110292 elementor-invisible elementor-widget elementor-widget-image\" data-id=\"4c110292\" data-element_type=\"widget\" data-settings=\"{&quot;_animation&quot;:&quot;fadeIn&quot;,&quot;_animation_mobile&quot;:&quot;fadeIn&quot;,&quot;_animation_delay&quot;:500}\" data-widget_type=\"image.default\">\n\t\t\t\t<div class=\"elementor-widget-container\">\n\t\t\t\t\t\t\t\t\t\t\t\t\t\t\t<img decoding=\"async\" width=\"1024\" height=\"1024\" src=\"https:\/\/arbraculture.fr\/wp-content\/uploads\/2026\/02\/myrtesauvage.jpg\" class=\"attachment-large size-large wp-image-2610\" alt=\"\" srcset=\"https:\/\/arbraculture.fr\/wp-content\/uploads\/2026\/02\/myrtesauvage.jpg 1024w, https:\/\/arbraculture.fr\/wp-content\/uploads\/2026\/02\/myrtesauvage-300x300.jpg 300w, https:\/\/arbraculture.fr\/wp-content\/uploads\/2026\/02\/myrtesauvage-150x150.jpg 150w, https:\/\/arbraculture.fr\/wp-content\/uploads\/2026\/02\/myrtesauvage-768x768.jpg 768w\" sizes=\"(max-width: 1024px) 100vw, 1024px\" \/>\t\t\t\t\t\t\t\t\t\t\t\t\t\t\t<\/div>\n\t\t\t\t<\/div>\n\t\t\t\t<\/div>\n\t\t<div class=\"elementor-element elementor-element-7e18df79 e-con-full e-flex wpr-particle-no wpr-jarallax-no wpr-parallax-no wpr-sticky-section-no e-con e-child\" data-id=\"7e18df79\" data-element_type=\"container\">\n\t\t\t\t<div class=\"elementor-element elementor-element-4f4f3b25 animated-slow elementor-invisible elementor-widget elementor-widget-image\" data-id=\"4f4f3b25\" data-element_type=\"widget\" data-settings=\"{&quot;_animation&quot;:&quot;fadeIn&quot;,&quot;_animation_delay&quot;:1000}\" data-widget_type=\"image.default\">\n\t\t\t\t<div class=\"elementor-widget-container\">\n\t\t\t\t\t\t\t\t\t\t\t\t\t\t\t<img decoding=\"async\" width=\"612\" height=\"408\" src=\"https:\/\/arbraculture.fr\/wp-content\/uploads\/2026\/02\/myrtenfleur.jpg\" class=\"attachment-large size-large wp-image-2607\" alt=\"\" srcset=\"https:\/\/arbraculture.fr\/wp-content\/uploads\/2026\/02\/myrtenfleur.jpg 612w, https:\/\/arbraculture.fr\/wp-content\/uploads\/2026\/02\/myrtenfleur-300x200.jpg 300w\" sizes=\"(max-width: 612px) 100vw, 612px\" \/>\t\t\t\t\t\t\t\t\t\t\t\t\t\t\t<\/div>\n\t\t\t\t<\/div>\n\t\t\t\t<div class=\"elementor-element elementor-element-562457de elementor-widget__width-initial animated-slow elementor-invisible elementor-widget elementor-widget-text-editor\" data-id=\"562457de\" data-element_type=\"widget\" data-settings=\"{&quot;_animation&quot;:&quot;fadeIn&quot;,&quot;_animation_delay&quot;:500}\" data-widget_type=\"text-editor.default\">\n\t\t\t\t<div class=\"elementor-widget-container\">\n\t\t\t\t\t\t\t\t\t<p><b>Plantation<\/b><span style=\"font-weight: 400;\"> : Plant\u00e9 en arbuste isol\u00e9 dans un endroit tr\u00e8s ensoleill\u00e9 et pauvre en nutriments.<\/span><\/p><p><b>Parties utilis\u00e9es<\/b><span style=\"font-weight: 400;\"> : les feuilles et les baies s\u2019utilisent en infusion.<\/span><\/p><p><b>Toxicit\u00e9 : <\/b><span style=\"font-weight: 400;\">non toxique, mais riche en huile essentielle, avec mod\u00e9ration.<\/span><\/p>\t\t\t\t\t\t\t\t<\/div>\n\t\t\t\t<\/div>\n\t\t\t\t<\/div>\n\t\t\t\t\t<\/div>\n\t\t\t\t<\/div>\n\t\t<div class=\"elementor-element elementor-element-32982930 e-con-full e-flex wpr-particle-no wpr-jarallax-no wpr-parallax-no wpr-sticky-section-no e-con e-child\" data-id=\"32982930\" data-element_type=\"container\">\n\t\t\t\t<div class=\"elementor-element elementor-element-7aca0411 elementor-widget elementor-widget-heading\" data-id=\"7aca0411\" data-element_type=\"widget\" data-widget_type=\"heading.default\">\n\t\t\t\t<div class=\"elementor-widget-container\">\n\t\t\t\t\t<h2 class=\"elementor-heading-title elementor-size-default\">En d\u00e9couvrir plus ?<\/h2>\t\t\t\t<\/div>\n\t\t\t\t<\/div>\n\t\t\t\t<div class=\"elementor-element elementor-element-1c26b8dc elementor-widget__width-initial elementor-widget elementor-widget-text-editor\" data-id=\"1c26b8dc\" data-element_type=\"widget\" data-widget_type=\"text-editor.default\">\n\t\t\t\t<div class=\"elementor-widget-container\">\n\t\t\t\t\t\t\t\t\t<p>D\u00e9couvrez nos conseils, nos plantes.<br \/>Mais aussi nos r\u00e9alisations :<\/p>\t\t\t\t\t\t\t\t<\/div>\n\t\t\t\t<\/div>\n\t\t<div class=\"elementor-element elementor-element-4b59025d e-con-full e-flex wpr-particle-no wpr-jarallax-no wpr-parallax-no wpr-sticky-section-no e-con e-child\" data-id=\"4b59025d\" data-element_type=\"container\">\n\t\t\t\t<div class=\"elementor-element elementor-element-3c6bc76 elementor-widget elementor-widget-button\" data-id=\"3c6bc76\" data-element_type=\"widget\" data-widget_type=\"button.default\">\n\t\t\t\t<div class=\"elementor-widget-container\">\n\t\t\t\t\t\t\t\t\t<div class=\"elementor-button-wrapper\">\n\t\t\t\t\t<a class=\"elementor-button elementor-button-link elementor-size-sm\" href=\"https:\/\/arbraculture.fr\/index.php\/guide-du-jardin\/\">\n\t\t\t\t\t\t<span class=\"elementor-button-content-wrapper\">\n\t\t\t\t\t\t\t\t\t<span class=\"elementor-button-text\">Guide du jardin<\/span>\n\t\t\t\t\t<\/span>\n\t\t\t\t\t<\/a>\n\t\t\t\t<\/div>\n\t\t\t\t\t\t\t\t<\/div>\n\t\t\t\t<\/div>\n\t\t\t\t<div class=\"elementor-element elementor-element-5ad440e1 elementor-widget elementor-widget-button\" data-id=\"5ad440e1\" data-element_type=\"widget\" data-widget_type=\"button.default\">\n\t\t\t\t<div class=\"elementor-widget-container\">\n\t\t\t\t\t\t\t\t\t<div class=\"elementor-button-wrapper\">\n\t\t\t\t\t<a class=\"elementor-button elementor-button-link elementor-size-sm\" href=\"https:\/\/arbraculture.fr\/index.php\/projets\/\">\n\t\t\t\t\t\t<span class=\"elementor-button-content-wrapper\">\n\t\t\t\t\t\t\t\t\t<span class=\"elementor-button-text\">Projets<\/span>\n\t\t\t\t\t<\/span>\n\t\t\t\t\t<\/a>\n\t\t\t\t<\/div>\n\t\t\t\t\t\t\t\t<\/div>\n\t\t\t\t<\/div>\n\t\t\t\t<\/div>\n\t\t\t\t<\/div>\n\t\t\t\t<\/div>\n\t\t","protected":false},"excerpt":{"rendered":"<p>Le myrte myrtus communis Origine : bassin m\u00e9dit\u00e9rann\u00e9en Description de la plante : Le myrte est un arbuste \u00e0 petit feuillage persistant que l\u2019on rencontre en m\u00e9diterran\u00e9e. D\u2019origine et d\u2019allure sauvage mais aussi largement plant\u00e9 dans ces r\u00e9gions pour son caract\u00e8re ornemental en toute saison. Il est particuli\u00e8rement attrayant en fleurs, pour les insectes mais aussi pour notre \u00e2me en qu\u00eate de beaut\u00e9 : regardez-les de pr\u00e8s ! S\u2019en suivent des baies tr\u00e8s parfum\u00e9es qui peuvent s&rsquo;utiliser comme \u00e9pices et qui parfume les eaux-de-vie. Froissez l\u00e9g\u00e8rement la plante entre vos mains, et vous pourrez d\u00e9j\u00e0 sentir son parfum. Plantation : Plant\u00e9 en arbuste isol\u00e9 dans un endroit tr\u00e8s ensoleill\u00e9 et pauvre en nutriments. Parties utilis\u00e9es : les feuilles et les baies s\u2019utilisent en infusion. Toxicit\u00e9 : non toxique, mais riche en huile essentielle, avec mod\u00e9ration. En d\u00e9couvrir plus ? D\u00e9couvrez nos conseils, nos plantes.Mais aussi nos r\u00e9alisations : Guide du jardin Projets<\/p>\n","protected":false},"author":2,"featured_media":0,"parent":0,"menu_order":0,"comment_status":"closed","ping_status":"closed","template":"","meta":{"site-sidebar-layout":"no-sidebar","site-content-layout":"","ast-site-content-layout":"full-width-container","site-content-style":"default","site-sidebar-style":"default","ast-global-header-display":"","ast-banner-title-visibility":"","ast-main-header-display":"","ast-hfb-above-header-display":"","ast-hfb-below-header-display":"","ast-hfb-mobile-header-display":"","site-post-title":"disabled","ast-breadcrumbs-content":"","ast-featured-img":"disabled","footer-sml-layout":"","theme-transparent-header-meta":"","adv-header-id-meta":"","stick-header-meta":"","header-above-stick-meta":"","header-main-stick-meta":"","header-below-stick-meta":"","astra-migrate-meta-layouts":"default","ast-page-background-enabled":"default","ast-page-background-meta":{"desktop":{"background-color":"var(--ast-global-color-5)","background-image":"","background-repeat":"repeat","background-position":"center center","background-size":"auto","background-attachment":"scroll","background-type":"","background-media":"","overlay-type":"","overlay-color":"","overlay-opacity":"","overlay-gradient":""},"tablet":{"background-color":"","background-image":"","background-repeat":"repeat","background-position":"center center","background-size":"auto","background-attachment":"scroll","background-type":"","background-media":"","overlay-type":"","overlay-color":"","overlay-opacity":"","overlay-gradient":""},"mobile":{"background-color":"","background-image":"","background-repeat":"repeat","background-position":"center center","background-size":"auto","background-attachment":"scroll","background-type":"","background-media":"","overlay-type":"","overlay-color":"","overlay-opacity":"","overlay-gradient":""}},"ast-content-background-meta":{"desktop":{"background-color":"var(--ast-global-color-4)","background-image":"","background-repeat":"repeat","background-position":"center center","background-size":"auto","background-attachment":"scroll","background-type":"","background-media":"","overlay-type":"","overlay-color":"","overlay-opacity":"","overlay-gradient":""},"tablet":{"background-color":"var(--ast-global-color-4)","background-image":"","background-repeat":"repeat","background-position":"center center","background-size":"auto","background-attachment":"scroll","background-type":"","background-media":"","overlay-type":"","overlay-color":"","overlay-opacity":"","overlay-gradient":""},"mobile":{"background-color":"var(--ast-global-color-4)","background-image":"","background-repeat":"repeat","background-position":"center center","background-size":"auto","background-attachment":"scroll","background-type":"","background-media":"","overlay-type":"","overlay-color":"","overlay-opacity":"","overlay-gradient":""}},"footnotes":""},"class_list":["post-2602","page","type-page","status-publish","hentry"],"yoast_head":"<!-- This site is optimized with the Yoast SEO plugin v26.7 - https:\/\/yoast.com\/wordpress\/plugins\/seo\/ -->\n<title>Plante - Myrte - Arbraculture<\/title>\n<meta name=\"robots\" content=\"index, follow, max-snippet:-1, max-image-preview:large, max-video-preview:-1\" \/>\n<link rel=\"canonical\" href=\"https:\/\/arbraculture.fr\/index.php\/plante-myrte\/\" \/>\n<meta property=\"og:locale\" content=\"fr_FR\" \/>\n<meta property=\"og:type\" content=\"article\" \/>\n<meta property=\"og:title\" content=\"Plante - Myrte - Arbraculture\" \/>\n<meta property=\"og:description\" content=\"Le myrte myrtus communis Origine : bassin m\u00e9dit\u00e9rann\u00e9en Description de la plante : Le myrte est un arbuste \u00e0 petit feuillage persistant que l\u2019on rencontre en m\u00e9diterran\u00e9e. D\u2019origine et d\u2019allure sauvage mais aussi largement plant\u00e9 dans ces r\u00e9gions pour son caract\u00e8re ornemental en toute saison. Il est particuli\u00e8rement attrayant en fleurs, pour les insectes mais aussi pour notre \u00e2me en qu\u00eate de beaut\u00e9 : regardez-les de pr\u00e8s ! S\u2019en suivent des baies tr\u00e8s parfum\u00e9es qui peuvent s&rsquo;utiliser comme \u00e9pices et qui parfume les eaux-de-vie. Froissez l\u00e9g\u00e8rement la plante entre vos mains, et vous pourrez d\u00e9j\u00e0 sentir son parfum. Plantation : Plant\u00e9 en arbuste isol\u00e9 dans un endroit tr\u00e8s ensoleill\u00e9 et pauvre en nutriments. Parties utilis\u00e9es : les feuilles et les baies s\u2019utilisent en infusion. Toxicit\u00e9 : non toxique, mais riche en huile essentielle, avec mod\u00e9ration. En d\u00e9couvrir plus ? D\u00e9couvrez nos conseils, nos plantes.Mais aussi nos r\u00e9alisations : Guide du jardin Projets\" \/>\n<meta property=\"og:url\" content=\"https:\/\/arbraculture.fr\/index.php\/plante-myrte\/\" \/>\n<meta property=\"og:site_name\" content=\"Arbraculture\" \/>\n<meta property=\"article:publisher\" content=\"https:\/\/www.facebook.com\/Arbraculture\/?locale=fr_FR\" \/>\n<meta property=\"article:modified_time\" content=\"2026-02-09T13:11:02+00:00\" \/>\n<meta property=\"og:image\" content=\"https:\/\/arbraculture.fr\/wp-content\/uploads\/2026\/02\/myrtefruitsv.jpg\" \/>\n\t<meta property=\"og:image:width\" content=\"625\" \/>\n\t<meta property=\"og:image:height\" content=\"800\" \/>\n\t<meta property=\"og:image:type\" content=\"image\/jpeg\" \/>\n<meta name=\"twitter:card\" content=\"summary_large_image\" \/>\n<meta name=\"twitter:label1\" content=\"Dur\u00e9e de lecture estim\u00e9e\" \/>\n\t<meta name=\"twitter:data1\" content=\"2 minutes\" \/>\n<script type=\"application\/ld+json\" class=\"yoast-schema-graph\">{\"@context\":\"https:\/\/schema.org\",\"@graph\":[{\"@type\":\"WebPage\",\"@id\":\"https:\/\/arbraculture.fr\/index.php\/plante-myrte\/\",\"url\":\"https:\/\/arbraculture.fr\/index.php\/plante-myrte\/\",\"name\":\"Plante - Myrte - Arbraculture\",\"isPartOf\":{\"@id\":\"https:\/\/arbraculture.fr\/#website\"},\"primaryImageOfPage\":{\"@id\":\"https:\/\/arbraculture.fr\/index.php\/plante-myrte\/#primaryimage\"},\"image\":{\"@id\":\"https:\/\/arbraculture.fr\/index.php\/plante-myrte\/#primaryimage\"},\"thumbnailUrl\":\"https:\/\/arbraculture.fr\/wp-content\/uploads\/2026\/02\/myrtefruitsv.jpg\",\"datePublished\":\"2026-02-05T12:59:52+00:00\",\"dateModified\":\"2026-02-09T13:11:02+00:00\",\"breadcrumb\":{\"@id\":\"https:\/\/arbraculture.fr\/index.php\/plante-myrte\/#breadcrumb\"},\"inLanguage\":\"fr-FR\",\"potentialAction\":[{\"@type\":\"ReadAction\",\"target\":[\"https:\/\/arbraculture.fr\/index.php\/plante-myrte\/\"]}]},{\"@type\":\"ImageObject\",\"inLanguage\":\"fr-FR\",\"@id\":\"https:\/\/arbraculture.fr\/index.php\/plante-myrte\/#primaryimage\",\"url\":\"https:\/\/arbraculture.fr\/wp-content\/uploads\/2026\/02\/myrtefruitsv.jpg\",\"contentUrl\":\"https:\/\/arbraculture.fr\/wp-content\/uploads\/2026\/02\/myrtefruitsv.jpg\",\"width\":625,\"height\":800},{\"@type\":\"BreadcrumbList\",\"@id\":\"https:\/\/arbraculture.fr\/index.php\/plante-myrte\/#breadcrumb\",\"itemListElement\":[{\"@type\":\"ListItem\",\"position\":1,\"name\":\"Accueil\",\"item\":\"https:\/\/arbraculture.fr\/\"},{\"@type\":\"ListItem\",\"position\":2,\"name\":\"Plante &#8211; Myrte\"}]},{\"@type\":\"WebSite\",\"@id\":\"https:\/\/arbraculture.fr\/#website\",\"url\":\"https:\/\/arbraculture.fr\/\",\"name\":\"Arbraculture\",\"description\":\"La transition paysag\u00e8re utile et naturelle\",\"publisher\":{\"@id\":\"https:\/\/arbraculture.fr\/#organization\"},\"potentialAction\":[{\"@type\":\"SearchAction\",\"target\":{\"@type\":\"EntryPoint\",\"urlTemplate\":\"https:\/\/arbraculture.fr\/?s={search_term_string}\"},\"query-input\":{\"@type\":\"PropertyValueSpecification\",\"valueRequired\":true,\"valueName\":\"search_term_string\"}}],\"inLanguage\":\"fr-FR\"},{\"@type\":\"Organization\",\"@id\":\"https:\/\/arbraculture.fr\/#organization\",\"name\":\"Arbraculture\",\"url\":\"https:\/\/arbraculture.fr\/\",\"logo\":{\"@type\":\"ImageObject\",\"inLanguage\":\"fr-FR\",\"@id\":\"https:\/\/arbraculture.fr\/#\/schema\/logo\/image\/\",\"url\":\"https:\/\/arbraculture.fr\/wp-content\/uploads\/2025\/03\/cropped-Arbraculture-logo-site.png\",\"contentUrl\":\"https:\/\/arbraculture.fr\/wp-content\/uploads\/2025\/03\/cropped-Arbraculture-logo-site.png\",\"width\":1198,\"height\":1012,\"caption\":\"Arbraculture\"},\"image\":{\"@id\":\"https:\/\/arbraculture.fr\/#\/schema\/logo\/image\/\"},\"sameAs\":[\"https:\/\/www.facebook.com\/Arbraculture\/?locale=fr_FR\",\"https:\/\/www.linkedin.com\/company\/arbraculture\/?originalSubdomain=fr\",\"https:\/\/www.instagram.com\/arbraculture\/?hl=fr\"]}]}<\/script>\n<!-- \/ Yoast SEO plugin. -->","yoast_head_json":{"title":"Plante - Myrte - Arbraculture","robots":{"index":"index","follow":"follow","max-snippet":"max-snippet:-1","max-image-preview":"max-image-preview:large","max-video-preview":"max-video-preview:-1"},"canonical":"https:\/\/arbraculture.fr\/index.php\/plante-myrte\/","og_locale":"fr_FR","og_type":"article","og_title":"Plante - Myrte - Arbraculture","og_description":"Le myrte myrtus communis Origine : bassin m\u00e9dit\u00e9rann\u00e9en Description de la plante : Le myrte est un arbuste \u00e0 petit feuillage persistant que l\u2019on rencontre en m\u00e9diterran\u00e9e. D\u2019origine et d\u2019allure sauvage mais aussi largement plant\u00e9 dans ces r\u00e9gions pour son caract\u00e8re ornemental en toute saison. Il est particuli\u00e8rement attrayant en fleurs, pour les insectes mais aussi pour notre \u00e2me en qu\u00eate de beaut\u00e9 : regardez-les de pr\u00e8s ! S\u2019en suivent des baies tr\u00e8s parfum\u00e9es qui peuvent s&rsquo;utiliser comme \u00e9pices et qui parfume les eaux-de-vie. Froissez l\u00e9g\u00e8rement la plante entre vos mains, et vous pourrez d\u00e9j\u00e0 sentir son parfum. Plantation : Plant\u00e9 en arbuste isol\u00e9 dans un endroit tr\u00e8s ensoleill\u00e9 et pauvre en nutriments. Parties utilis\u00e9es : les feuilles et les baies s\u2019utilisent en infusion. Toxicit\u00e9 : non toxique, mais riche en huile essentielle, avec mod\u00e9ration. En d\u00e9couvrir plus ? D\u00e9couvrez nos conseils, nos plantes.Mais aussi nos r\u00e9alisations : Guide du jardin Projets","og_url":"https:\/\/arbraculture.fr\/index.php\/plante-myrte\/","og_site_name":"Arbraculture","article_publisher":"https:\/\/www.facebook.com\/Arbraculture\/?locale=fr_FR","article_modified_time":"2026-02-09T13:11:02+00:00","og_image":[{"width":625,"height":800,"url":"https:\/\/arbraculture.fr\/wp-content\/uploads\/2026\/02\/myrtefruitsv.jpg","type":"image\/jpeg"}],"twitter_card":"summary_large_image","twitter_misc":{"Dur\u00e9e de lecture estim\u00e9e":"2 minutes"},"schema":{"@context":"https:\/\/schema.org","@graph":[{"@type":"WebPage","@id":"https:\/\/arbraculture.fr\/index.php\/plante-myrte\/","url":"https:\/\/arbraculture.fr\/index.php\/plante-myrte\/","name":"Plante - Myrte - Arbraculture","isPartOf":{"@id":"https:\/\/arbraculture.fr\/#website"},"primaryImageOfPage":{"@id":"https:\/\/arbraculture.fr\/index.php\/plante-myrte\/#primaryimage"},"image":{"@id":"https:\/\/arbraculture.fr\/index.php\/plante-myrte\/#primaryimage"},"thumbnailUrl":"https:\/\/arbraculture.fr\/wp-content\/uploads\/2026\/02\/myrtefruitsv.jpg","datePublished":"2026-02-05T12:59:52+00:00","dateModified":"2026-02-09T13:11:02+00:00","breadcrumb":{"@id":"https:\/\/arbraculture.fr\/index.php\/plante-myrte\/#breadcrumb"},"inLanguage":"fr-FR","potentialAction":[{"@type":"ReadAction","target":["https:\/\/arbraculture.fr\/index.php\/plante-myrte\/"]}]},{"@type":"ImageObject","inLanguage":"fr-FR","@id":"https:\/\/arbraculture.fr\/index.php\/plante-myrte\/#primaryimage","url":"https:\/\/arbraculture.fr\/wp-content\/uploads\/2026\/02\/myrtefruitsv.jpg","contentUrl":"https:\/\/arbraculture.fr\/wp-content\/uploads\/2026\/02\/myrtefruitsv.jpg","width":625,"height":800},{"@type":"BreadcrumbList","@id":"https:\/\/arbraculture.fr\/index.php\/plante-myrte\/#breadcrumb","itemListElement":[{"@type":"ListItem","position":1,"name":"Accueil","item":"https:\/\/arbraculture.fr\/"},{"@type":"ListItem","position":2,"name":"Plante &#8211; Myrte"}]},{"@type":"WebSite","@id":"https:\/\/arbraculture.fr\/#website","url":"https:\/\/arbraculture.fr\/","name":"Arbraculture","description":"La transition paysag\u00e8re utile et naturelle","publisher":{"@id":"https:\/\/arbraculture.fr\/#organization"},"potentialAction":[{"@type":"SearchAction","target":{"@type":"EntryPoint","urlTemplate":"https:\/\/arbraculture.fr\/?s={search_term_string}"},"query-input":{"@type":"PropertyValueSpecification","valueRequired":true,"valueName":"search_term_string"}}],"inLanguage":"fr-FR"},{"@type":"Organization","@id":"https:\/\/arbraculture.fr\/#organization","name":"Arbraculture","url":"https:\/\/arbraculture.fr\/","logo":{"@type":"ImageObject","inLanguage":"fr-FR","@id":"https:\/\/arbraculture.fr\/#\/schema\/logo\/image\/","url":"https:\/\/arbraculture.fr\/wp-content\/uploads\/2025\/03\/cropped-Arbraculture-logo-site.png","contentUrl":"https:\/\/arbraculture.fr\/wp-content\/uploads\/2025\/03\/cropped-Arbraculture-logo-site.png","width":1198,"height":1012,"caption":"Arbraculture"},"image":{"@id":"https:\/\/arbraculture.fr\/#\/schema\/logo\/image\/"},"sameAs":["https:\/\/www.facebook.com\/Arbraculture\/?locale=fr_FR","https:\/\/www.linkedin.com\/company\/arbraculture\/?originalSubdomain=fr","https:\/\/www.instagram.com\/arbraculture\/?hl=fr"]}]}},"_links":{"self":[{"href":"https:\/\/arbraculture.fr\/index.php\/wp-json\/wp\/v2\/pages\/2602","targetHints":{"allow":["GET"]}}],"collection":[{"href":"https:\/\/arbraculture.fr\/index.php\/wp-json\/wp\/v2\/pages"}],"about":[{"href":"https:\/\/arbraculture.fr\/index.php\/wp-json\/wp\/v2\/types\/page"}],"author":[{"embeddable":true,"href":"https:\/\/arbraculture.fr\/index.php\/wp-json\/wp\/v2\/users\/2"}],"replies":[{"embeddable":true,"href":"https:\/\/arbraculture.fr\/index.php\/wp-json\/wp\/v2\/comments?post=2602"}],"version-history":[{"count":10,"href":"https:\/\/arbraculture.fr\/index.php\/wp-json\/wp\/v2\/pages\/2602\/revisions"}],"predecessor-version":[{"id":2732,"href":"https:\/\/arbraculture.fr\/index.php\/wp-json\/wp\/v2\/pages\/2602\/revisions\/2732"}],"wp:attachment":[{"href":"https:\/\/arbraculture.fr\/index.php\/wp-json\/wp\/v2\/media?parent=2602"}],"curies":[{"name":"wp","href":"https:\/\/api.w.org\/{rel}","templated":true}]}}