{"id":1996,"date":"2025-05-07T19:01:45","date_gmt":"2025-05-07T17:01:45","guid":{"rendered":"https:\/\/arbraculture.fr\/?page_id=1996"},"modified":"2026-02-09T14:27:55","modified_gmt":"2026-02-09T13:27:55","slug":"cornouiller-sanguin","status":"publish","type":"page","link":"https:\/\/arbraculture.fr\/index.php\/cornouiller-sanguin\/","title":{"rendered":"Plante &#8211; Cornouiller sanguin"},"content":{"rendered":"\t\t<div data-elementor-type=\"wp-page\" data-elementor-id=\"1996\" class=\"elementor elementor-1996\">\n\t\t\t\t<div class=\"elementor-element elementor-element-51d4294e e-flex e-con-boxed wpr-particle-no wpr-jarallax-no wpr-parallax-no wpr-sticky-section-no e-con e-parent\" data-id=\"51d4294e\" data-element_type=\"container\" data-settings=\"{&quot;background_background&quot;:&quot;classic&quot;}\">\n\t\t\t\t\t<div class=\"e-con-inner\">\n\t\t\t\t<div class=\"elementor-element elementor-element-7e9c478b elementor-invisible elementor-widget elementor-widget-heading\" data-id=\"7e9c478b\" data-element_type=\"widget\" data-settings=\"{&quot;_animation&quot;:&quot;fadeIn&quot;,&quot;_animation_delay&quot;:1000}\" data-widget_type=\"heading.default\">\n\t\t\t\t<div class=\"elementor-widget-container\">\n\t\t\t\t\t<h2 class=\"elementor-heading-title elementor-size-default\">Cornouiller sanguin<\/h2>\t\t\t\t<\/div>\n\t\t\t\t<\/div>\n\t\t\t\t<div class=\"elementor-element elementor-element-724346be elementor-invisible elementor-widget elementor-widget-heading\" data-id=\"724346be\" data-element_type=\"widget\" data-settings=\"{&quot;_animation&quot;:&quot;fadeIn&quot;,&quot;_animation_delay&quot;:1500}\" data-widget_type=\"heading.default\">\n\t\t\t\t<div class=\"elementor-widget-container\">\n\t\t\t\t\t<h2 class=\"elementor-heading-title elementor-size-default\">Cornus sanguinea<\/h2>\t\t\t\t<\/div>\n\t\t\t\t<\/div>\n\t\t\t\t\t<\/div>\n\t\t\t\t<\/div>\n\t\t<div class=\"elementor-element elementor-element-4578950c e-flex e-con-boxed wpr-particle-no wpr-jarallax-no wpr-parallax-no wpr-sticky-section-no e-con e-parent\" data-id=\"4578950c\" data-element_type=\"container\">\n\t\t\t\t\t<div class=\"e-con-inner\">\n\t\t<div class=\"elementor-element elementor-element-2c5a42d7 e-con-full e-flex wpr-particle-no wpr-jarallax-no wpr-parallax-no wpr-sticky-section-no e-con e-child\" data-id=\"2c5a42d7\" data-element_type=\"container\">\n\t\t\t\t<div class=\"elementor-element elementor-element-3f4fa59 animated-slow elementor-invisible elementor-widget elementor-widget-image\" data-id=\"3f4fa59\" data-element_type=\"widget\" data-settings=\"{&quot;_animation&quot;:&quot;fadeInLeft&quot;,&quot;_animation_delay&quot;:2000}\" data-widget_type=\"image.default\">\n\t\t\t\t<div class=\"elementor-widget-container\">\n\t\t\t\t\t\t\t\t\t\t\t\t\t\t\t<img fetchpriority=\"high\" decoding=\"async\" width=\"637\" height=\"766\" src=\"https:\/\/arbraculture.fr\/wp-content\/uploads\/2025\/05\/cornouillier-sang-fleurs.jpg\" class=\"attachment-large size-large wp-image-2173\" alt=\"\" srcset=\"https:\/\/arbraculture.fr\/wp-content\/uploads\/2025\/05\/cornouillier-sang-fleurs.jpg 637w, https:\/\/arbraculture.fr\/wp-content\/uploads\/2025\/05\/cornouillier-sang-fleurs-249x300.jpg 249w\" sizes=\"(max-width: 637px) 100vw, 637px\" \/>\t\t\t\t\t\t\t\t\t\t\t\t\t\t\t<\/div>\n\t\t\t\t<\/div>\n\t\t\t\t<\/div>\n\t\t<div class=\"elementor-element elementor-element-74628e3a e-con-full e-flex wpr-particle-no wpr-jarallax-no wpr-parallax-no wpr-sticky-section-no e-con e-child\" data-id=\"74628e3a\" data-element_type=\"container\">\n\t\t\t\t<div class=\"elementor-element elementor-element-2c1eecd9 elementor-widget__width-initial animated-slow elementor-invisible elementor-widget elementor-widget-text-editor\" data-id=\"2c1eecd9\" data-element_type=\"widget\" data-settings=\"{&quot;_animation&quot;:&quot;fadeIn&quot;,&quot;_animation_delay&quot;:2500}\" data-widget_type=\"text-editor.default\">\n\t\t\t\t<div class=\"elementor-widget-container\">\n\t\t\t\t\t\t\t\t\t<p><b>Synonyme(s)<\/b><span style=\"font-weight: 400;\"> : Bois puant, Olivier de Normandie<\/span><\/p><p><b>Origine<\/b><span style=\"font-weight: 400;\"> : Europe<br \/><\/span><\/p><p><b>Description de la plante<\/b><span style=\"font-weight: 400;\"> : Un arbuste que l\u2019on retrouve souvent plant\u00e9 en haie et taill\u00e9 tous les ans. Sa particularit\u00e9, que l\u2019on retrouve dans son nom, est d\u2019avoir les branches expos\u00e9es au soleil d\u2019une belle couleur rouge vive, qui contraste l\u2019hiver avec d\u2019autres branches aux teintes marrons. Ses feuilles prennent aussi \u00e0 l\u2019automne une teinte rougeoyante qui dure moins longtemps.. Il produit des fleurs visit\u00e9es par les insectes pollinisateurs suivies de baies noires en bouquets serr\u00e9s, toxiques. Les feuilles de cet arbuste sont bien nervur\u00e9es. <\/span><\/p>\t\t\t\t\t\t\t\t<\/div>\n\t\t\t\t<\/div>\n\t\t\t\t<\/div>\n\t\t\t\t\t<\/div>\n\t\t\t\t<\/div>\n\t\t<div class=\"elementor-element elementor-element-5975791d e-flex e-con-boxed wpr-particle-no wpr-jarallax-no wpr-parallax-no wpr-sticky-section-no e-con e-parent\" data-id=\"5975791d\" data-element_type=\"container\">\n\t\t\t\t\t<div class=\"e-con-inner\">\n\t\t<div class=\"elementor-element elementor-element-2f0df766 e-con-full e-flex wpr-particle-no wpr-jarallax-no wpr-parallax-no wpr-sticky-section-no e-con e-child\" data-id=\"2f0df766\" data-element_type=\"container\">\n\t\t\t\t<div class=\"elementor-element elementor-element-8140786 elementor-invisible elementor-widget elementor-widget-image\" data-id=\"8140786\" data-element_type=\"widget\" data-settings=\"{&quot;_animation&quot;:&quot;fadeIn&quot;,&quot;_animation_mobile&quot;:&quot;fadeIn&quot;,&quot;_animation_delay&quot;:500}\" data-widget_type=\"image.default\">\n\t\t\t\t<div class=\"elementor-widget-container\">\n\t\t\t\t\t\t\t\t\t\t\t\t\t\t\t<img decoding=\"async\" width=\"700\" height=\"800\" src=\"https:\/\/arbraculture.fr\/wp-content\/uploads\/2025\/05\/cornouillier-sang-fruis.jpg\" class=\"attachment-large size-large wp-image-2175\" alt=\"\" srcset=\"https:\/\/arbraculture.fr\/wp-content\/uploads\/2025\/05\/cornouillier-sang-fruis.jpg 700w, https:\/\/arbraculture.fr\/wp-content\/uploads\/2025\/05\/cornouillier-sang-fruis-263x300.jpg 263w\" sizes=\"(max-width: 700px) 100vw, 700px\" \/>\t\t\t\t\t\t\t\t\t\t\t\t\t\t\t<\/div>\n\t\t\t\t<\/div>\n\t\t\t\t<\/div>\n\t\t<div class=\"elementor-element elementor-element-5e909f0b e-con-full e-flex wpr-particle-no wpr-jarallax-no wpr-parallax-no wpr-sticky-section-no e-con e-child\" data-id=\"5e909f0b\" data-element_type=\"container\">\n\t\t\t\t<div class=\"elementor-element elementor-element-553e6e81 animated-slow elementor-invisible elementor-widget elementor-widget-image\" data-id=\"553e6e81\" data-element_type=\"widget\" data-settings=\"{&quot;_animation&quot;:&quot;fadeIn&quot;,&quot;_animation_delay&quot;:1000}\" data-widget_type=\"image.default\">\n\t\t\t\t<div class=\"elementor-widget-container\">\n\t\t\t\t\t\t\t\t\t\t\t\t\t\t\t<img decoding=\"async\" width=\"1024\" height=\"1013\" src=\"https:\/\/arbraculture.fr\/wp-content\/uploads\/2025\/05\/cornouillier-sang-tiges-1024x1013.jpg\" class=\"attachment-large size-large wp-image-2174\" alt=\"\" srcset=\"https:\/\/arbraculture.fr\/wp-content\/uploads\/2025\/05\/cornouillier-sang-tiges-1024x1013.jpg 1024w, https:\/\/arbraculture.fr\/wp-content\/uploads\/2025\/05\/cornouillier-sang-tiges-300x297.jpg 300w, https:\/\/arbraculture.fr\/wp-content\/uploads\/2025\/05\/cornouillier-sang-tiges-768x760.jpg 768w, https:\/\/arbraculture.fr\/wp-content\/uploads\/2025\/05\/cornouillier-sang-tiges.jpg 1100w\" sizes=\"(max-width: 1024px) 100vw, 1024px\" \/>\t\t\t\t\t\t\t\t\t\t\t\t\t\t\t<\/div>\n\t\t\t\t<\/div>\n\t\t\t\t<div class=\"elementor-element elementor-element-193197f0 elementor-widget__width-initial animated-slow elementor-invisible elementor-widget elementor-widget-text-editor\" data-id=\"193197f0\" data-element_type=\"widget\" data-settings=\"{&quot;_animation&quot;:&quot;fadeIn&quot;,&quot;_animation_delay&quot;:500}\" data-widget_type=\"text-editor.default\">\n\t\t\t\t<div class=\"elementor-widget-container\">\n\t\t\t\t\t\t\t\t\t<p><b>Plantation<\/b><span style=\"font-weight: 400;\"> : Plantes tr\u00e8s r\u00e9sistantes aux conditions extr\u00eames, c&rsquo;est un arbuste tr\u00e8s plant\u00e9 dans les am\u00e9nagements urbains, de type parkings, ronds points, plate bandes routi\u00e8res.<\/span>\u00a0<\/p><p><b>Parties utilis\u00e9es<\/b><span style=\"font-weight: 400;\"> : Les tiges, rouges, sont parfois utilis\u00e9es en vannerie.<\/span><\/p><p><b>Toxicit\u00e9<\/b><span style=\"font-weight: 400;\"> : Les baies sont tr\u00e8s toxiques. <\/span><\/p>\t\t\t\t\t\t\t\t<\/div>\n\t\t\t\t<\/div>\n\t\t\t\t<\/div>\n\t\t\t\t\t<\/div>\n\t\t\t\t<\/div>\n\t\t<div class=\"elementor-element elementor-element-2c749e8a e-con-full e-flex wpr-particle-no wpr-jarallax-no wpr-parallax-no wpr-sticky-section-no e-con e-child\" data-id=\"2c749e8a\" data-element_type=\"container\">\n\t\t\t\t<div class=\"elementor-element elementor-element-63cf1e5a elementor-widget elementor-widget-heading\" data-id=\"63cf1e5a\" data-element_type=\"widget\" data-widget_type=\"heading.default\">\n\t\t\t\t<div class=\"elementor-widget-container\">\n\t\t\t\t\t<h2 class=\"elementor-heading-title elementor-size-default\">En d\u00e9couvrir plus ?<\/h2>\t\t\t\t<\/div>\n\t\t\t\t<\/div>\n\t\t\t\t<div class=\"elementor-element elementor-element-7fbd395f elementor-widget__width-initial elementor-widget elementor-widget-text-editor\" data-id=\"7fbd395f\" data-element_type=\"widget\" data-widget_type=\"text-editor.default\">\n\t\t\t\t<div class=\"elementor-widget-container\">\n\t\t\t\t\t\t\t\t\t<p>D\u00e9couvrez nos conseils, nos plantes.<br \/>Mais aussi nos r\u00e9alisations :<\/p>\t\t\t\t\t\t\t\t<\/div>\n\t\t\t\t<\/div>\n\t\t<div class=\"elementor-element elementor-element-425218f1 e-con-full e-flex wpr-particle-no wpr-jarallax-no wpr-parallax-no wpr-sticky-section-no e-con e-child\" data-id=\"425218f1\" data-element_type=\"container\">\n\t\t\t\t<div class=\"elementor-element elementor-element-3f9b0b46 elementor-widget elementor-widget-button\" data-id=\"3f9b0b46\" data-element_type=\"widget\" data-widget_type=\"button.default\">\n\t\t\t\t<div class=\"elementor-widget-container\">\n\t\t\t\t\t\t\t\t\t<div class=\"elementor-button-wrapper\">\n\t\t\t\t\t<a class=\"elementor-button elementor-button-link elementor-size-sm\" href=\"https:\/\/arbraculture.fr\/index.php\/guide-du-jardin\/\">\n\t\t\t\t\t\t<span class=\"elementor-button-content-wrapper\">\n\t\t\t\t\t\t\t\t\t<span class=\"elementor-button-text\">Guide du jardin<\/span>\n\t\t\t\t\t<\/span>\n\t\t\t\t\t<\/a>\n\t\t\t\t<\/div>\n\t\t\t\t\t\t\t\t<\/div>\n\t\t\t\t<\/div>\n\t\t\t\t<div class=\"elementor-element elementor-element-4eb19f0 elementor-widget elementor-widget-button\" data-id=\"4eb19f0\" data-element_type=\"widget\" data-widget_type=\"button.default\">\n\t\t\t\t<div class=\"elementor-widget-container\">\n\t\t\t\t\t\t\t\t\t<div class=\"elementor-button-wrapper\">\n\t\t\t\t\t<a class=\"elementor-button elementor-button-link elementor-size-sm\" href=\"https:\/\/arbraculture.fr\/index.php\/projets\/\">\n\t\t\t\t\t\t<span class=\"elementor-button-content-wrapper\">\n\t\t\t\t\t\t\t\t\t<span class=\"elementor-button-text\">Projets<\/span>\n\t\t\t\t\t<\/span>\n\t\t\t\t\t<\/a>\n\t\t\t\t<\/div>\n\t\t\t\t\t\t\t\t<\/div>\n\t\t\t\t<\/div>\n\t\t\t\t<\/div>\n\t\t\t\t<\/div>\n\t\t\t\t<\/div>\n\t\t","protected":false},"excerpt":{"rendered":"<p>Cornouiller sanguin Cornus sanguinea Synonyme(s) : Bois puant, Olivier de Normandie Origine : Europe Description de la plante : Un arbuste que l\u2019on retrouve souvent plant\u00e9 en haie et taill\u00e9 tous les ans. Sa particularit\u00e9, que l\u2019on retrouve dans son nom, est d\u2019avoir les branches expos\u00e9es au soleil d\u2019une belle couleur rouge vive, qui contraste l\u2019hiver avec d\u2019autres branches aux teintes marrons. Ses feuilles prennent aussi \u00e0 l\u2019automne une teinte rougeoyante qui dure moins longtemps.. Il produit des fleurs visit\u00e9es par les insectes pollinisateurs suivies de baies noires en bouquets serr\u00e9s, toxiques. Les feuilles de cet arbuste sont bien nervur\u00e9es. Plantation : Plantes tr\u00e8s r\u00e9sistantes aux conditions extr\u00eames, c&rsquo;est un arbuste tr\u00e8s plant\u00e9 dans les am\u00e9nagements urbains, de type parkings, ronds points, plate bandes routi\u00e8res.\u00a0 Parties utilis\u00e9es : Les tiges, rouges, sont parfois utilis\u00e9es en vannerie. Toxicit\u00e9 : Les baies sont tr\u00e8s toxiques. En d\u00e9couvrir plus ? D\u00e9couvrez nos conseils, nos plantes.Mais aussi nos r\u00e9alisations : Guide du jardin Projets<\/p>\n","protected":false},"author":2,"featured_media":0,"parent":0,"menu_order":0,"comment_status":"closed","ping_status":"closed","template":"","meta":{"site-sidebar-layout":"no-sidebar","site-content-layout":"","ast-site-content-layout":"full-width-container","site-content-style":"default","site-sidebar-style":"default","ast-global-header-display":"","ast-banner-title-visibility":"","ast-main-header-display":"","ast-hfb-above-header-display":"","ast-hfb-below-header-display":"","ast-hfb-mobile-header-display":"","site-post-title":"disabled","ast-breadcrumbs-content":"","ast-featured-img":"disabled","footer-sml-layout":"","theme-transparent-header-meta":"","adv-header-id-meta":"","stick-header-meta":"","header-above-stick-meta":"","header-main-stick-meta":"","header-below-stick-meta":"","astra-migrate-meta-layouts":"default","ast-page-background-enabled":"default","ast-page-background-meta":{"desktop":{"background-color":"var(--ast-global-color-5)","background-image":"","background-repeat":"repeat","background-position":"center center","background-size":"auto","background-attachment":"scroll","background-type":"","background-media":"","overlay-type":"","overlay-color":"","overlay-opacity":"","overlay-gradient":""},"tablet":{"background-color":"","background-image":"","background-repeat":"repeat","background-position":"center center","background-size":"auto","background-attachment":"scroll","background-type":"","background-media":"","overlay-type":"","overlay-color":"","overlay-opacity":"","overlay-gradient":""},"mobile":{"background-color":"","background-image":"","background-repeat":"repeat","background-position":"center center","background-size":"auto","background-attachment":"scroll","background-type":"","background-media":"","overlay-type":"","overlay-color":"","overlay-opacity":"","overlay-gradient":""}},"ast-content-background-meta":{"desktop":{"background-color":"var(--ast-global-color-4)","background-image":"","background-repeat":"repeat","background-position":"center center","background-size":"auto","background-attachment":"scroll","background-type":"","background-media":"","overlay-type":"","overlay-color":"","overlay-opacity":"","overlay-gradient":""},"tablet":{"background-color":"var(--ast-global-color-4)","background-image":"","background-repeat":"repeat","background-position":"center center","background-size":"auto","background-attachment":"scroll","background-type":"","background-media":"","overlay-type":"","overlay-color":"","overlay-opacity":"","overlay-gradient":""},"mobile":{"background-color":"var(--ast-global-color-4)","background-image":"","background-repeat":"repeat","background-position":"center center","background-size":"auto","background-attachment":"scroll","background-type":"","background-media":"","overlay-type":"","overlay-color":"","overlay-opacity":"","overlay-gradient":""}},"footnotes":""},"class_list":["post-1996","page","type-page","status-publish","hentry"],"yoast_head":"<!-- This site is optimized with the Yoast SEO plugin v26.7 - https:\/\/yoast.com\/wordpress\/plugins\/seo\/ -->\n<title>Plante - Cornouiller sanguin - Arbraculture<\/title>\n<meta name=\"robots\" content=\"index, follow, max-snippet:-1, max-image-preview:large, max-video-preview:-1\" \/>\n<link rel=\"canonical\" href=\"https:\/\/arbraculture.fr\/index.php\/cornouiller-sanguin\/\" \/>\n<meta property=\"og:locale\" content=\"fr_FR\" \/>\n<meta property=\"og:type\" content=\"article\" \/>\n<meta property=\"og:title\" content=\"Plante - Cornouiller sanguin - Arbraculture\" \/>\n<meta property=\"og:description\" content=\"Cornouiller sanguin Cornus sanguinea Synonyme(s) : Bois puant, Olivier de Normandie Origine : Europe Description de la plante : Un arbuste que l\u2019on retrouve souvent plant\u00e9 en haie et taill\u00e9 tous les ans. Sa particularit\u00e9, que l\u2019on retrouve dans son nom, est d\u2019avoir les branches expos\u00e9es au soleil d\u2019une belle couleur rouge vive, qui contraste l\u2019hiver avec d\u2019autres branches aux teintes marrons. Ses feuilles prennent aussi \u00e0 l\u2019automne une teinte rougeoyante qui dure moins longtemps.. Il produit des fleurs visit\u00e9es par les insectes pollinisateurs suivies de baies noires en bouquets serr\u00e9s, toxiques. Les feuilles de cet arbuste sont bien nervur\u00e9es. Plantation : Plantes tr\u00e8s r\u00e9sistantes aux conditions extr\u00eames, c&rsquo;est un arbuste tr\u00e8s plant\u00e9 dans les am\u00e9nagements urbains, de type parkings, ronds points, plate bandes routi\u00e8res.\u00a0 Parties utilis\u00e9es : Les tiges, rouges, sont parfois utilis\u00e9es en vannerie. Toxicit\u00e9 : Les baies sont tr\u00e8s toxiques. En d\u00e9couvrir plus ? D\u00e9couvrez nos conseils, nos plantes.Mais aussi nos r\u00e9alisations : Guide du jardin Projets\" \/>\n<meta property=\"og:url\" content=\"https:\/\/arbraculture.fr\/index.php\/cornouiller-sanguin\/\" \/>\n<meta property=\"og:site_name\" content=\"Arbraculture\" \/>\n<meta property=\"article:publisher\" content=\"https:\/\/www.facebook.com\/Arbraculture\/?locale=fr_FR\" \/>\n<meta property=\"article:modified_time\" content=\"2026-02-09T13:27:55+00:00\" \/>\n<meta property=\"og:image\" content=\"https:\/\/arbraculture.fr\/wp-content\/uploads\/2025\/05\/cornouillier-sang-fleurs.jpg\" \/>\n<meta name=\"twitter:card\" content=\"summary_large_image\" \/>\n<meta name=\"twitter:label1\" content=\"Dur\u00e9e de lecture estim\u00e9e\" \/>\n\t<meta name=\"twitter:data1\" content=\"2 minutes\" \/>\n<script type=\"application\/ld+json\" class=\"yoast-schema-graph\">{\"@context\":\"https:\/\/schema.org\",\"@graph\":[{\"@type\":\"WebPage\",\"@id\":\"https:\/\/arbraculture.fr\/index.php\/cornouiller-sanguin\/\",\"url\":\"https:\/\/arbraculture.fr\/index.php\/cornouiller-sanguin\/\",\"name\":\"Plante - Cornouiller sanguin - Arbraculture\",\"isPartOf\":{\"@id\":\"https:\/\/arbraculture.fr\/#website\"},\"primaryImageOfPage\":{\"@id\":\"https:\/\/arbraculture.fr\/index.php\/cornouiller-sanguin\/#primaryimage\"},\"image\":{\"@id\":\"https:\/\/arbraculture.fr\/index.php\/cornouiller-sanguin\/#primaryimage\"},\"thumbnailUrl\":\"https:\/\/arbraculture.fr\/wp-content\/uploads\/2025\/05\/cornouillier-sang-fleurs.jpg\",\"datePublished\":\"2025-05-07T17:01:45+00:00\",\"dateModified\":\"2026-02-09T13:27:55+00:00\",\"breadcrumb\":{\"@id\":\"https:\/\/arbraculture.fr\/index.php\/cornouiller-sanguin\/#breadcrumb\"},\"inLanguage\":\"fr-FR\",\"potentialAction\":[{\"@type\":\"ReadAction\",\"target\":[\"https:\/\/arbraculture.fr\/index.php\/cornouiller-sanguin\/\"]}]},{\"@type\":\"ImageObject\",\"inLanguage\":\"fr-FR\",\"@id\":\"https:\/\/arbraculture.fr\/index.php\/cornouiller-sanguin\/#primaryimage\",\"url\":\"https:\/\/arbraculture.fr\/wp-content\/uploads\/2025\/05\/cornouillier-sang-fleurs.jpg\",\"contentUrl\":\"https:\/\/arbraculture.fr\/wp-content\/uploads\/2025\/05\/cornouillier-sang-fleurs.jpg\",\"width\":637,\"height\":766},{\"@type\":\"BreadcrumbList\",\"@id\":\"https:\/\/arbraculture.fr\/index.php\/cornouiller-sanguin\/#breadcrumb\",\"itemListElement\":[{\"@type\":\"ListItem\",\"position\":1,\"name\":\"Accueil\",\"item\":\"https:\/\/arbraculture.fr\/\"},{\"@type\":\"ListItem\",\"position\":2,\"name\":\"Plante &#8211; Cornouiller sanguin\"}]},{\"@type\":\"WebSite\",\"@id\":\"https:\/\/arbraculture.fr\/#website\",\"url\":\"https:\/\/arbraculture.fr\/\",\"name\":\"Arbraculture\",\"description\":\"La transition paysag\u00e8re utile et naturelle\",\"publisher\":{\"@id\":\"https:\/\/arbraculture.fr\/#organization\"},\"potentialAction\":[{\"@type\":\"SearchAction\",\"target\":{\"@type\":\"EntryPoint\",\"urlTemplate\":\"https:\/\/arbraculture.fr\/?s={search_term_string}\"},\"query-input\":{\"@type\":\"PropertyValueSpecification\",\"valueRequired\":true,\"valueName\":\"search_term_string\"}}],\"inLanguage\":\"fr-FR\"},{\"@type\":\"Organization\",\"@id\":\"https:\/\/arbraculture.fr\/#organization\",\"name\":\"Arbraculture\",\"url\":\"https:\/\/arbraculture.fr\/\",\"logo\":{\"@type\":\"ImageObject\",\"inLanguage\":\"fr-FR\",\"@id\":\"https:\/\/arbraculture.fr\/#\/schema\/logo\/image\/\",\"url\":\"https:\/\/arbraculture.fr\/wp-content\/uploads\/2025\/03\/cropped-Arbraculture-logo-site.png\",\"contentUrl\":\"https:\/\/arbraculture.fr\/wp-content\/uploads\/2025\/03\/cropped-Arbraculture-logo-site.png\",\"width\":1198,\"height\":1012,\"caption\":\"Arbraculture\"},\"image\":{\"@id\":\"https:\/\/arbraculture.fr\/#\/schema\/logo\/image\/\"},\"sameAs\":[\"https:\/\/www.facebook.com\/Arbraculture\/?locale=fr_FR\",\"https:\/\/www.linkedin.com\/company\/arbraculture\/?originalSubdomain=fr\",\"https:\/\/www.instagram.com\/arbraculture\/?hl=fr\"]}]}<\/script>\n<!-- \/ Yoast SEO plugin. -->","yoast_head_json":{"title":"Plante - Cornouiller sanguin - Arbraculture","robots":{"index":"index","follow":"follow","max-snippet":"max-snippet:-1","max-image-preview":"max-image-preview:large","max-video-preview":"max-video-preview:-1"},"canonical":"https:\/\/arbraculture.fr\/index.php\/cornouiller-sanguin\/","og_locale":"fr_FR","og_type":"article","og_title":"Plante - Cornouiller sanguin - Arbraculture","og_description":"Cornouiller sanguin Cornus sanguinea Synonyme(s) : Bois puant, Olivier de Normandie Origine : Europe Description de la plante : Un arbuste que l\u2019on retrouve souvent plant\u00e9 en haie et taill\u00e9 tous les ans. Sa particularit\u00e9, que l\u2019on retrouve dans son nom, est d\u2019avoir les branches expos\u00e9es au soleil d\u2019une belle couleur rouge vive, qui contraste l\u2019hiver avec d\u2019autres branches aux teintes marrons. Ses feuilles prennent aussi \u00e0 l\u2019automne une teinte rougeoyante qui dure moins longtemps.. Il produit des fleurs visit\u00e9es par les insectes pollinisateurs suivies de baies noires en bouquets serr\u00e9s, toxiques. Les feuilles de cet arbuste sont bien nervur\u00e9es. Plantation : Plantes tr\u00e8s r\u00e9sistantes aux conditions extr\u00eames, c&rsquo;est un arbuste tr\u00e8s plant\u00e9 dans les am\u00e9nagements urbains, de type parkings, ronds points, plate bandes routi\u00e8res.\u00a0 Parties utilis\u00e9es : Les tiges, rouges, sont parfois utilis\u00e9es en vannerie. Toxicit\u00e9 : Les baies sont tr\u00e8s toxiques. En d\u00e9couvrir plus ? D\u00e9couvrez nos conseils, nos plantes.Mais aussi nos r\u00e9alisations : Guide du jardin Projets","og_url":"https:\/\/arbraculture.fr\/index.php\/cornouiller-sanguin\/","og_site_name":"Arbraculture","article_publisher":"https:\/\/www.facebook.com\/Arbraculture\/?locale=fr_FR","article_modified_time":"2026-02-09T13:27:55+00:00","og_image":[{"url":"https:\/\/arbraculture.fr\/wp-content\/uploads\/2025\/05\/cornouillier-sang-fleurs.jpg","type":"","width":"","height":""}],"twitter_card":"summary_large_image","twitter_misc":{"Dur\u00e9e de lecture estim\u00e9e":"2 minutes"},"schema":{"@context":"https:\/\/schema.org","@graph":[{"@type":"WebPage","@id":"https:\/\/arbraculture.fr\/index.php\/cornouiller-sanguin\/","url":"https:\/\/arbraculture.fr\/index.php\/cornouiller-sanguin\/","name":"Plante - Cornouiller sanguin - Arbraculture","isPartOf":{"@id":"https:\/\/arbraculture.fr\/#website"},"primaryImageOfPage":{"@id":"https:\/\/arbraculture.fr\/index.php\/cornouiller-sanguin\/#primaryimage"},"image":{"@id":"https:\/\/arbraculture.fr\/index.php\/cornouiller-sanguin\/#primaryimage"},"thumbnailUrl":"https:\/\/arbraculture.fr\/wp-content\/uploads\/2025\/05\/cornouillier-sang-fleurs.jpg","datePublished":"2025-05-07T17:01:45+00:00","dateModified":"2026-02-09T13:27:55+00:00","breadcrumb":{"@id":"https:\/\/arbraculture.fr\/index.php\/cornouiller-sanguin\/#breadcrumb"},"inLanguage":"fr-FR","potentialAction":[{"@type":"ReadAction","target":["https:\/\/arbraculture.fr\/index.php\/cornouiller-sanguin\/"]}]},{"@type":"ImageObject","inLanguage":"fr-FR","@id":"https:\/\/arbraculture.fr\/index.php\/cornouiller-sanguin\/#primaryimage","url":"https:\/\/arbraculture.fr\/wp-content\/uploads\/2025\/05\/cornouillier-sang-fleurs.jpg","contentUrl":"https:\/\/arbraculture.fr\/wp-content\/uploads\/2025\/05\/cornouillier-sang-fleurs.jpg","width":637,"height":766},{"@type":"BreadcrumbList","@id":"https:\/\/arbraculture.fr\/index.php\/cornouiller-sanguin\/#breadcrumb","itemListElement":[{"@type":"ListItem","position":1,"name":"Accueil","item":"https:\/\/arbraculture.fr\/"},{"@type":"ListItem","position":2,"name":"Plante &#8211; Cornouiller sanguin"}]},{"@type":"WebSite","@id":"https:\/\/arbraculture.fr\/#website","url":"https:\/\/arbraculture.fr\/","name":"Arbraculture","description":"La transition paysag\u00e8re utile et naturelle","publisher":{"@id":"https:\/\/arbraculture.fr\/#organization"},"potentialAction":[{"@type":"SearchAction","target":{"@type":"EntryPoint","urlTemplate":"https:\/\/arbraculture.fr\/?s={search_term_string}"},"query-input":{"@type":"PropertyValueSpecification","valueRequired":true,"valueName":"search_term_string"}}],"inLanguage":"fr-FR"},{"@type":"Organization","@id":"https:\/\/arbraculture.fr\/#organization","name":"Arbraculture","url":"https:\/\/arbraculture.fr\/","logo":{"@type":"ImageObject","inLanguage":"fr-FR","@id":"https:\/\/arbraculture.fr\/#\/schema\/logo\/image\/","url":"https:\/\/arbraculture.fr\/wp-content\/uploads\/2025\/03\/cropped-Arbraculture-logo-site.png","contentUrl":"https:\/\/arbraculture.fr\/wp-content\/uploads\/2025\/03\/cropped-Arbraculture-logo-site.png","width":1198,"height":1012,"caption":"Arbraculture"},"image":{"@id":"https:\/\/arbraculture.fr\/#\/schema\/logo\/image\/"},"sameAs":["https:\/\/www.facebook.com\/Arbraculture\/?locale=fr_FR","https:\/\/www.linkedin.com\/company\/arbraculture\/?originalSubdomain=fr","https:\/\/www.instagram.com\/arbraculture\/?hl=fr"]}]}},"_links":{"self":[{"href":"https:\/\/arbraculture.fr\/index.php\/wp-json\/wp\/v2\/pages\/1996","targetHints":{"allow":["GET"]}}],"collection":[{"href":"https:\/\/arbraculture.fr\/index.php\/wp-json\/wp\/v2\/pages"}],"about":[{"href":"https:\/\/arbraculture.fr\/index.php\/wp-json\/wp\/v2\/types\/page"}],"author":[{"embeddable":true,"href":"https:\/\/arbraculture.fr\/index.php\/wp-json\/wp\/v2\/users\/2"}],"replies":[{"embeddable":true,"href":"https:\/\/arbraculture.fr\/index.php\/wp-json\/wp\/v2\/comments?post=1996"}],"version-history":[{"count":7,"href":"https:\/\/arbraculture.fr\/index.php\/wp-json\/wp\/v2\/pages\/1996\/revisions"}],"predecessor-version":[{"id":2178,"href":"https:\/\/arbraculture.fr\/index.php\/wp-json\/wp\/v2\/pages\/1996\/revisions\/2178"}],"wp:attachment":[{"href":"https:\/\/arbraculture.fr\/index.php\/wp-json\/wp\/v2\/media?parent=1996"}],"curies":[{"name":"wp","href":"https:\/\/api.w.org\/{rel}","templated":true}]}}