{"id":1992,"date":"2025-05-07T19:00:44","date_gmt":"2025-05-07T17:00:44","guid":{"rendered":"https:\/\/arbraculture.fr\/?page_id=1992"},"modified":"2025-06-23T16:25:48","modified_gmt":"2025-06-23T14:25:48","slug":"vigne-vierge","status":"publish","type":"page","link":"https:\/\/arbraculture.fr\/index.php\/vigne-vierge\/","title":{"rendered":"Plante &#8211; Vigne vierge"},"content":{"rendered":"\t\t<div data-elementor-type=\"wp-page\" data-elementor-id=\"1992\" class=\"elementor elementor-1992\">\n\t\t\t\t<div class=\"elementor-element elementor-element-6906143e e-flex e-con-boxed wpr-particle-no wpr-jarallax-no wpr-parallax-no wpr-sticky-section-no e-con e-parent\" data-id=\"6906143e\" data-element_type=\"container\" data-settings=\"{&quot;background_background&quot;:&quot;classic&quot;}\">\n\t\t\t\t\t<div class=\"e-con-inner\">\n\t\t\t\t<div class=\"elementor-element elementor-element-5cd20b41 elementor-invisible elementor-widget elementor-widget-heading\" data-id=\"5cd20b41\" data-element_type=\"widget\" data-settings=\"{&quot;_animation&quot;:&quot;fadeIn&quot;,&quot;_animation_delay&quot;:1000}\" data-widget_type=\"heading.default\">\n\t\t\t\t<div class=\"elementor-widget-container\">\n\t\t\t\t\t<h2 class=\"elementor-heading-title elementor-size-default\">Vigne vierge vraie<\/h2>\t\t\t\t<\/div>\n\t\t\t\t<\/div>\n\t\t\t\t<div class=\"elementor-element elementor-element-224a86dc elementor-invisible elementor-widget elementor-widget-heading\" data-id=\"224a86dc\" data-element_type=\"widget\" data-settings=\"{&quot;_animation&quot;:&quot;fadeIn&quot;,&quot;_animation_delay&quot;:1500}\" data-widget_type=\"heading.default\">\n\t\t\t\t<div class=\"elementor-widget-container\">\n\t\t\t\t\t<h2 class=\"elementor-heading-title elementor-size-default\">parthenocissus quinquefolia\n<\/h2>\t\t\t\t<\/div>\n\t\t\t\t<\/div>\n\t\t\t\t\t<\/div>\n\t\t\t\t<\/div>\n\t\t<div class=\"elementor-element elementor-element-ebe9db6 e-flex e-con-boxed wpr-particle-no wpr-jarallax-no wpr-parallax-no wpr-sticky-section-no e-con e-parent\" data-id=\"ebe9db6\" data-element_type=\"container\">\n\t\t\t\t\t<div class=\"e-con-inner\">\n\t\t<div class=\"elementor-element elementor-element-47a83c47 e-con-full e-flex wpr-particle-no wpr-jarallax-no wpr-parallax-no wpr-sticky-section-no e-con e-child\" data-id=\"47a83c47\" data-element_type=\"container\">\n\t\t\t\t<div class=\"elementor-element elementor-element-1a222179 animated-slow elementor-invisible elementor-widget elementor-widget-image\" data-id=\"1a222179\" data-element_type=\"widget\" data-settings=\"{&quot;_animation&quot;:&quot;fadeInLeft&quot;,&quot;_animation_delay&quot;:2000}\" data-widget_type=\"image.default\">\n\t\t\t\t<div class=\"elementor-widget-container\">\n\t\t\t\t\t\t\t\t\t\t\t\t\t\t\t<img fetchpriority=\"high\" decoding=\"async\" width=\"728\" height=\"971\" src=\"https:\/\/arbraculture.fr\/wp-content\/uploads\/2025\/04\/Camerisier-03.jpg\" class=\"attachment-large size-large wp-image-834\" alt=\"\" srcset=\"https:\/\/arbraculture.fr\/wp-content\/uploads\/2025\/04\/Camerisier-03.jpg 728w, https:\/\/arbraculture.fr\/wp-content\/uploads\/2025\/04\/Camerisier-03-225x300.jpg 225w\" sizes=\"(max-width: 728px) 100vw, 728px\" \/>\t\t\t\t\t\t\t\t\t\t\t\t\t\t\t<\/div>\n\t\t\t\t<\/div>\n\t\t\t\t<\/div>\n\t\t<div class=\"elementor-element elementor-element-4f638cf4 e-con-full e-flex wpr-particle-no wpr-jarallax-no wpr-parallax-no wpr-sticky-section-no e-con e-child\" data-id=\"4f638cf4\" data-element_type=\"container\">\n\t\t\t\t<div class=\"elementor-element elementor-element-22ce5820 elementor-widget__width-initial animated-slow elementor-invisible elementor-widget elementor-widget-text-editor\" data-id=\"22ce5820\" data-element_type=\"widget\" data-settings=\"{&quot;_animation&quot;:&quot;fadeIn&quot;,&quot;_animation_delay&quot;:2500}\" data-widget_type=\"text-editor.default\">\n\t\t\t\t<div class=\"elementor-widget-container\">\n\t\t\t\t\t\t\t\t\t<p><b>Synonyme(s)<\/b><span style=\"font-weight: 400;\"> : \/<\/span><\/p><p><b>Origine<\/b><span style=\"font-weight: 400;\"> : <\/span><span style=\"font-weight: 400;\">Continent am\u00e9ricain<\/span><\/p><p><b>Description de la plante<\/b><span style=\"font-weight: 400;\"> : <\/span><span style=\"font-weight: 400;\">Plante grimpante aux feuilles s\u2019apparentant \u00e0 la vigne aux raisins. Cette vigne a la particularit\u00e9 de pouvoir grimper aux murs lisses \u00e0 l\u2019aide de petites ventouses, ce dont notre vigne \u00e0 raisins ne dispose pas. Une seule plante peut \u00e0 terme couvrir l\u2019enti\u00e8ret\u00e9 d\u2019un b\u00e2timent de 3 \u00e9tages. Le feuillage rougit \u00e0 l\u2019automne pour dispara\u00eetre en hiver. Elle est tr\u00e8s utilis\u00e9e comme r\u00e9gulateur thermique des b\u00e2timents car ses feuilles isolent du soleil l\u2019\u00e9t\u00e9 mais laisse le soleil r\u00e9chauffer l\u2019hiver, contrairement au lierre qui, lui, persiste toute l\u2019ann\u00e9e.<\/span><\/p>\t\t\t\t\t\t\t\t<\/div>\n\t\t\t\t<\/div>\n\t\t\t\t<\/div>\n\t\t\t\t\t<\/div>\n\t\t\t\t<\/div>\n\t\t<div class=\"elementor-element elementor-element-59144485 e-flex e-con-boxed wpr-particle-no wpr-jarallax-no wpr-parallax-no wpr-sticky-section-no e-con e-parent\" data-id=\"59144485\" data-element_type=\"container\">\n\t\t\t\t\t<div class=\"e-con-inner\">\n\t\t<div class=\"elementor-element elementor-element-6ec218c4 e-con-full e-flex wpr-particle-no wpr-jarallax-no wpr-parallax-no wpr-sticky-section-no e-con e-child\" data-id=\"6ec218c4\" data-element_type=\"container\">\n\t\t\t\t<div class=\"elementor-element elementor-element-b2886a8 elementor-invisible elementor-widget elementor-widget-image\" data-id=\"b2886a8\" data-element_type=\"widget\" data-settings=\"{&quot;_animation&quot;:&quot;fadeIn&quot;,&quot;_animation_mobile&quot;:&quot;fadeIn&quot;,&quot;_animation_delay&quot;:500}\" data-widget_type=\"image.default\">\n\t\t\t\t<div class=\"elementor-widget-container\">\n\t\t\t\t\t\t\t\t\t\t\t\t\t\t\t<img decoding=\"async\" width=\"1024\" height=\"1024\" src=\"https:\/\/arbraculture.fr\/wp-content\/uploads\/2025\/04\/Camerisier-02-1024x1024.jpg\" class=\"attachment-large size-large wp-image-833\" alt=\"\" srcset=\"https:\/\/arbraculture.fr\/wp-content\/uploads\/2025\/04\/Camerisier-02-1024x1024.jpg 1024w, https:\/\/arbraculture.fr\/wp-content\/uploads\/2025\/04\/Camerisier-02-300x300.jpg 300w, https:\/\/arbraculture.fr\/wp-content\/uploads\/2025\/04\/Camerisier-02-150x150.jpg 150w, https:\/\/arbraculture.fr\/wp-content\/uploads\/2025\/04\/Camerisier-02-768x768.jpg 768w, https:\/\/arbraculture.fr\/wp-content\/uploads\/2025\/04\/Camerisier-02.jpg 1200w\" sizes=\"(max-width: 1024px) 100vw, 1024px\" \/>\t\t\t\t\t\t\t\t\t\t\t\t\t\t\t<\/div>\n\t\t\t\t<\/div>\n\t\t\t\t<\/div>\n\t\t<div class=\"elementor-element elementor-element-7bc6a78d e-con-full e-flex wpr-particle-no wpr-jarallax-no wpr-parallax-no wpr-sticky-section-no e-con e-child\" data-id=\"7bc6a78d\" data-element_type=\"container\">\n\t\t\t\t<div class=\"elementor-element elementor-element-6d0343bf animated-slow elementor-invisible elementor-widget elementor-widget-image\" data-id=\"6d0343bf\" data-element_type=\"widget\" data-settings=\"{&quot;_animation&quot;:&quot;fadeIn&quot;,&quot;_animation_delay&quot;:1000}\" data-widget_type=\"image.default\">\n\t\t\t\t<div class=\"elementor-widget-container\">\n\t\t\t\t\t\t\t\t\t\t\t\t\t\t\t<img decoding=\"async\" width=\"640\" height=\"480\" src=\"https:\/\/arbraculture.fr\/wp-content\/uploads\/2025\/04\/Camerisier-01.jpg\" class=\"attachment-large size-large wp-image-832\" alt=\"\" srcset=\"https:\/\/arbraculture.fr\/wp-content\/uploads\/2025\/04\/Camerisier-01.jpg 640w, https:\/\/arbraculture.fr\/wp-content\/uploads\/2025\/04\/Camerisier-01-300x225.jpg 300w\" sizes=\"(max-width: 640px) 100vw, 640px\" \/>\t\t\t\t\t\t\t\t\t\t\t\t\t\t\t<\/div>\n\t\t\t\t<\/div>\n\t\t\t\t<div class=\"elementor-element elementor-element-4cf3ff6b elementor-widget__width-initial animated-slow elementor-invisible elementor-widget elementor-widget-text-editor\" data-id=\"4cf3ff6b\" data-element_type=\"widget\" data-settings=\"{&quot;_animation&quot;:&quot;fadeIn&quot;,&quot;_animation_delay&quot;:500}\" data-widget_type=\"text-editor.default\">\n\t\t\t\t<div class=\"elementor-widget-container\">\n\t\t\t\t\t\t\t\t\t<p><b>Plantation<\/b><span style=\"font-weight: 400;\"> : On le retrouve plant\u00e9 au plus pr\u00e8s des fa\u00e7ades, mais il arrive qu\u2019il soit utilis\u00e9 pour coloniser les talus. Il a tendance \u00e0 \u00eatre envahissant.<\/span>\u00a0<\/p><p><b>Toxicit\u00e9<\/b><span style=\"font-weight: 400;\"> : Les baies bleues sont toxiques et \u00e2cres de toute mani\u00e8re.<\/span><\/p>\t\t\t\t\t\t\t\t<\/div>\n\t\t\t\t<\/div>\n\t\t\t\t<\/div>\n\t\t\t\t\t<\/div>\n\t\t\t\t<\/div>\n\t\t<div class=\"elementor-element elementor-element-585583b4 e-con-full e-flex wpr-particle-no wpr-jarallax-no wpr-parallax-no wpr-sticky-section-no e-con e-child\" data-id=\"585583b4\" data-element_type=\"container\">\n\t\t\t\t<div class=\"elementor-element elementor-element-1de65e5b elementor-widget elementor-widget-heading\" data-id=\"1de65e5b\" data-element_type=\"widget\" data-widget_type=\"heading.default\">\n\t\t\t\t<div class=\"elementor-widget-container\">\n\t\t\t\t\t<h2 class=\"elementor-heading-title elementor-size-default\">En d\u00e9couvrir plus ?<\/h2>\t\t\t\t<\/div>\n\t\t\t\t<\/div>\n\t\t\t\t<div class=\"elementor-element elementor-element-26f3f62a elementor-widget__width-initial elementor-widget elementor-widget-text-editor\" data-id=\"26f3f62a\" data-element_type=\"widget\" data-widget_type=\"text-editor.default\">\n\t\t\t\t<div class=\"elementor-widget-container\">\n\t\t\t\t\t\t\t\t\t<p>D\u00e9couvrez nos conseils, nos plantes.<br \/>Mais aussi nos r\u00e9alisations :<\/p>\t\t\t\t\t\t\t\t<\/div>\n\t\t\t\t<\/div>\n\t\t<div class=\"elementor-element elementor-element-f41a46 e-con-full e-flex wpr-particle-no wpr-jarallax-no wpr-parallax-no wpr-sticky-section-no e-con e-child\" data-id=\"f41a46\" data-element_type=\"container\">\n\t\t\t\t<div class=\"elementor-element elementor-element-7fca4773 elementor-widget elementor-widget-button\" data-id=\"7fca4773\" data-element_type=\"widget\" data-widget_type=\"button.default\">\n\t\t\t\t<div class=\"elementor-widget-container\">\n\t\t\t\t\t\t\t\t\t<div class=\"elementor-button-wrapper\">\n\t\t\t\t\t<a class=\"elementor-button elementor-button-link elementor-size-sm\" href=\"https:\/\/arbraculture.fr\/index.php\/guide-du-jardin\/\">\n\t\t\t\t\t\t<span class=\"elementor-button-content-wrapper\">\n\t\t\t\t\t\t\t\t\t<span class=\"elementor-button-text\">Guide du jardin<\/span>\n\t\t\t\t\t<\/span>\n\t\t\t\t\t<\/a>\n\t\t\t\t<\/div>\n\t\t\t\t\t\t\t\t<\/div>\n\t\t\t\t<\/div>\n\t\t\t\t<div class=\"elementor-element elementor-element-7d01161 elementor-widget elementor-widget-button\" data-id=\"7d01161\" data-element_type=\"widget\" data-widget_type=\"button.default\">\n\t\t\t\t<div class=\"elementor-widget-container\">\n\t\t\t\t\t\t\t\t\t<div class=\"elementor-button-wrapper\">\n\t\t\t\t\t<a class=\"elementor-button elementor-button-link elementor-size-sm\" href=\"https:\/\/arbraculture.fr\/index.php\/projets\/\">\n\t\t\t\t\t\t<span class=\"elementor-button-content-wrapper\">\n\t\t\t\t\t\t\t\t\t<span class=\"elementor-button-text\">Projets<\/span>\n\t\t\t\t\t<\/span>\n\t\t\t\t\t<\/a>\n\t\t\t\t<\/div>\n\t\t\t\t\t\t\t\t<\/div>\n\t\t\t\t<\/div>\n\t\t\t\t<\/div>\n\t\t\t\t<\/div>\n\t\t\t\t<\/div>\n\t\t","protected":false},"excerpt":{"rendered":"<p>Vigne vierge vraie parthenocissus quinquefolia Synonyme(s) : \/ Origine : Continent am\u00e9ricain Description de la plante : Plante grimpante aux feuilles s\u2019apparentant \u00e0 la vigne aux raisins. Cette vigne a la particularit\u00e9 de pouvoir grimper aux murs lisses \u00e0 l\u2019aide de petites ventouses, ce dont notre vigne \u00e0 raisins ne dispose pas. Une seule plante peut \u00e0 terme couvrir l\u2019enti\u00e8ret\u00e9 d\u2019un b\u00e2timent de 3 \u00e9tages. Le feuillage rougit \u00e0 l\u2019automne pour dispara\u00eetre en hiver. Elle est tr\u00e8s utilis\u00e9e comme r\u00e9gulateur thermique des b\u00e2timents car ses feuilles isolent du soleil l\u2019\u00e9t\u00e9 mais laisse le soleil r\u00e9chauffer l\u2019hiver, contrairement au lierre qui, lui, persiste toute l\u2019ann\u00e9e. Plantation : On le retrouve plant\u00e9 au plus pr\u00e8s des fa\u00e7ades, mais il arrive qu\u2019il soit utilis\u00e9 pour coloniser les talus. Il a tendance \u00e0 \u00eatre envahissant.\u00a0 Toxicit\u00e9 : Les baies bleues sont toxiques et \u00e2cres de toute mani\u00e8re. En d\u00e9couvrir plus ? D\u00e9couvrez nos conseils, nos plantes.Mais aussi nos r\u00e9alisations : Guide du jardin Projets<\/p>\n","protected":false},"author":2,"featured_media":0,"parent":0,"menu_order":0,"comment_status":"closed","ping_status":"closed","template":"","meta":{"site-sidebar-layout":"no-sidebar","site-content-layout":"","ast-site-content-layout":"full-width-container","site-content-style":"default","site-sidebar-style":"default","ast-global-header-display":"","ast-banner-title-visibility":"","ast-main-header-display":"","ast-hfb-above-header-display":"","ast-hfb-below-header-display":"","ast-hfb-mobile-header-display":"","site-post-title":"disabled","ast-breadcrumbs-content":"","ast-featured-img":"disabled","footer-sml-layout":"","theme-transparent-header-meta":"","adv-header-id-meta":"","stick-header-meta":"","header-above-stick-meta":"","header-main-stick-meta":"","header-below-stick-meta":"","astra-migrate-meta-layouts":"default","ast-page-background-enabled":"default","ast-page-background-meta":{"desktop":{"background-color":"var(--ast-global-color-5)","background-image":"","background-repeat":"repeat","background-position":"center center","background-size":"auto","background-attachment":"scroll","background-type":"","background-media":"","overlay-type":"","overlay-color":"","overlay-opacity":"","overlay-gradient":""},"tablet":{"background-color":"","background-image":"","background-repeat":"repeat","background-position":"center center","background-size":"auto","background-attachment":"scroll","background-type":"","background-media":"","overlay-type":"","overlay-color":"","overlay-opacity":"","overlay-gradient":""},"mobile":{"background-color":"","background-image":"","background-repeat":"repeat","background-position":"center center","background-size":"auto","background-attachment":"scroll","background-type":"","background-media":"","overlay-type":"","overlay-color":"","overlay-opacity":"","overlay-gradient":""}},"ast-content-background-meta":{"desktop":{"background-color":"var(--ast-global-color-4)","background-image":"","background-repeat":"repeat","background-position":"center center","background-size":"auto","background-attachment":"scroll","background-type":"","background-media":"","overlay-type":"","overlay-color":"","overlay-opacity":"","overlay-gradient":""},"tablet":{"background-color":"var(--ast-global-color-4)","background-image":"","background-repeat":"repeat","background-position":"center center","background-size":"auto","background-attachment":"scroll","background-type":"","background-media":"","overlay-type":"","overlay-color":"","overlay-opacity":"","overlay-gradient":""},"mobile":{"background-color":"var(--ast-global-color-4)","background-image":"","background-repeat":"repeat","background-position":"center center","background-size":"auto","background-attachment":"scroll","background-type":"","background-media":"","overlay-type":"","overlay-color":"","overlay-opacity":"","overlay-gradient":""}},"footnotes":""},"class_list":["post-1992","page","type-page","status-publish","hentry"],"yoast_head":"<!-- This site is optimized with the Yoast SEO plugin v26.7 - https:\/\/yoast.com\/wordpress\/plugins\/seo\/ -->\n<title>Plante - Vigne vierge - Arbraculture<\/title>\n<meta name=\"robots\" content=\"index, follow, max-snippet:-1, max-image-preview:large, max-video-preview:-1\" \/>\n<link rel=\"canonical\" href=\"https:\/\/arbraculture.fr\/index.php\/vigne-vierge\/\" \/>\n<meta property=\"og:locale\" content=\"fr_FR\" \/>\n<meta property=\"og:type\" content=\"article\" \/>\n<meta property=\"og:title\" content=\"Plante - Vigne vierge - Arbraculture\" \/>\n<meta property=\"og:description\" content=\"Vigne vierge vraie parthenocissus quinquefolia Synonyme(s) : \/ Origine : Continent am\u00e9ricain Description de la plante : Plante grimpante aux feuilles s\u2019apparentant \u00e0 la vigne aux raisins. Cette vigne a la particularit\u00e9 de pouvoir grimper aux murs lisses \u00e0 l\u2019aide de petites ventouses, ce dont notre vigne \u00e0 raisins ne dispose pas. Une seule plante peut \u00e0 terme couvrir l\u2019enti\u00e8ret\u00e9 d\u2019un b\u00e2timent de 3 \u00e9tages. Le feuillage rougit \u00e0 l\u2019automne pour dispara\u00eetre en hiver. Elle est tr\u00e8s utilis\u00e9e comme r\u00e9gulateur thermique des b\u00e2timents car ses feuilles isolent du soleil l\u2019\u00e9t\u00e9 mais laisse le soleil r\u00e9chauffer l\u2019hiver, contrairement au lierre qui, lui, persiste toute l\u2019ann\u00e9e. Plantation : On le retrouve plant\u00e9 au plus pr\u00e8s des fa\u00e7ades, mais il arrive qu\u2019il soit utilis\u00e9 pour coloniser les talus. Il a tendance \u00e0 \u00eatre envahissant.\u00a0 Toxicit\u00e9 : Les baies bleues sont toxiques et \u00e2cres de toute mani\u00e8re. En d\u00e9couvrir plus ? D\u00e9couvrez nos conseils, nos plantes.Mais aussi nos r\u00e9alisations : Guide du jardin Projets\" \/>\n<meta property=\"og:url\" content=\"https:\/\/arbraculture.fr\/index.php\/vigne-vierge\/\" \/>\n<meta property=\"og:site_name\" content=\"Arbraculture\" \/>\n<meta property=\"article:publisher\" content=\"https:\/\/www.facebook.com\/Arbraculture\/?locale=fr_FR\" \/>\n<meta property=\"article:modified_time\" content=\"2025-06-23T14:25:48+00:00\" \/>\n<meta property=\"og:image\" content=\"https:\/\/arbraculture.fr\/wp-content\/uploads\/2025\/04\/Camerisier-03.jpg\" \/>\n\t<meta property=\"og:image:width\" content=\"728\" \/>\n\t<meta property=\"og:image:height\" content=\"971\" \/>\n\t<meta property=\"og:image:type\" content=\"image\/jpeg\" \/>\n<meta name=\"twitter:card\" content=\"summary_large_image\" \/>\n<meta name=\"twitter:label1\" content=\"Dur\u00e9e de lecture estim\u00e9e\" \/>\n\t<meta name=\"twitter:data1\" content=\"1 minute\" \/>\n<script type=\"application\/ld+json\" class=\"yoast-schema-graph\">{\"@context\":\"https:\/\/schema.org\",\"@graph\":[{\"@type\":\"WebPage\",\"@id\":\"https:\/\/arbraculture.fr\/index.php\/vigne-vierge\/\",\"url\":\"https:\/\/arbraculture.fr\/index.php\/vigne-vierge\/\",\"name\":\"Plante - Vigne vierge - Arbraculture\",\"isPartOf\":{\"@id\":\"https:\/\/arbraculture.fr\/#website\"},\"primaryImageOfPage\":{\"@id\":\"https:\/\/arbraculture.fr\/index.php\/vigne-vierge\/#primaryimage\"},\"image\":{\"@id\":\"https:\/\/arbraculture.fr\/index.php\/vigne-vierge\/#primaryimage\"},\"thumbnailUrl\":\"https:\/\/arbraculture.fr\/wp-content\/uploads\/2025\/04\/Camerisier-03.jpg\",\"datePublished\":\"2025-05-07T17:00:44+00:00\",\"dateModified\":\"2025-06-23T14:25:48+00:00\",\"breadcrumb\":{\"@id\":\"https:\/\/arbraculture.fr\/index.php\/vigne-vierge\/#breadcrumb\"},\"inLanguage\":\"fr-FR\",\"potentialAction\":[{\"@type\":\"ReadAction\",\"target\":[\"https:\/\/arbraculture.fr\/index.php\/vigne-vierge\/\"]}]},{\"@type\":\"ImageObject\",\"inLanguage\":\"fr-FR\",\"@id\":\"https:\/\/arbraculture.fr\/index.php\/vigne-vierge\/#primaryimage\",\"url\":\"https:\/\/arbraculture.fr\/wp-content\/uploads\/2025\/04\/Camerisier-03.jpg\",\"contentUrl\":\"https:\/\/arbraculture.fr\/wp-content\/uploads\/2025\/04\/Camerisier-03.jpg\"},{\"@type\":\"BreadcrumbList\",\"@id\":\"https:\/\/arbraculture.fr\/index.php\/vigne-vierge\/#breadcrumb\",\"itemListElement\":[{\"@type\":\"ListItem\",\"position\":1,\"name\":\"Accueil\",\"item\":\"https:\/\/arbraculture.fr\/\"},{\"@type\":\"ListItem\",\"position\":2,\"name\":\"Plante &#8211; Vigne vierge\"}]},{\"@type\":\"WebSite\",\"@id\":\"https:\/\/arbraculture.fr\/#website\",\"url\":\"https:\/\/arbraculture.fr\/\",\"name\":\"Arbraculture\",\"description\":\"La transition paysag\u00e8re utile et naturelle\",\"publisher\":{\"@id\":\"https:\/\/arbraculture.fr\/#organization\"},\"potentialAction\":[{\"@type\":\"SearchAction\",\"target\":{\"@type\":\"EntryPoint\",\"urlTemplate\":\"https:\/\/arbraculture.fr\/?s={search_term_string}\"},\"query-input\":{\"@type\":\"PropertyValueSpecification\",\"valueRequired\":true,\"valueName\":\"search_term_string\"}}],\"inLanguage\":\"fr-FR\"},{\"@type\":\"Organization\",\"@id\":\"https:\/\/arbraculture.fr\/#organization\",\"name\":\"Arbraculture\",\"url\":\"https:\/\/arbraculture.fr\/\",\"logo\":{\"@type\":\"ImageObject\",\"inLanguage\":\"fr-FR\",\"@id\":\"https:\/\/arbraculture.fr\/#\/schema\/logo\/image\/\",\"url\":\"https:\/\/arbraculture.fr\/wp-content\/uploads\/2025\/03\/cropped-Arbraculture-logo-site.png\",\"contentUrl\":\"https:\/\/arbraculture.fr\/wp-content\/uploads\/2025\/03\/cropped-Arbraculture-logo-site.png\",\"width\":1198,\"height\":1012,\"caption\":\"Arbraculture\"},\"image\":{\"@id\":\"https:\/\/arbraculture.fr\/#\/schema\/logo\/image\/\"},\"sameAs\":[\"https:\/\/www.facebook.com\/Arbraculture\/?locale=fr_FR\",\"https:\/\/www.linkedin.com\/company\/arbraculture\/?originalSubdomain=fr\",\"https:\/\/www.instagram.com\/arbraculture\/?hl=fr\"]}]}<\/script>\n<!-- \/ Yoast SEO plugin. -->","yoast_head_json":{"title":"Plante - Vigne vierge - Arbraculture","robots":{"index":"index","follow":"follow","max-snippet":"max-snippet:-1","max-image-preview":"max-image-preview:large","max-video-preview":"max-video-preview:-1"},"canonical":"https:\/\/arbraculture.fr\/index.php\/vigne-vierge\/","og_locale":"fr_FR","og_type":"article","og_title":"Plante - Vigne vierge - Arbraculture","og_description":"Vigne vierge vraie parthenocissus quinquefolia Synonyme(s) : \/ Origine : Continent am\u00e9ricain Description de la plante : Plante grimpante aux feuilles s\u2019apparentant \u00e0 la vigne aux raisins. Cette vigne a la particularit\u00e9 de pouvoir grimper aux murs lisses \u00e0 l\u2019aide de petites ventouses, ce dont notre vigne \u00e0 raisins ne dispose pas. Une seule plante peut \u00e0 terme couvrir l\u2019enti\u00e8ret\u00e9 d\u2019un b\u00e2timent de 3 \u00e9tages. Le feuillage rougit \u00e0 l\u2019automne pour dispara\u00eetre en hiver. Elle est tr\u00e8s utilis\u00e9e comme r\u00e9gulateur thermique des b\u00e2timents car ses feuilles isolent du soleil l\u2019\u00e9t\u00e9 mais laisse le soleil r\u00e9chauffer l\u2019hiver, contrairement au lierre qui, lui, persiste toute l\u2019ann\u00e9e. Plantation : On le retrouve plant\u00e9 au plus pr\u00e8s des fa\u00e7ades, mais il arrive qu\u2019il soit utilis\u00e9 pour coloniser les talus. Il a tendance \u00e0 \u00eatre envahissant.\u00a0 Toxicit\u00e9 : Les baies bleues sont toxiques et \u00e2cres de toute mani\u00e8re. En d\u00e9couvrir plus ? D\u00e9couvrez nos conseils, nos plantes.Mais aussi nos r\u00e9alisations : Guide du jardin Projets","og_url":"https:\/\/arbraculture.fr\/index.php\/vigne-vierge\/","og_site_name":"Arbraculture","article_publisher":"https:\/\/www.facebook.com\/Arbraculture\/?locale=fr_FR","article_modified_time":"2025-06-23T14:25:48+00:00","og_image":[{"width":728,"height":971,"url":"https:\/\/arbraculture.fr\/wp-content\/uploads\/2025\/04\/Camerisier-03.jpg","type":"image\/jpeg"}],"twitter_card":"summary_large_image","twitter_misc":{"Dur\u00e9e de lecture estim\u00e9e":"1 minute"},"schema":{"@context":"https:\/\/schema.org","@graph":[{"@type":"WebPage","@id":"https:\/\/arbraculture.fr\/index.php\/vigne-vierge\/","url":"https:\/\/arbraculture.fr\/index.php\/vigne-vierge\/","name":"Plante - Vigne vierge - Arbraculture","isPartOf":{"@id":"https:\/\/arbraculture.fr\/#website"},"primaryImageOfPage":{"@id":"https:\/\/arbraculture.fr\/index.php\/vigne-vierge\/#primaryimage"},"image":{"@id":"https:\/\/arbraculture.fr\/index.php\/vigne-vierge\/#primaryimage"},"thumbnailUrl":"https:\/\/arbraculture.fr\/wp-content\/uploads\/2025\/04\/Camerisier-03.jpg","datePublished":"2025-05-07T17:00:44+00:00","dateModified":"2025-06-23T14:25:48+00:00","breadcrumb":{"@id":"https:\/\/arbraculture.fr\/index.php\/vigne-vierge\/#breadcrumb"},"inLanguage":"fr-FR","potentialAction":[{"@type":"ReadAction","target":["https:\/\/arbraculture.fr\/index.php\/vigne-vierge\/"]}]},{"@type":"ImageObject","inLanguage":"fr-FR","@id":"https:\/\/arbraculture.fr\/index.php\/vigne-vierge\/#primaryimage","url":"https:\/\/arbraculture.fr\/wp-content\/uploads\/2025\/04\/Camerisier-03.jpg","contentUrl":"https:\/\/arbraculture.fr\/wp-content\/uploads\/2025\/04\/Camerisier-03.jpg"},{"@type":"BreadcrumbList","@id":"https:\/\/arbraculture.fr\/index.php\/vigne-vierge\/#breadcrumb","itemListElement":[{"@type":"ListItem","position":1,"name":"Accueil","item":"https:\/\/arbraculture.fr\/"},{"@type":"ListItem","position":2,"name":"Plante &#8211; Vigne vierge"}]},{"@type":"WebSite","@id":"https:\/\/arbraculture.fr\/#website","url":"https:\/\/arbraculture.fr\/","name":"Arbraculture","description":"La transition paysag\u00e8re utile et naturelle","publisher":{"@id":"https:\/\/arbraculture.fr\/#organization"},"potentialAction":[{"@type":"SearchAction","target":{"@type":"EntryPoint","urlTemplate":"https:\/\/arbraculture.fr\/?s={search_term_string}"},"query-input":{"@type":"PropertyValueSpecification","valueRequired":true,"valueName":"search_term_string"}}],"inLanguage":"fr-FR"},{"@type":"Organization","@id":"https:\/\/arbraculture.fr\/#organization","name":"Arbraculture","url":"https:\/\/arbraculture.fr\/","logo":{"@type":"ImageObject","inLanguage":"fr-FR","@id":"https:\/\/arbraculture.fr\/#\/schema\/logo\/image\/","url":"https:\/\/arbraculture.fr\/wp-content\/uploads\/2025\/03\/cropped-Arbraculture-logo-site.png","contentUrl":"https:\/\/arbraculture.fr\/wp-content\/uploads\/2025\/03\/cropped-Arbraculture-logo-site.png","width":1198,"height":1012,"caption":"Arbraculture"},"image":{"@id":"https:\/\/arbraculture.fr\/#\/schema\/logo\/image\/"},"sameAs":["https:\/\/www.facebook.com\/Arbraculture\/?locale=fr_FR","https:\/\/www.linkedin.com\/company\/arbraculture\/?originalSubdomain=fr","https:\/\/www.instagram.com\/arbraculture\/?hl=fr"]}]}},"_links":{"self":[{"href":"https:\/\/arbraculture.fr\/index.php\/wp-json\/wp\/v2\/pages\/1992","targetHints":{"allow":["GET"]}}],"collection":[{"href":"https:\/\/arbraculture.fr\/index.php\/wp-json\/wp\/v2\/pages"}],"about":[{"href":"https:\/\/arbraculture.fr\/index.php\/wp-json\/wp\/v2\/types\/page"}],"author":[{"embeddable":true,"href":"https:\/\/arbraculture.fr\/index.php\/wp-json\/wp\/v2\/users\/2"}],"replies":[{"embeddable":true,"href":"https:\/\/arbraculture.fr\/index.php\/wp-json\/wp\/v2\/comments?post=1992"}],"version-history":[{"count":4,"href":"https:\/\/arbraculture.fr\/index.php\/wp-json\/wp\/v2\/pages\/1992\/revisions"}],"predecessor-version":[{"id":2349,"href":"https:\/\/arbraculture.fr\/index.php\/wp-json\/wp\/v2\/pages\/1992\/revisions\/2349"}],"wp:attachment":[{"href":"https:\/\/arbraculture.fr\/index.php\/wp-json\/wp\/v2\/media?parent=1992"}],"curies":[{"name":"wp","href":"https:\/\/api.w.org\/{rel}","templated":true}]}}