{"id":1972,"date":"2025-05-07T10:53:20","date_gmt":"2025-05-07T08:53:20","guid":{"rendered":"https:\/\/arbraculture.fr\/?page_id=1972"},"modified":"2025-06-02T17:00:28","modified_gmt":"2025-06-02T15:00:28","slug":"pommier-lanscailler","status":"publish","type":"page","link":"https:\/\/arbraculture.fr\/index.php\/pommier-lanscailler\/","title":{"rendered":"Plante &#8211; Pommier Lanscailler"},"content":{"rendered":"\t\t<div data-elementor-type=\"wp-page\" data-elementor-id=\"1972\" class=\"elementor elementor-1972\">\n\t\t\t\t<div class=\"elementor-element elementor-element-41b5d29d e-flex e-con-boxed wpr-particle-no wpr-jarallax-no wpr-parallax-no wpr-sticky-section-no e-con e-parent\" data-id=\"41b5d29d\" data-element_type=\"container\" data-settings=\"{&quot;background_background&quot;:&quot;classic&quot;}\">\n\t\t\t\t\t<div class=\"e-con-inner\">\n\t\t\t\t<div class=\"elementor-element elementor-element-14dd8844 elementor-invisible elementor-widget elementor-widget-heading\" data-id=\"14dd8844\" data-element_type=\"widget\" data-settings=\"{&quot;_animation&quot;:&quot;fadeIn&quot;,&quot;_animation_delay&quot;:1000}\" data-widget_type=\"heading.default\">\n\t\t\t\t<div class=\"elementor-widget-container\">\n\t\t\t\t\t<h2 class=\"elementor-heading-title elementor-size-default\">Pommier Lanscailler<\/h2>\t\t\t\t<\/div>\n\t\t\t\t<\/div>\n\t\t\t\t<div class=\"elementor-element elementor-element-323baf07 elementor-invisible elementor-widget elementor-widget-heading\" data-id=\"323baf07\" data-element_type=\"widget\" data-settings=\"{&quot;_animation&quot;:&quot;fadeIn&quot;,&quot;_animation_delay&quot;:1500}\" data-widget_type=\"heading.default\">\n\t\t\t\t<div class=\"elementor-widget-container\">\n\t\t\t\t\t<h2 class=\"elementor-heading-title elementor-size-default\">malus domestica<\/h2>\t\t\t\t<\/div>\n\t\t\t\t<\/div>\n\t\t\t\t\t<\/div>\n\t\t\t\t<\/div>\n\t\t<div class=\"elementor-element elementor-element-4f386e6a e-flex e-con-boxed wpr-particle-no wpr-jarallax-no wpr-parallax-no wpr-sticky-section-no e-con e-parent\" data-id=\"4f386e6a\" data-element_type=\"container\">\n\t\t\t\t\t<div class=\"e-con-inner\">\n\t\t<div class=\"elementor-element elementor-element-3188b92a e-con-full e-flex wpr-particle-no wpr-jarallax-no wpr-parallax-no wpr-sticky-section-no e-con e-child\" data-id=\"3188b92a\" data-element_type=\"container\">\n\t\t\t\t<div class=\"elementor-element elementor-element-370bd1e8 animated-slow elementor-invisible elementor-widget elementor-widget-image\" data-id=\"370bd1e8\" data-element_type=\"widget\" data-settings=\"{&quot;_animation&quot;:&quot;fadeInLeft&quot;,&quot;_animation_delay&quot;:2000}\" data-widget_type=\"image.default\">\n\t\t\t\t<div class=\"elementor-widget-container\">\n\t\t\t\t\t\t\t\t\t\t\t\t\t\t\t<img fetchpriority=\"high\" decoding=\"async\" width=\"728\" height=\"971\" src=\"https:\/\/arbraculture.fr\/wp-content\/uploads\/2025\/04\/Camerisier-03.jpg\" class=\"attachment-large size-large wp-image-834\" alt=\"\" srcset=\"https:\/\/arbraculture.fr\/wp-content\/uploads\/2025\/04\/Camerisier-03.jpg 728w, https:\/\/arbraculture.fr\/wp-content\/uploads\/2025\/04\/Camerisier-03-225x300.jpg 225w\" sizes=\"(max-width: 728px) 100vw, 728px\" \/>\t\t\t\t\t\t\t\t\t\t\t\t\t\t\t<\/div>\n\t\t\t\t<\/div>\n\t\t\t\t<\/div>\n\t\t<div class=\"elementor-element elementor-element-711e3f24 e-con-full e-flex wpr-particle-no wpr-jarallax-no wpr-parallax-no wpr-sticky-section-no e-con e-child\" data-id=\"711e3f24\" data-element_type=\"container\">\n\t\t\t\t<div class=\"elementor-element elementor-element-1dd3517c elementor-widget__width-initial animated-slow elementor-invisible elementor-widget elementor-widget-text-editor\" data-id=\"1dd3517c\" data-element_type=\"widget\" data-settings=\"{&quot;_animation&quot;:&quot;fadeIn&quot;,&quot;_animation_delay&quot;:2500}\" data-widget_type=\"text-editor.default\">\n\t\t\t\t<div class=\"elementor-widget-container\">\n\t\t\t\t\t\t\t\t\t<p><b>Nom commun <\/b><span style=\"font-weight: 400;\">: Pommier<\/span><\/p><p><b>Vari\u00e9t\u00e9 <\/b><span style=\"font-weight: 400;\">: \u00ab\u00a0Lanscailler\u00a0\u00bb<\/span><\/p><p><b>Origine<\/b><span style=\"font-weight: 400;\"> : Angleterre<br \/><\/span><\/p><p><b>Description de la plante<\/b><span style=\"font-weight: 400;\"> : <\/span><span style=\"font-weight: 400;\">Le pommier est tr\u00e8s vigoureux. La vigueur d\u2019un arbre est sa propension \u00e0 faire des branches longues en un an. Le fruit se conserve bien pendant l\u2019automne.\u00a0<\/span><\/p>\t\t\t\t\t\t\t\t<\/div>\n\t\t\t\t<\/div>\n\t\t\t\t<\/div>\n\t\t\t\t\t<\/div>\n\t\t\t\t<\/div>\n\t\t<div class=\"elementor-element elementor-element-4ce85a1d e-flex e-con-boxed wpr-particle-no wpr-jarallax-no wpr-parallax-no wpr-sticky-section-no e-con e-parent\" data-id=\"4ce85a1d\" data-element_type=\"container\">\n\t\t\t\t\t<div class=\"e-con-inner\">\n\t\t<div class=\"elementor-element elementor-element-79818037 e-con-full e-flex wpr-particle-no wpr-jarallax-no wpr-parallax-no wpr-sticky-section-no e-con e-child\" data-id=\"79818037\" data-element_type=\"container\">\n\t\t\t\t<div class=\"elementor-element elementor-element-1d888923 elementor-invisible elementor-widget elementor-widget-image\" data-id=\"1d888923\" data-element_type=\"widget\" data-settings=\"{&quot;_animation&quot;:&quot;fadeIn&quot;,&quot;_animation_mobile&quot;:&quot;fadeIn&quot;,&quot;_animation_delay&quot;:500}\" data-widget_type=\"image.default\">\n\t\t\t\t<div class=\"elementor-widget-container\">\n\t\t\t\t\t\t\t\t\t\t\t\t\t\t\t<img decoding=\"async\" width=\"1024\" height=\"1024\" src=\"https:\/\/arbraculture.fr\/wp-content\/uploads\/2025\/04\/Camerisier-02-1024x1024.jpg\" class=\"attachment-large size-large wp-image-833\" alt=\"\" srcset=\"https:\/\/arbraculture.fr\/wp-content\/uploads\/2025\/04\/Camerisier-02-1024x1024.jpg 1024w, https:\/\/arbraculture.fr\/wp-content\/uploads\/2025\/04\/Camerisier-02-300x300.jpg 300w, https:\/\/arbraculture.fr\/wp-content\/uploads\/2025\/04\/Camerisier-02-150x150.jpg 150w, https:\/\/arbraculture.fr\/wp-content\/uploads\/2025\/04\/Camerisier-02-768x768.jpg 768w, https:\/\/arbraculture.fr\/wp-content\/uploads\/2025\/04\/Camerisier-02.jpg 1200w\" sizes=\"(max-width: 1024px) 100vw, 1024px\" \/>\t\t\t\t\t\t\t\t\t\t\t\t\t\t\t<\/div>\n\t\t\t\t<\/div>\n\t\t\t\t<\/div>\n\t\t<div class=\"elementor-element elementor-element-3d6aa592 e-con-full e-flex wpr-particle-no wpr-jarallax-no wpr-parallax-no wpr-sticky-section-no e-con e-child\" data-id=\"3d6aa592\" data-element_type=\"container\">\n\t\t\t\t<div class=\"elementor-element elementor-element-6f35aadf animated-slow elementor-invisible elementor-widget elementor-widget-image\" data-id=\"6f35aadf\" data-element_type=\"widget\" data-settings=\"{&quot;_animation&quot;:&quot;fadeIn&quot;,&quot;_animation_delay&quot;:1000}\" data-widget_type=\"image.default\">\n\t\t\t\t<div class=\"elementor-widget-container\">\n\t\t\t\t\t\t\t\t\t\t\t\t\t\t\t<img decoding=\"async\" width=\"640\" height=\"480\" src=\"https:\/\/arbraculture.fr\/wp-content\/uploads\/2025\/04\/Camerisier-01.jpg\" class=\"attachment-large size-large wp-image-832\" alt=\"\" srcset=\"https:\/\/arbraculture.fr\/wp-content\/uploads\/2025\/04\/Camerisier-01.jpg 640w, https:\/\/arbraculture.fr\/wp-content\/uploads\/2025\/04\/Camerisier-01-300x225.jpg 300w\" sizes=\"(max-width: 640px) 100vw, 640px\" \/>\t\t\t\t\t\t\t\t\t\t\t\t\t\t\t<\/div>\n\t\t\t\t<\/div>\n\t\t\t\t<div class=\"elementor-element elementor-element-14f7b7da elementor-widget__width-initial animated-slow elementor-invisible elementor-widget elementor-widget-text-editor\" data-id=\"14f7b7da\" data-element_type=\"widget\" data-settings=\"{&quot;_animation&quot;:&quot;fadeIn&quot;,&quot;_animation_delay&quot;:500}\" data-widget_type=\"text-editor.default\">\n\t\t\t\t<div class=\"elementor-widget-container\">\n\t\t\t\t\t\t\t\t\t<p><b>P\u00e9riode de r\u00e9colte du fruit<\/b><span style=\"font-weight: 400;\"> : Octobre.<\/span>\u00a0<\/p><p><b>Description du fruit<\/b><span style=\"font-weight: 400;\"> : <\/span><span style=\"font-weight: 400;\">Fruits gros \u00e0 tr\u00e8s gros. L\u00e9g\u00e8rement c\u00f4tel\u00e9 sur le haut, plut\u00f4t conique.<\/span><\/p><p><b>Go\u00fbt du fruit<\/b><span style=\"font-weight: 400;\"> : <\/span><span style=\"font-weight: 400;\">Sucr\u00e9, acidul\u00e9. A cuire, mais aussi agr\u00e9able au couteau quand on aime l\u2019acidit\u00e9.<\/span><\/p>\t\t\t\t\t\t\t\t<\/div>\n\t\t\t\t<\/div>\n\t\t\t\t<\/div>\n\t\t\t\t\t<\/div>\n\t\t\t\t<\/div>\n\t\t<div class=\"elementor-element elementor-element-6a7c242b e-con-full e-flex wpr-particle-no wpr-jarallax-no wpr-parallax-no wpr-sticky-section-no e-con e-child\" data-id=\"6a7c242b\" data-element_type=\"container\">\n\t\t\t\t<div class=\"elementor-element elementor-element-5e7a7891 elementor-widget elementor-widget-heading\" data-id=\"5e7a7891\" data-element_type=\"widget\" data-widget_type=\"heading.default\">\n\t\t\t\t<div class=\"elementor-widget-container\">\n\t\t\t\t\t<h2 class=\"elementor-heading-title elementor-size-default\">En d\u00e9couvrir plus ?<\/h2>\t\t\t\t<\/div>\n\t\t\t\t<\/div>\n\t\t\t\t<div class=\"elementor-element elementor-element-3a121e79 elementor-widget__width-initial elementor-widget elementor-widget-text-editor\" data-id=\"3a121e79\" data-element_type=\"widget\" data-widget_type=\"text-editor.default\">\n\t\t\t\t<div class=\"elementor-widget-container\">\n\t\t\t\t\t\t\t\t\t<p>D\u00e9couvrez nos conseils, nos plantes.<br \/>Mais aussi nos r\u00e9alisations :<\/p>\t\t\t\t\t\t\t\t<\/div>\n\t\t\t\t<\/div>\n\t\t<div class=\"elementor-element elementor-element-68108033 e-con-full e-flex wpr-particle-no wpr-jarallax-no wpr-parallax-no wpr-sticky-section-no e-con e-child\" data-id=\"68108033\" data-element_type=\"container\">\n\t\t\t\t<div class=\"elementor-element elementor-element-3168a410 elementor-widget elementor-widget-button\" data-id=\"3168a410\" data-element_type=\"widget\" data-widget_type=\"button.default\">\n\t\t\t\t<div class=\"elementor-widget-container\">\n\t\t\t\t\t\t\t\t\t<div class=\"elementor-button-wrapper\">\n\t\t\t\t\t<a class=\"elementor-button elementor-button-link elementor-size-sm\" href=\"https:\/\/arbraculture.fr\/index.php\/guide-du-jardin\/\">\n\t\t\t\t\t\t<span class=\"elementor-button-content-wrapper\">\n\t\t\t\t\t\t\t\t\t<span class=\"elementor-button-text\">Guide du jardin<\/span>\n\t\t\t\t\t<\/span>\n\t\t\t\t\t<\/a>\n\t\t\t\t<\/div>\n\t\t\t\t\t\t\t\t<\/div>\n\t\t\t\t<\/div>\n\t\t\t\t<div class=\"elementor-element elementor-element-fca81ce elementor-widget elementor-widget-button\" data-id=\"fca81ce\" data-element_type=\"widget\" data-widget_type=\"button.default\">\n\t\t\t\t<div class=\"elementor-widget-container\">\n\t\t\t\t\t\t\t\t\t<div class=\"elementor-button-wrapper\">\n\t\t\t\t\t<a class=\"elementor-button elementor-button-link elementor-size-sm\" href=\"https:\/\/arbraculture.fr\/index.php\/projets\/\">\n\t\t\t\t\t\t<span class=\"elementor-button-content-wrapper\">\n\t\t\t\t\t\t\t\t\t<span class=\"elementor-button-text\">Projets<\/span>\n\t\t\t\t\t<\/span>\n\t\t\t\t\t<\/a>\n\t\t\t\t<\/div>\n\t\t\t\t\t\t\t\t<\/div>\n\t\t\t\t<\/div>\n\t\t\t\t<\/div>\n\t\t\t\t<\/div>\n\t\t\t\t<\/div>\n\t\t","protected":false},"excerpt":{"rendered":"<p>Pommier Lanscailler malus domestica Nom commun : Pommier Vari\u00e9t\u00e9 : \u00ab\u00a0Lanscailler\u00a0\u00bb Origine : Angleterre Description de la plante : Le pommier est tr\u00e8s vigoureux. La vigueur d\u2019un arbre est sa propension \u00e0 faire des branches longues en un an. Le fruit se conserve bien pendant l\u2019automne.\u00a0 P\u00e9riode de r\u00e9colte du fruit : Octobre.\u00a0 Description du fruit : Fruits gros \u00e0 tr\u00e8s gros. L\u00e9g\u00e8rement c\u00f4tel\u00e9 sur le haut, plut\u00f4t conique. Go\u00fbt du fruit : Sucr\u00e9, acidul\u00e9. A cuire, mais aussi agr\u00e9able au couteau quand on aime l\u2019acidit\u00e9. En d\u00e9couvrir plus ? D\u00e9couvrez nos conseils, nos plantes.Mais aussi nos r\u00e9alisations : Guide du jardin Projets<\/p>\n","protected":false},"author":2,"featured_media":0,"parent":0,"menu_order":0,"comment_status":"closed","ping_status":"closed","template":"","meta":{"site-sidebar-layout":"no-sidebar","site-content-layout":"","ast-site-content-layout":"full-width-container","site-content-style":"default","site-sidebar-style":"default","ast-global-header-display":"","ast-banner-title-visibility":"","ast-main-header-display":"","ast-hfb-above-header-display":"","ast-hfb-below-header-display":"","ast-hfb-mobile-header-display":"","site-post-title":"disabled","ast-breadcrumbs-content":"","ast-featured-img":"disabled","footer-sml-layout":"","theme-transparent-header-meta":"","adv-header-id-meta":"","stick-header-meta":"","header-above-stick-meta":"","header-main-stick-meta":"","header-below-stick-meta":"","astra-migrate-meta-layouts":"default","ast-page-background-enabled":"default","ast-page-background-meta":{"desktop":{"background-color":"var(--ast-global-color-5)","background-image":"","background-repeat":"repeat","background-position":"center center","background-size":"auto","background-attachment":"scroll","background-type":"","background-media":"","overlay-type":"","overlay-color":"","overlay-opacity":"","overlay-gradient":""},"tablet":{"background-color":"","background-image":"","background-repeat":"repeat","background-position":"center center","background-size":"auto","background-attachment":"scroll","background-type":"","background-media":"","overlay-type":"","overlay-color":"","overlay-opacity":"","overlay-gradient":""},"mobile":{"background-color":"","background-image":"","background-repeat":"repeat","background-position":"center center","background-size":"auto","background-attachment":"scroll","background-type":"","background-media":"","overlay-type":"","overlay-color":"","overlay-opacity":"","overlay-gradient":""}},"ast-content-background-meta":{"desktop":{"background-color":"var(--ast-global-color-4)","background-image":"","background-repeat":"repeat","background-position":"center center","background-size":"auto","background-attachment":"scroll","background-type":"","background-media":"","overlay-type":"","overlay-color":"","overlay-opacity":"","overlay-gradient":""},"tablet":{"background-color":"var(--ast-global-color-4)","background-image":"","background-repeat":"repeat","background-position":"center center","background-size":"auto","background-attachment":"scroll","background-type":"","background-media":"","overlay-type":"","overlay-color":"","overlay-opacity":"","overlay-gradient":""},"mobile":{"background-color":"var(--ast-global-color-4)","background-image":"","background-repeat":"repeat","background-position":"center center","background-size":"auto","background-attachment":"scroll","background-type":"","background-media":"","overlay-type":"","overlay-color":"","overlay-opacity":"","overlay-gradient":""}},"footnotes":""},"class_list":["post-1972","page","type-page","status-publish","hentry"],"yoast_head":"<!-- This site is optimized with the Yoast SEO plugin v26.7 - https:\/\/yoast.com\/wordpress\/plugins\/seo\/ -->\n<title>Plante - Pommier Lanscailler - Arbraculture<\/title>\n<meta name=\"robots\" content=\"index, follow, max-snippet:-1, max-image-preview:large, max-video-preview:-1\" \/>\n<link rel=\"canonical\" href=\"https:\/\/arbraculture.fr\/index.php\/pommier-lanscailler\/\" \/>\n<meta property=\"og:locale\" content=\"fr_FR\" \/>\n<meta property=\"og:type\" content=\"article\" \/>\n<meta property=\"og:title\" content=\"Plante - Pommier Lanscailler - Arbraculture\" \/>\n<meta property=\"og:description\" content=\"Pommier Lanscailler malus domestica Nom commun : Pommier Vari\u00e9t\u00e9 : \u00ab\u00a0Lanscailler\u00a0\u00bb Origine : Angleterre Description de la plante : Le pommier est tr\u00e8s vigoureux. La vigueur d\u2019un arbre est sa propension \u00e0 faire des branches longues en un an. Le fruit se conserve bien pendant l\u2019automne.\u00a0 P\u00e9riode de r\u00e9colte du fruit : Octobre.\u00a0 Description du fruit : Fruits gros \u00e0 tr\u00e8s gros. L\u00e9g\u00e8rement c\u00f4tel\u00e9 sur le haut, plut\u00f4t conique. Go\u00fbt du fruit : Sucr\u00e9, acidul\u00e9. A cuire, mais aussi agr\u00e9able au couteau quand on aime l\u2019acidit\u00e9. En d\u00e9couvrir plus ? D\u00e9couvrez nos conseils, nos plantes.Mais aussi nos r\u00e9alisations : Guide du jardin Projets\" \/>\n<meta property=\"og:url\" content=\"https:\/\/arbraculture.fr\/index.php\/pommier-lanscailler\/\" \/>\n<meta property=\"og:site_name\" content=\"Arbraculture\" \/>\n<meta property=\"article:publisher\" content=\"https:\/\/www.facebook.com\/Arbraculture\/?locale=fr_FR\" \/>\n<meta property=\"article:modified_time\" content=\"2025-06-02T15:00:28+00:00\" \/>\n<meta property=\"og:image\" content=\"https:\/\/arbraculture.fr\/wp-content\/uploads\/2025\/04\/Camerisier-03.jpg\" \/>\n\t<meta property=\"og:image:width\" content=\"728\" \/>\n\t<meta property=\"og:image:height\" content=\"971\" \/>\n\t<meta property=\"og:image:type\" content=\"image\/jpeg\" \/>\n<meta name=\"twitter:card\" content=\"summary_large_image\" \/>\n<meta name=\"twitter:label1\" content=\"Dur\u00e9e de lecture estim\u00e9e\" \/>\n\t<meta name=\"twitter:data1\" content=\"1 minute\" \/>\n<script type=\"application\/ld+json\" class=\"yoast-schema-graph\">{\"@context\":\"https:\/\/schema.org\",\"@graph\":[{\"@type\":\"WebPage\",\"@id\":\"https:\/\/arbraculture.fr\/index.php\/pommier-lanscailler\/\",\"url\":\"https:\/\/arbraculture.fr\/index.php\/pommier-lanscailler\/\",\"name\":\"Plante - Pommier Lanscailler - Arbraculture\",\"isPartOf\":{\"@id\":\"https:\/\/arbraculture.fr\/#website\"},\"primaryImageOfPage\":{\"@id\":\"https:\/\/arbraculture.fr\/index.php\/pommier-lanscailler\/#primaryimage\"},\"image\":{\"@id\":\"https:\/\/arbraculture.fr\/index.php\/pommier-lanscailler\/#primaryimage\"},\"thumbnailUrl\":\"https:\/\/arbraculture.fr\/wp-content\/uploads\/2025\/04\/Camerisier-03.jpg\",\"datePublished\":\"2025-05-07T08:53:20+00:00\",\"dateModified\":\"2025-06-02T15:00:28+00:00\",\"breadcrumb\":{\"@id\":\"https:\/\/arbraculture.fr\/index.php\/pommier-lanscailler\/#breadcrumb\"},\"inLanguage\":\"fr-FR\",\"potentialAction\":[{\"@type\":\"ReadAction\",\"target\":[\"https:\/\/arbraculture.fr\/index.php\/pommier-lanscailler\/\"]}]},{\"@type\":\"ImageObject\",\"inLanguage\":\"fr-FR\",\"@id\":\"https:\/\/arbraculture.fr\/index.php\/pommier-lanscailler\/#primaryimage\",\"url\":\"https:\/\/arbraculture.fr\/wp-content\/uploads\/2025\/04\/Camerisier-03.jpg\",\"contentUrl\":\"https:\/\/arbraculture.fr\/wp-content\/uploads\/2025\/04\/Camerisier-03.jpg\"},{\"@type\":\"BreadcrumbList\",\"@id\":\"https:\/\/arbraculture.fr\/index.php\/pommier-lanscailler\/#breadcrumb\",\"itemListElement\":[{\"@type\":\"ListItem\",\"position\":1,\"name\":\"Accueil\",\"item\":\"https:\/\/arbraculture.fr\/\"},{\"@type\":\"ListItem\",\"position\":2,\"name\":\"Plante &#8211; Pommier Lanscailler\"}]},{\"@type\":\"WebSite\",\"@id\":\"https:\/\/arbraculture.fr\/#website\",\"url\":\"https:\/\/arbraculture.fr\/\",\"name\":\"Arbraculture\",\"description\":\"La transition paysag\u00e8re utile et naturelle\",\"publisher\":{\"@id\":\"https:\/\/arbraculture.fr\/#organization\"},\"potentialAction\":[{\"@type\":\"SearchAction\",\"target\":{\"@type\":\"EntryPoint\",\"urlTemplate\":\"https:\/\/arbraculture.fr\/?s={search_term_string}\"},\"query-input\":{\"@type\":\"PropertyValueSpecification\",\"valueRequired\":true,\"valueName\":\"search_term_string\"}}],\"inLanguage\":\"fr-FR\"},{\"@type\":\"Organization\",\"@id\":\"https:\/\/arbraculture.fr\/#organization\",\"name\":\"Arbraculture\",\"url\":\"https:\/\/arbraculture.fr\/\",\"logo\":{\"@type\":\"ImageObject\",\"inLanguage\":\"fr-FR\",\"@id\":\"https:\/\/arbraculture.fr\/#\/schema\/logo\/image\/\",\"url\":\"https:\/\/arbraculture.fr\/wp-content\/uploads\/2025\/03\/cropped-Arbraculture-logo-site.png\",\"contentUrl\":\"https:\/\/arbraculture.fr\/wp-content\/uploads\/2025\/03\/cropped-Arbraculture-logo-site.png\",\"width\":1198,\"height\":1012,\"caption\":\"Arbraculture\"},\"image\":{\"@id\":\"https:\/\/arbraculture.fr\/#\/schema\/logo\/image\/\"},\"sameAs\":[\"https:\/\/www.facebook.com\/Arbraculture\/?locale=fr_FR\",\"https:\/\/www.linkedin.com\/company\/arbraculture\/?originalSubdomain=fr\",\"https:\/\/www.instagram.com\/arbraculture\/?hl=fr\"]}]}<\/script>\n<!-- \/ Yoast SEO plugin. -->","yoast_head_json":{"title":"Plante - Pommier Lanscailler - Arbraculture","robots":{"index":"index","follow":"follow","max-snippet":"max-snippet:-1","max-image-preview":"max-image-preview:large","max-video-preview":"max-video-preview:-1"},"canonical":"https:\/\/arbraculture.fr\/index.php\/pommier-lanscailler\/","og_locale":"fr_FR","og_type":"article","og_title":"Plante - Pommier Lanscailler - Arbraculture","og_description":"Pommier Lanscailler malus domestica Nom commun : Pommier Vari\u00e9t\u00e9 : \u00ab\u00a0Lanscailler\u00a0\u00bb Origine : Angleterre Description de la plante : Le pommier est tr\u00e8s vigoureux. La vigueur d\u2019un arbre est sa propension \u00e0 faire des branches longues en un an. Le fruit se conserve bien pendant l\u2019automne.\u00a0 P\u00e9riode de r\u00e9colte du fruit : Octobre.\u00a0 Description du fruit : Fruits gros \u00e0 tr\u00e8s gros. L\u00e9g\u00e8rement c\u00f4tel\u00e9 sur le haut, plut\u00f4t conique. Go\u00fbt du fruit : Sucr\u00e9, acidul\u00e9. A cuire, mais aussi agr\u00e9able au couteau quand on aime l\u2019acidit\u00e9. En d\u00e9couvrir plus ? D\u00e9couvrez nos conseils, nos plantes.Mais aussi nos r\u00e9alisations : Guide du jardin Projets","og_url":"https:\/\/arbraculture.fr\/index.php\/pommier-lanscailler\/","og_site_name":"Arbraculture","article_publisher":"https:\/\/www.facebook.com\/Arbraculture\/?locale=fr_FR","article_modified_time":"2025-06-02T15:00:28+00:00","og_image":[{"width":728,"height":971,"url":"https:\/\/arbraculture.fr\/wp-content\/uploads\/2025\/04\/Camerisier-03.jpg","type":"image\/jpeg"}],"twitter_card":"summary_large_image","twitter_misc":{"Dur\u00e9e de lecture estim\u00e9e":"1 minute"},"schema":{"@context":"https:\/\/schema.org","@graph":[{"@type":"WebPage","@id":"https:\/\/arbraculture.fr\/index.php\/pommier-lanscailler\/","url":"https:\/\/arbraculture.fr\/index.php\/pommier-lanscailler\/","name":"Plante - Pommier Lanscailler - Arbraculture","isPartOf":{"@id":"https:\/\/arbraculture.fr\/#website"},"primaryImageOfPage":{"@id":"https:\/\/arbraculture.fr\/index.php\/pommier-lanscailler\/#primaryimage"},"image":{"@id":"https:\/\/arbraculture.fr\/index.php\/pommier-lanscailler\/#primaryimage"},"thumbnailUrl":"https:\/\/arbraculture.fr\/wp-content\/uploads\/2025\/04\/Camerisier-03.jpg","datePublished":"2025-05-07T08:53:20+00:00","dateModified":"2025-06-02T15:00:28+00:00","breadcrumb":{"@id":"https:\/\/arbraculture.fr\/index.php\/pommier-lanscailler\/#breadcrumb"},"inLanguage":"fr-FR","potentialAction":[{"@type":"ReadAction","target":["https:\/\/arbraculture.fr\/index.php\/pommier-lanscailler\/"]}]},{"@type":"ImageObject","inLanguage":"fr-FR","@id":"https:\/\/arbraculture.fr\/index.php\/pommier-lanscailler\/#primaryimage","url":"https:\/\/arbraculture.fr\/wp-content\/uploads\/2025\/04\/Camerisier-03.jpg","contentUrl":"https:\/\/arbraculture.fr\/wp-content\/uploads\/2025\/04\/Camerisier-03.jpg"},{"@type":"BreadcrumbList","@id":"https:\/\/arbraculture.fr\/index.php\/pommier-lanscailler\/#breadcrumb","itemListElement":[{"@type":"ListItem","position":1,"name":"Accueil","item":"https:\/\/arbraculture.fr\/"},{"@type":"ListItem","position":2,"name":"Plante &#8211; Pommier Lanscailler"}]},{"@type":"WebSite","@id":"https:\/\/arbraculture.fr\/#website","url":"https:\/\/arbraculture.fr\/","name":"Arbraculture","description":"La transition paysag\u00e8re utile et naturelle","publisher":{"@id":"https:\/\/arbraculture.fr\/#organization"},"potentialAction":[{"@type":"SearchAction","target":{"@type":"EntryPoint","urlTemplate":"https:\/\/arbraculture.fr\/?s={search_term_string}"},"query-input":{"@type":"PropertyValueSpecification","valueRequired":true,"valueName":"search_term_string"}}],"inLanguage":"fr-FR"},{"@type":"Organization","@id":"https:\/\/arbraculture.fr\/#organization","name":"Arbraculture","url":"https:\/\/arbraculture.fr\/","logo":{"@type":"ImageObject","inLanguage":"fr-FR","@id":"https:\/\/arbraculture.fr\/#\/schema\/logo\/image\/","url":"https:\/\/arbraculture.fr\/wp-content\/uploads\/2025\/03\/cropped-Arbraculture-logo-site.png","contentUrl":"https:\/\/arbraculture.fr\/wp-content\/uploads\/2025\/03\/cropped-Arbraculture-logo-site.png","width":1198,"height":1012,"caption":"Arbraculture"},"image":{"@id":"https:\/\/arbraculture.fr\/#\/schema\/logo\/image\/"},"sameAs":["https:\/\/www.facebook.com\/Arbraculture\/?locale=fr_FR","https:\/\/www.linkedin.com\/company\/arbraculture\/?originalSubdomain=fr","https:\/\/www.instagram.com\/arbraculture\/?hl=fr"]}]}},"_links":{"self":[{"href":"https:\/\/arbraculture.fr\/index.php\/wp-json\/wp\/v2\/pages\/1972","targetHints":{"allow":["GET"]}}],"collection":[{"href":"https:\/\/arbraculture.fr\/index.php\/wp-json\/wp\/v2\/pages"}],"about":[{"href":"https:\/\/arbraculture.fr\/index.php\/wp-json\/wp\/v2\/types\/page"}],"author":[{"embeddable":true,"href":"https:\/\/arbraculture.fr\/index.php\/wp-json\/wp\/v2\/users\/2"}],"replies":[{"embeddable":true,"href":"https:\/\/arbraculture.fr\/index.php\/wp-json\/wp\/v2\/comments?post=1972"}],"version-history":[{"count":10,"href":"https:\/\/arbraculture.fr\/index.php\/wp-json\/wp\/v2\/pages\/1972\/revisions"}],"predecessor-version":[{"id":2236,"href":"https:\/\/arbraculture.fr\/index.php\/wp-json\/wp\/v2\/pages\/1972\/revisions\/2236"}],"wp:attachment":[{"href":"https:\/\/arbraculture.fr\/index.php\/wp-json\/wp\/v2\/media?parent=1972"}],"curies":[{"name":"wp","href":"https:\/\/api.w.org\/{rel}","templated":true}]}}