{"id":1959,"date":"2025-05-07T10:40:05","date_gmt":"2025-05-07T08:40:05","guid":{"rendered":"https:\/\/arbraculture.fr\/?page_id=1959"},"modified":"2025-05-26T17:14:26","modified_gmt":"2025-05-26T15:14:26","slug":"plante-merisier","status":"publish","type":"page","link":"https:\/\/arbraculture.fr\/index.php\/plante-merisier\/","title":{"rendered":"Plante &#8211; Merisier"},"content":{"rendered":"\t\t<div data-elementor-type=\"wp-page\" data-elementor-id=\"1959\" class=\"elementor elementor-1959\">\n\t\t\t\t<div class=\"elementor-element elementor-element-5e07e05a e-flex e-con-boxed wpr-particle-no wpr-jarallax-no wpr-parallax-no wpr-sticky-section-no e-con e-parent\" data-id=\"5e07e05a\" data-element_type=\"container\" data-settings=\"{&quot;background_background&quot;:&quot;classic&quot;}\">\n\t\t\t\t\t<div class=\"e-con-inner\">\n\t\t\t\t<div class=\"elementor-element elementor-element-1b3169c9 elementor-invisible elementor-widget elementor-widget-heading\" data-id=\"1b3169c9\" data-element_type=\"widget\" data-settings=\"{&quot;_animation&quot;:&quot;fadeIn&quot;,&quot;_animation_delay&quot;:1000}\" data-widget_type=\"heading.default\">\n\t\t\t\t<div class=\"elementor-widget-container\">\n\t\t\t\t\t<h2 class=\"elementor-heading-title elementor-size-default\">Merisier<\/h2>\t\t\t\t<\/div>\n\t\t\t\t<\/div>\n\t\t\t\t<div class=\"elementor-element elementor-element-36e3a8a elementor-invisible elementor-widget elementor-widget-heading\" data-id=\"36e3a8a\" data-element_type=\"widget\" data-settings=\"{&quot;_animation&quot;:&quot;fadeIn&quot;,&quot;_animation_delay&quot;:1500}\" data-widget_type=\"heading.default\">\n\t\t\t\t<div class=\"elementor-widget-container\">\n\t\t\t\t\t<h2 class=\"elementor-heading-title elementor-size-default\">Prunus avium<\/h2>\t\t\t\t<\/div>\n\t\t\t\t<\/div>\n\t\t\t\t\t<\/div>\n\t\t\t\t<\/div>\n\t\t<div class=\"elementor-element elementor-element-15d1df5 e-flex e-con-boxed wpr-particle-no wpr-jarallax-no wpr-parallax-no wpr-sticky-section-no e-con e-parent\" data-id=\"15d1df5\" data-element_type=\"container\">\n\t\t\t\t\t<div class=\"e-con-inner\">\n\t\t<div class=\"elementor-element elementor-element-42d32ea3 e-con-full e-flex wpr-particle-no wpr-jarallax-no wpr-parallax-no wpr-sticky-section-no e-con e-child\" data-id=\"42d32ea3\" data-element_type=\"container\">\n\t\t\t\t<div class=\"elementor-element elementor-element-7071e01a animated-slow elementor-invisible elementor-widget elementor-widget-image\" data-id=\"7071e01a\" data-element_type=\"widget\" data-settings=\"{&quot;_animation&quot;:&quot;fadeInLeft&quot;,&quot;_animation_delay&quot;:2000}\" data-widget_type=\"image.default\">\n\t\t\t\t<div class=\"elementor-widget-container\">\n\t\t\t\t\t\t\t\t\t\t\t\t\t\t\t<img fetchpriority=\"high\" decoding=\"async\" width=\"755\" height=\"1024\" src=\"https:\/\/arbraculture.fr\/wp-content\/uploads\/2025\/05\/merisier-tronc.jpg\" class=\"attachment-large size-large wp-image-2209\" alt=\"\" srcset=\"https:\/\/arbraculture.fr\/wp-content\/uploads\/2025\/05\/merisier-tronc.jpg 755w, https:\/\/arbraculture.fr\/wp-content\/uploads\/2025\/05\/merisier-tronc-221x300.jpg 221w\" sizes=\"(max-width: 755px) 100vw, 755px\" \/>\t\t\t\t\t\t\t\t\t\t\t\t\t\t\t<\/div>\n\t\t\t\t<\/div>\n\t\t\t\t<\/div>\n\t\t<div class=\"elementor-element elementor-element-71bc0f54 e-con-full e-flex wpr-particle-no wpr-jarallax-no wpr-parallax-no wpr-sticky-section-no e-con e-child\" data-id=\"71bc0f54\" data-element_type=\"container\">\n\t\t\t\t<div class=\"elementor-element elementor-element-454196ce elementor-widget__width-initial animated-slow elementor-invisible elementor-widget elementor-widget-text-editor\" data-id=\"454196ce\" data-element_type=\"widget\" data-settings=\"{&quot;_animation&quot;:&quot;fadeIn&quot;,&quot;_animation_delay&quot;:2500}\" data-widget_type=\"text-editor.default\">\n\t\t\t\t<div class=\"elementor-widget-container\">\n\t\t\t\t\t\t\t\t\t<p><b>Synonyme(s)<\/b><span style=\"font-weight: 400;\"> : <\/span><span style=\"font-weight: 400;\">Cerisier des oiseaux<\/span><\/p><p><b>Origine<\/b><span style=\"font-weight: 400;\"> : Europe<br \/><\/span><\/p><p><b>Description de la plante<\/b><span style=\"font-weight: 400;\"> : Un arbre poussant droit et donnant des cerises am\u00e8res. On le retrouve parfois en for\u00eat un peu diss\u00e9min\u00e9e, ce n\u2019est pas une esp\u00e8ce pionni\u00e8re. Il ressemble au cerisier cultiv\u00e9 dont il est parfois le parent g\u00e9n\u00e9tique.\u00a0<\/span><\/p>\t\t\t\t\t\t\t\t<\/div>\n\t\t\t\t<\/div>\n\t\t\t\t<\/div>\n\t\t\t\t\t<\/div>\n\t\t\t\t<\/div>\n\t\t<div class=\"elementor-element elementor-element-2dadc7ae e-flex e-con-boxed wpr-particle-no wpr-jarallax-no wpr-parallax-no wpr-sticky-section-no e-con e-parent\" data-id=\"2dadc7ae\" data-element_type=\"container\">\n\t\t\t\t\t<div class=\"e-con-inner\">\n\t\t<div class=\"elementor-element elementor-element-1dc5543 e-con-full e-flex wpr-particle-no wpr-jarallax-no wpr-parallax-no wpr-sticky-section-no e-con e-child\" data-id=\"1dc5543\" data-element_type=\"container\">\n\t\t\t\t<div class=\"elementor-element elementor-element-4503538d elementor-invisible elementor-widget elementor-widget-image\" data-id=\"4503538d\" data-element_type=\"widget\" data-settings=\"{&quot;_animation&quot;:&quot;fadeIn&quot;,&quot;_animation_mobile&quot;:&quot;fadeIn&quot;,&quot;_animation_delay&quot;:500}\" data-widget_type=\"image.default\">\n\t\t\t\t<div class=\"elementor-widget-container\">\n\t\t\t\t\t\t\t\t\t\t\t\t\t\t\t<img decoding=\"async\" width=\"640\" height=\"426\" src=\"https:\/\/arbraculture.fr\/wp-content\/uploads\/2025\/05\/merisier-fleurs.jpg\" class=\"attachment-large size-large wp-image-2211\" alt=\"\" srcset=\"https:\/\/arbraculture.fr\/wp-content\/uploads\/2025\/05\/merisier-fleurs.jpg 640w, https:\/\/arbraculture.fr\/wp-content\/uploads\/2025\/05\/merisier-fleurs-300x200.jpg 300w\" sizes=\"(max-width: 640px) 100vw, 640px\" \/>\t\t\t\t\t\t\t\t\t\t\t\t\t\t\t<\/div>\n\t\t\t\t<\/div>\n\t\t\t\t<\/div>\n\t\t<div class=\"elementor-element elementor-element-6b06f901 e-con-full e-flex wpr-particle-no wpr-jarallax-no wpr-parallax-no wpr-sticky-section-no e-con e-child\" data-id=\"6b06f901\" data-element_type=\"container\">\n\t\t\t\t<div class=\"elementor-element elementor-element-63634505 animated-slow elementor-invisible elementor-widget elementor-widget-image\" data-id=\"63634505\" data-element_type=\"widget\" data-settings=\"{&quot;_animation&quot;:&quot;fadeIn&quot;,&quot;_animation_delay&quot;:1000}\" data-widget_type=\"image.default\">\n\t\t\t\t<div class=\"elementor-widget-container\">\n\t\t\t\t\t\t\t\t\t\t\t\t\t\t\t<img decoding=\"async\" width=\"850\" height=\"638\" src=\"https:\/\/arbraculture.fr\/wp-content\/uploads\/2025\/05\/merisier-fruit.jpg\" class=\"attachment-large size-large wp-image-2210\" alt=\"\" srcset=\"https:\/\/arbraculture.fr\/wp-content\/uploads\/2025\/05\/merisier-fruit.jpg 850w, https:\/\/arbraculture.fr\/wp-content\/uploads\/2025\/05\/merisier-fruit-300x225.jpg 300w, https:\/\/arbraculture.fr\/wp-content\/uploads\/2025\/05\/merisier-fruit-768x576.jpg 768w\" sizes=\"(max-width: 850px) 100vw, 850px\" \/>\t\t\t\t\t\t\t\t\t\t\t\t\t\t\t<\/div>\n\t\t\t\t<\/div>\n\t\t\t\t<div class=\"elementor-element elementor-element-1598d7c9 elementor-widget__width-initial animated-slow elementor-invisible elementor-widget elementor-widget-text-editor\" data-id=\"1598d7c9\" data-element_type=\"widget\" data-settings=\"{&quot;_animation&quot;:&quot;fadeIn&quot;,&quot;_animation_delay&quot;:500}\" data-widget_type=\"text-editor.default\">\n\t\t\t\t<div class=\"elementor-widget-container\">\n\t\t\t\t\t\t\t\t\t<p><b>Plantation<\/b><span style=\"font-weight: 400;\"> : On peut le retrouver plant\u00e9 en arbre d\u2019ornement, ou en lisi\u00e8re de for\u00eat, bois priv\u00e9s, landes bois\u00e9es.<\/span>\u00a0<\/p><p><b>Parties utilis\u00e9es<\/b><span style=\"font-weight: 400;\"> : Ses fruits sont trop amers pour \u00eatre appr\u00e9ci\u00e9s, mais peuvent servir pour \u00e9laborer le kirsch. On utilise son bois, car il pousse bien droit.<\/span><\/p><p><b>Toxicit\u00e9<\/b><span style=\"font-weight: 400;\"> : Non toxique<\/span><\/p>\t\t\t\t\t\t\t\t<\/div>\n\t\t\t\t<\/div>\n\t\t\t\t<\/div>\n\t\t\t\t\t<\/div>\n\t\t\t\t<\/div>\n\t\t<div class=\"elementor-element elementor-element-59d1678e e-con-full e-flex wpr-particle-no wpr-jarallax-no wpr-parallax-no wpr-sticky-section-no e-con e-child\" data-id=\"59d1678e\" data-element_type=\"container\">\n\t\t\t\t<div class=\"elementor-element elementor-element-57f54abf elementor-widget elementor-widget-heading\" data-id=\"57f54abf\" data-element_type=\"widget\" data-widget_type=\"heading.default\">\n\t\t\t\t<div class=\"elementor-widget-container\">\n\t\t\t\t\t<h2 class=\"elementor-heading-title elementor-size-default\">En d\u00e9couvrir plus ?<\/h2>\t\t\t\t<\/div>\n\t\t\t\t<\/div>\n\t\t\t\t<div class=\"elementor-element elementor-element-50cf81f elementor-widget__width-initial elementor-widget elementor-widget-text-editor\" data-id=\"50cf81f\" data-element_type=\"widget\" data-widget_type=\"text-editor.default\">\n\t\t\t\t<div class=\"elementor-widget-container\">\n\t\t\t\t\t\t\t\t\t<p>D\u00e9couvrez nos conseils, nos plantes.<br \/>Mais aussi nos r\u00e9alisations :<\/p>\t\t\t\t\t\t\t\t<\/div>\n\t\t\t\t<\/div>\n\t\t<div class=\"elementor-element elementor-element-75764d3f e-con-full e-flex wpr-particle-no wpr-jarallax-no wpr-parallax-no wpr-sticky-section-no e-con e-child\" data-id=\"75764d3f\" data-element_type=\"container\">\n\t\t\t\t<div class=\"elementor-element elementor-element-76b96d4d elementor-widget elementor-widget-button\" data-id=\"76b96d4d\" data-element_type=\"widget\" data-widget_type=\"button.default\">\n\t\t\t\t<div class=\"elementor-widget-container\">\n\t\t\t\t\t\t\t\t\t<div class=\"elementor-button-wrapper\">\n\t\t\t\t\t<a class=\"elementor-button elementor-button-link elementor-size-sm\" href=\"https:\/\/arbraculture.fr\/index.php\/guide-du-jardin\/\">\n\t\t\t\t\t\t<span class=\"elementor-button-content-wrapper\">\n\t\t\t\t\t\t\t\t\t<span class=\"elementor-button-text\">Guide du jardin<\/span>\n\t\t\t\t\t<\/span>\n\t\t\t\t\t<\/a>\n\t\t\t\t<\/div>\n\t\t\t\t\t\t\t\t<\/div>\n\t\t\t\t<\/div>\n\t\t\t\t<div class=\"elementor-element elementor-element-7b07f0b0 elementor-widget elementor-widget-button\" data-id=\"7b07f0b0\" data-element_type=\"widget\" data-widget_type=\"button.default\">\n\t\t\t\t<div class=\"elementor-widget-container\">\n\t\t\t\t\t\t\t\t\t<div class=\"elementor-button-wrapper\">\n\t\t\t\t\t<a class=\"elementor-button elementor-button-link elementor-size-sm\" href=\"https:\/\/arbraculture.fr\/index.php\/projets\/\">\n\t\t\t\t\t\t<span class=\"elementor-button-content-wrapper\">\n\t\t\t\t\t\t\t\t\t<span class=\"elementor-button-text\">Projets<\/span>\n\t\t\t\t\t<\/span>\n\t\t\t\t\t<\/a>\n\t\t\t\t<\/div>\n\t\t\t\t\t\t\t\t<\/div>\n\t\t\t\t<\/div>\n\t\t\t\t<\/div>\n\t\t\t\t<\/div>\n\t\t\t\t<\/div>\n\t\t","protected":false},"excerpt":{"rendered":"<p>Merisier Prunus avium Synonyme(s) : Cerisier des oiseaux Origine : Europe Description de la plante : Un arbre poussant droit et donnant des cerises am\u00e8res. On le retrouve parfois en for\u00eat un peu diss\u00e9min\u00e9e, ce n\u2019est pas une esp\u00e8ce pionni\u00e8re. Il ressemble au cerisier cultiv\u00e9 dont il est parfois le parent g\u00e9n\u00e9tique.\u00a0 Plantation : On peut le retrouver plant\u00e9 en arbre d\u2019ornement, ou en lisi\u00e8re de for\u00eat, bois priv\u00e9s, landes bois\u00e9es.\u00a0 Parties utilis\u00e9es : Ses fruits sont trop amers pour \u00eatre appr\u00e9ci\u00e9s, mais peuvent servir pour \u00e9laborer le kirsch. On utilise son bois, car il pousse bien droit. Toxicit\u00e9 : Non toxique En d\u00e9couvrir plus ? D\u00e9couvrez nos conseils, nos plantes.Mais aussi nos r\u00e9alisations : Guide du jardin Projets<\/p>\n","protected":false},"author":2,"featured_media":0,"parent":0,"menu_order":0,"comment_status":"closed","ping_status":"closed","template":"","meta":{"site-sidebar-layout":"no-sidebar","site-content-layout":"","ast-site-content-layout":"full-width-container","site-content-style":"default","site-sidebar-style":"default","ast-global-header-display":"","ast-banner-title-visibility":"","ast-main-header-display":"","ast-hfb-above-header-display":"","ast-hfb-below-header-display":"","ast-hfb-mobile-header-display":"","site-post-title":"disabled","ast-breadcrumbs-content":"","ast-featured-img":"disabled","footer-sml-layout":"","theme-transparent-header-meta":"","adv-header-id-meta":"","stick-header-meta":"","header-above-stick-meta":"","header-main-stick-meta":"","header-below-stick-meta":"","astra-migrate-meta-layouts":"default","ast-page-background-enabled":"default","ast-page-background-meta":{"desktop":{"background-color":"var(--ast-global-color-5)","background-image":"","background-repeat":"repeat","background-position":"center center","background-size":"auto","background-attachment":"scroll","background-type":"","background-media":"","overlay-type":"","overlay-color":"","overlay-opacity":"","overlay-gradient":""},"tablet":{"background-color":"","background-image":"","background-repeat":"repeat","background-position":"center center","background-size":"auto","background-attachment":"scroll","background-type":"","background-media":"","overlay-type":"","overlay-color":"","overlay-opacity":"","overlay-gradient":""},"mobile":{"background-color":"","background-image":"","background-repeat":"repeat","background-position":"center center","background-size":"auto","background-attachment":"scroll","background-type":"","background-media":"","overlay-type":"","overlay-color":"","overlay-opacity":"","overlay-gradient":""}},"ast-content-background-meta":{"desktop":{"background-color":"var(--ast-global-color-4)","background-image":"","background-repeat":"repeat","background-position":"center center","background-size":"auto","background-attachment":"scroll","background-type":"","background-media":"","overlay-type":"","overlay-color":"","overlay-opacity":"","overlay-gradient":""},"tablet":{"background-color":"var(--ast-global-color-4)","background-image":"","background-repeat":"repeat","background-position":"center center","background-size":"auto","background-attachment":"scroll","background-type":"","background-media":"","overlay-type":"","overlay-color":"","overlay-opacity":"","overlay-gradient":""},"mobile":{"background-color":"var(--ast-global-color-4)","background-image":"","background-repeat":"repeat","background-position":"center center","background-size":"auto","background-attachment":"scroll","background-type":"","background-media":"","overlay-type":"","overlay-color":"","overlay-opacity":"","overlay-gradient":""}},"footnotes":""},"class_list":["post-1959","page","type-page","status-publish","hentry"],"yoast_head":"<!-- This site is optimized with the Yoast SEO plugin v26.7 - https:\/\/yoast.com\/wordpress\/plugins\/seo\/ -->\n<title>Plante - Merisier - Arbraculture<\/title>\n<meta name=\"robots\" content=\"index, follow, max-snippet:-1, max-image-preview:large, max-video-preview:-1\" \/>\n<link rel=\"canonical\" href=\"https:\/\/arbraculture.fr\/index.php\/plante-merisier\/\" \/>\n<meta property=\"og:locale\" content=\"fr_FR\" \/>\n<meta property=\"og:type\" content=\"article\" \/>\n<meta property=\"og:title\" content=\"Plante - Merisier - Arbraculture\" \/>\n<meta property=\"og:description\" content=\"Merisier Prunus avium Synonyme(s) : Cerisier des oiseaux Origine : Europe Description de la plante : Un arbre poussant droit et donnant des cerises am\u00e8res. On le retrouve parfois en for\u00eat un peu diss\u00e9min\u00e9e, ce n\u2019est pas une esp\u00e8ce pionni\u00e8re. Il ressemble au cerisier cultiv\u00e9 dont il est parfois le parent g\u00e9n\u00e9tique.\u00a0 Plantation : On peut le retrouver plant\u00e9 en arbre d\u2019ornement, ou en lisi\u00e8re de for\u00eat, bois priv\u00e9s, landes bois\u00e9es.\u00a0 Parties utilis\u00e9es : Ses fruits sont trop amers pour \u00eatre appr\u00e9ci\u00e9s, mais peuvent servir pour \u00e9laborer le kirsch. On utilise son bois, car il pousse bien droit. Toxicit\u00e9 : Non toxique En d\u00e9couvrir plus ? D\u00e9couvrez nos conseils, nos plantes.Mais aussi nos r\u00e9alisations : Guide du jardin Projets\" \/>\n<meta property=\"og:url\" content=\"https:\/\/arbraculture.fr\/index.php\/plante-merisier\/\" \/>\n<meta property=\"og:site_name\" content=\"Arbraculture\" \/>\n<meta property=\"article:publisher\" content=\"https:\/\/www.facebook.com\/Arbraculture\/?locale=fr_FR\" \/>\n<meta property=\"article:modified_time\" content=\"2025-05-26T15:14:26+00:00\" \/>\n<meta property=\"og:image\" content=\"https:\/\/arbraculture.fr\/wp-content\/uploads\/2025\/05\/merisier-tronc.jpg\" \/>\n\t<meta property=\"og:image:width\" content=\"755\" \/>\n\t<meta property=\"og:image:height\" content=\"1024\" \/>\n\t<meta property=\"og:image:type\" content=\"image\/jpeg\" \/>\n<meta name=\"twitter:card\" content=\"summary_large_image\" \/>\n<meta name=\"twitter:label1\" content=\"Dur\u00e9e de lecture estim\u00e9e\" \/>\n\t<meta name=\"twitter:data1\" content=\"1 minute\" \/>\n<script type=\"application\/ld+json\" class=\"yoast-schema-graph\">{\"@context\":\"https:\/\/schema.org\",\"@graph\":[{\"@type\":\"WebPage\",\"@id\":\"https:\/\/arbraculture.fr\/index.php\/plante-merisier\/\",\"url\":\"https:\/\/arbraculture.fr\/index.php\/plante-merisier\/\",\"name\":\"Plante - Merisier - Arbraculture\",\"isPartOf\":{\"@id\":\"https:\/\/arbraculture.fr\/#website\"},\"primaryImageOfPage\":{\"@id\":\"https:\/\/arbraculture.fr\/index.php\/plante-merisier\/#primaryimage\"},\"image\":{\"@id\":\"https:\/\/arbraculture.fr\/index.php\/plante-merisier\/#primaryimage\"},\"thumbnailUrl\":\"https:\/\/arbraculture.fr\/wp-content\/uploads\/2025\/05\/merisier-tronc.jpg\",\"datePublished\":\"2025-05-07T08:40:05+00:00\",\"dateModified\":\"2025-05-26T15:14:26+00:00\",\"breadcrumb\":{\"@id\":\"https:\/\/arbraculture.fr\/index.php\/plante-merisier\/#breadcrumb\"},\"inLanguage\":\"fr-FR\",\"potentialAction\":[{\"@type\":\"ReadAction\",\"target\":[\"https:\/\/arbraculture.fr\/index.php\/plante-merisier\/\"]}]},{\"@type\":\"ImageObject\",\"inLanguage\":\"fr-FR\",\"@id\":\"https:\/\/arbraculture.fr\/index.php\/plante-merisier\/#primaryimage\",\"url\":\"https:\/\/arbraculture.fr\/wp-content\/uploads\/2025\/05\/merisier-tronc.jpg\",\"contentUrl\":\"https:\/\/arbraculture.fr\/wp-content\/uploads\/2025\/05\/merisier-tronc.jpg\",\"width\":755,\"height\":1024},{\"@type\":\"BreadcrumbList\",\"@id\":\"https:\/\/arbraculture.fr\/index.php\/plante-merisier\/#breadcrumb\",\"itemListElement\":[{\"@type\":\"ListItem\",\"position\":1,\"name\":\"Accueil\",\"item\":\"https:\/\/arbraculture.fr\/\"},{\"@type\":\"ListItem\",\"position\":2,\"name\":\"Plante &#8211; Merisier\"}]},{\"@type\":\"WebSite\",\"@id\":\"https:\/\/arbraculture.fr\/#website\",\"url\":\"https:\/\/arbraculture.fr\/\",\"name\":\"Arbraculture\",\"description\":\"La transition paysag\u00e8re utile et naturelle\",\"publisher\":{\"@id\":\"https:\/\/arbraculture.fr\/#organization\"},\"potentialAction\":[{\"@type\":\"SearchAction\",\"target\":{\"@type\":\"EntryPoint\",\"urlTemplate\":\"https:\/\/arbraculture.fr\/?s={search_term_string}\"},\"query-input\":{\"@type\":\"PropertyValueSpecification\",\"valueRequired\":true,\"valueName\":\"search_term_string\"}}],\"inLanguage\":\"fr-FR\"},{\"@type\":\"Organization\",\"@id\":\"https:\/\/arbraculture.fr\/#organization\",\"name\":\"Arbraculture\",\"url\":\"https:\/\/arbraculture.fr\/\",\"logo\":{\"@type\":\"ImageObject\",\"inLanguage\":\"fr-FR\",\"@id\":\"https:\/\/arbraculture.fr\/#\/schema\/logo\/image\/\",\"url\":\"https:\/\/arbraculture.fr\/wp-content\/uploads\/2025\/03\/cropped-Arbraculture-logo-site.png\",\"contentUrl\":\"https:\/\/arbraculture.fr\/wp-content\/uploads\/2025\/03\/cropped-Arbraculture-logo-site.png\",\"width\":1198,\"height\":1012,\"caption\":\"Arbraculture\"},\"image\":{\"@id\":\"https:\/\/arbraculture.fr\/#\/schema\/logo\/image\/\"},\"sameAs\":[\"https:\/\/www.facebook.com\/Arbraculture\/?locale=fr_FR\",\"https:\/\/www.linkedin.com\/company\/arbraculture\/?originalSubdomain=fr\",\"https:\/\/www.instagram.com\/arbraculture\/?hl=fr\"]}]}<\/script>\n<!-- \/ Yoast SEO plugin. -->","yoast_head_json":{"title":"Plante - Merisier - Arbraculture","robots":{"index":"index","follow":"follow","max-snippet":"max-snippet:-1","max-image-preview":"max-image-preview:large","max-video-preview":"max-video-preview:-1"},"canonical":"https:\/\/arbraculture.fr\/index.php\/plante-merisier\/","og_locale":"fr_FR","og_type":"article","og_title":"Plante - Merisier - Arbraculture","og_description":"Merisier Prunus avium Synonyme(s) : Cerisier des oiseaux Origine : Europe Description de la plante : Un arbre poussant droit et donnant des cerises am\u00e8res. On le retrouve parfois en for\u00eat un peu diss\u00e9min\u00e9e, ce n\u2019est pas une esp\u00e8ce pionni\u00e8re. Il ressemble au cerisier cultiv\u00e9 dont il est parfois le parent g\u00e9n\u00e9tique.\u00a0 Plantation : On peut le retrouver plant\u00e9 en arbre d\u2019ornement, ou en lisi\u00e8re de for\u00eat, bois priv\u00e9s, landes bois\u00e9es.\u00a0 Parties utilis\u00e9es : Ses fruits sont trop amers pour \u00eatre appr\u00e9ci\u00e9s, mais peuvent servir pour \u00e9laborer le kirsch. On utilise son bois, car il pousse bien droit. Toxicit\u00e9 : Non toxique En d\u00e9couvrir plus ? D\u00e9couvrez nos conseils, nos plantes.Mais aussi nos r\u00e9alisations : Guide du jardin Projets","og_url":"https:\/\/arbraculture.fr\/index.php\/plante-merisier\/","og_site_name":"Arbraculture","article_publisher":"https:\/\/www.facebook.com\/Arbraculture\/?locale=fr_FR","article_modified_time":"2025-05-26T15:14:26+00:00","og_image":[{"width":755,"height":1024,"url":"https:\/\/arbraculture.fr\/wp-content\/uploads\/2025\/05\/merisier-tronc.jpg","type":"image\/jpeg"}],"twitter_card":"summary_large_image","twitter_misc":{"Dur\u00e9e de lecture estim\u00e9e":"1 minute"},"schema":{"@context":"https:\/\/schema.org","@graph":[{"@type":"WebPage","@id":"https:\/\/arbraculture.fr\/index.php\/plante-merisier\/","url":"https:\/\/arbraculture.fr\/index.php\/plante-merisier\/","name":"Plante - Merisier - Arbraculture","isPartOf":{"@id":"https:\/\/arbraculture.fr\/#website"},"primaryImageOfPage":{"@id":"https:\/\/arbraculture.fr\/index.php\/plante-merisier\/#primaryimage"},"image":{"@id":"https:\/\/arbraculture.fr\/index.php\/plante-merisier\/#primaryimage"},"thumbnailUrl":"https:\/\/arbraculture.fr\/wp-content\/uploads\/2025\/05\/merisier-tronc.jpg","datePublished":"2025-05-07T08:40:05+00:00","dateModified":"2025-05-26T15:14:26+00:00","breadcrumb":{"@id":"https:\/\/arbraculture.fr\/index.php\/plante-merisier\/#breadcrumb"},"inLanguage":"fr-FR","potentialAction":[{"@type":"ReadAction","target":["https:\/\/arbraculture.fr\/index.php\/plante-merisier\/"]}]},{"@type":"ImageObject","inLanguage":"fr-FR","@id":"https:\/\/arbraculture.fr\/index.php\/plante-merisier\/#primaryimage","url":"https:\/\/arbraculture.fr\/wp-content\/uploads\/2025\/05\/merisier-tronc.jpg","contentUrl":"https:\/\/arbraculture.fr\/wp-content\/uploads\/2025\/05\/merisier-tronc.jpg","width":755,"height":1024},{"@type":"BreadcrumbList","@id":"https:\/\/arbraculture.fr\/index.php\/plante-merisier\/#breadcrumb","itemListElement":[{"@type":"ListItem","position":1,"name":"Accueil","item":"https:\/\/arbraculture.fr\/"},{"@type":"ListItem","position":2,"name":"Plante &#8211; Merisier"}]},{"@type":"WebSite","@id":"https:\/\/arbraculture.fr\/#website","url":"https:\/\/arbraculture.fr\/","name":"Arbraculture","description":"La transition paysag\u00e8re utile et naturelle","publisher":{"@id":"https:\/\/arbraculture.fr\/#organization"},"potentialAction":[{"@type":"SearchAction","target":{"@type":"EntryPoint","urlTemplate":"https:\/\/arbraculture.fr\/?s={search_term_string}"},"query-input":{"@type":"PropertyValueSpecification","valueRequired":true,"valueName":"search_term_string"}}],"inLanguage":"fr-FR"},{"@type":"Organization","@id":"https:\/\/arbraculture.fr\/#organization","name":"Arbraculture","url":"https:\/\/arbraculture.fr\/","logo":{"@type":"ImageObject","inLanguage":"fr-FR","@id":"https:\/\/arbraculture.fr\/#\/schema\/logo\/image\/","url":"https:\/\/arbraculture.fr\/wp-content\/uploads\/2025\/03\/cropped-Arbraculture-logo-site.png","contentUrl":"https:\/\/arbraculture.fr\/wp-content\/uploads\/2025\/03\/cropped-Arbraculture-logo-site.png","width":1198,"height":1012,"caption":"Arbraculture"},"image":{"@id":"https:\/\/arbraculture.fr\/#\/schema\/logo\/image\/"},"sameAs":["https:\/\/www.facebook.com\/Arbraculture\/?locale=fr_FR","https:\/\/www.linkedin.com\/company\/arbraculture\/?originalSubdomain=fr","https:\/\/www.instagram.com\/arbraculture\/?hl=fr"]}]}},"_links":{"self":[{"href":"https:\/\/arbraculture.fr\/index.php\/wp-json\/wp\/v2\/pages\/1959","targetHints":{"allow":["GET"]}}],"collection":[{"href":"https:\/\/arbraculture.fr\/index.php\/wp-json\/wp\/v2\/pages"}],"about":[{"href":"https:\/\/arbraculture.fr\/index.php\/wp-json\/wp\/v2\/types\/page"}],"author":[{"embeddable":true,"href":"https:\/\/arbraculture.fr\/index.php\/wp-json\/wp\/v2\/users\/2"}],"replies":[{"embeddable":true,"href":"https:\/\/arbraculture.fr\/index.php\/wp-json\/wp\/v2\/comments?post=1959"}],"version-history":[{"count":7,"href":"https:\/\/arbraculture.fr\/index.php\/wp-json\/wp\/v2\/pages\/1959\/revisions"}],"predecessor-version":[{"id":2214,"href":"https:\/\/arbraculture.fr\/index.php\/wp-json\/wp\/v2\/pages\/1959\/revisions\/2214"}],"wp:attachment":[{"href":"https:\/\/arbraculture.fr\/index.php\/wp-json\/wp\/v2\/media?parent=1959"}],"curies":[{"name":"wp","href":"https:\/\/api.w.org\/{rel}","templated":true}]}}