{"id":1953,"date":"2025-05-07T10:33:51","date_gmt":"2025-05-07T08:33:51","guid":{"rendered":"https:\/\/arbraculture.fr\/?page_id=1953"},"modified":"2025-05-19T16:05:10","modified_gmt":"2025-05-19T14:05:10","slug":"fusain-europe","status":"publish","type":"page","link":"https:\/\/arbraculture.fr\/index.php\/fusain-europe\/","title":{"rendered":"Plante &#8211; Fusain d&rsquo;Europe"},"content":{"rendered":"\t\t<div data-elementor-type=\"wp-page\" data-elementor-id=\"1953\" class=\"elementor elementor-1953\">\n\t\t\t\t<div class=\"elementor-element elementor-element-44bca520 e-flex e-con-boxed wpr-particle-no wpr-jarallax-no wpr-parallax-no wpr-sticky-section-no e-con e-parent\" data-id=\"44bca520\" data-element_type=\"container\" data-settings=\"{&quot;background_background&quot;:&quot;classic&quot;}\">\n\t\t\t\t\t<div class=\"e-con-inner\">\n\t\t\t\t<div class=\"elementor-element elementor-element-4bfe8dd8 elementor-invisible elementor-widget elementor-widget-heading\" data-id=\"4bfe8dd8\" data-element_type=\"widget\" data-settings=\"{&quot;_animation&quot;:&quot;fadeIn&quot;,&quot;_animation_delay&quot;:1000}\" data-widget_type=\"heading.default\">\n\t\t\t\t<div class=\"elementor-widget-container\">\n\t\t\t\t\t<h2 class=\"elementor-heading-title elementor-size-default\">Fusain d'Europe<\/h2>\t\t\t\t<\/div>\n\t\t\t\t<\/div>\n\t\t\t\t<div class=\"elementor-element elementor-element-79777f00 elementor-invisible elementor-widget elementor-widget-heading\" data-id=\"79777f00\" data-element_type=\"widget\" data-settings=\"{&quot;_animation&quot;:&quot;fadeIn&quot;,&quot;_animation_delay&quot;:1500}\" data-widget_type=\"heading.default\">\n\t\t\t\t<div class=\"elementor-widget-container\">\n\t\t\t\t\t<h2 class=\"elementor-heading-title elementor-size-default\">Euonymus europaeus\n<\/h2>\t\t\t\t<\/div>\n\t\t\t\t<\/div>\n\t\t\t\t\t<\/div>\n\t\t\t\t<\/div>\n\t\t<div class=\"elementor-element elementor-element-26d51bb5 e-flex e-con-boxed wpr-particle-no wpr-jarallax-no wpr-parallax-no wpr-sticky-section-no e-con e-parent\" data-id=\"26d51bb5\" data-element_type=\"container\">\n\t\t\t\t\t<div class=\"e-con-inner\">\n\t\t<div class=\"elementor-element elementor-element-5093d486 e-con-full e-flex wpr-particle-no wpr-jarallax-no wpr-parallax-no wpr-sticky-section-no e-con e-child\" data-id=\"5093d486\" data-element_type=\"container\">\n\t\t\t\t<div class=\"elementor-element elementor-element-4dfc4e88 animated-slow elementor-invisible elementor-widget elementor-widget-image\" data-id=\"4dfc4e88\" data-element_type=\"widget\" data-settings=\"{&quot;_animation&quot;:&quot;fadeInLeft&quot;,&quot;_animation_delay&quot;:2000}\" data-widget_type=\"image.default\">\n\t\t\t\t<div class=\"elementor-widget-container\">\n\t\t\t\t\t\t\t\t\t\t\t\t\t\t\t<img fetchpriority=\"high\" decoding=\"async\" width=\"715\" height=\"720\" src=\"https:\/\/arbraculture.fr\/wp-content\/uploads\/2025\/05\/fusain-europe.jpg\" class=\"attachment-large size-large wp-image-2095\" alt=\"\" srcset=\"https:\/\/arbraculture.fr\/wp-content\/uploads\/2025\/05\/fusain-europe.jpg 715w, https:\/\/arbraculture.fr\/wp-content\/uploads\/2025\/05\/fusain-europe-298x300.jpg 298w, https:\/\/arbraculture.fr\/wp-content\/uploads\/2025\/05\/fusain-europe-150x150.jpg 150w\" sizes=\"(max-width: 715px) 100vw, 715px\" \/>\t\t\t\t\t\t\t\t\t\t\t\t\t\t\t<\/div>\n\t\t\t\t<\/div>\n\t\t\t\t<\/div>\n\t\t<div class=\"elementor-element elementor-element-5b703e84 e-con-full e-flex wpr-particle-no wpr-jarallax-no wpr-parallax-no wpr-sticky-section-no e-con e-child\" data-id=\"5b703e84\" data-element_type=\"container\">\n\t\t\t\t<div class=\"elementor-element elementor-element-500a73d0 elementor-widget__width-initial animated-slow elementor-invisible elementor-widget elementor-widget-text-editor\" data-id=\"500a73d0\" data-element_type=\"widget\" data-settings=\"{&quot;_animation&quot;:&quot;fadeIn&quot;,&quot;_animation_delay&quot;:2500}\" data-widget_type=\"text-editor.default\">\n\t\t\t\t<div class=\"elementor-widget-container\">\n\t\t\t\t\t\t\t\t\t<p><b>Synonyme(s)<\/b><span style=\"font-weight: 400;\"> : <\/span><span style=\"font-weight: 400;\">Bonnet de pr\u00eatre, bonnet d\u2019\u00e9v\u00eaque, bois \u00e0 lardoire.<\/span><\/p><p><b>Origine<\/b><span style=\"font-weight: 400;\"> : Europe<\/span><\/p><p><b style=\"font-style: inherit;\">Description de la plante<\/b><span style=\"font-weight: 400;\"> : Le fusain, c\u2019est ce petit crayon de charbon de bois que l\u2019on utilise pour dessiner. On tire son nom de cet arbuste ou petit arbre, qui une fois calcin\u00e9 donne ce charbon de bois particuli\u00e8rement tendre et gras. Le fusain se retrouve plant\u00e9 la plupart du temps en haie mais aussi en massif. Ses fruits sont d\u00e9coratifs, en petit bonnet rose orang\u00e9, bien que tr\u00e8s toxiques. Les tiges de son bois sont vertes et anguleuses.<\/span><\/p>\t\t\t\t\t\t\t\t<\/div>\n\t\t\t\t<\/div>\n\t\t\t\t<\/div>\n\t\t\t\t\t<\/div>\n\t\t\t\t<\/div>\n\t\t<div class=\"elementor-element elementor-element-54618303 e-flex e-con-boxed wpr-particle-no wpr-jarallax-no wpr-parallax-no wpr-sticky-section-no e-con e-parent\" data-id=\"54618303\" data-element_type=\"container\">\n\t\t\t\t\t<div class=\"e-con-inner\">\n\t\t<div class=\"elementor-element elementor-element-6f6eb64 e-con-full e-flex wpr-particle-no wpr-jarallax-no wpr-parallax-no wpr-sticky-section-no e-con e-child\" data-id=\"6f6eb64\" data-element_type=\"container\">\n\t\t\t\t<div class=\"elementor-element elementor-element-3283c5e7 elementor-invisible elementor-widget elementor-widget-image\" data-id=\"3283c5e7\" data-element_type=\"widget\" data-settings=\"{&quot;_animation&quot;:&quot;fadeIn&quot;,&quot;_animation_mobile&quot;:&quot;fadeIn&quot;,&quot;_animation_delay&quot;:500}\" data-widget_type=\"image.default\">\n\t\t\t\t<div class=\"elementor-widget-container\">\n\t\t\t\t\t\t\t\t\t\t\t\t\t\t\t<img decoding=\"async\" width=\"1024\" height=\"768\" src=\"https:\/\/arbraculture.fr\/wp-content\/uploads\/2025\/05\/fusain-deurope-1024x768.jpg\" class=\"attachment-large size-large wp-image-2098\" alt=\"\" srcset=\"https:\/\/arbraculture.fr\/wp-content\/uploads\/2025\/05\/fusain-deurope-1024x768.jpg 1024w, https:\/\/arbraculture.fr\/wp-content\/uploads\/2025\/05\/fusain-deurope-300x225.jpg 300w, https:\/\/arbraculture.fr\/wp-content\/uploads\/2025\/05\/fusain-deurope-768x576.jpg 768w, https:\/\/arbraculture.fr\/wp-content\/uploads\/2025\/05\/fusain-deurope.jpg 1200w\" sizes=\"(max-width: 1024px) 100vw, 1024px\" \/>\t\t\t\t\t\t\t\t\t\t\t\t\t\t\t<\/div>\n\t\t\t\t<\/div>\n\t\t\t\t<\/div>\n\t\t<div class=\"elementor-element elementor-element-63603ad8 e-con-full e-flex wpr-particle-no wpr-jarallax-no wpr-parallax-no wpr-sticky-section-no e-con e-child\" data-id=\"63603ad8\" data-element_type=\"container\">\n\t\t\t\t<div class=\"elementor-element elementor-element-103c9e4c animated-slow elementor-invisible elementor-widget elementor-widget-image\" data-id=\"103c9e4c\" data-element_type=\"widget\" data-settings=\"{&quot;_animation&quot;:&quot;fadeIn&quot;,&quot;_animation_delay&quot;:1000}\" data-widget_type=\"image.default\">\n\t\t\t\t<div class=\"elementor-widget-container\">\n\t\t\t\t\t\t\t\t\t\t\t\t\t\t\t<img decoding=\"async\" width=\"657\" height=\"445\" src=\"https:\/\/arbraculture.fr\/wp-content\/uploads\/2025\/05\/fusain-europe-fleurs.jpg\" class=\"attachment-large size-large wp-image-2097\" alt=\"\" srcset=\"https:\/\/arbraculture.fr\/wp-content\/uploads\/2025\/05\/fusain-europe-fleurs.jpg 657w, https:\/\/arbraculture.fr\/wp-content\/uploads\/2025\/05\/fusain-europe-fleurs-300x203.jpg 300w\" sizes=\"(max-width: 657px) 100vw, 657px\" \/>\t\t\t\t\t\t\t\t\t\t\t\t\t\t\t<\/div>\n\t\t\t\t<\/div>\n\t\t\t\t<div class=\"elementor-element elementor-element-5197ea95 elementor-widget__width-initial animated-slow elementor-invisible elementor-widget elementor-widget-text-editor\" data-id=\"5197ea95\" data-element_type=\"widget\" data-settings=\"{&quot;_animation&quot;:&quot;fadeIn&quot;,&quot;_animation_delay&quot;:500}\" data-widget_type=\"text-editor.default\">\n\t\t\t\t<div class=\"elementor-widget-container\">\n\t\t\t\t\t\t\t\t\t<p><b>Plantation<\/b><span style=\"font-weight: 400;\"> : <\/span><span style=\"font-weight: 400;\">Plant\u00e9 en haie et en massif d\u2019ornement<\/span><\/p><p><b>Parties utilis\u00e9es<\/b><span style=\"font-weight: 400;\"> : pour le fusain, le crayon !<\/span><\/p><p><b>Toxicit\u00e9<\/b><span style=\"font-weight: 400;\"> : Toutes les parties de la plante sont toxiques.<\/span><\/p>\t\t\t\t\t\t\t\t<\/div>\n\t\t\t\t<\/div>\n\t\t\t\t<\/div>\n\t\t\t\t\t<\/div>\n\t\t\t\t<\/div>\n\t\t<div class=\"elementor-element elementor-element-613095c4 e-con-full e-flex wpr-particle-no wpr-jarallax-no wpr-parallax-no wpr-sticky-section-no e-con e-child\" data-id=\"613095c4\" data-element_type=\"container\">\n\t\t\t\t<div class=\"elementor-element elementor-element-4f685fa elementor-widget elementor-widget-heading\" data-id=\"4f685fa\" data-element_type=\"widget\" data-widget_type=\"heading.default\">\n\t\t\t\t<div class=\"elementor-widget-container\">\n\t\t\t\t\t<h2 class=\"elementor-heading-title elementor-size-default\">En d\u00e9couvrir plus ?<\/h2>\t\t\t\t<\/div>\n\t\t\t\t<\/div>\n\t\t\t\t<div class=\"elementor-element elementor-element-6fcec20 elementor-widget__width-initial elementor-widget elementor-widget-text-editor\" data-id=\"6fcec20\" data-element_type=\"widget\" data-widget_type=\"text-editor.default\">\n\t\t\t\t<div class=\"elementor-widget-container\">\n\t\t\t\t\t\t\t\t\t<p>D\u00e9couvrez nos conseils, nos plantes.<br \/>Mais aussi nos r\u00e9alisations :<\/p>\t\t\t\t\t\t\t\t<\/div>\n\t\t\t\t<\/div>\n\t\t<div class=\"elementor-element elementor-element-1679b395 e-con-full e-flex wpr-particle-no wpr-jarallax-no wpr-parallax-no wpr-sticky-section-no e-con e-child\" data-id=\"1679b395\" data-element_type=\"container\">\n\t\t\t\t<div class=\"elementor-element elementor-element-10d14a04 elementor-widget elementor-widget-button\" data-id=\"10d14a04\" data-element_type=\"widget\" data-widget_type=\"button.default\">\n\t\t\t\t<div class=\"elementor-widget-container\">\n\t\t\t\t\t\t\t\t\t<div class=\"elementor-button-wrapper\">\n\t\t\t\t\t<a class=\"elementor-button elementor-button-link elementor-size-sm\" href=\"https:\/\/arbraculture.fr\/index.php\/guide-du-jardin\/\">\n\t\t\t\t\t\t<span class=\"elementor-button-content-wrapper\">\n\t\t\t\t\t\t\t\t\t<span class=\"elementor-button-text\">Guide du jardin<\/span>\n\t\t\t\t\t<\/span>\n\t\t\t\t\t<\/a>\n\t\t\t\t<\/div>\n\t\t\t\t\t\t\t\t<\/div>\n\t\t\t\t<\/div>\n\t\t\t\t<div class=\"elementor-element elementor-element-1cb4be39 elementor-widget elementor-widget-button\" data-id=\"1cb4be39\" data-element_type=\"widget\" data-widget_type=\"button.default\">\n\t\t\t\t<div class=\"elementor-widget-container\">\n\t\t\t\t\t\t\t\t\t<div class=\"elementor-button-wrapper\">\n\t\t\t\t\t<a class=\"elementor-button elementor-button-link elementor-size-sm\" href=\"https:\/\/arbraculture.fr\/index.php\/projets\/\">\n\t\t\t\t\t\t<span class=\"elementor-button-content-wrapper\">\n\t\t\t\t\t\t\t\t\t<span class=\"elementor-button-text\">Projets<\/span>\n\t\t\t\t\t<\/span>\n\t\t\t\t\t<\/a>\n\t\t\t\t<\/div>\n\t\t\t\t\t\t\t\t<\/div>\n\t\t\t\t<\/div>\n\t\t\t\t<\/div>\n\t\t\t\t<\/div>\n\t\t\t\t<\/div>\n\t\t","protected":false},"excerpt":{"rendered":"<p>Fusain d&rsquo;Europe Euonymus europaeus Synonyme(s) : Bonnet de pr\u00eatre, bonnet d\u2019\u00e9v\u00eaque, bois \u00e0 lardoire. Origine : Europe Description de la plante : Le fusain, c\u2019est ce petit crayon de charbon de bois que l\u2019on utilise pour dessiner. On tire son nom de cet arbuste ou petit arbre, qui une fois calcin\u00e9 donne ce charbon de bois particuli\u00e8rement tendre et gras. Le fusain se retrouve plant\u00e9 la plupart du temps en haie mais aussi en massif. Ses fruits sont d\u00e9coratifs, en petit bonnet rose orang\u00e9, bien que tr\u00e8s toxiques. Les tiges de son bois sont vertes et anguleuses. Plantation : Plant\u00e9 en haie et en massif d\u2019ornement Parties utilis\u00e9es : pour le fusain, le crayon ! Toxicit\u00e9 : Toutes les parties de la plante sont toxiques. En d\u00e9couvrir plus ? D\u00e9couvrez nos conseils, nos plantes.Mais aussi nos r\u00e9alisations : Guide du jardin Projets<\/p>\n","protected":false},"author":2,"featured_media":0,"parent":0,"menu_order":0,"comment_status":"closed","ping_status":"closed","template":"","meta":{"site-sidebar-layout":"no-sidebar","site-content-layout":"","ast-site-content-layout":"full-width-container","site-content-style":"default","site-sidebar-style":"default","ast-global-header-display":"","ast-banner-title-visibility":"","ast-main-header-display":"","ast-hfb-above-header-display":"","ast-hfb-below-header-display":"","ast-hfb-mobile-header-display":"","site-post-title":"disabled","ast-breadcrumbs-content":"","ast-featured-img":"disabled","footer-sml-layout":"","theme-transparent-header-meta":"","adv-header-id-meta":"","stick-header-meta":"","header-above-stick-meta":"","header-main-stick-meta":"","header-below-stick-meta":"","astra-migrate-meta-layouts":"default","ast-page-background-enabled":"default","ast-page-background-meta":{"desktop":{"background-color":"var(--ast-global-color-5)","background-image":"","background-repeat":"repeat","background-position":"center center","background-size":"auto","background-attachment":"scroll","background-type":"","background-media":"","overlay-type":"","overlay-color":"","overlay-opacity":"","overlay-gradient":""},"tablet":{"background-color":"","background-image":"","background-repeat":"repeat","background-position":"center center","background-size":"auto","background-attachment":"scroll","background-type":"","background-media":"","overlay-type":"","overlay-color":"","overlay-opacity":"","overlay-gradient":""},"mobile":{"background-color":"","background-image":"","background-repeat":"repeat","background-position":"center center","background-size":"auto","background-attachment":"scroll","background-type":"","background-media":"","overlay-type":"","overlay-color":"","overlay-opacity":"","overlay-gradient":""}},"ast-content-background-meta":{"desktop":{"background-color":"var(--ast-global-color-4)","background-image":"","background-repeat":"repeat","background-position":"center center","background-size":"auto","background-attachment":"scroll","background-type":"","background-media":"","overlay-type":"","overlay-color":"","overlay-opacity":"","overlay-gradient":""},"tablet":{"background-color":"var(--ast-global-color-4)","background-image":"","background-repeat":"repeat","background-position":"center center","background-size":"auto","background-attachment":"scroll","background-type":"","background-media":"","overlay-type":"","overlay-color":"","overlay-opacity":"","overlay-gradient":""},"mobile":{"background-color":"var(--ast-global-color-4)","background-image":"","background-repeat":"repeat","background-position":"center center","background-size":"auto","background-attachment":"scroll","background-type":"","background-media":"","overlay-type":"","overlay-color":"","overlay-opacity":"","overlay-gradient":""}},"footnotes":""},"class_list":["post-1953","page","type-page","status-publish","hentry"],"yoast_head":"<!-- This site is optimized with the Yoast SEO plugin v26.7 - https:\/\/yoast.com\/wordpress\/plugins\/seo\/ -->\n<title>Plante - Fusain d&#039;Europe - Arbraculture<\/title>\n<meta name=\"robots\" content=\"index, follow, max-snippet:-1, max-image-preview:large, max-video-preview:-1\" \/>\n<link rel=\"canonical\" href=\"https:\/\/arbraculture.fr\/index.php\/fusain-europe\/\" \/>\n<meta property=\"og:locale\" content=\"fr_FR\" \/>\n<meta property=\"og:type\" content=\"article\" \/>\n<meta property=\"og:title\" content=\"Plante - Fusain d&#039;Europe - Arbraculture\" \/>\n<meta property=\"og:description\" content=\"Fusain d&rsquo;Europe Euonymus europaeus Synonyme(s) : Bonnet de pr\u00eatre, bonnet d\u2019\u00e9v\u00eaque, bois \u00e0 lardoire. Origine : Europe Description de la plante : Le fusain, c\u2019est ce petit crayon de charbon de bois que l\u2019on utilise pour dessiner. On tire son nom de cet arbuste ou petit arbre, qui une fois calcin\u00e9 donne ce charbon de bois particuli\u00e8rement tendre et gras. Le fusain se retrouve plant\u00e9 la plupart du temps en haie mais aussi en massif. Ses fruits sont d\u00e9coratifs, en petit bonnet rose orang\u00e9, bien que tr\u00e8s toxiques. Les tiges de son bois sont vertes et anguleuses. Plantation : Plant\u00e9 en haie et en massif d\u2019ornement Parties utilis\u00e9es : pour le fusain, le crayon ! Toxicit\u00e9 : Toutes les parties de la plante sont toxiques. En d\u00e9couvrir plus ? D\u00e9couvrez nos conseils, nos plantes.Mais aussi nos r\u00e9alisations : Guide du jardin Projets\" \/>\n<meta property=\"og:url\" content=\"https:\/\/arbraculture.fr\/index.php\/fusain-europe\/\" \/>\n<meta property=\"og:site_name\" content=\"Arbraculture\" \/>\n<meta property=\"article:publisher\" content=\"https:\/\/www.facebook.com\/Arbraculture\/?locale=fr_FR\" \/>\n<meta property=\"article:modified_time\" content=\"2025-05-19T14:05:10+00:00\" \/>\n<meta property=\"og:image\" content=\"https:\/\/arbraculture.fr\/wp-content\/uploads\/2025\/05\/fusain-europe.jpg\" \/>\n\t<meta property=\"og:image:width\" content=\"715\" \/>\n\t<meta property=\"og:image:height\" content=\"720\" \/>\n\t<meta property=\"og:image:type\" content=\"image\/jpeg\" \/>\n<meta name=\"twitter:card\" content=\"summary_large_image\" \/>\n<meta name=\"twitter:label1\" content=\"Dur\u00e9e de lecture estim\u00e9e\" \/>\n\t<meta name=\"twitter:data1\" content=\"1 minute\" \/>\n<script type=\"application\/ld+json\" class=\"yoast-schema-graph\">{\"@context\":\"https:\/\/schema.org\",\"@graph\":[{\"@type\":\"WebPage\",\"@id\":\"https:\/\/arbraculture.fr\/index.php\/fusain-europe\/\",\"url\":\"https:\/\/arbraculture.fr\/index.php\/fusain-europe\/\",\"name\":\"Plante - Fusain d'Europe - Arbraculture\",\"isPartOf\":{\"@id\":\"https:\/\/arbraculture.fr\/#website\"},\"primaryImageOfPage\":{\"@id\":\"https:\/\/arbraculture.fr\/index.php\/fusain-europe\/#primaryimage\"},\"image\":{\"@id\":\"https:\/\/arbraculture.fr\/index.php\/fusain-europe\/#primaryimage\"},\"thumbnailUrl\":\"https:\/\/arbraculture.fr\/wp-content\/uploads\/2025\/05\/fusain-europe.jpg\",\"datePublished\":\"2025-05-07T08:33:51+00:00\",\"dateModified\":\"2025-05-19T14:05:10+00:00\",\"breadcrumb\":{\"@id\":\"https:\/\/arbraculture.fr\/index.php\/fusain-europe\/#breadcrumb\"},\"inLanguage\":\"fr-FR\",\"potentialAction\":[{\"@type\":\"ReadAction\",\"target\":[\"https:\/\/arbraculture.fr\/index.php\/fusain-europe\/\"]}]},{\"@type\":\"ImageObject\",\"inLanguage\":\"fr-FR\",\"@id\":\"https:\/\/arbraculture.fr\/index.php\/fusain-europe\/#primaryimage\",\"url\":\"https:\/\/arbraculture.fr\/wp-content\/uploads\/2025\/05\/fusain-europe.jpg\",\"contentUrl\":\"https:\/\/arbraculture.fr\/wp-content\/uploads\/2025\/05\/fusain-europe.jpg\",\"width\":715,\"height\":720},{\"@type\":\"BreadcrumbList\",\"@id\":\"https:\/\/arbraculture.fr\/index.php\/fusain-europe\/#breadcrumb\",\"itemListElement\":[{\"@type\":\"ListItem\",\"position\":1,\"name\":\"Accueil\",\"item\":\"https:\/\/arbraculture.fr\/\"},{\"@type\":\"ListItem\",\"position\":2,\"name\":\"Plante &#8211; Fusain d&rsquo;Europe\"}]},{\"@type\":\"WebSite\",\"@id\":\"https:\/\/arbraculture.fr\/#website\",\"url\":\"https:\/\/arbraculture.fr\/\",\"name\":\"Arbraculture\",\"description\":\"La transition paysag\u00e8re utile et naturelle\",\"publisher\":{\"@id\":\"https:\/\/arbraculture.fr\/#organization\"},\"potentialAction\":[{\"@type\":\"SearchAction\",\"target\":{\"@type\":\"EntryPoint\",\"urlTemplate\":\"https:\/\/arbraculture.fr\/?s={search_term_string}\"},\"query-input\":{\"@type\":\"PropertyValueSpecification\",\"valueRequired\":true,\"valueName\":\"search_term_string\"}}],\"inLanguage\":\"fr-FR\"},{\"@type\":\"Organization\",\"@id\":\"https:\/\/arbraculture.fr\/#organization\",\"name\":\"Arbraculture\",\"url\":\"https:\/\/arbraculture.fr\/\",\"logo\":{\"@type\":\"ImageObject\",\"inLanguage\":\"fr-FR\",\"@id\":\"https:\/\/arbraculture.fr\/#\/schema\/logo\/image\/\",\"url\":\"https:\/\/arbraculture.fr\/wp-content\/uploads\/2025\/03\/cropped-Arbraculture-logo-site.png\",\"contentUrl\":\"https:\/\/arbraculture.fr\/wp-content\/uploads\/2025\/03\/cropped-Arbraculture-logo-site.png\",\"width\":1198,\"height\":1012,\"caption\":\"Arbraculture\"},\"image\":{\"@id\":\"https:\/\/arbraculture.fr\/#\/schema\/logo\/image\/\"},\"sameAs\":[\"https:\/\/www.facebook.com\/Arbraculture\/?locale=fr_FR\",\"https:\/\/www.linkedin.com\/company\/arbraculture\/?originalSubdomain=fr\",\"https:\/\/www.instagram.com\/arbraculture\/?hl=fr\"]}]}<\/script>\n<!-- \/ Yoast SEO plugin. -->","yoast_head_json":{"title":"Plante - Fusain d'Europe - Arbraculture","robots":{"index":"index","follow":"follow","max-snippet":"max-snippet:-1","max-image-preview":"max-image-preview:large","max-video-preview":"max-video-preview:-1"},"canonical":"https:\/\/arbraculture.fr\/index.php\/fusain-europe\/","og_locale":"fr_FR","og_type":"article","og_title":"Plante - Fusain d'Europe - Arbraculture","og_description":"Fusain d&rsquo;Europe Euonymus europaeus Synonyme(s) : Bonnet de pr\u00eatre, bonnet d\u2019\u00e9v\u00eaque, bois \u00e0 lardoire. Origine : Europe Description de la plante : Le fusain, c\u2019est ce petit crayon de charbon de bois que l\u2019on utilise pour dessiner. On tire son nom de cet arbuste ou petit arbre, qui une fois calcin\u00e9 donne ce charbon de bois particuli\u00e8rement tendre et gras. Le fusain se retrouve plant\u00e9 la plupart du temps en haie mais aussi en massif. Ses fruits sont d\u00e9coratifs, en petit bonnet rose orang\u00e9, bien que tr\u00e8s toxiques. Les tiges de son bois sont vertes et anguleuses. Plantation : Plant\u00e9 en haie et en massif d\u2019ornement Parties utilis\u00e9es : pour le fusain, le crayon ! Toxicit\u00e9 : Toutes les parties de la plante sont toxiques. En d\u00e9couvrir plus ? D\u00e9couvrez nos conseils, nos plantes.Mais aussi nos r\u00e9alisations : Guide du jardin Projets","og_url":"https:\/\/arbraculture.fr\/index.php\/fusain-europe\/","og_site_name":"Arbraculture","article_publisher":"https:\/\/www.facebook.com\/Arbraculture\/?locale=fr_FR","article_modified_time":"2025-05-19T14:05:10+00:00","og_image":[{"width":715,"height":720,"url":"https:\/\/arbraculture.fr\/wp-content\/uploads\/2025\/05\/fusain-europe.jpg","type":"image\/jpeg"}],"twitter_card":"summary_large_image","twitter_misc":{"Dur\u00e9e de lecture estim\u00e9e":"1 minute"},"schema":{"@context":"https:\/\/schema.org","@graph":[{"@type":"WebPage","@id":"https:\/\/arbraculture.fr\/index.php\/fusain-europe\/","url":"https:\/\/arbraculture.fr\/index.php\/fusain-europe\/","name":"Plante - Fusain d'Europe - Arbraculture","isPartOf":{"@id":"https:\/\/arbraculture.fr\/#website"},"primaryImageOfPage":{"@id":"https:\/\/arbraculture.fr\/index.php\/fusain-europe\/#primaryimage"},"image":{"@id":"https:\/\/arbraculture.fr\/index.php\/fusain-europe\/#primaryimage"},"thumbnailUrl":"https:\/\/arbraculture.fr\/wp-content\/uploads\/2025\/05\/fusain-europe.jpg","datePublished":"2025-05-07T08:33:51+00:00","dateModified":"2025-05-19T14:05:10+00:00","breadcrumb":{"@id":"https:\/\/arbraculture.fr\/index.php\/fusain-europe\/#breadcrumb"},"inLanguage":"fr-FR","potentialAction":[{"@type":"ReadAction","target":["https:\/\/arbraculture.fr\/index.php\/fusain-europe\/"]}]},{"@type":"ImageObject","inLanguage":"fr-FR","@id":"https:\/\/arbraculture.fr\/index.php\/fusain-europe\/#primaryimage","url":"https:\/\/arbraculture.fr\/wp-content\/uploads\/2025\/05\/fusain-europe.jpg","contentUrl":"https:\/\/arbraculture.fr\/wp-content\/uploads\/2025\/05\/fusain-europe.jpg","width":715,"height":720},{"@type":"BreadcrumbList","@id":"https:\/\/arbraculture.fr\/index.php\/fusain-europe\/#breadcrumb","itemListElement":[{"@type":"ListItem","position":1,"name":"Accueil","item":"https:\/\/arbraculture.fr\/"},{"@type":"ListItem","position":2,"name":"Plante &#8211; Fusain d&rsquo;Europe"}]},{"@type":"WebSite","@id":"https:\/\/arbraculture.fr\/#website","url":"https:\/\/arbraculture.fr\/","name":"Arbraculture","description":"La transition paysag\u00e8re utile et naturelle","publisher":{"@id":"https:\/\/arbraculture.fr\/#organization"},"potentialAction":[{"@type":"SearchAction","target":{"@type":"EntryPoint","urlTemplate":"https:\/\/arbraculture.fr\/?s={search_term_string}"},"query-input":{"@type":"PropertyValueSpecification","valueRequired":true,"valueName":"search_term_string"}}],"inLanguage":"fr-FR"},{"@type":"Organization","@id":"https:\/\/arbraculture.fr\/#organization","name":"Arbraculture","url":"https:\/\/arbraculture.fr\/","logo":{"@type":"ImageObject","inLanguage":"fr-FR","@id":"https:\/\/arbraculture.fr\/#\/schema\/logo\/image\/","url":"https:\/\/arbraculture.fr\/wp-content\/uploads\/2025\/03\/cropped-Arbraculture-logo-site.png","contentUrl":"https:\/\/arbraculture.fr\/wp-content\/uploads\/2025\/03\/cropped-Arbraculture-logo-site.png","width":1198,"height":1012,"caption":"Arbraculture"},"image":{"@id":"https:\/\/arbraculture.fr\/#\/schema\/logo\/image\/"},"sameAs":["https:\/\/www.facebook.com\/Arbraculture\/?locale=fr_FR","https:\/\/www.linkedin.com\/company\/arbraculture\/?originalSubdomain=fr","https:\/\/www.instagram.com\/arbraculture\/?hl=fr"]}]}},"_links":{"self":[{"href":"https:\/\/arbraculture.fr\/index.php\/wp-json\/wp\/v2\/pages\/1953","targetHints":{"allow":["GET"]}}],"collection":[{"href":"https:\/\/arbraculture.fr\/index.php\/wp-json\/wp\/v2\/pages"}],"about":[{"href":"https:\/\/arbraculture.fr\/index.php\/wp-json\/wp\/v2\/types\/page"}],"author":[{"embeddable":true,"href":"https:\/\/arbraculture.fr\/index.php\/wp-json\/wp\/v2\/users\/2"}],"replies":[{"embeddable":true,"href":"https:\/\/arbraculture.fr\/index.php\/wp-json\/wp\/v2\/comments?post=1953"}],"version-history":[{"count":10,"href":"https:\/\/arbraculture.fr\/index.php\/wp-json\/wp\/v2\/pages\/1953\/revisions"}],"predecessor-version":[{"id":2104,"href":"https:\/\/arbraculture.fr\/index.php\/wp-json\/wp\/v2\/pages\/1953\/revisions\/2104"}],"wp:attachment":[{"href":"https:\/\/arbraculture.fr\/index.php\/wp-json\/wp\/v2\/media?parent=1953"}],"curies":[{"name":"wp","href":"https:\/\/api.w.org\/{rel}","templated":true}]}}