{"id":1939,"date":"2025-05-07T10:05:50","date_gmt":"2025-05-07T08:05:50","guid":{"rendered":"https:\/\/arbraculture.fr\/?page_id=1939"},"modified":"2025-05-22T17:43:46","modified_gmt":"2025-05-22T15:43:46","slug":"erable-champetre","status":"publish","type":"page","link":"https:\/\/arbraculture.fr\/index.php\/erable-champetre\/","title":{"rendered":"Plante &#8211; Erable Champ\u00e8tre"},"content":{"rendered":"\t\t<div data-elementor-type=\"wp-page\" data-elementor-id=\"1939\" class=\"elementor elementor-1939\">\n\t\t\t\t<div class=\"elementor-element elementor-element-1db93fe7 e-flex e-con-boxed wpr-particle-no wpr-jarallax-no wpr-parallax-no wpr-sticky-section-no e-con e-parent\" data-id=\"1db93fe7\" data-element_type=\"container\" data-settings=\"{&quot;background_background&quot;:&quot;classic&quot;}\">\n\t\t\t\t\t<div class=\"e-con-inner\">\n\t\t\t\t<div class=\"elementor-element elementor-element-5a7ff136 elementor-invisible elementor-widget elementor-widget-heading\" data-id=\"5a7ff136\" data-element_type=\"widget\" data-settings=\"{&quot;_animation&quot;:&quot;fadeIn&quot;,&quot;_animation_delay&quot;:1000}\" data-widget_type=\"heading.default\">\n\t\t\t\t<div class=\"elementor-widget-container\">\n\t\t\t\t\t<h2 class=\"elementor-heading-title elementor-size-default\">Erable Champ\u00eatre<\/h2>\t\t\t\t<\/div>\n\t\t\t\t<\/div>\n\t\t\t\t<div class=\"elementor-element elementor-element-62cb0d40 elementor-invisible elementor-widget elementor-widget-heading\" data-id=\"62cb0d40\" data-element_type=\"widget\" data-settings=\"{&quot;_animation&quot;:&quot;fadeIn&quot;,&quot;_animation_delay&quot;:1500}\" data-widget_type=\"heading.default\">\n\t\t\t\t<div class=\"elementor-widget-container\">\n\t\t\t\t\t<h2 class=\"elementor-heading-title elementor-size-default\">Acer campestre<\/h2>\t\t\t\t<\/div>\n\t\t\t\t<\/div>\n\t\t\t\t\t<\/div>\n\t\t\t\t<\/div>\n\t\t<div class=\"elementor-element elementor-element-37ec863b e-flex e-con-boxed wpr-particle-no wpr-jarallax-no wpr-parallax-no wpr-sticky-section-no e-con e-parent\" data-id=\"37ec863b\" data-element_type=\"container\">\n\t\t\t\t\t<div class=\"e-con-inner\">\n\t\t<div class=\"elementor-element elementor-element-dd9b6 e-con-full e-flex wpr-particle-no wpr-jarallax-no wpr-parallax-no wpr-sticky-section-no e-con e-child\" data-id=\"dd9b6\" data-element_type=\"container\">\n\t\t\t\t<div class=\"elementor-element elementor-element-109bebf0 animated-slow elementor-invisible elementor-widget elementor-widget-image\" data-id=\"109bebf0\" data-element_type=\"widget\" data-settings=\"{&quot;_animation&quot;:&quot;fadeInLeft&quot;,&quot;_animation_delay&quot;:2000}\" data-widget_type=\"image.default\">\n\t\t\t\t<div class=\"elementor-widget-container\">\n\t\t\t\t\t\t\t\t\t\t\t\t\t\t\t<img fetchpriority=\"high\" decoding=\"async\" width=\"750\" height=\"1000\" src=\"https:\/\/arbraculture.fr\/wp-content\/uploads\/2025\/05\/erable-branche.jpg\" class=\"attachment-large size-large wp-image-2156\" alt=\"\" srcset=\"https:\/\/arbraculture.fr\/wp-content\/uploads\/2025\/05\/erable-branche.jpg 750w, https:\/\/arbraculture.fr\/wp-content\/uploads\/2025\/05\/erable-branche-225x300.jpg 225w\" sizes=\"(max-width: 750px) 100vw, 750px\" \/>\t\t\t\t\t\t\t\t\t\t\t\t\t\t\t<\/div>\n\t\t\t\t<\/div>\n\t\t\t\t<\/div>\n\t\t<div class=\"elementor-element elementor-element-fb480f3 e-con-full e-flex wpr-particle-no wpr-jarallax-no wpr-parallax-no wpr-sticky-section-no e-con e-child\" data-id=\"fb480f3\" data-element_type=\"container\">\n\t\t\t\t<div class=\"elementor-element elementor-element-69f77f82 elementor-widget__width-initial animated-slow elementor-invisible elementor-widget elementor-widget-text-editor\" data-id=\"69f77f82\" data-element_type=\"widget\" data-settings=\"{&quot;_animation&quot;:&quot;fadeIn&quot;,&quot;_animation_delay&quot;:2500}\" data-widget_type=\"text-editor.default\">\n\t\t\t\t<div class=\"elementor-widget-container\">\n\t\t\t\t\t\t\t\t\t<p><b>Synonyme(s)<\/b><span style=\"font-weight: 400;\"> : <\/span><span style=\"font-weight: 400;\">\/<\/span><\/p><p><b>Origine<\/b><span style=\"font-weight: 400;\"> : Europe<br \/><\/span><\/p><p><b>Description de la plante<\/b><span style=\"font-weight: 400;\"> : L\u2019\u00e9rable champ\u00eatre pousse bien chez nous et rapidement. Il atteint 10m \u00e0 l\u2019\u00e2ge adulte. Ses fruits qu\u2019on appelle samares servent \u00e0 faire les petits h\u00e9licopt\u00e8res que l\u2019on a plaisir \u00e0 lancer quand on aime jouer&#8230; Son bois jeune et ses rameaux sont tr\u00e8s c\u00f4tel\u00e9s et ressemblent un peu \u00e0 un churros si l\u2019on en d\u00e9bite des tron\u00e7ons !\u00a0<\/span><\/p>\t\t\t\t\t\t\t\t<\/div>\n\t\t\t\t<\/div>\n\t\t\t\t<\/div>\n\t\t\t\t\t<\/div>\n\t\t\t\t<\/div>\n\t\t<div class=\"elementor-element elementor-element-53ba1b7d e-flex e-con-boxed wpr-particle-no wpr-jarallax-no wpr-parallax-no wpr-sticky-section-no e-con e-parent\" data-id=\"53ba1b7d\" data-element_type=\"container\">\n\t\t\t\t\t<div class=\"e-con-inner\">\n\t\t<div class=\"elementor-element elementor-element-2e5cb3c7 e-con-full e-flex wpr-particle-no wpr-jarallax-no wpr-parallax-no wpr-sticky-section-no e-con e-child\" data-id=\"2e5cb3c7\" data-element_type=\"container\">\n\t\t\t\t<div class=\"elementor-element elementor-element-3382873a elementor-invisible elementor-widget elementor-widget-image\" data-id=\"3382873a\" data-element_type=\"widget\" data-settings=\"{&quot;_animation&quot;:&quot;fadeIn&quot;,&quot;_animation_mobile&quot;:&quot;fadeIn&quot;,&quot;_animation_delay&quot;:500}\" data-widget_type=\"image.default\">\n\t\t\t\t<div class=\"elementor-widget-container\">\n\t\t\t\t\t\t\t\t\t\t\t\t\t\t\t<img decoding=\"async\" width=\"800\" height=\"800\" src=\"https:\/\/arbraculture.fr\/wp-content\/uploads\/2025\/05\/erable-samare.jpg\" class=\"attachment-large size-large wp-image-2155\" alt=\"\" srcset=\"https:\/\/arbraculture.fr\/wp-content\/uploads\/2025\/05\/erable-samare.jpg 800w, https:\/\/arbraculture.fr\/wp-content\/uploads\/2025\/05\/erable-samare-300x300.jpg 300w, https:\/\/arbraculture.fr\/wp-content\/uploads\/2025\/05\/erable-samare-150x150.jpg 150w, https:\/\/arbraculture.fr\/wp-content\/uploads\/2025\/05\/erable-samare-768x768.jpg 768w\" sizes=\"(max-width: 800px) 100vw, 800px\" \/>\t\t\t\t\t\t\t\t\t\t\t\t\t\t\t<\/div>\n\t\t\t\t<\/div>\n\t\t\t\t<\/div>\n\t\t<div class=\"elementor-element elementor-element-7dacb4cd e-con-full e-flex wpr-particle-no wpr-jarallax-no wpr-parallax-no wpr-sticky-section-no e-con e-child\" data-id=\"7dacb4cd\" data-element_type=\"container\">\n\t\t\t\t<div class=\"elementor-element elementor-element-31a9b664 animated-slow elementor-invisible elementor-widget elementor-widget-image\" data-id=\"31a9b664\" data-element_type=\"widget\" data-settings=\"{&quot;_animation&quot;:&quot;fadeIn&quot;,&quot;_animation_delay&quot;:1000}\" data-widget_type=\"image.default\">\n\t\t\t\t<div class=\"elementor-widget-container\">\n\t\t\t\t\t\t\t\t\t\t\t\t\t\t\t<img decoding=\"async\" width=\"640\" height=\"424\" src=\"https:\/\/arbraculture.fr\/wp-content\/uploads\/2025\/05\/erable-champetre-automne.jpg\" class=\"attachment-large size-large wp-image-2157\" alt=\"\" srcset=\"https:\/\/arbraculture.fr\/wp-content\/uploads\/2025\/05\/erable-champetre-automne.jpg 640w, https:\/\/arbraculture.fr\/wp-content\/uploads\/2025\/05\/erable-champetre-automne-300x199.jpg 300w\" sizes=\"(max-width: 640px) 100vw, 640px\" \/>\t\t\t\t\t\t\t\t\t\t\t\t\t\t\t<\/div>\n\t\t\t\t<\/div>\n\t\t\t\t<div class=\"elementor-element elementor-element-2f87e7df elementor-widget__width-initial animated-slow elementor-invisible elementor-widget elementor-widget-text-editor\" data-id=\"2f87e7df\" data-element_type=\"widget\" data-settings=\"{&quot;_animation&quot;:&quot;fadeIn&quot;,&quot;_animation_delay&quot;:500}\" data-widget_type=\"text-editor.default\">\n\t\t\t\t<div class=\"elementor-widget-container\">\n\t\t\t\t\t\t\t\t\t<p><b>Plantation <\/b><span style=\"font-weight: 400;\">: Surtout plant\u00e9 en haie. C\u2019est un arbre facile, insensible \u00e0 la taille r\u00e9p\u00e9titive.<\/span>\u00a0<\/p><p><b>Parties utilis\u00e9es<\/b><span style=\"font-weight: 400;\"> : Ses feuilles tendres au printemps sont comestibles, mais deviennent tr\u00e8s vite am\u00e8res et astringentes. La s\u00e8ve de printemps peut se r\u00e9duire en sirop (sirop d\u2019\u00e9rable), bien que ce soit une autre esp\u00e8ce d\u2019\u00e9rable qui en soit \u00e0 l\u2019origine : l\u2019\u00e9rable \u00e0 sucre <i>acer saccharum<\/i> end\u00e9mique du Canada, et ayant besoin de conditions de froid rigoureux pour en produire.<\/span><\/p><p><b>Toxicit\u00e9<\/b><span style=\"font-weight: 400;\"> : Aucune.<\/span><\/p>\t\t\t\t\t\t\t\t<\/div>\n\t\t\t\t<\/div>\n\t\t\t\t<\/div>\n\t\t\t\t\t<\/div>\n\t\t\t\t<\/div>\n\t\t<div class=\"elementor-element elementor-element-4385f20 e-con-full e-flex wpr-particle-no wpr-jarallax-no wpr-parallax-no wpr-sticky-section-no e-con e-child\" data-id=\"4385f20\" data-element_type=\"container\">\n\t\t\t\t<div class=\"elementor-element elementor-element-e0f29b1 elementor-widget elementor-widget-heading\" data-id=\"e0f29b1\" data-element_type=\"widget\" data-widget_type=\"heading.default\">\n\t\t\t\t<div class=\"elementor-widget-container\">\n\t\t\t\t\t<h2 class=\"elementor-heading-title elementor-size-default\">En d\u00e9couvrir plus ?<\/h2>\t\t\t\t<\/div>\n\t\t\t\t<\/div>\n\t\t\t\t<div class=\"elementor-element elementor-element-32e39fd5 elementor-widget__width-initial elementor-widget elementor-widget-text-editor\" data-id=\"32e39fd5\" data-element_type=\"widget\" data-widget_type=\"text-editor.default\">\n\t\t\t\t<div class=\"elementor-widget-container\">\n\t\t\t\t\t\t\t\t\t<p>D\u00e9couvrez nos conseils, nos plantes.<br \/>Mais aussi nos r\u00e9alisations :<\/p>\t\t\t\t\t\t\t\t<\/div>\n\t\t\t\t<\/div>\n\t\t<div class=\"elementor-element elementor-element-6bde4345 e-con-full e-flex wpr-particle-no wpr-jarallax-no wpr-parallax-no wpr-sticky-section-no e-con e-child\" data-id=\"6bde4345\" data-element_type=\"container\">\n\t\t\t\t<div class=\"elementor-element elementor-element-5ce9dcea elementor-widget elementor-widget-button\" data-id=\"5ce9dcea\" data-element_type=\"widget\" data-widget_type=\"button.default\">\n\t\t\t\t<div class=\"elementor-widget-container\">\n\t\t\t\t\t\t\t\t\t<div class=\"elementor-button-wrapper\">\n\t\t\t\t\t<a class=\"elementor-button elementor-button-link elementor-size-sm\" href=\"https:\/\/arbraculture.fr\/index.php\/guide-du-jardin\/\">\n\t\t\t\t\t\t<span class=\"elementor-button-content-wrapper\">\n\t\t\t\t\t\t\t\t\t<span class=\"elementor-button-text\">Guide du jardin<\/span>\n\t\t\t\t\t<\/span>\n\t\t\t\t\t<\/a>\n\t\t\t\t<\/div>\n\t\t\t\t\t\t\t\t<\/div>\n\t\t\t\t<\/div>\n\t\t\t\t<div class=\"elementor-element elementor-element-42e6512f elementor-widget elementor-widget-button\" data-id=\"42e6512f\" data-element_type=\"widget\" data-widget_type=\"button.default\">\n\t\t\t\t<div class=\"elementor-widget-container\">\n\t\t\t\t\t\t\t\t\t<div class=\"elementor-button-wrapper\">\n\t\t\t\t\t<a class=\"elementor-button elementor-button-link elementor-size-sm\" href=\"https:\/\/arbraculture.fr\/index.php\/projets\/\">\n\t\t\t\t\t\t<span class=\"elementor-button-content-wrapper\">\n\t\t\t\t\t\t\t\t\t<span class=\"elementor-button-text\">Projets<\/span>\n\t\t\t\t\t<\/span>\n\t\t\t\t\t<\/a>\n\t\t\t\t<\/div>\n\t\t\t\t\t\t\t\t<\/div>\n\t\t\t\t<\/div>\n\t\t\t\t<\/div>\n\t\t\t\t<\/div>\n\t\t\t\t<\/div>\n\t\t","protected":false},"excerpt":{"rendered":"<p>Erable Champ\u00eatre Acer campestre Synonyme(s) : \/ Origine : Europe Description de la plante : L\u2019\u00e9rable champ\u00eatre pousse bien chez nous et rapidement. Il atteint 10m \u00e0 l\u2019\u00e2ge adulte. Ses fruits qu\u2019on appelle samares servent \u00e0 faire les petits h\u00e9licopt\u00e8res que l\u2019on a plaisir \u00e0 lancer quand on aime jouer&#8230; Son bois jeune et ses rameaux sont tr\u00e8s c\u00f4tel\u00e9s et ressemblent un peu \u00e0 un churros si l\u2019on en d\u00e9bite des tron\u00e7ons !\u00a0 Plantation : Surtout plant\u00e9 en haie. C\u2019est un arbre facile, insensible \u00e0 la taille r\u00e9p\u00e9titive.\u00a0 Parties utilis\u00e9es : Ses feuilles tendres au printemps sont comestibles, mais deviennent tr\u00e8s vite am\u00e8res et astringentes. La s\u00e8ve de printemps peut se r\u00e9duire en sirop (sirop d\u2019\u00e9rable), bien que ce soit une autre esp\u00e8ce d\u2019\u00e9rable qui en soit \u00e0 l\u2019origine : l\u2019\u00e9rable \u00e0 sucre acer saccharum end\u00e9mique du Canada, et ayant besoin de conditions de froid rigoureux pour en produire. Toxicit\u00e9 : Aucune. En d\u00e9couvrir plus ? D\u00e9couvrez nos conseils, nos plantes.Mais aussi nos r\u00e9alisations : Guide du jardin Projets<\/p>\n","protected":false},"author":2,"featured_media":0,"parent":0,"menu_order":0,"comment_status":"closed","ping_status":"closed","template":"","meta":{"site-sidebar-layout":"no-sidebar","site-content-layout":"","ast-site-content-layout":"full-width-container","site-content-style":"default","site-sidebar-style":"default","ast-global-header-display":"","ast-banner-title-visibility":"","ast-main-header-display":"","ast-hfb-above-header-display":"","ast-hfb-below-header-display":"","ast-hfb-mobile-header-display":"","site-post-title":"disabled","ast-breadcrumbs-content":"","ast-featured-img":"disabled","footer-sml-layout":"","theme-transparent-header-meta":"","adv-header-id-meta":"","stick-header-meta":"","header-above-stick-meta":"","header-main-stick-meta":"","header-below-stick-meta":"","astra-migrate-meta-layouts":"default","ast-page-background-enabled":"default","ast-page-background-meta":{"desktop":{"background-color":"var(--ast-global-color-5)","background-image":"","background-repeat":"repeat","background-position":"center center","background-size":"auto","background-attachment":"scroll","background-type":"","background-media":"","overlay-type":"","overlay-color":"","overlay-opacity":"","overlay-gradient":""},"tablet":{"background-color":"","background-image":"","background-repeat":"repeat","background-position":"center center","background-size":"auto","background-attachment":"scroll","background-type":"","background-media":"","overlay-type":"","overlay-color":"","overlay-opacity":"","overlay-gradient":""},"mobile":{"background-color":"","background-image":"","background-repeat":"repeat","background-position":"center center","background-size":"auto","background-attachment":"scroll","background-type":"","background-media":"","overlay-type":"","overlay-color":"","overlay-opacity":"","overlay-gradient":""}},"ast-content-background-meta":{"desktop":{"background-color":"var(--ast-global-color-4)","background-image":"","background-repeat":"repeat","background-position":"center center","background-size":"auto","background-attachment":"scroll","background-type":"","background-media":"","overlay-type":"","overlay-color":"","overlay-opacity":"","overlay-gradient":""},"tablet":{"background-color":"var(--ast-global-color-4)","background-image":"","background-repeat":"repeat","background-position":"center center","background-size":"auto","background-attachment":"scroll","background-type":"","background-media":"","overlay-type":"","overlay-color":"","overlay-opacity":"","overlay-gradient":""},"mobile":{"background-color":"var(--ast-global-color-4)","background-image":"","background-repeat":"repeat","background-position":"center center","background-size":"auto","background-attachment":"scroll","background-type":"","background-media":"","overlay-type":"","overlay-color":"","overlay-opacity":"","overlay-gradient":""}},"footnotes":""},"class_list":["post-1939","page","type-page","status-publish","hentry"],"yoast_head":"<!-- This site is optimized with the Yoast SEO plugin v26.7 - https:\/\/yoast.com\/wordpress\/plugins\/seo\/ -->\n<title>Plante - Erable Champ\u00e8tre - Arbraculture<\/title>\n<meta name=\"robots\" content=\"index, follow, max-snippet:-1, max-image-preview:large, max-video-preview:-1\" \/>\n<link rel=\"canonical\" href=\"https:\/\/arbraculture.fr\/index.php\/erable-champetre\/\" \/>\n<meta property=\"og:locale\" content=\"fr_FR\" \/>\n<meta property=\"og:type\" content=\"article\" \/>\n<meta property=\"og:title\" content=\"Plante - Erable Champ\u00e8tre - Arbraculture\" \/>\n<meta property=\"og:description\" content=\"Erable Champ\u00eatre Acer campestre Synonyme(s) : \/ Origine : Europe Description de la plante : L\u2019\u00e9rable champ\u00eatre pousse bien chez nous et rapidement. Il atteint 10m \u00e0 l\u2019\u00e2ge adulte. Ses fruits qu\u2019on appelle samares servent \u00e0 faire les petits h\u00e9licopt\u00e8res que l\u2019on a plaisir \u00e0 lancer quand on aime jouer&#8230; Son bois jeune et ses rameaux sont tr\u00e8s c\u00f4tel\u00e9s et ressemblent un peu \u00e0 un churros si l\u2019on en d\u00e9bite des tron\u00e7ons !\u00a0 Plantation : Surtout plant\u00e9 en haie. C\u2019est un arbre facile, insensible \u00e0 la taille r\u00e9p\u00e9titive.\u00a0 Parties utilis\u00e9es : Ses feuilles tendres au printemps sont comestibles, mais deviennent tr\u00e8s vite am\u00e8res et astringentes. La s\u00e8ve de printemps peut se r\u00e9duire en sirop (sirop d\u2019\u00e9rable), bien que ce soit une autre esp\u00e8ce d\u2019\u00e9rable qui en soit \u00e0 l\u2019origine : l\u2019\u00e9rable \u00e0 sucre acer saccharum end\u00e9mique du Canada, et ayant besoin de conditions de froid rigoureux pour en produire. Toxicit\u00e9 : Aucune. En d\u00e9couvrir plus ? D\u00e9couvrez nos conseils, nos plantes.Mais aussi nos r\u00e9alisations : Guide du jardin Projets\" \/>\n<meta property=\"og:url\" content=\"https:\/\/arbraculture.fr\/index.php\/erable-champetre\/\" \/>\n<meta property=\"og:site_name\" content=\"Arbraculture\" \/>\n<meta property=\"article:publisher\" content=\"https:\/\/www.facebook.com\/Arbraculture\/?locale=fr_FR\" \/>\n<meta property=\"article:modified_time\" content=\"2025-05-22T15:43:46+00:00\" \/>\n<meta property=\"og:image\" content=\"https:\/\/arbraculture.fr\/wp-content\/uploads\/2025\/05\/erable-branche.jpg\" \/>\n\t<meta property=\"og:image:width\" content=\"750\" \/>\n\t<meta property=\"og:image:height\" content=\"1000\" \/>\n\t<meta property=\"og:image:type\" content=\"image\/jpeg\" \/>\n<meta name=\"twitter:card\" content=\"summary_large_image\" \/>\n<meta name=\"twitter:label1\" content=\"Dur\u00e9e de lecture estim\u00e9e\" \/>\n\t<meta name=\"twitter:data1\" content=\"1 minute\" \/>\n<script type=\"application\/ld+json\" class=\"yoast-schema-graph\">{\"@context\":\"https:\/\/schema.org\",\"@graph\":[{\"@type\":\"WebPage\",\"@id\":\"https:\/\/arbraculture.fr\/index.php\/erable-champetre\/\",\"url\":\"https:\/\/arbraculture.fr\/index.php\/erable-champetre\/\",\"name\":\"Plante - Erable Champ\u00e8tre - Arbraculture\",\"isPartOf\":{\"@id\":\"https:\/\/arbraculture.fr\/#website\"},\"primaryImageOfPage\":{\"@id\":\"https:\/\/arbraculture.fr\/index.php\/erable-champetre\/#primaryimage\"},\"image\":{\"@id\":\"https:\/\/arbraculture.fr\/index.php\/erable-champetre\/#primaryimage\"},\"thumbnailUrl\":\"https:\/\/arbraculture.fr\/wp-content\/uploads\/2025\/05\/erable-branche.jpg\",\"datePublished\":\"2025-05-07T08:05:50+00:00\",\"dateModified\":\"2025-05-22T15:43:46+00:00\",\"breadcrumb\":{\"@id\":\"https:\/\/arbraculture.fr\/index.php\/erable-champetre\/#breadcrumb\"},\"inLanguage\":\"fr-FR\",\"potentialAction\":[{\"@type\":\"ReadAction\",\"target\":[\"https:\/\/arbraculture.fr\/index.php\/erable-champetre\/\"]}]},{\"@type\":\"ImageObject\",\"inLanguage\":\"fr-FR\",\"@id\":\"https:\/\/arbraculture.fr\/index.php\/erable-champetre\/#primaryimage\",\"url\":\"https:\/\/arbraculture.fr\/wp-content\/uploads\/2025\/05\/erable-branche.jpg\",\"contentUrl\":\"https:\/\/arbraculture.fr\/wp-content\/uploads\/2025\/05\/erable-branche.jpg\",\"width\":750,\"height\":1000},{\"@type\":\"BreadcrumbList\",\"@id\":\"https:\/\/arbraculture.fr\/index.php\/erable-champetre\/#breadcrumb\",\"itemListElement\":[{\"@type\":\"ListItem\",\"position\":1,\"name\":\"Accueil\",\"item\":\"https:\/\/arbraculture.fr\/\"},{\"@type\":\"ListItem\",\"position\":2,\"name\":\"Plante &#8211; Erable Champ\u00e8tre\"}]},{\"@type\":\"WebSite\",\"@id\":\"https:\/\/arbraculture.fr\/#website\",\"url\":\"https:\/\/arbraculture.fr\/\",\"name\":\"Arbraculture\",\"description\":\"La transition paysag\u00e8re utile et naturelle\",\"publisher\":{\"@id\":\"https:\/\/arbraculture.fr\/#organization\"},\"potentialAction\":[{\"@type\":\"SearchAction\",\"target\":{\"@type\":\"EntryPoint\",\"urlTemplate\":\"https:\/\/arbraculture.fr\/?s={search_term_string}\"},\"query-input\":{\"@type\":\"PropertyValueSpecification\",\"valueRequired\":true,\"valueName\":\"search_term_string\"}}],\"inLanguage\":\"fr-FR\"},{\"@type\":\"Organization\",\"@id\":\"https:\/\/arbraculture.fr\/#organization\",\"name\":\"Arbraculture\",\"url\":\"https:\/\/arbraculture.fr\/\",\"logo\":{\"@type\":\"ImageObject\",\"inLanguage\":\"fr-FR\",\"@id\":\"https:\/\/arbraculture.fr\/#\/schema\/logo\/image\/\",\"url\":\"https:\/\/arbraculture.fr\/wp-content\/uploads\/2025\/03\/cropped-Arbraculture-logo-site.png\",\"contentUrl\":\"https:\/\/arbraculture.fr\/wp-content\/uploads\/2025\/03\/cropped-Arbraculture-logo-site.png\",\"width\":1198,\"height\":1012,\"caption\":\"Arbraculture\"},\"image\":{\"@id\":\"https:\/\/arbraculture.fr\/#\/schema\/logo\/image\/\"},\"sameAs\":[\"https:\/\/www.facebook.com\/Arbraculture\/?locale=fr_FR\",\"https:\/\/www.linkedin.com\/company\/arbraculture\/?originalSubdomain=fr\",\"https:\/\/www.instagram.com\/arbraculture\/?hl=fr\"]}]}<\/script>\n<!-- \/ Yoast SEO plugin. -->","yoast_head_json":{"title":"Plante - Erable Champ\u00e8tre - Arbraculture","robots":{"index":"index","follow":"follow","max-snippet":"max-snippet:-1","max-image-preview":"max-image-preview:large","max-video-preview":"max-video-preview:-1"},"canonical":"https:\/\/arbraculture.fr\/index.php\/erable-champetre\/","og_locale":"fr_FR","og_type":"article","og_title":"Plante - Erable Champ\u00e8tre - Arbraculture","og_description":"Erable Champ\u00eatre Acer campestre Synonyme(s) : \/ Origine : Europe Description de la plante : L\u2019\u00e9rable champ\u00eatre pousse bien chez nous et rapidement. Il atteint 10m \u00e0 l\u2019\u00e2ge adulte. Ses fruits qu\u2019on appelle samares servent \u00e0 faire les petits h\u00e9licopt\u00e8res que l\u2019on a plaisir \u00e0 lancer quand on aime jouer&#8230; Son bois jeune et ses rameaux sont tr\u00e8s c\u00f4tel\u00e9s et ressemblent un peu \u00e0 un churros si l\u2019on en d\u00e9bite des tron\u00e7ons !\u00a0 Plantation : Surtout plant\u00e9 en haie. C\u2019est un arbre facile, insensible \u00e0 la taille r\u00e9p\u00e9titive.\u00a0 Parties utilis\u00e9es : Ses feuilles tendres au printemps sont comestibles, mais deviennent tr\u00e8s vite am\u00e8res et astringentes. La s\u00e8ve de printemps peut se r\u00e9duire en sirop (sirop d\u2019\u00e9rable), bien que ce soit une autre esp\u00e8ce d\u2019\u00e9rable qui en soit \u00e0 l\u2019origine : l\u2019\u00e9rable \u00e0 sucre acer saccharum end\u00e9mique du Canada, et ayant besoin de conditions de froid rigoureux pour en produire. Toxicit\u00e9 : Aucune. En d\u00e9couvrir plus ? D\u00e9couvrez nos conseils, nos plantes.Mais aussi nos r\u00e9alisations : Guide du jardin Projets","og_url":"https:\/\/arbraculture.fr\/index.php\/erable-champetre\/","og_site_name":"Arbraculture","article_publisher":"https:\/\/www.facebook.com\/Arbraculture\/?locale=fr_FR","article_modified_time":"2025-05-22T15:43:46+00:00","og_image":[{"width":750,"height":1000,"url":"https:\/\/arbraculture.fr\/wp-content\/uploads\/2025\/05\/erable-branche.jpg","type":"image\/jpeg"}],"twitter_card":"summary_large_image","twitter_misc":{"Dur\u00e9e de lecture estim\u00e9e":"1 minute"},"schema":{"@context":"https:\/\/schema.org","@graph":[{"@type":"WebPage","@id":"https:\/\/arbraculture.fr\/index.php\/erable-champetre\/","url":"https:\/\/arbraculture.fr\/index.php\/erable-champetre\/","name":"Plante - Erable Champ\u00e8tre - Arbraculture","isPartOf":{"@id":"https:\/\/arbraculture.fr\/#website"},"primaryImageOfPage":{"@id":"https:\/\/arbraculture.fr\/index.php\/erable-champetre\/#primaryimage"},"image":{"@id":"https:\/\/arbraculture.fr\/index.php\/erable-champetre\/#primaryimage"},"thumbnailUrl":"https:\/\/arbraculture.fr\/wp-content\/uploads\/2025\/05\/erable-branche.jpg","datePublished":"2025-05-07T08:05:50+00:00","dateModified":"2025-05-22T15:43:46+00:00","breadcrumb":{"@id":"https:\/\/arbraculture.fr\/index.php\/erable-champetre\/#breadcrumb"},"inLanguage":"fr-FR","potentialAction":[{"@type":"ReadAction","target":["https:\/\/arbraculture.fr\/index.php\/erable-champetre\/"]}]},{"@type":"ImageObject","inLanguage":"fr-FR","@id":"https:\/\/arbraculture.fr\/index.php\/erable-champetre\/#primaryimage","url":"https:\/\/arbraculture.fr\/wp-content\/uploads\/2025\/05\/erable-branche.jpg","contentUrl":"https:\/\/arbraculture.fr\/wp-content\/uploads\/2025\/05\/erable-branche.jpg","width":750,"height":1000},{"@type":"BreadcrumbList","@id":"https:\/\/arbraculture.fr\/index.php\/erable-champetre\/#breadcrumb","itemListElement":[{"@type":"ListItem","position":1,"name":"Accueil","item":"https:\/\/arbraculture.fr\/"},{"@type":"ListItem","position":2,"name":"Plante &#8211; Erable Champ\u00e8tre"}]},{"@type":"WebSite","@id":"https:\/\/arbraculture.fr\/#website","url":"https:\/\/arbraculture.fr\/","name":"Arbraculture","description":"La transition paysag\u00e8re utile et naturelle","publisher":{"@id":"https:\/\/arbraculture.fr\/#organization"},"potentialAction":[{"@type":"SearchAction","target":{"@type":"EntryPoint","urlTemplate":"https:\/\/arbraculture.fr\/?s={search_term_string}"},"query-input":{"@type":"PropertyValueSpecification","valueRequired":true,"valueName":"search_term_string"}}],"inLanguage":"fr-FR"},{"@type":"Organization","@id":"https:\/\/arbraculture.fr\/#organization","name":"Arbraculture","url":"https:\/\/arbraculture.fr\/","logo":{"@type":"ImageObject","inLanguage":"fr-FR","@id":"https:\/\/arbraculture.fr\/#\/schema\/logo\/image\/","url":"https:\/\/arbraculture.fr\/wp-content\/uploads\/2025\/03\/cropped-Arbraculture-logo-site.png","contentUrl":"https:\/\/arbraculture.fr\/wp-content\/uploads\/2025\/03\/cropped-Arbraculture-logo-site.png","width":1198,"height":1012,"caption":"Arbraculture"},"image":{"@id":"https:\/\/arbraculture.fr\/#\/schema\/logo\/image\/"},"sameAs":["https:\/\/www.facebook.com\/Arbraculture\/?locale=fr_FR","https:\/\/www.linkedin.com\/company\/arbraculture\/?originalSubdomain=fr","https:\/\/www.instagram.com\/arbraculture\/?hl=fr"]}]}},"_links":{"self":[{"href":"https:\/\/arbraculture.fr\/index.php\/wp-json\/wp\/v2\/pages\/1939","targetHints":{"allow":["GET"]}}],"collection":[{"href":"https:\/\/arbraculture.fr\/index.php\/wp-json\/wp\/v2\/pages"}],"about":[{"href":"https:\/\/arbraculture.fr\/index.php\/wp-json\/wp\/v2\/types\/page"}],"author":[{"embeddable":true,"href":"https:\/\/arbraculture.fr\/index.php\/wp-json\/wp\/v2\/users\/2"}],"replies":[{"embeddable":true,"href":"https:\/\/arbraculture.fr\/index.php\/wp-json\/wp\/v2\/comments?post=1939"}],"version-history":[{"count":10,"href":"https:\/\/arbraculture.fr\/index.php\/wp-json\/wp\/v2\/pages\/1939\/revisions"}],"predecessor-version":[{"id":2160,"href":"https:\/\/arbraculture.fr\/index.php\/wp-json\/wp\/v2\/pages\/1939\/revisions\/2160"}],"wp:attachment":[{"href":"https:\/\/arbraculture.fr\/index.php\/wp-json\/wp\/v2\/media?parent=1939"}],"curies":[{"name":"wp","href":"https:\/\/api.w.org\/{rel}","templated":true}]}}