{"id":1928,"date":"2025-05-07T09:49:52","date_gmt":"2025-05-07T07:49:52","guid":{"rendered":"https:\/\/arbraculture.fr\/?page_id=1928"},"modified":"2025-05-19T16:46:21","modified_gmt":"2025-05-19T14:46:21","slug":"tilleul-petites-feuiiles","status":"publish","type":"page","link":"https:\/\/arbraculture.fr\/index.php\/tilleul-petites-feuiiles\/","title":{"rendered":"Plante &#8211; Tilleul \u00e0 petites feuiiles"},"content":{"rendered":"\t\t<div data-elementor-type=\"wp-page\" data-elementor-id=\"1928\" class=\"elementor elementor-1928\">\n\t\t\t\t<div class=\"elementor-element elementor-element-4c7dc44 e-flex e-con-boxed wpr-particle-no wpr-jarallax-no wpr-parallax-no wpr-sticky-section-no e-con e-parent\" data-id=\"4c7dc44\" data-element_type=\"container\" data-settings=\"{&quot;background_background&quot;:&quot;classic&quot;}\">\n\t\t\t\t\t<div class=\"e-con-inner\">\n\t\t\t\t<div class=\"elementor-element elementor-element-5af42fd0 elementor-invisible elementor-widget elementor-widget-heading\" data-id=\"5af42fd0\" data-element_type=\"widget\" data-settings=\"{&quot;_animation&quot;:&quot;fadeIn&quot;,&quot;_animation_delay&quot;:1000}\" data-widget_type=\"heading.default\">\n\t\t\t\t<div class=\"elementor-widget-container\">\n\t\t\t\t\t<h2 class=\"elementor-heading-title elementor-size-default\">Tilleul \u00e0 petites feuilles<\/h2>\t\t\t\t<\/div>\n\t\t\t\t<\/div>\n\t\t\t\t<div class=\"elementor-element elementor-element-6c0d300e elementor-invisible elementor-widget elementor-widget-heading\" data-id=\"6c0d300e\" data-element_type=\"widget\" data-settings=\"{&quot;_animation&quot;:&quot;fadeIn&quot;,&quot;_animation_delay&quot;:1500}\" data-widget_type=\"heading.default\">\n\t\t\t\t<div class=\"elementor-widget-container\">\n\t\t\t\t\t<h2 class=\"elementor-heading-title elementor-size-default\">tillia<\/h2>\t\t\t\t<\/div>\n\t\t\t\t<\/div>\n\t\t\t\t\t<\/div>\n\t\t\t\t<\/div>\n\t\t<div class=\"elementor-element elementor-element-7fc7b3ce e-flex e-con-boxed wpr-particle-no wpr-jarallax-no wpr-parallax-no wpr-sticky-section-no e-con e-parent\" data-id=\"7fc7b3ce\" data-element_type=\"container\">\n\t\t\t\t\t<div class=\"e-con-inner\">\n\t\t<div class=\"elementor-element elementor-element-6709cc21 e-con-full e-flex wpr-particle-no wpr-jarallax-no wpr-parallax-no wpr-sticky-section-no e-con e-child\" data-id=\"6709cc21\" data-element_type=\"container\">\n\t\t\t\t<div class=\"elementor-element elementor-element-7e767df0 animated-slow elementor-invisible elementor-widget elementor-widget-image\" data-id=\"7e767df0\" data-element_type=\"widget\" data-settings=\"{&quot;_animation&quot;:&quot;fadeInLeft&quot;,&quot;_animation_delay&quot;:2000}\" data-widget_type=\"image.default\">\n\t\t\t\t<div class=\"elementor-widget-container\">\n\t\t\t\t\t\t\t\t\t\t\t\t\t\t\t<img fetchpriority=\"high\" decoding=\"async\" width=\"722\" height=\"765\" src=\"https:\/\/arbraculture.fr\/wp-content\/uploads\/2025\/05\/tilleul-petite-feuille-fruits.jpg\" class=\"attachment-large size-large wp-image-2118\" alt=\"\" srcset=\"https:\/\/arbraculture.fr\/wp-content\/uploads\/2025\/05\/tilleul-petite-feuille-fruits.jpg 722w, https:\/\/arbraculture.fr\/wp-content\/uploads\/2025\/05\/tilleul-petite-feuille-fruits-283x300.jpg 283w\" sizes=\"(max-width: 722px) 100vw, 722px\" \/>\t\t\t\t\t\t\t\t\t\t\t\t\t\t\t<\/div>\n\t\t\t\t<\/div>\n\t\t\t\t<\/div>\n\t\t<div class=\"elementor-element elementor-element-8908f89 e-con-full e-flex wpr-particle-no wpr-jarallax-no wpr-parallax-no wpr-sticky-section-no e-con e-child\" data-id=\"8908f89\" data-element_type=\"container\">\n\t\t\t\t<div class=\"elementor-element elementor-element-518bc023 elementor-widget__width-initial animated-slow elementor-invisible elementor-widget elementor-widget-text-editor\" data-id=\"518bc023\" data-element_type=\"widget\" data-settings=\"{&quot;_animation&quot;:&quot;fadeIn&quot;,&quot;_animation_delay&quot;:2500}\" data-widget_type=\"text-editor.default\">\n\t\t\t\t<div class=\"elementor-widget-container\">\n\t\t\t\t\t\t\t\t\t<p><b>Synonyme(s)<\/b><span style=\"font-weight: 400;\"> : \/<\/span><\/p><p><b>Origine<\/b><span style=\"font-weight: 400;\"> : Europe<br \/><\/span><\/p><p><b>Description de la plante<\/b><span style=\"font-weight: 400;\"> : Le tilleul est un arbre que l\u2019on plante souvent isol\u00e9ment, et que l\u2019on retrouve aussi sur les parkings, en ville, en plantation ornementale ou pour faire de l\u2019ombre. Il a une croissance plut\u00f4t lente et peut atteindre 25m de haut.<\/span><\/p>\t\t\t\t\t\t\t\t<\/div>\n\t\t\t\t<\/div>\n\t\t\t\t<\/div>\n\t\t\t\t\t<\/div>\n\t\t\t\t<\/div>\n\t\t<div class=\"elementor-element elementor-element-5fc34760 e-flex e-con-boxed wpr-particle-no wpr-jarallax-no wpr-parallax-no wpr-sticky-section-no e-con e-parent\" data-id=\"5fc34760\" data-element_type=\"container\">\n\t\t\t\t\t<div class=\"e-con-inner\">\n\t\t<div class=\"elementor-element elementor-element-1438bab4 e-con-full e-flex wpr-particle-no wpr-jarallax-no wpr-parallax-no wpr-sticky-section-no e-con e-child\" data-id=\"1438bab4\" data-element_type=\"container\">\n\t\t\t\t<div class=\"elementor-element elementor-element-75b02547 elementor-invisible elementor-widget elementor-widget-image\" data-id=\"75b02547\" data-element_type=\"widget\" data-settings=\"{&quot;_animation&quot;:&quot;fadeIn&quot;,&quot;_animation_mobile&quot;:&quot;fadeIn&quot;,&quot;_animation_delay&quot;:500}\" data-widget_type=\"image.default\">\n\t\t\t\t<div class=\"elementor-widget-container\">\n\t\t\t\t\t\t\t\t\t\t\t\t\t\t\t<img decoding=\"async\" width=\"800\" height=\"600\" src=\"https:\/\/arbraculture.fr\/wp-content\/uploads\/2025\/05\/tilleul-petite-feuille-comestible.jpg\" class=\"attachment-large size-large wp-image-2120\" alt=\"\" srcset=\"https:\/\/arbraculture.fr\/wp-content\/uploads\/2025\/05\/tilleul-petite-feuille-comestible.jpg 800w, https:\/\/arbraculture.fr\/wp-content\/uploads\/2025\/05\/tilleul-petite-feuille-comestible-300x225.jpg 300w, https:\/\/arbraculture.fr\/wp-content\/uploads\/2025\/05\/tilleul-petite-feuille-comestible-768x576.jpg 768w\" sizes=\"(max-width: 800px) 100vw, 800px\" \/>\t\t\t\t\t\t\t\t\t\t\t\t\t\t\t<\/div>\n\t\t\t\t<\/div>\n\t\t\t\t<\/div>\n\t\t<div class=\"elementor-element elementor-element-5e0d0d2d e-con-full e-flex wpr-particle-no wpr-jarallax-no wpr-parallax-no wpr-sticky-section-no e-con e-child\" data-id=\"5e0d0d2d\" data-element_type=\"container\">\n\t\t\t\t<div class=\"elementor-element elementor-element-3790cf33 animated-slow elementor-invisible elementor-widget elementor-widget-image\" data-id=\"3790cf33\" data-element_type=\"widget\" data-settings=\"{&quot;_animation&quot;:&quot;fadeIn&quot;,&quot;_animation_delay&quot;:1000}\" data-widget_type=\"image.default\">\n\t\t\t\t<div class=\"elementor-widget-container\">\n\t\t\t\t\t\t\t\t\t\t\t\t\t\t\t<img decoding=\"async\" width=\"888\" height=\"613\" src=\"https:\/\/arbraculture.fr\/wp-content\/uploads\/2025\/05\/tilleul-petite-feuille-fleurs.jpg\" class=\"attachment-large size-large wp-image-2119\" alt=\"\" srcset=\"https:\/\/arbraculture.fr\/wp-content\/uploads\/2025\/05\/tilleul-petite-feuille-fleurs.jpg 888w, https:\/\/arbraculture.fr\/wp-content\/uploads\/2025\/05\/tilleul-petite-feuille-fleurs-300x207.jpg 300w, https:\/\/arbraculture.fr\/wp-content\/uploads\/2025\/05\/tilleul-petite-feuille-fleurs-768x530.jpg 768w\" sizes=\"(max-width: 888px) 100vw, 888px\" \/>\t\t\t\t\t\t\t\t\t\t\t\t\t\t\t<\/div>\n\t\t\t\t<\/div>\n\t\t\t\t<div class=\"elementor-element elementor-element-4963453f elementor-widget__width-initial animated-slow elementor-invisible elementor-widget elementor-widget-text-editor\" data-id=\"4963453f\" data-element_type=\"widget\" data-settings=\"{&quot;_animation&quot;:&quot;fadeIn&quot;,&quot;_animation_delay&quot;:500}\" data-widget_type=\"text-editor.default\">\n\t\t\t\t<div class=\"elementor-widget-container\">\n\t\t\t\t\t\t\t\t\t<p><b>Plantation<\/b><span style=\"font-weight: 400;\"> : <\/span><span style=\"font-weight: 400;\">En isol\u00e9, parfois t\u00eatard (on recoupe la t\u00eate tous les ans)<\/span><span style=\"font-weight: 400;\">.<\/span>\u00a0<\/p><p><b>Parties utilis\u00e9es<\/b><span style=\"font-weight: 400;\"> : C\u2019est un arbre aux multiples usages. Ses feuilles tendres au printemps sont comestibles. C\u2019est une salade en arbre. La feuille est douce et mucilagineuse. Le stade jeune ne dure pas longtemps, elle devient plus amer lorsqu\u2019elle grandit. Les fleurs se consomment en tisane, ont des vertues calmantes, puis les fruits \u00e9galement. L\u2019aubier (sous l\u2019\u00e9corce) se consomme en d\u00e9coction.<\/span><\/p><p><b>Toxicit\u00e9<\/b><span style=\"font-weight: 400;\"> : Aucune.<\/span><\/p>\t\t\t\t\t\t\t\t<\/div>\n\t\t\t\t<\/div>\n\t\t\t\t<\/div>\n\t\t\t\t\t<\/div>\n\t\t\t\t<\/div>\n\t\t<div class=\"elementor-element elementor-element-765ec65d e-con-full e-flex wpr-particle-no wpr-jarallax-no wpr-parallax-no wpr-sticky-section-no e-con e-child\" data-id=\"765ec65d\" data-element_type=\"container\">\n\t\t\t\t<div class=\"elementor-element elementor-element-6d7ba9f4 elementor-widget elementor-widget-heading\" data-id=\"6d7ba9f4\" data-element_type=\"widget\" data-widget_type=\"heading.default\">\n\t\t\t\t<div class=\"elementor-widget-container\">\n\t\t\t\t\t<h2 class=\"elementor-heading-title elementor-size-default\">En d\u00e9couvrir plus ?<\/h2>\t\t\t\t<\/div>\n\t\t\t\t<\/div>\n\t\t\t\t<div class=\"elementor-element elementor-element-60883198 elementor-widget__width-initial elementor-widget elementor-widget-text-editor\" data-id=\"60883198\" data-element_type=\"widget\" data-widget_type=\"text-editor.default\">\n\t\t\t\t<div class=\"elementor-widget-container\">\n\t\t\t\t\t\t\t\t\t<p>D\u00e9couvrez nos conseils, nos plantes.<br \/>Mais aussi nos r\u00e9alisations :<\/p>\t\t\t\t\t\t\t\t<\/div>\n\t\t\t\t<\/div>\n\t\t<div class=\"elementor-element elementor-element-ee5f3c0 e-con-full e-flex wpr-particle-no wpr-jarallax-no wpr-parallax-no wpr-sticky-section-no e-con e-child\" data-id=\"ee5f3c0\" data-element_type=\"container\">\n\t\t\t\t<div class=\"elementor-element elementor-element-646f5fc9 elementor-widget elementor-widget-button\" data-id=\"646f5fc9\" data-element_type=\"widget\" data-widget_type=\"button.default\">\n\t\t\t\t<div class=\"elementor-widget-container\">\n\t\t\t\t\t\t\t\t\t<div class=\"elementor-button-wrapper\">\n\t\t\t\t\t<a class=\"elementor-button elementor-button-link elementor-size-sm\" href=\"https:\/\/arbraculture.fr\/index.php\/guide-du-jardin\/\">\n\t\t\t\t\t\t<span class=\"elementor-button-content-wrapper\">\n\t\t\t\t\t\t\t\t\t<span class=\"elementor-button-text\">Guide du jardin<\/span>\n\t\t\t\t\t<\/span>\n\t\t\t\t\t<\/a>\n\t\t\t\t<\/div>\n\t\t\t\t\t\t\t\t<\/div>\n\t\t\t\t<\/div>\n\t\t\t\t<div class=\"elementor-element elementor-element-466f8c11 elementor-widget elementor-widget-button\" data-id=\"466f8c11\" data-element_type=\"widget\" data-widget_type=\"button.default\">\n\t\t\t\t<div class=\"elementor-widget-container\">\n\t\t\t\t\t\t\t\t\t<div class=\"elementor-button-wrapper\">\n\t\t\t\t\t<a class=\"elementor-button elementor-button-link elementor-size-sm\" href=\"https:\/\/arbraculture.fr\/index.php\/projets\/\">\n\t\t\t\t\t\t<span class=\"elementor-button-content-wrapper\">\n\t\t\t\t\t\t\t\t\t<span class=\"elementor-button-text\">Projets<\/span>\n\t\t\t\t\t<\/span>\n\t\t\t\t\t<\/a>\n\t\t\t\t<\/div>\n\t\t\t\t\t\t\t\t<\/div>\n\t\t\t\t<\/div>\n\t\t\t\t<\/div>\n\t\t\t\t<\/div>\n\t\t\t\t<\/div>\n\t\t","protected":false},"excerpt":{"rendered":"<p>Tilleul \u00e0 petites feuilles tillia Synonyme(s) : \/ Origine : Europe Description de la plante : Le tilleul est un arbre que l\u2019on plante souvent isol\u00e9ment, et que l\u2019on retrouve aussi sur les parkings, en ville, en plantation ornementale ou pour faire de l\u2019ombre. Il a une croissance plut\u00f4t lente et peut atteindre 25m de haut. Plantation : En isol\u00e9, parfois t\u00eatard (on recoupe la t\u00eate tous les ans).\u00a0 Parties utilis\u00e9es : C\u2019est un arbre aux multiples usages. Ses feuilles tendres au printemps sont comestibles. C\u2019est une salade en arbre. La feuille est douce et mucilagineuse. Le stade jeune ne dure pas longtemps, elle devient plus amer lorsqu\u2019elle grandit. Les fleurs se consomment en tisane, ont des vertues calmantes, puis les fruits \u00e9galement. L\u2019aubier (sous l\u2019\u00e9corce) se consomme en d\u00e9coction. Toxicit\u00e9 : Aucune. En d\u00e9couvrir plus ? D\u00e9couvrez nos conseils, nos plantes.Mais aussi nos r\u00e9alisations : Guide du jardin Projets<\/p>\n","protected":false},"author":2,"featured_media":0,"parent":0,"menu_order":0,"comment_status":"closed","ping_status":"closed","template":"","meta":{"site-sidebar-layout":"no-sidebar","site-content-layout":"","ast-site-content-layout":"full-width-container","site-content-style":"default","site-sidebar-style":"default","ast-global-header-display":"","ast-banner-title-visibility":"","ast-main-header-display":"","ast-hfb-above-header-display":"","ast-hfb-below-header-display":"","ast-hfb-mobile-header-display":"","site-post-title":"disabled","ast-breadcrumbs-content":"","ast-featured-img":"disabled","footer-sml-layout":"","theme-transparent-header-meta":"","adv-header-id-meta":"","stick-header-meta":"","header-above-stick-meta":"","header-main-stick-meta":"","header-below-stick-meta":"","astra-migrate-meta-layouts":"default","ast-page-background-enabled":"default","ast-page-background-meta":{"desktop":{"background-color":"var(--ast-global-color-5)","background-image":"","background-repeat":"repeat","background-position":"center center","background-size":"auto","background-attachment":"scroll","background-type":"","background-media":"","overlay-type":"","overlay-color":"","overlay-opacity":"","overlay-gradient":""},"tablet":{"background-color":"","background-image":"","background-repeat":"repeat","background-position":"center center","background-size":"auto","background-attachment":"scroll","background-type":"","background-media":"","overlay-type":"","overlay-color":"","overlay-opacity":"","overlay-gradient":""},"mobile":{"background-color":"","background-image":"","background-repeat":"repeat","background-position":"center center","background-size":"auto","background-attachment":"scroll","background-type":"","background-media":"","overlay-type":"","overlay-color":"","overlay-opacity":"","overlay-gradient":""}},"ast-content-background-meta":{"desktop":{"background-color":"var(--ast-global-color-4)","background-image":"","background-repeat":"repeat","background-position":"center center","background-size":"auto","background-attachment":"scroll","background-type":"","background-media":"","overlay-type":"","overlay-color":"","overlay-opacity":"","overlay-gradient":""},"tablet":{"background-color":"var(--ast-global-color-4)","background-image":"","background-repeat":"repeat","background-position":"center center","background-size":"auto","background-attachment":"scroll","background-type":"","background-media":"","overlay-type":"","overlay-color":"","overlay-opacity":"","overlay-gradient":""},"mobile":{"background-color":"var(--ast-global-color-4)","background-image":"","background-repeat":"repeat","background-position":"center center","background-size":"auto","background-attachment":"scroll","background-type":"","background-media":"","overlay-type":"","overlay-color":"","overlay-opacity":"","overlay-gradient":""}},"footnotes":""},"class_list":["post-1928","page","type-page","status-publish","hentry"],"yoast_head":"<!-- This site is optimized with the Yoast SEO plugin v26.7 - https:\/\/yoast.com\/wordpress\/plugins\/seo\/ -->\n<title>Plante - Tilleul \u00e0 petites feuiiles - Arbraculture<\/title>\n<meta name=\"robots\" content=\"index, follow, max-snippet:-1, max-image-preview:large, max-video-preview:-1\" \/>\n<link rel=\"canonical\" href=\"https:\/\/arbraculture.fr\/index.php\/tilleul-petites-feuiiles\/\" \/>\n<meta property=\"og:locale\" content=\"fr_FR\" \/>\n<meta property=\"og:type\" content=\"article\" \/>\n<meta property=\"og:title\" content=\"Plante - Tilleul \u00e0 petites feuiiles - Arbraculture\" \/>\n<meta property=\"og:description\" content=\"Tilleul \u00e0 petites feuilles tillia Synonyme(s) : \/ Origine : Europe Description de la plante : Le tilleul est un arbre que l\u2019on plante souvent isol\u00e9ment, et que l\u2019on retrouve aussi sur les parkings, en ville, en plantation ornementale ou pour faire de l\u2019ombre. Il a une croissance plut\u00f4t lente et peut atteindre 25m de haut. Plantation : En isol\u00e9, parfois t\u00eatard (on recoupe la t\u00eate tous les ans).\u00a0 Parties utilis\u00e9es : C\u2019est un arbre aux multiples usages. Ses feuilles tendres au printemps sont comestibles. C\u2019est une salade en arbre. La feuille est douce et mucilagineuse. Le stade jeune ne dure pas longtemps, elle devient plus amer lorsqu\u2019elle grandit. Les fleurs se consomment en tisane, ont des vertues calmantes, puis les fruits \u00e9galement. L\u2019aubier (sous l\u2019\u00e9corce) se consomme en d\u00e9coction. Toxicit\u00e9 : Aucune. En d\u00e9couvrir plus ? D\u00e9couvrez nos conseils, nos plantes.Mais aussi nos r\u00e9alisations : Guide du jardin Projets\" \/>\n<meta property=\"og:url\" content=\"https:\/\/arbraculture.fr\/index.php\/tilleul-petites-feuiiles\/\" \/>\n<meta property=\"og:site_name\" content=\"Arbraculture\" \/>\n<meta property=\"article:publisher\" content=\"https:\/\/www.facebook.com\/Arbraculture\/?locale=fr_FR\" \/>\n<meta property=\"article:modified_time\" content=\"2025-05-19T14:46:21+00:00\" \/>\n<meta property=\"og:image\" content=\"https:\/\/arbraculture.fr\/wp-content\/uploads\/2025\/05\/tilleul-petite-feuille-fruits.jpg\" \/>\n\t<meta property=\"og:image:width\" content=\"722\" \/>\n\t<meta property=\"og:image:height\" content=\"765\" \/>\n\t<meta property=\"og:image:type\" content=\"image\/jpeg\" \/>\n<meta name=\"twitter:card\" content=\"summary_large_image\" \/>\n<meta name=\"twitter:label1\" content=\"Dur\u00e9e de lecture estim\u00e9e\" \/>\n\t<meta name=\"twitter:data1\" content=\"1 minute\" \/>\n<script type=\"application\/ld+json\" class=\"yoast-schema-graph\">{\"@context\":\"https:\/\/schema.org\",\"@graph\":[{\"@type\":\"WebPage\",\"@id\":\"https:\/\/arbraculture.fr\/index.php\/tilleul-petites-feuiiles\/\",\"url\":\"https:\/\/arbraculture.fr\/index.php\/tilleul-petites-feuiiles\/\",\"name\":\"Plante - Tilleul \u00e0 petites feuiiles - Arbraculture\",\"isPartOf\":{\"@id\":\"https:\/\/arbraculture.fr\/#website\"},\"primaryImageOfPage\":{\"@id\":\"https:\/\/arbraculture.fr\/index.php\/tilleul-petites-feuiiles\/#primaryimage\"},\"image\":{\"@id\":\"https:\/\/arbraculture.fr\/index.php\/tilleul-petites-feuiiles\/#primaryimage\"},\"thumbnailUrl\":\"https:\/\/arbraculture.fr\/wp-content\/uploads\/2025\/05\/tilleul-petite-feuille-fruits.jpg\",\"datePublished\":\"2025-05-07T07:49:52+00:00\",\"dateModified\":\"2025-05-19T14:46:21+00:00\",\"breadcrumb\":{\"@id\":\"https:\/\/arbraculture.fr\/index.php\/tilleul-petites-feuiiles\/#breadcrumb\"},\"inLanguage\":\"fr-FR\",\"potentialAction\":[{\"@type\":\"ReadAction\",\"target\":[\"https:\/\/arbraculture.fr\/index.php\/tilleul-petites-feuiiles\/\"]}]},{\"@type\":\"ImageObject\",\"inLanguage\":\"fr-FR\",\"@id\":\"https:\/\/arbraculture.fr\/index.php\/tilleul-petites-feuiiles\/#primaryimage\",\"url\":\"https:\/\/arbraculture.fr\/wp-content\/uploads\/2025\/05\/tilleul-petite-feuille-fruits.jpg\",\"contentUrl\":\"https:\/\/arbraculture.fr\/wp-content\/uploads\/2025\/05\/tilleul-petite-feuille-fruits.jpg\",\"width\":722,\"height\":765},{\"@type\":\"BreadcrumbList\",\"@id\":\"https:\/\/arbraculture.fr\/index.php\/tilleul-petites-feuiiles\/#breadcrumb\",\"itemListElement\":[{\"@type\":\"ListItem\",\"position\":1,\"name\":\"Accueil\",\"item\":\"https:\/\/arbraculture.fr\/\"},{\"@type\":\"ListItem\",\"position\":2,\"name\":\"Plante &#8211; Tilleul \u00e0 petites feuiiles\"}]},{\"@type\":\"WebSite\",\"@id\":\"https:\/\/arbraculture.fr\/#website\",\"url\":\"https:\/\/arbraculture.fr\/\",\"name\":\"Arbraculture\",\"description\":\"La transition paysag\u00e8re utile et naturelle\",\"publisher\":{\"@id\":\"https:\/\/arbraculture.fr\/#organization\"},\"potentialAction\":[{\"@type\":\"SearchAction\",\"target\":{\"@type\":\"EntryPoint\",\"urlTemplate\":\"https:\/\/arbraculture.fr\/?s={search_term_string}\"},\"query-input\":{\"@type\":\"PropertyValueSpecification\",\"valueRequired\":true,\"valueName\":\"search_term_string\"}}],\"inLanguage\":\"fr-FR\"},{\"@type\":\"Organization\",\"@id\":\"https:\/\/arbraculture.fr\/#organization\",\"name\":\"Arbraculture\",\"url\":\"https:\/\/arbraculture.fr\/\",\"logo\":{\"@type\":\"ImageObject\",\"inLanguage\":\"fr-FR\",\"@id\":\"https:\/\/arbraculture.fr\/#\/schema\/logo\/image\/\",\"url\":\"https:\/\/arbraculture.fr\/wp-content\/uploads\/2025\/03\/cropped-Arbraculture-logo-site.png\",\"contentUrl\":\"https:\/\/arbraculture.fr\/wp-content\/uploads\/2025\/03\/cropped-Arbraculture-logo-site.png\",\"width\":1198,\"height\":1012,\"caption\":\"Arbraculture\"},\"image\":{\"@id\":\"https:\/\/arbraculture.fr\/#\/schema\/logo\/image\/\"},\"sameAs\":[\"https:\/\/www.facebook.com\/Arbraculture\/?locale=fr_FR\",\"https:\/\/www.linkedin.com\/company\/arbraculture\/?originalSubdomain=fr\",\"https:\/\/www.instagram.com\/arbraculture\/?hl=fr\"]}]}<\/script>\n<!-- \/ Yoast SEO plugin. -->","yoast_head_json":{"title":"Plante - Tilleul \u00e0 petites feuiiles - Arbraculture","robots":{"index":"index","follow":"follow","max-snippet":"max-snippet:-1","max-image-preview":"max-image-preview:large","max-video-preview":"max-video-preview:-1"},"canonical":"https:\/\/arbraculture.fr\/index.php\/tilleul-petites-feuiiles\/","og_locale":"fr_FR","og_type":"article","og_title":"Plante - Tilleul \u00e0 petites feuiiles - Arbraculture","og_description":"Tilleul \u00e0 petites feuilles tillia Synonyme(s) : \/ Origine : Europe Description de la plante : Le tilleul est un arbre que l\u2019on plante souvent isol\u00e9ment, et que l\u2019on retrouve aussi sur les parkings, en ville, en plantation ornementale ou pour faire de l\u2019ombre. Il a une croissance plut\u00f4t lente et peut atteindre 25m de haut. Plantation : En isol\u00e9, parfois t\u00eatard (on recoupe la t\u00eate tous les ans).\u00a0 Parties utilis\u00e9es : C\u2019est un arbre aux multiples usages. Ses feuilles tendres au printemps sont comestibles. C\u2019est une salade en arbre. La feuille est douce et mucilagineuse. Le stade jeune ne dure pas longtemps, elle devient plus amer lorsqu\u2019elle grandit. Les fleurs se consomment en tisane, ont des vertues calmantes, puis les fruits \u00e9galement. L\u2019aubier (sous l\u2019\u00e9corce) se consomme en d\u00e9coction. Toxicit\u00e9 : Aucune. En d\u00e9couvrir plus ? D\u00e9couvrez nos conseils, nos plantes.Mais aussi nos r\u00e9alisations : Guide du jardin Projets","og_url":"https:\/\/arbraculture.fr\/index.php\/tilleul-petites-feuiiles\/","og_site_name":"Arbraculture","article_publisher":"https:\/\/www.facebook.com\/Arbraculture\/?locale=fr_FR","article_modified_time":"2025-05-19T14:46:21+00:00","og_image":[{"width":722,"height":765,"url":"https:\/\/arbraculture.fr\/wp-content\/uploads\/2025\/05\/tilleul-petite-feuille-fruits.jpg","type":"image\/jpeg"}],"twitter_card":"summary_large_image","twitter_misc":{"Dur\u00e9e de lecture estim\u00e9e":"1 minute"},"schema":{"@context":"https:\/\/schema.org","@graph":[{"@type":"WebPage","@id":"https:\/\/arbraculture.fr\/index.php\/tilleul-petites-feuiiles\/","url":"https:\/\/arbraculture.fr\/index.php\/tilleul-petites-feuiiles\/","name":"Plante - Tilleul \u00e0 petites feuiiles - Arbraculture","isPartOf":{"@id":"https:\/\/arbraculture.fr\/#website"},"primaryImageOfPage":{"@id":"https:\/\/arbraculture.fr\/index.php\/tilleul-petites-feuiiles\/#primaryimage"},"image":{"@id":"https:\/\/arbraculture.fr\/index.php\/tilleul-petites-feuiiles\/#primaryimage"},"thumbnailUrl":"https:\/\/arbraculture.fr\/wp-content\/uploads\/2025\/05\/tilleul-petite-feuille-fruits.jpg","datePublished":"2025-05-07T07:49:52+00:00","dateModified":"2025-05-19T14:46:21+00:00","breadcrumb":{"@id":"https:\/\/arbraculture.fr\/index.php\/tilleul-petites-feuiiles\/#breadcrumb"},"inLanguage":"fr-FR","potentialAction":[{"@type":"ReadAction","target":["https:\/\/arbraculture.fr\/index.php\/tilleul-petites-feuiiles\/"]}]},{"@type":"ImageObject","inLanguage":"fr-FR","@id":"https:\/\/arbraculture.fr\/index.php\/tilleul-petites-feuiiles\/#primaryimage","url":"https:\/\/arbraculture.fr\/wp-content\/uploads\/2025\/05\/tilleul-petite-feuille-fruits.jpg","contentUrl":"https:\/\/arbraculture.fr\/wp-content\/uploads\/2025\/05\/tilleul-petite-feuille-fruits.jpg","width":722,"height":765},{"@type":"BreadcrumbList","@id":"https:\/\/arbraculture.fr\/index.php\/tilleul-petites-feuiiles\/#breadcrumb","itemListElement":[{"@type":"ListItem","position":1,"name":"Accueil","item":"https:\/\/arbraculture.fr\/"},{"@type":"ListItem","position":2,"name":"Plante &#8211; Tilleul \u00e0 petites feuiiles"}]},{"@type":"WebSite","@id":"https:\/\/arbraculture.fr\/#website","url":"https:\/\/arbraculture.fr\/","name":"Arbraculture","description":"La transition paysag\u00e8re utile et naturelle","publisher":{"@id":"https:\/\/arbraculture.fr\/#organization"},"potentialAction":[{"@type":"SearchAction","target":{"@type":"EntryPoint","urlTemplate":"https:\/\/arbraculture.fr\/?s={search_term_string}"},"query-input":{"@type":"PropertyValueSpecification","valueRequired":true,"valueName":"search_term_string"}}],"inLanguage":"fr-FR"},{"@type":"Organization","@id":"https:\/\/arbraculture.fr\/#organization","name":"Arbraculture","url":"https:\/\/arbraculture.fr\/","logo":{"@type":"ImageObject","inLanguage":"fr-FR","@id":"https:\/\/arbraculture.fr\/#\/schema\/logo\/image\/","url":"https:\/\/arbraculture.fr\/wp-content\/uploads\/2025\/03\/cropped-Arbraculture-logo-site.png","contentUrl":"https:\/\/arbraculture.fr\/wp-content\/uploads\/2025\/03\/cropped-Arbraculture-logo-site.png","width":1198,"height":1012,"caption":"Arbraculture"},"image":{"@id":"https:\/\/arbraculture.fr\/#\/schema\/logo\/image\/"},"sameAs":["https:\/\/www.facebook.com\/Arbraculture\/?locale=fr_FR","https:\/\/www.linkedin.com\/company\/arbraculture\/?originalSubdomain=fr","https:\/\/www.instagram.com\/arbraculture\/?hl=fr"]}]}},"_links":{"self":[{"href":"https:\/\/arbraculture.fr\/index.php\/wp-json\/wp\/v2\/pages\/1928","targetHints":{"allow":["GET"]}}],"collection":[{"href":"https:\/\/arbraculture.fr\/index.php\/wp-json\/wp\/v2\/pages"}],"about":[{"href":"https:\/\/arbraculture.fr\/index.php\/wp-json\/wp\/v2\/types\/page"}],"author":[{"embeddable":true,"href":"https:\/\/arbraculture.fr\/index.php\/wp-json\/wp\/v2\/users\/2"}],"replies":[{"embeddable":true,"href":"https:\/\/arbraculture.fr\/index.php\/wp-json\/wp\/v2\/comments?post=1928"}],"version-history":[{"count":7,"href":"https:\/\/arbraculture.fr\/index.php\/wp-json\/wp\/v2\/pages\/1928\/revisions"}],"predecessor-version":[{"id":2123,"href":"https:\/\/arbraculture.fr\/index.php\/wp-json\/wp\/v2\/pages\/1928\/revisions\/2123"}],"wp:attachment":[{"href":"https:\/\/arbraculture.fr\/index.php\/wp-json\/wp\/v2\/media?parent=1928"}],"curies":[{"name":"wp","href":"https:\/\/api.w.org\/{rel}","templated":true}]}}