{"id":1881,"date":"2025-04-24T10:00:13","date_gmt":"2025-04-24T08:00:13","guid":{"rendered":"https:\/\/arbraculture.fr\/?page_id=1881"},"modified":"2025-04-24T10:08:24","modified_gmt":"2025-04-24T08:08:24","slug":"plante-prunier","status":"publish","type":"page","link":"https:\/\/arbraculture.fr\/index.php\/plante-prunier\/","title":{"rendered":"Plante &#8211; Prunier"},"content":{"rendered":"\t\t<div data-elementor-type=\"wp-page\" data-elementor-id=\"1881\" class=\"elementor elementor-1881\">\n\t\t\t\t<div class=\"elementor-element elementor-element-7d4804df e-flex e-con-boxed wpr-particle-no wpr-jarallax-no wpr-parallax-no wpr-sticky-section-no e-con e-parent\" data-id=\"7d4804df\" data-element_type=\"container\" data-settings=\"{&quot;background_background&quot;:&quot;classic&quot;}\">\n\t\t\t\t\t<div class=\"e-con-inner\">\n\t\t\t\t<div class=\"elementor-element elementor-element-2a34e2d9 elementor-invisible elementor-widget elementor-widget-heading\" data-id=\"2a34e2d9\" data-element_type=\"widget\" data-settings=\"{&quot;_animation&quot;:&quot;fadeIn&quot;,&quot;_animation_delay&quot;:1000}\" data-widget_type=\"heading.default\">\n\t\t\t\t<div class=\"elementor-widget-container\">\n\t\t\t\t\t<h2 class=\"elementor-heading-title elementor-size-default\">Le Prunier<\/h2>\t\t\t\t<\/div>\n\t\t\t\t<\/div>\n\t\t\t\t<div class=\"elementor-element elementor-element-2f74e117 elementor-invisible elementor-widget elementor-widget-heading\" data-id=\"2f74e117\" data-element_type=\"widget\" data-settings=\"{&quot;_animation&quot;:&quot;fadeIn&quot;,&quot;_animation_delay&quot;:1500}\" data-widget_type=\"heading.default\">\n\t\t\t\t<div class=\"elementor-widget-container\">\n\t\t\t\t\t<h2 class=\"elementor-heading-title elementor-size-default\">Prunus domestica<\/h2>\t\t\t\t<\/div>\n\t\t\t\t<\/div>\n\t\t\t\t\t<\/div>\n\t\t\t\t<\/div>\n\t\t<div class=\"elementor-element elementor-element-2bfd6ec1 e-flex e-con-boxed wpr-particle-no wpr-jarallax-no wpr-parallax-no wpr-sticky-section-no e-con e-parent\" data-id=\"2bfd6ec1\" data-element_type=\"container\">\n\t\t\t\t\t<div class=\"e-con-inner\">\n\t\t<div class=\"elementor-element elementor-element-12237027 e-con-full e-flex wpr-particle-no wpr-jarallax-no wpr-parallax-no wpr-sticky-section-no e-con e-child\" data-id=\"12237027\" data-element_type=\"container\">\n\t\t\t\t<div class=\"elementor-element elementor-element-a597980 animated-slow elementor-invisible elementor-widget elementor-widget-image\" data-id=\"a597980\" data-element_type=\"widget\" data-settings=\"{&quot;_animation&quot;:&quot;fadeInLeft&quot;,&quot;_animation_delay&quot;:2000}\" data-widget_type=\"image.default\">\n\t\t\t\t<div class=\"elementor-widget-container\">\n\t\t\t\t\t\t\t\t\t\t\t\t\t\t\t<img fetchpriority=\"high\" decoding=\"async\" width=\"728\" height=\"971\" src=\"https:\/\/arbraculture.fr\/wp-content\/uploads\/2025\/04\/Camerisier-03.jpg\" class=\"attachment-large size-large wp-image-834\" alt=\"\" srcset=\"https:\/\/arbraculture.fr\/wp-content\/uploads\/2025\/04\/Camerisier-03.jpg 728w, https:\/\/arbraculture.fr\/wp-content\/uploads\/2025\/04\/Camerisier-03-225x300.jpg 225w\" sizes=\"(max-width: 728px) 100vw, 728px\" \/>\t\t\t\t\t\t\t\t\t\t\t\t\t\t\t<\/div>\n\t\t\t\t<\/div>\n\t\t\t\t<\/div>\n\t\t<div class=\"elementor-element elementor-element-6d5ad7d0 e-con-full e-flex wpr-particle-no wpr-jarallax-no wpr-parallax-no wpr-sticky-section-no e-con e-child\" data-id=\"6d5ad7d0\" data-element_type=\"container\">\n\t\t\t\t<div class=\"elementor-element elementor-element-66b8a158 elementor-widget__width-initial animated-slow elementor-invisible elementor-widget elementor-widget-text-editor\" data-id=\"66b8a158\" data-element_type=\"widget\" data-settings=\"{&quot;_animation&quot;:&quot;fadeIn&quot;,&quot;_animation_delay&quot;:2500}\" data-widget_type=\"text-editor.default\">\n\t\t\t\t<div class=\"elementor-widget-container\">\n\t\t\t\t\t\t\t\t\t<p><b>Vari\u00e9t\u00e9<\/b><span style=\"font-weight: 400;\"> : \u201cGoutte d\u2019or de Coe\u201d<\/span><\/p><p><b>Origine<\/b><span style=\"font-weight: 400;\"> : Angleterre<br \/><\/span><\/p><p><b>Description de la plante<\/b><span style=\"font-weight: 400;\"> : Le prunier Goutte D\u2019or de Coe est une vari\u00e9t\u00e9 de r\u00e9f\u00e9rence pour nos r\u00e9gions, obtenue au XIX\u1d49 si\u00e8cle par M. Jervoise Coe en Angleterre. Rustique, et donnant des fruits d\u2019excellente qualit\u00e9, il s\u2019est alors impos\u00e9 en culture dans les jardins familiaux. Il rentre dans la cat\u00e9gorie des prunes tardives, les derni\u00e8res en saison. L\u2019arbre poss\u00e8de un port \u00e0 la limite du pleureur, ce qui peut lui valoir d\u2019\u00eatre ornemental. Ses fruits se conservent longtemps m\u00eame apr\u00e8s cueillette. <\/span><\/p>\t\t\t\t\t\t\t\t<\/div>\n\t\t\t\t<\/div>\n\t\t\t\t<\/div>\n\t\t\t\t\t<\/div>\n\t\t\t\t<\/div>\n\t\t<div class=\"elementor-element elementor-element-22d4d214 e-flex e-con-boxed wpr-particle-no wpr-jarallax-no wpr-parallax-no wpr-sticky-section-no e-con e-parent\" data-id=\"22d4d214\" data-element_type=\"container\">\n\t\t\t\t\t<div class=\"e-con-inner\">\n\t\t<div class=\"elementor-element elementor-element-c3d089b e-con-full e-flex wpr-particle-no wpr-jarallax-no wpr-parallax-no wpr-sticky-section-no e-con e-child\" data-id=\"c3d089b\" data-element_type=\"container\">\n\t\t\t\t<div class=\"elementor-element elementor-element-72e48fac elementor-invisible elementor-widget elementor-widget-image\" data-id=\"72e48fac\" data-element_type=\"widget\" data-settings=\"{&quot;_animation&quot;:&quot;fadeIn&quot;,&quot;_animation_mobile&quot;:&quot;fadeIn&quot;,&quot;_animation_delay&quot;:500}\" data-widget_type=\"image.default\">\n\t\t\t\t<div class=\"elementor-widget-container\">\n\t\t\t\t\t\t\t\t\t\t\t\t\t\t\t<img decoding=\"async\" width=\"1024\" height=\"1024\" src=\"https:\/\/arbraculture.fr\/wp-content\/uploads\/2025\/04\/Camerisier-02-1024x1024.jpg\" class=\"attachment-large size-large wp-image-833\" alt=\"\" srcset=\"https:\/\/arbraculture.fr\/wp-content\/uploads\/2025\/04\/Camerisier-02-1024x1024.jpg 1024w, https:\/\/arbraculture.fr\/wp-content\/uploads\/2025\/04\/Camerisier-02-300x300.jpg 300w, https:\/\/arbraculture.fr\/wp-content\/uploads\/2025\/04\/Camerisier-02-150x150.jpg 150w, https:\/\/arbraculture.fr\/wp-content\/uploads\/2025\/04\/Camerisier-02-768x768.jpg 768w, https:\/\/arbraculture.fr\/wp-content\/uploads\/2025\/04\/Camerisier-02.jpg 1200w\" sizes=\"(max-width: 1024px) 100vw, 1024px\" \/>\t\t\t\t\t\t\t\t\t\t\t\t\t\t\t<\/div>\n\t\t\t\t<\/div>\n\t\t\t\t<\/div>\n\t\t<div class=\"elementor-element elementor-element-624aee2 e-con-full e-flex wpr-particle-no wpr-jarallax-no wpr-parallax-no wpr-sticky-section-no e-con e-child\" data-id=\"624aee2\" data-element_type=\"container\">\n\t\t\t\t<div class=\"elementor-element elementor-element-25c233bb animated-slow elementor-invisible elementor-widget elementor-widget-image\" data-id=\"25c233bb\" data-element_type=\"widget\" data-settings=\"{&quot;_animation&quot;:&quot;fadeIn&quot;,&quot;_animation_delay&quot;:1000}\" data-widget_type=\"image.default\">\n\t\t\t\t<div class=\"elementor-widget-container\">\n\t\t\t\t\t\t\t\t\t\t\t\t\t\t\t<img decoding=\"async\" width=\"640\" height=\"480\" src=\"https:\/\/arbraculture.fr\/wp-content\/uploads\/2025\/04\/Camerisier-01.jpg\" class=\"attachment-large size-large wp-image-832\" alt=\"\" srcset=\"https:\/\/arbraculture.fr\/wp-content\/uploads\/2025\/04\/Camerisier-01.jpg 640w, https:\/\/arbraculture.fr\/wp-content\/uploads\/2025\/04\/Camerisier-01-300x225.jpg 300w\" sizes=\"(max-width: 640px) 100vw, 640px\" \/>\t\t\t\t\t\t\t\t\t\t\t\t\t\t\t<\/div>\n\t\t\t\t<\/div>\n\t\t\t\t<div class=\"elementor-element elementor-element-863198e elementor-widget__width-initial animated-slow elementor-invisible elementor-widget elementor-widget-text-editor\" data-id=\"863198e\" data-element_type=\"widget\" data-settings=\"{&quot;_animation&quot;:&quot;fadeIn&quot;,&quot;_animation_delay&quot;:500}\" data-widget_type=\"text-editor.default\">\n\t\t\t\t<div class=\"elementor-widget-container\">\n\t\t\t\t\t\t\t\t\t<p><b>P\u00e9riode de r\u00e9colte du fruit<\/b><span style=\"font-weight: 400;\"> : Ao\u00fbt &#8211; septembre.<\/span>\u00a0<\/p><p><b>Description du fruit<\/b><span style=\"font-weight: 400;\"> : Le fruit est jaune orang\u00e9, ovale, l\u00e9g\u00e8rement piquet\u00e9 de rouge comme certaines vari\u00e9t\u00e9s d\u2019abricot.<\/span><\/p><p><b>Go\u00fbt du fruit<\/b><span style=\"font-weight: 400;\"> : \u00a0Sa chair est sucr\u00e9e, juteuse, parfum\u00e9e. se consomme frais ou cuit.<\/span><\/p>\t\t\t\t\t\t\t\t<\/div>\n\t\t\t\t<\/div>\n\t\t\t\t<\/div>\n\t\t\t\t\t<\/div>\n\t\t\t\t<\/div>\n\t\t<div class=\"elementor-element elementor-element-4fa727e4 e-con-full e-flex wpr-particle-no wpr-jarallax-no wpr-parallax-no wpr-sticky-section-no e-con e-child\" data-id=\"4fa727e4\" data-element_type=\"container\">\n\t\t\t\t<div class=\"elementor-element elementor-element-7abb2949 elementor-widget elementor-widget-heading\" data-id=\"7abb2949\" data-element_type=\"widget\" data-widget_type=\"heading.default\">\n\t\t\t\t<div class=\"elementor-widget-container\">\n\t\t\t\t\t<h2 class=\"elementor-heading-title elementor-size-default\">En d\u00e9couvrir plus ?<\/h2>\t\t\t\t<\/div>\n\t\t\t\t<\/div>\n\t\t\t\t<div class=\"elementor-element elementor-element-1f9f7bce elementor-widget__width-initial elementor-widget elementor-widget-text-editor\" data-id=\"1f9f7bce\" data-element_type=\"widget\" data-widget_type=\"text-editor.default\">\n\t\t\t\t<div class=\"elementor-widget-container\">\n\t\t\t\t\t\t\t\t\t<p>D\u00e9couvrez nos conseils, nos plantes.<br \/>Mais aussi nos r\u00e9alisations :<\/p>\t\t\t\t\t\t\t\t<\/div>\n\t\t\t\t<\/div>\n\t\t<div class=\"elementor-element elementor-element-148724c1 e-con-full e-flex wpr-particle-no wpr-jarallax-no wpr-parallax-no wpr-sticky-section-no e-con e-child\" data-id=\"148724c1\" data-element_type=\"container\">\n\t\t\t\t<div class=\"elementor-element elementor-element-5e9c8db8 elementor-widget elementor-widget-button\" data-id=\"5e9c8db8\" data-element_type=\"widget\" data-widget_type=\"button.default\">\n\t\t\t\t<div class=\"elementor-widget-container\">\n\t\t\t\t\t\t\t\t\t<div class=\"elementor-button-wrapper\">\n\t\t\t\t\t<a class=\"elementor-button elementor-button-link elementor-size-sm\" href=\"https:\/\/arbraculture.fr\/index.php\/guide-du-jardin\/\">\n\t\t\t\t\t\t<span class=\"elementor-button-content-wrapper\">\n\t\t\t\t\t\t\t\t\t<span class=\"elementor-button-text\">Guide du jardin<\/span>\n\t\t\t\t\t<\/span>\n\t\t\t\t\t<\/a>\n\t\t\t\t<\/div>\n\t\t\t\t\t\t\t\t<\/div>\n\t\t\t\t<\/div>\n\t\t\t\t<div class=\"elementor-element elementor-element-468e9e98 elementor-widget elementor-widget-button\" data-id=\"468e9e98\" data-element_type=\"widget\" data-widget_type=\"button.default\">\n\t\t\t\t<div class=\"elementor-widget-container\">\n\t\t\t\t\t\t\t\t\t<div class=\"elementor-button-wrapper\">\n\t\t\t\t\t<a class=\"elementor-button elementor-button-link elementor-size-sm\" href=\"https:\/\/arbraculture.fr\/index.php\/projets\/\">\n\t\t\t\t\t\t<span class=\"elementor-button-content-wrapper\">\n\t\t\t\t\t\t\t\t\t<span class=\"elementor-button-text\">Projets<\/span>\n\t\t\t\t\t<\/span>\n\t\t\t\t\t<\/a>\n\t\t\t\t<\/div>\n\t\t\t\t\t\t\t\t<\/div>\n\t\t\t\t<\/div>\n\t\t\t\t<\/div>\n\t\t\t\t<\/div>\n\t\t\t\t<\/div>\n\t\t","protected":false},"excerpt":{"rendered":"<p>Le Prunier Prunus domestica Vari\u00e9t\u00e9 : \u201cGoutte d\u2019or de Coe\u201d Origine : Angleterre Description de la plante : Le prunier Goutte D\u2019or de Coe est une vari\u00e9t\u00e9 de r\u00e9f\u00e9rence pour nos r\u00e9gions, obtenue au XIX\u1d49 si\u00e8cle par M. Jervoise Coe en Angleterre. Rustique, et donnant des fruits d\u2019excellente qualit\u00e9, il s\u2019est alors impos\u00e9 en culture dans les jardins familiaux. Il rentre dans la cat\u00e9gorie des prunes tardives, les derni\u00e8res en saison. L\u2019arbre poss\u00e8de un port \u00e0 la limite du pleureur, ce qui peut lui valoir d\u2019\u00eatre ornemental. Ses fruits se conservent longtemps m\u00eame apr\u00e8s cueillette. P\u00e9riode de r\u00e9colte du fruit : Ao\u00fbt &#8211; septembre.\u00a0 Description du fruit : Le fruit est jaune orang\u00e9, ovale, l\u00e9g\u00e8rement piquet\u00e9 de rouge comme certaines vari\u00e9t\u00e9s d\u2019abricot. Go\u00fbt du fruit : \u00a0Sa chair est sucr\u00e9e, juteuse, parfum\u00e9e. se consomme frais ou cuit. En d\u00e9couvrir plus ? D\u00e9couvrez nos conseils, nos plantes.Mais aussi nos r\u00e9alisations : Guide du jardin Projets<\/p>\n","protected":false},"author":2,"featured_media":0,"parent":0,"menu_order":0,"comment_status":"closed","ping_status":"closed","template":"","meta":{"site-sidebar-layout":"no-sidebar","site-content-layout":"","ast-site-content-layout":"full-width-container","site-content-style":"default","site-sidebar-style":"default","ast-global-header-display":"","ast-banner-title-visibility":"","ast-main-header-display":"","ast-hfb-above-header-display":"","ast-hfb-below-header-display":"","ast-hfb-mobile-header-display":"","site-post-title":"disabled","ast-breadcrumbs-content":"","ast-featured-img":"disabled","footer-sml-layout":"","theme-transparent-header-meta":"","adv-header-id-meta":"","stick-header-meta":"","header-above-stick-meta":"","header-main-stick-meta":"","header-below-stick-meta":"","astra-migrate-meta-layouts":"default","ast-page-background-enabled":"default","ast-page-background-meta":{"desktop":{"background-color":"var(--ast-global-color-5)","background-image":"","background-repeat":"repeat","background-position":"center center","background-size":"auto","background-attachment":"scroll","background-type":"","background-media":"","overlay-type":"","overlay-color":"","overlay-opacity":"","overlay-gradient":""},"tablet":{"background-color":"","background-image":"","background-repeat":"repeat","background-position":"center center","background-size":"auto","background-attachment":"scroll","background-type":"","background-media":"","overlay-type":"","overlay-color":"","overlay-opacity":"","overlay-gradient":""},"mobile":{"background-color":"","background-image":"","background-repeat":"repeat","background-position":"center center","background-size":"auto","background-attachment":"scroll","background-type":"","background-media":"","overlay-type":"","overlay-color":"","overlay-opacity":"","overlay-gradient":""}},"ast-content-background-meta":{"desktop":{"background-color":"var(--ast-global-color-4)","background-image":"","background-repeat":"repeat","background-position":"center center","background-size":"auto","background-attachment":"scroll","background-type":"","background-media":"","overlay-type":"","overlay-color":"","overlay-opacity":"","overlay-gradient":""},"tablet":{"background-color":"var(--ast-global-color-4)","background-image":"","background-repeat":"repeat","background-position":"center center","background-size":"auto","background-attachment":"scroll","background-type":"","background-media":"","overlay-type":"","overlay-color":"","overlay-opacity":"","overlay-gradient":""},"mobile":{"background-color":"var(--ast-global-color-4)","background-image":"","background-repeat":"repeat","background-position":"center center","background-size":"auto","background-attachment":"scroll","background-type":"","background-media":"","overlay-type":"","overlay-color":"","overlay-opacity":"","overlay-gradient":""}},"footnotes":""},"class_list":["post-1881","page","type-page","status-publish","hentry"],"yoast_head":"<!-- This site is optimized with the Yoast SEO plugin v26.7 - https:\/\/yoast.com\/wordpress\/plugins\/seo\/ -->\n<title>Plante - Prunier - Arbraculture<\/title>\n<meta name=\"robots\" content=\"index, follow, max-snippet:-1, max-image-preview:large, max-video-preview:-1\" \/>\n<link rel=\"canonical\" href=\"https:\/\/arbraculture.fr\/index.php\/plante-prunier\/\" \/>\n<meta property=\"og:locale\" content=\"fr_FR\" \/>\n<meta property=\"og:type\" content=\"article\" \/>\n<meta property=\"og:title\" content=\"Plante - Prunier - Arbraculture\" \/>\n<meta property=\"og:description\" content=\"Le Prunier Prunus domestica Vari\u00e9t\u00e9 : \u201cGoutte d\u2019or de Coe\u201d Origine : Angleterre Description de la plante : Le prunier Goutte D\u2019or de Coe est une vari\u00e9t\u00e9 de r\u00e9f\u00e9rence pour nos r\u00e9gions, obtenue au XIX\u1d49 si\u00e8cle par M. Jervoise Coe en Angleterre. Rustique, et donnant des fruits d\u2019excellente qualit\u00e9, il s\u2019est alors impos\u00e9 en culture dans les jardins familiaux. Il rentre dans la cat\u00e9gorie des prunes tardives, les derni\u00e8res en saison. L\u2019arbre poss\u00e8de un port \u00e0 la limite du pleureur, ce qui peut lui valoir d\u2019\u00eatre ornemental. Ses fruits se conservent longtemps m\u00eame apr\u00e8s cueillette. P\u00e9riode de r\u00e9colte du fruit : Ao\u00fbt &#8211; septembre.\u00a0 Description du fruit : Le fruit est jaune orang\u00e9, ovale, l\u00e9g\u00e8rement piquet\u00e9 de rouge comme certaines vari\u00e9t\u00e9s d\u2019abricot. Go\u00fbt du fruit : \u00a0Sa chair est sucr\u00e9e, juteuse, parfum\u00e9e. se consomme frais ou cuit. En d\u00e9couvrir plus ? D\u00e9couvrez nos conseils, nos plantes.Mais aussi nos r\u00e9alisations : Guide du jardin Projets\" \/>\n<meta property=\"og:url\" content=\"https:\/\/arbraculture.fr\/index.php\/plante-prunier\/\" \/>\n<meta property=\"og:site_name\" content=\"Arbraculture\" \/>\n<meta property=\"article:publisher\" content=\"https:\/\/www.facebook.com\/Arbraculture\/?locale=fr_FR\" \/>\n<meta property=\"article:modified_time\" content=\"2025-04-24T08:08:24+00:00\" \/>\n<meta property=\"og:image\" content=\"https:\/\/arbraculture.fr\/wp-content\/uploads\/2025\/04\/Camerisier-03.jpg\" \/>\n\t<meta property=\"og:image:width\" content=\"728\" \/>\n\t<meta property=\"og:image:height\" content=\"971\" \/>\n\t<meta property=\"og:image:type\" content=\"image\/jpeg\" \/>\n<meta name=\"twitter:card\" content=\"summary_large_image\" \/>\n<meta name=\"twitter:label1\" content=\"Dur\u00e9e de lecture estim\u00e9e\" \/>\n\t<meta name=\"twitter:data1\" content=\"1 minute\" \/>\n<script type=\"application\/ld+json\" class=\"yoast-schema-graph\">{\"@context\":\"https:\/\/schema.org\",\"@graph\":[{\"@type\":\"WebPage\",\"@id\":\"https:\/\/arbraculture.fr\/index.php\/plante-prunier\/\",\"url\":\"https:\/\/arbraculture.fr\/index.php\/plante-prunier\/\",\"name\":\"Plante - Prunier - Arbraculture\",\"isPartOf\":{\"@id\":\"https:\/\/arbraculture.fr\/#website\"},\"primaryImageOfPage\":{\"@id\":\"https:\/\/arbraculture.fr\/index.php\/plante-prunier\/#primaryimage\"},\"image\":{\"@id\":\"https:\/\/arbraculture.fr\/index.php\/plante-prunier\/#primaryimage\"},\"thumbnailUrl\":\"https:\/\/arbraculture.fr\/wp-content\/uploads\/2025\/04\/Camerisier-03.jpg\",\"datePublished\":\"2025-04-24T08:00:13+00:00\",\"dateModified\":\"2025-04-24T08:08:24+00:00\",\"breadcrumb\":{\"@id\":\"https:\/\/arbraculture.fr\/index.php\/plante-prunier\/#breadcrumb\"},\"inLanguage\":\"fr-FR\",\"potentialAction\":[{\"@type\":\"ReadAction\",\"target\":[\"https:\/\/arbraculture.fr\/index.php\/plante-prunier\/\"]}]},{\"@type\":\"ImageObject\",\"inLanguage\":\"fr-FR\",\"@id\":\"https:\/\/arbraculture.fr\/index.php\/plante-prunier\/#primaryimage\",\"url\":\"https:\/\/arbraculture.fr\/wp-content\/uploads\/2025\/04\/Camerisier-03.jpg\",\"contentUrl\":\"https:\/\/arbraculture.fr\/wp-content\/uploads\/2025\/04\/Camerisier-03.jpg\"},{\"@type\":\"BreadcrumbList\",\"@id\":\"https:\/\/arbraculture.fr\/index.php\/plante-prunier\/#breadcrumb\",\"itemListElement\":[{\"@type\":\"ListItem\",\"position\":1,\"name\":\"Accueil\",\"item\":\"https:\/\/arbraculture.fr\/\"},{\"@type\":\"ListItem\",\"position\":2,\"name\":\"Plante &#8211; Prunier\"}]},{\"@type\":\"WebSite\",\"@id\":\"https:\/\/arbraculture.fr\/#website\",\"url\":\"https:\/\/arbraculture.fr\/\",\"name\":\"Arbraculture\",\"description\":\"La transition paysag\u00e8re utile et naturelle\",\"publisher\":{\"@id\":\"https:\/\/arbraculture.fr\/#organization\"},\"potentialAction\":[{\"@type\":\"SearchAction\",\"target\":{\"@type\":\"EntryPoint\",\"urlTemplate\":\"https:\/\/arbraculture.fr\/?s={search_term_string}\"},\"query-input\":{\"@type\":\"PropertyValueSpecification\",\"valueRequired\":true,\"valueName\":\"search_term_string\"}}],\"inLanguage\":\"fr-FR\"},{\"@type\":\"Organization\",\"@id\":\"https:\/\/arbraculture.fr\/#organization\",\"name\":\"Arbraculture\",\"url\":\"https:\/\/arbraculture.fr\/\",\"logo\":{\"@type\":\"ImageObject\",\"inLanguage\":\"fr-FR\",\"@id\":\"https:\/\/arbraculture.fr\/#\/schema\/logo\/image\/\",\"url\":\"https:\/\/arbraculture.fr\/wp-content\/uploads\/2025\/03\/cropped-Arbraculture-logo-site.png\",\"contentUrl\":\"https:\/\/arbraculture.fr\/wp-content\/uploads\/2025\/03\/cropped-Arbraculture-logo-site.png\",\"width\":1198,\"height\":1012,\"caption\":\"Arbraculture\"},\"image\":{\"@id\":\"https:\/\/arbraculture.fr\/#\/schema\/logo\/image\/\"},\"sameAs\":[\"https:\/\/www.facebook.com\/Arbraculture\/?locale=fr_FR\",\"https:\/\/www.linkedin.com\/company\/arbraculture\/?originalSubdomain=fr\",\"https:\/\/www.instagram.com\/arbraculture\/?hl=fr\"]}]}<\/script>\n<!-- \/ Yoast SEO plugin. -->","yoast_head_json":{"title":"Plante - Prunier - Arbraculture","robots":{"index":"index","follow":"follow","max-snippet":"max-snippet:-1","max-image-preview":"max-image-preview:large","max-video-preview":"max-video-preview:-1"},"canonical":"https:\/\/arbraculture.fr\/index.php\/plante-prunier\/","og_locale":"fr_FR","og_type":"article","og_title":"Plante - Prunier - Arbraculture","og_description":"Le Prunier Prunus domestica Vari\u00e9t\u00e9 : \u201cGoutte d\u2019or de Coe\u201d Origine : Angleterre Description de la plante : Le prunier Goutte D\u2019or de Coe est une vari\u00e9t\u00e9 de r\u00e9f\u00e9rence pour nos r\u00e9gions, obtenue au XIX\u1d49 si\u00e8cle par M. Jervoise Coe en Angleterre. Rustique, et donnant des fruits d\u2019excellente qualit\u00e9, il s\u2019est alors impos\u00e9 en culture dans les jardins familiaux. Il rentre dans la cat\u00e9gorie des prunes tardives, les derni\u00e8res en saison. L\u2019arbre poss\u00e8de un port \u00e0 la limite du pleureur, ce qui peut lui valoir d\u2019\u00eatre ornemental. Ses fruits se conservent longtemps m\u00eame apr\u00e8s cueillette. P\u00e9riode de r\u00e9colte du fruit : Ao\u00fbt &#8211; septembre.\u00a0 Description du fruit : Le fruit est jaune orang\u00e9, ovale, l\u00e9g\u00e8rement piquet\u00e9 de rouge comme certaines vari\u00e9t\u00e9s d\u2019abricot. Go\u00fbt du fruit : \u00a0Sa chair est sucr\u00e9e, juteuse, parfum\u00e9e. se consomme frais ou cuit. En d\u00e9couvrir plus ? D\u00e9couvrez nos conseils, nos plantes.Mais aussi nos r\u00e9alisations : Guide du jardin Projets","og_url":"https:\/\/arbraculture.fr\/index.php\/plante-prunier\/","og_site_name":"Arbraculture","article_publisher":"https:\/\/www.facebook.com\/Arbraculture\/?locale=fr_FR","article_modified_time":"2025-04-24T08:08:24+00:00","og_image":[{"width":728,"height":971,"url":"https:\/\/arbraculture.fr\/wp-content\/uploads\/2025\/04\/Camerisier-03.jpg","type":"image\/jpeg"}],"twitter_card":"summary_large_image","twitter_misc":{"Dur\u00e9e de lecture estim\u00e9e":"1 minute"},"schema":{"@context":"https:\/\/schema.org","@graph":[{"@type":"WebPage","@id":"https:\/\/arbraculture.fr\/index.php\/plante-prunier\/","url":"https:\/\/arbraculture.fr\/index.php\/plante-prunier\/","name":"Plante - Prunier - Arbraculture","isPartOf":{"@id":"https:\/\/arbraculture.fr\/#website"},"primaryImageOfPage":{"@id":"https:\/\/arbraculture.fr\/index.php\/plante-prunier\/#primaryimage"},"image":{"@id":"https:\/\/arbraculture.fr\/index.php\/plante-prunier\/#primaryimage"},"thumbnailUrl":"https:\/\/arbraculture.fr\/wp-content\/uploads\/2025\/04\/Camerisier-03.jpg","datePublished":"2025-04-24T08:00:13+00:00","dateModified":"2025-04-24T08:08:24+00:00","breadcrumb":{"@id":"https:\/\/arbraculture.fr\/index.php\/plante-prunier\/#breadcrumb"},"inLanguage":"fr-FR","potentialAction":[{"@type":"ReadAction","target":["https:\/\/arbraculture.fr\/index.php\/plante-prunier\/"]}]},{"@type":"ImageObject","inLanguage":"fr-FR","@id":"https:\/\/arbraculture.fr\/index.php\/plante-prunier\/#primaryimage","url":"https:\/\/arbraculture.fr\/wp-content\/uploads\/2025\/04\/Camerisier-03.jpg","contentUrl":"https:\/\/arbraculture.fr\/wp-content\/uploads\/2025\/04\/Camerisier-03.jpg"},{"@type":"BreadcrumbList","@id":"https:\/\/arbraculture.fr\/index.php\/plante-prunier\/#breadcrumb","itemListElement":[{"@type":"ListItem","position":1,"name":"Accueil","item":"https:\/\/arbraculture.fr\/"},{"@type":"ListItem","position":2,"name":"Plante &#8211; Prunier"}]},{"@type":"WebSite","@id":"https:\/\/arbraculture.fr\/#website","url":"https:\/\/arbraculture.fr\/","name":"Arbraculture","description":"La transition paysag\u00e8re utile et naturelle","publisher":{"@id":"https:\/\/arbraculture.fr\/#organization"},"potentialAction":[{"@type":"SearchAction","target":{"@type":"EntryPoint","urlTemplate":"https:\/\/arbraculture.fr\/?s={search_term_string}"},"query-input":{"@type":"PropertyValueSpecification","valueRequired":true,"valueName":"search_term_string"}}],"inLanguage":"fr-FR"},{"@type":"Organization","@id":"https:\/\/arbraculture.fr\/#organization","name":"Arbraculture","url":"https:\/\/arbraculture.fr\/","logo":{"@type":"ImageObject","inLanguage":"fr-FR","@id":"https:\/\/arbraculture.fr\/#\/schema\/logo\/image\/","url":"https:\/\/arbraculture.fr\/wp-content\/uploads\/2025\/03\/cropped-Arbraculture-logo-site.png","contentUrl":"https:\/\/arbraculture.fr\/wp-content\/uploads\/2025\/03\/cropped-Arbraculture-logo-site.png","width":1198,"height":1012,"caption":"Arbraculture"},"image":{"@id":"https:\/\/arbraculture.fr\/#\/schema\/logo\/image\/"},"sameAs":["https:\/\/www.facebook.com\/Arbraculture\/?locale=fr_FR","https:\/\/www.linkedin.com\/company\/arbraculture\/?originalSubdomain=fr","https:\/\/www.instagram.com\/arbraculture\/?hl=fr"]}]}},"_links":{"self":[{"href":"https:\/\/arbraculture.fr\/index.php\/wp-json\/wp\/v2\/pages\/1881","targetHints":{"allow":["GET"]}}],"collection":[{"href":"https:\/\/arbraculture.fr\/index.php\/wp-json\/wp\/v2\/pages"}],"about":[{"href":"https:\/\/arbraculture.fr\/index.php\/wp-json\/wp\/v2\/types\/page"}],"author":[{"embeddable":true,"href":"https:\/\/arbraculture.fr\/index.php\/wp-json\/wp\/v2\/users\/2"}],"replies":[{"embeddable":true,"href":"https:\/\/arbraculture.fr\/index.php\/wp-json\/wp\/v2\/comments?post=1881"}],"version-history":[{"count":4,"href":"https:\/\/arbraculture.fr\/index.php\/wp-json\/wp\/v2\/pages\/1881\/revisions"}],"predecessor-version":[{"id":1886,"href":"https:\/\/arbraculture.fr\/index.php\/wp-json\/wp\/v2\/pages\/1881\/revisions\/1886"}],"wp:attachment":[{"href":"https:\/\/arbraculture.fr\/index.php\/wp-json\/wp\/v2\/media?parent=1881"}],"curies":[{"name":"wp","href":"https:\/\/api.w.org\/{rel}","templated":true}]}}