{"id":1838,"date":"2025-04-17T22:02:59","date_gmt":"2025-04-17T20:02:59","guid":{"rendered":"https:\/\/arbraculture.fr\/?page_id=1838"},"modified":"2025-04-17T22:13:34","modified_gmt":"2025-04-17T20:13:34","slug":"murier-platane","status":"publish","type":"page","link":"https:\/\/arbraculture.fr\/index.php\/murier-platane\/","title":{"rendered":"Plante &#8211; M\u00fbrier Platane"},"content":{"rendered":"\t\t<div data-elementor-type=\"wp-page\" data-elementor-id=\"1838\" class=\"elementor elementor-1838\">\n\t\t\t\t<div class=\"elementor-element elementor-element-605a3821 e-flex e-con-boxed wpr-particle-no wpr-jarallax-no wpr-parallax-no wpr-sticky-section-no e-con e-parent\" data-id=\"605a3821\" data-element_type=\"container\" data-settings=\"{&quot;background_background&quot;:&quot;classic&quot;}\">\n\t\t\t\t\t<div class=\"e-con-inner\">\n\t\t\t\t<div class=\"elementor-element elementor-element-4a9e8a4 elementor-invisible elementor-widget elementor-widget-heading\" data-id=\"4a9e8a4\" data-element_type=\"widget\" data-settings=\"{&quot;_animation&quot;:&quot;fadeIn&quot;,&quot;_animation_delay&quot;:1000}\" data-widget_type=\"heading.default\">\n\t\t\t\t<div class=\"elementor-widget-container\">\n\t\t\t\t\t<h2 class=\"elementor-heading-title elementor-size-default\">Le M\u00fbrier Platane<\/h2>\t\t\t\t<\/div>\n\t\t\t\t<\/div>\n\t\t\t\t<div class=\"elementor-element elementor-element-2aaac091 elementor-invisible elementor-widget elementor-widget-heading\" data-id=\"2aaac091\" data-element_type=\"widget\" data-settings=\"{&quot;_animation&quot;:&quot;fadeIn&quot;,&quot;_animation_delay&quot;:1500}\" data-widget_type=\"heading.default\">\n\t\t\t\t<div class=\"elementor-widget-container\">\n\t\t\t\t\t<h2 class=\"elementor-heading-title elementor-size-default\">morus alba<\/h2>\t\t\t\t<\/div>\n\t\t\t\t<\/div>\n\t\t\t\t\t<\/div>\n\t\t\t\t<\/div>\n\t\t<div class=\"elementor-element elementor-element-70e2cc46 e-flex e-con-boxed wpr-particle-no wpr-jarallax-no wpr-parallax-no wpr-sticky-section-no e-con e-parent\" data-id=\"70e2cc46\" data-element_type=\"container\">\n\t\t\t\t\t<div class=\"e-con-inner\">\n\t\t<div class=\"elementor-element elementor-element-2ec72e7e e-con-full e-flex wpr-particle-no wpr-jarallax-no wpr-parallax-no wpr-sticky-section-no e-con e-child\" data-id=\"2ec72e7e\" data-element_type=\"container\">\n\t\t\t\t<div class=\"elementor-element elementor-element-5cdc20dc animated-slow elementor-invisible elementor-widget elementor-widget-image\" data-id=\"5cdc20dc\" data-element_type=\"widget\" data-settings=\"{&quot;_animation&quot;:&quot;fadeInLeft&quot;,&quot;_animation_delay&quot;:2000}\" data-widget_type=\"image.default\">\n\t\t\t\t<div class=\"elementor-widget-container\">\n\t\t\t\t\t\t\t\t\t\t\t\t\t\t\t<img fetchpriority=\"high\" decoding=\"async\" width=\"331\" height=\"397\" src=\"https:\/\/arbraculture.fr\/wp-content\/uploads\/2025\/04\/murier-platane-1.jpg\" class=\"attachment-large size-large wp-image-1843\" alt=\"\" srcset=\"https:\/\/arbraculture.fr\/wp-content\/uploads\/2025\/04\/murier-platane-1.jpg 331w, https:\/\/arbraculture.fr\/wp-content\/uploads\/2025\/04\/murier-platane-1-250x300.jpg 250w\" sizes=\"(max-width: 331px) 100vw, 331px\" \/>\t\t\t\t\t\t\t\t\t\t\t\t\t\t\t<\/div>\n\t\t\t\t<\/div>\n\t\t\t\t<\/div>\n\t\t<div class=\"elementor-element elementor-element-350c6a37 e-con-full e-flex wpr-particle-no wpr-jarallax-no wpr-parallax-no wpr-sticky-section-no e-con e-child\" data-id=\"350c6a37\" data-element_type=\"container\">\n\t\t\t\t<div class=\"elementor-element elementor-element-2f65bd8b elementor-widget__width-initial animated-slow elementor-invisible elementor-widget elementor-widget-text-editor\" data-id=\"2f65bd8b\" data-element_type=\"widget\" data-settings=\"{&quot;_animation&quot;:&quot;fadeIn&quot;,&quot;_animation_delay&quot;:2500}\" data-widget_type=\"text-editor.default\">\n\t\t\t\t<div class=\"elementor-widget-container\">\n\t\t\t\t\t\t\t\t\t<p><b>Synonyme(s)<\/b><span style=\"font-weight: 400;\"> : Mulberry<\/span><\/p>\n<p><b>Nom commun<\/b><span style=\"font-weight: 400;\"> : M\u00fbrier blanc<\/span><\/p>\n<p><b>Origine<\/b><span style=\"font-weight: 400;\"> : Sud du Caucase, Arm\u00e9nie, Iran<br \/><\/span><\/p>\n<p><b>Description de la plante<\/b><span style=\"font-weight: 400;\"> : <\/span><span style=\"font-weight: 400;\">Le m\u00fbrier blanc est l\u2019arbre h\u00f4te des vers \u00e0 soie. On le cultive donc en grande partie en Chine pour la culture du ver. Mais une deuxi\u00e8me utilisation de cet arbre est la production de fruits, souvent destin\u00e9 au s\u00e9chage. Ses feuilles sont grandes, changent d\u2019aspect, tant\u00f4t ronde, tant\u00f4t proche de celle d\u2019un figuier dont il est cousin.<br \/><\/span><span style=\"font-weight: 400;\">Un autre arbre lui ressemble comme deux gouttes d\u2019eau : <\/span><i><span style=\"font-weight: 400;\">morus nigra<\/span><\/i><span style=\"font-weight: 400;\">, sur lequel les fruits n\u2019ont pas de queue.<\/span><\/p>\t\t\t\t\t\t\t\t<\/div>\n\t\t\t\t<\/div>\n\t\t\t\t<\/div>\n\t\t\t\t\t<\/div>\n\t\t\t\t<\/div>\n\t\t<div class=\"elementor-element elementor-element-683de784 e-flex e-con-boxed wpr-particle-no wpr-jarallax-no wpr-parallax-no wpr-sticky-section-no e-con e-parent\" data-id=\"683de784\" data-element_type=\"container\">\n\t\t\t\t\t<div class=\"e-con-inner\">\n\t\t<div class=\"elementor-element elementor-element-5d7451f4 e-con-full e-flex wpr-particle-no wpr-jarallax-no wpr-parallax-no wpr-sticky-section-no e-con e-child\" data-id=\"5d7451f4\" data-element_type=\"container\">\n\t\t\t\t<div class=\"elementor-element elementor-element-362de9c2 elementor-invisible elementor-widget elementor-widget-image\" data-id=\"362de9c2\" data-element_type=\"widget\" data-settings=\"{&quot;_animation&quot;:&quot;fadeIn&quot;,&quot;_animation_mobile&quot;:&quot;fadeIn&quot;,&quot;_animation_delay&quot;:500}\" data-widget_type=\"image.default\">\n\t\t\t\t<div class=\"elementor-widget-container\">\n\t\t\t\t\t\t\t\t\t\t\t\t\t\t\t<img decoding=\"async\" width=\"548\" height=\"397\" src=\"https:\/\/arbraculture.fr\/wp-content\/uploads\/2025\/04\/murier-platane-3.png\" class=\"attachment-large size-large wp-image-1845\" alt=\"\" srcset=\"https:\/\/arbraculture.fr\/wp-content\/uploads\/2025\/04\/murier-platane-3.png 548w, https:\/\/arbraculture.fr\/wp-content\/uploads\/2025\/04\/murier-platane-3-300x217.png 300w\" sizes=\"(max-width: 548px) 100vw, 548px\" \/>\t\t\t\t\t\t\t\t\t\t\t\t\t\t\t<\/div>\n\t\t\t\t<\/div>\n\t\t\t\t<\/div>\n\t\t<div class=\"elementor-element elementor-element-2599e0ab e-con-full e-flex wpr-particle-no wpr-jarallax-no wpr-parallax-no wpr-sticky-section-no e-con e-child\" data-id=\"2599e0ab\" data-element_type=\"container\">\n\t\t\t\t<div class=\"elementor-element elementor-element-4d8c0ea6 animated-slow elementor-invisible elementor-widget elementor-widget-image\" data-id=\"4d8c0ea6\" data-element_type=\"widget\" data-settings=\"{&quot;_animation&quot;:&quot;fadeIn&quot;,&quot;_animation_delay&quot;:1000}\" data-widget_type=\"image.default\">\n\t\t\t\t<div class=\"elementor-widget-container\">\n\t\t\t\t\t\t\t\t\t\t\t\t\t\t\t<img decoding=\"async\" width=\"704\" height=\"397\" src=\"https:\/\/arbraculture.fr\/wp-content\/uploads\/2025\/04\/murier-platane-2.png\" class=\"attachment-large size-large wp-image-1844\" alt=\"\" srcset=\"https:\/\/arbraculture.fr\/wp-content\/uploads\/2025\/04\/murier-platane-2.png 704w, https:\/\/arbraculture.fr\/wp-content\/uploads\/2025\/04\/murier-platane-2-300x169.png 300w\" sizes=\"(max-width: 704px) 100vw, 704px\" \/>\t\t\t\t\t\t\t\t\t\t\t\t\t\t\t<\/div>\n\t\t\t\t<\/div>\n\t\t\t\t<div class=\"elementor-element elementor-element-7f3c1e5f elementor-widget__width-initial animated-slow elementor-invisible elementor-widget elementor-widget-text-editor\" data-id=\"7f3c1e5f\" data-element_type=\"widget\" data-settings=\"{&quot;_animation&quot;:&quot;fadeIn&quot;,&quot;_animation_delay&quot;:500}\" data-widget_type=\"text-editor.default\">\n\t\t\t\t<div class=\"elementor-widget-container\">\n\t\t\t\t\t\t\t\t\t<p><b>P\u00e9riode de r\u00e9colte du fruit<\/b><span style=\"font-weight: 400;\"> : Juin \/ juillet<\/span><\/p><p><b>Description du fruit<\/b><span style=\"font-weight: 400;\"> : Le fruit de cette vari\u00e9t\u00e9 est noir, ressemble \u00e0 une m\u00fbre mais avec une queue, que l\u2019on cueille dans l\u2019arbre.<\/span><\/p><p><b>Go\u00fbt du fruit<\/b><span style=\"font-weight: 400;\"> : <\/span><span style=\"font-weight: 400;\">Le fruit est\u00a0 juteux, sucr\u00e9. Il se consomme frais ou s\u00e9ch\u00e9.<\/span><\/p>\t\t\t\t\t\t\t\t<\/div>\n\t\t\t\t<\/div>\n\t\t\t\t<\/div>\n\t\t\t\t\t<\/div>\n\t\t\t\t<\/div>\n\t\t<div class=\"elementor-element elementor-element-196c386f e-con-full e-flex wpr-particle-no wpr-jarallax-no wpr-parallax-no wpr-sticky-section-no e-con e-child\" data-id=\"196c386f\" data-element_type=\"container\">\n\t\t\t\t<div class=\"elementor-element elementor-element-4b06c50c elementor-widget elementor-widget-heading\" data-id=\"4b06c50c\" data-element_type=\"widget\" data-widget_type=\"heading.default\">\n\t\t\t\t<div class=\"elementor-widget-container\">\n\t\t\t\t\t<h2 class=\"elementor-heading-title elementor-size-default\">En d\u00e9couvrir plus ?<\/h2>\t\t\t\t<\/div>\n\t\t\t\t<\/div>\n\t\t\t\t<div class=\"elementor-element elementor-element-6d61af27 elementor-widget__width-initial elementor-widget elementor-widget-text-editor\" data-id=\"6d61af27\" data-element_type=\"widget\" data-widget_type=\"text-editor.default\">\n\t\t\t\t<div class=\"elementor-widget-container\">\n\t\t\t\t\t\t\t\t\t<p>D\u00e9couvrez nos conseils, nos plantes.<br \/>Mais aussi nos r\u00e9alisations :<\/p>\t\t\t\t\t\t\t\t<\/div>\n\t\t\t\t<\/div>\n\t\t<div class=\"elementor-element elementor-element-5d1c924f e-con-full e-flex wpr-particle-no wpr-jarallax-no wpr-parallax-no wpr-sticky-section-no e-con e-child\" data-id=\"5d1c924f\" data-element_type=\"container\">\n\t\t\t\t<div class=\"elementor-element elementor-element-3024b81a elementor-widget elementor-widget-button\" data-id=\"3024b81a\" data-element_type=\"widget\" data-widget_type=\"button.default\">\n\t\t\t\t<div class=\"elementor-widget-container\">\n\t\t\t\t\t\t\t\t\t<div class=\"elementor-button-wrapper\">\n\t\t\t\t\t<a class=\"elementor-button elementor-button-link elementor-size-sm\" href=\"https:\/\/arbraculture.fr\/index.php\/guide-du-jardin\/\">\n\t\t\t\t\t\t<span class=\"elementor-button-content-wrapper\">\n\t\t\t\t\t\t\t\t\t<span class=\"elementor-button-text\">Guide du jardin<\/span>\n\t\t\t\t\t<\/span>\n\t\t\t\t\t<\/a>\n\t\t\t\t<\/div>\n\t\t\t\t\t\t\t\t<\/div>\n\t\t\t\t<\/div>\n\t\t\t\t<div class=\"elementor-element elementor-element-47cc64ab elementor-widget elementor-widget-button\" data-id=\"47cc64ab\" data-element_type=\"widget\" data-widget_type=\"button.default\">\n\t\t\t\t<div class=\"elementor-widget-container\">\n\t\t\t\t\t\t\t\t\t<div class=\"elementor-button-wrapper\">\n\t\t\t\t\t<a class=\"elementor-button elementor-button-link elementor-size-sm\" href=\"https:\/\/arbraculture.fr\/index.php\/projets\/\">\n\t\t\t\t\t\t<span class=\"elementor-button-content-wrapper\">\n\t\t\t\t\t\t\t\t\t<span class=\"elementor-button-text\">Projets<\/span>\n\t\t\t\t\t<\/span>\n\t\t\t\t\t<\/a>\n\t\t\t\t<\/div>\n\t\t\t\t\t\t\t\t<\/div>\n\t\t\t\t<\/div>\n\t\t\t\t<\/div>\n\t\t\t\t<\/div>\n\t\t\t\t<\/div>\n\t\t","protected":false},"excerpt":{"rendered":"<p>Le M\u00fbrier Platane morus alba Synonyme(s) : Mulberry Nom commun : M\u00fbrier blanc Origine : Sud du Caucase, Arm\u00e9nie, Iran Description de la plante : Le m\u00fbrier blanc est l\u2019arbre h\u00f4te des vers \u00e0 soie. On le cultive donc en grande partie en Chine pour la culture du ver. Mais une deuxi\u00e8me utilisation de cet arbre est la production de fruits, souvent destin\u00e9 au s\u00e9chage. Ses feuilles sont grandes, changent d\u2019aspect, tant\u00f4t ronde, tant\u00f4t proche de celle d\u2019un figuier dont il est cousin.Un autre arbre lui ressemble comme deux gouttes d\u2019eau : morus nigra, sur lequel les fruits n\u2019ont pas de queue. P\u00e9riode de r\u00e9colte du fruit : Juin \/ juillet Description du fruit : Le fruit de cette vari\u00e9t\u00e9 est noir, ressemble \u00e0 une m\u00fbre mais avec une queue, que l\u2019on cueille dans l\u2019arbre. Go\u00fbt du fruit : Le fruit est\u00a0 juteux, sucr\u00e9. Il se consomme frais ou s\u00e9ch\u00e9. En d\u00e9couvrir plus ? D\u00e9couvrez nos conseils, nos plantes.Mais aussi nos r\u00e9alisations : Guide du jardin Projets<\/p>\n","protected":false},"author":2,"featured_media":0,"parent":0,"menu_order":0,"comment_status":"closed","ping_status":"closed","template":"","meta":{"site-sidebar-layout":"no-sidebar","site-content-layout":"","ast-site-content-layout":"full-width-container","site-content-style":"default","site-sidebar-style":"default","ast-global-header-display":"","ast-banner-title-visibility":"","ast-main-header-display":"","ast-hfb-above-header-display":"","ast-hfb-below-header-display":"","ast-hfb-mobile-header-display":"","site-post-title":"disabled","ast-breadcrumbs-content":"","ast-featured-img":"disabled","footer-sml-layout":"","theme-transparent-header-meta":"","adv-header-id-meta":"","stick-header-meta":"","header-above-stick-meta":"","header-main-stick-meta":"","header-below-stick-meta":"","astra-migrate-meta-layouts":"default","ast-page-background-enabled":"default","ast-page-background-meta":{"desktop":{"background-color":"var(--ast-global-color-5)","background-image":"","background-repeat":"repeat","background-position":"center center","background-size":"auto","background-attachment":"scroll","background-type":"","background-media":"","overlay-type":"","overlay-color":"","overlay-opacity":"","overlay-gradient":""},"tablet":{"background-color":"","background-image":"","background-repeat":"repeat","background-position":"center center","background-size":"auto","background-attachment":"scroll","background-type":"","background-media":"","overlay-type":"","overlay-color":"","overlay-opacity":"","overlay-gradient":""},"mobile":{"background-color":"","background-image":"","background-repeat":"repeat","background-position":"center center","background-size":"auto","background-attachment":"scroll","background-type":"","background-media":"","overlay-type":"","overlay-color":"","overlay-opacity":"","overlay-gradient":""}},"ast-content-background-meta":{"desktop":{"background-color":"var(--ast-global-color-4)","background-image":"","background-repeat":"repeat","background-position":"center center","background-size":"auto","background-attachment":"scroll","background-type":"","background-media":"","overlay-type":"","overlay-color":"","overlay-opacity":"","overlay-gradient":""},"tablet":{"background-color":"var(--ast-global-color-4)","background-image":"","background-repeat":"repeat","background-position":"center center","background-size":"auto","background-attachment":"scroll","background-type":"","background-media":"","overlay-type":"","overlay-color":"","overlay-opacity":"","overlay-gradient":""},"mobile":{"background-color":"var(--ast-global-color-4)","background-image":"","background-repeat":"repeat","background-position":"center center","background-size":"auto","background-attachment":"scroll","background-type":"","background-media":"","overlay-type":"","overlay-color":"","overlay-opacity":"","overlay-gradient":""}},"footnotes":""},"class_list":["post-1838","page","type-page","status-publish","hentry"],"yoast_head":"<!-- This site is optimized with the Yoast SEO plugin v26.7 - https:\/\/yoast.com\/wordpress\/plugins\/seo\/ -->\n<title>Plante - M\u00fbrier Platane - Arbraculture<\/title>\n<meta name=\"robots\" content=\"index, follow, max-snippet:-1, max-image-preview:large, max-video-preview:-1\" \/>\n<link rel=\"canonical\" href=\"https:\/\/arbraculture.fr\/index.php\/murier-platane\/\" \/>\n<meta property=\"og:locale\" content=\"fr_FR\" \/>\n<meta property=\"og:type\" content=\"article\" \/>\n<meta property=\"og:title\" content=\"Plante - M\u00fbrier Platane - Arbraculture\" \/>\n<meta property=\"og:description\" content=\"Le M\u00fbrier Platane morus alba Synonyme(s) : Mulberry Nom commun : M\u00fbrier blanc Origine : Sud du Caucase, Arm\u00e9nie, Iran Description de la plante : Le m\u00fbrier blanc est l\u2019arbre h\u00f4te des vers \u00e0 soie. On le cultive donc en grande partie en Chine pour la culture du ver. Mais une deuxi\u00e8me utilisation de cet arbre est la production de fruits, souvent destin\u00e9 au s\u00e9chage. Ses feuilles sont grandes, changent d\u2019aspect, tant\u00f4t ronde, tant\u00f4t proche de celle d\u2019un figuier dont il est cousin.Un autre arbre lui ressemble comme deux gouttes d\u2019eau : morus nigra, sur lequel les fruits n\u2019ont pas de queue. P\u00e9riode de r\u00e9colte du fruit : Juin \/ juillet Description du fruit : Le fruit de cette vari\u00e9t\u00e9 est noir, ressemble \u00e0 une m\u00fbre mais avec une queue, que l\u2019on cueille dans l\u2019arbre. Go\u00fbt du fruit : Le fruit est\u00a0 juteux, sucr\u00e9. Il se consomme frais ou s\u00e9ch\u00e9. En d\u00e9couvrir plus ? D\u00e9couvrez nos conseils, nos plantes.Mais aussi nos r\u00e9alisations : Guide du jardin Projets\" \/>\n<meta property=\"og:url\" content=\"https:\/\/arbraculture.fr\/index.php\/murier-platane\/\" \/>\n<meta property=\"og:site_name\" content=\"Arbraculture\" \/>\n<meta property=\"article:publisher\" content=\"https:\/\/www.facebook.com\/Arbraculture\/?locale=fr_FR\" \/>\n<meta property=\"article:modified_time\" content=\"2025-04-17T20:13:34+00:00\" \/>\n<meta property=\"og:image\" content=\"https:\/\/arbraculture.fr\/wp-content\/uploads\/2025\/04\/murier-platane-1.jpg\" \/>\n\t<meta property=\"og:image:width\" content=\"331\" \/>\n\t<meta property=\"og:image:height\" content=\"397\" \/>\n\t<meta property=\"og:image:type\" content=\"image\/jpeg\" \/>\n<meta name=\"twitter:card\" content=\"summary_large_image\" \/>\n<meta name=\"twitter:label1\" content=\"Dur\u00e9e de lecture estim\u00e9e\" \/>\n\t<meta name=\"twitter:data1\" content=\"1 minute\" \/>\n<script type=\"application\/ld+json\" class=\"yoast-schema-graph\">{\"@context\":\"https:\/\/schema.org\",\"@graph\":[{\"@type\":\"WebPage\",\"@id\":\"https:\/\/arbraculture.fr\/index.php\/murier-platane\/\",\"url\":\"https:\/\/arbraculture.fr\/index.php\/murier-platane\/\",\"name\":\"Plante - M\u00fbrier Platane - Arbraculture\",\"isPartOf\":{\"@id\":\"https:\/\/arbraculture.fr\/#website\"},\"primaryImageOfPage\":{\"@id\":\"https:\/\/arbraculture.fr\/index.php\/murier-platane\/#primaryimage\"},\"image\":{\"@id\":\"https:\/\/arbraculture.fr\/index.php\/murier-platane\/#primaryimage\"},\"thumbnailUrl\":\"https:\/\/arbraculture.fr\/wp-content\/uploads\/2025\/04\/murier-platane-1.jpg\",\"datePublished\":\"2025-04-17T20:02:59+00:00\",\"dateModified\":\"2025-04-17T20:13:34+00:00\",\"breadcrumb\":{\"@id\":\"https:\/\/arbraculture.fr\/index.php\/murier-platane\/#breadcrumb\"},\"inLanguage\":\"fr-FR\",\"potentialAction\":[{\"@type\":\"ReadAction\",\"target\":[\"https:\/\/arbraculture.fr\/index.php\/murier-platane\/\"]}]},{\"@type\":\"ImageObject\",\"inLanguage\":\"fr-FR\",\"@id\":\"https:\/\/arbraculture.fr\/index.php\/murier-platane\/#primaryimage\",\"url\":\"https:\/\/arbraculture.fr\/wp-content\/uploads\/2025\/04\/murier-platane-1.jpg\",\"contentUrl\":\"https:\/\/arbraculture.fr\/wp-content\/uploads\/2025\/04\/murier-platane-1.jpg\",\"width\":331,\"height\":397},{\"@type\":\"BreadcrumbList\",\"@id\":\"https:\/\/arbraculture.fr\/index.php\/murier-platane\/#breadcrumb\",\"itemListElement\":[{\"@type\":\"ListItem\",\"position\":1,\"name\":\"Accueil\",\"item\":\"https:\/\/arbraculture.fr\/\"},{\"@type\":\"ListItem\",\"position\":2,\"name\":\"Plante &#8211; M\u00fbrier Platane\"}]},{\"@type\":\"WebSite\",\"@id\":\"https:\/\/arbraculture.fr\/#website\",\"url\":\"https:\/\/arbraculture.fr\/\",\"name\":\"Arbraculture\",\"description\":\"La transition paysag\u00e8re utile et naturelle\",\"publisher\":{\"@id\":\"https:\/\/arbraculture.fr\/#organization\"},\"potentialAction\":[{\"@type\":\"SearchAction\",\"target\":{\"@type\":\"EntryPoint\",\"urlTemplate\":\"https:\/\/arbraculture.fr\/?s={search_term_string}\"},\"query-input\":{\"@type\":\"PropertyValueSpecification\",\"valueRequired\":true,\"valueName\":\"search_term_string\"}}],\"inLanguage\":\"fr-FR\"},{\"@type\":\"Organization\",\"@id\":\"https:\/\/arbraculture.fr\/#organization\",\"name\":\"Arbraculture\",\"url\":\"https:\/\/arbraculture.fr\/\",\"logo\":{\"@type\":\"ImageObject\",\"inLanguage\":\"fr-FR\",\"@id\":\"https:\/\/arbraculture.fr\/#\/schema\/logo\/image\/\",\"url\":\"https:\/\/arbraculture.fr\/wp-content\/uploads\/2025\/03\/cropped-Arbraculture-logo-site.png\",\"contentUrl\":\"https:\/\/arbraculture.fr\/wp-content\/uploads\/2025\/03\/cropped-Arbraculture-logo-site.png\",\"width\":1198,\"height\":1012,\"caption\":\"Arbraculture\"},\"image\":{\"@id\":\"https:\/\/arbraculture.fr\/#\/schema\/logo\/image\/\"},\"sameAs\":[\"https:\/\/www.facebook.com\/Arbraculture\/?locale=fr_FR\",\"https:\/\/www.linkedin.com\/company\/arbraculture\/?originalSubdomain=fr\",\"https:\/\/www.instagram.com\/arbraculture\/?hl=fr\"]}]}<\/script>\n<!-- \/ Yoast SEO plugin. -->","yoast_head_json":{"title":"Plante - M\u00fbrier Platane - Arbraculture","robots":{"index":"index","follow":"follow","max-snippet":"max-snippet:-1","max-image-preview":"max-image-preview:large","max-video-preview":"max-video-preview:-1"},"canonical":"https:\/\/arbraculture.fr\/index.php\/murier-platane\/","og_locale":"fr_FR","og_type":"article","og_title":"Plante - M\u00fbrier Platane - Arbraculture","og_description":"Le M\u00fbrier Platane morus alba Synonyme(s) : Mulberry Nom commun : M\u00fbrier blanc Origine : Sud du Caucase, Arm\u00e9nie, Iran Description de la plante : Le m\u00fbrier blanc est l\u2019arbre h\u00f4te des vers \u00e0 soie. On le cultive donc en grande partie en Chine pour la culture du ver. Mais une deuxi\u00e8me utilisation de cet arbre est la production de fruits, souvent destin\u00e9 au s\u00e9chage. Ses feuilles sont grandes, changent d\u2019aspect, tant\u00f4t ronde, tant\u00f4t proche de celle d\u2019un figuier dont il est cousin.Un autre arbre lui ressemble comme deux gouttes d\u2019eau : morus nigra, sur lequel les fruits n\u2019ont pas de queue. P\u00e9riode de r\u00e9colte du fruit : Juin \/ juillet Description du fruit : Le fruit de cette vari\u00e9t\u00e9 est noir, ressemble \u00e0 une m\u00fbre mais avec une queue, que l\u2019on cueille dans l\u2019arbre. Go\u00fbt du fruit : Le fruit est\u00a0 juteux, sucr\u00e9. Il se consomme frais ou s\u00e9ch\u00e9. En d\u00e9couvrir plus ? D\u00e9couvrez nos conseils, nos plantes.Mais aussi nos r\u00e9alisations : Guide du jardin Projets","og_url":"https:\/\/arbraculture.fr\/index.php\/murier-platane\/","og_site_name":"Arbraculture","article_publisher":"https:\/\/www.facebook.com\/Arbraculture\/?locale=fr_FR","article_modified_time":"2025-04-17T20:13:34+00:00","og_image":[{"width":331,"height":397,"url":"https:\/\/arbraculture.fr\/wp-content\/uploads\/2025\/04\/murier-platane-1.jpg","type":"image\/jpeg"}],"twitter_card":"summary_large_image","twitter_misc":{"Dur\u00e9e de lecture estim\u00e9e":"1 minute"},"schema":{"@context":"https:\/\/schema.org","@graph":[{"@type":"WebPage","@id":"https:\/\/arbraculture.fr\/index.php\/murier-platane\/","url":"https:\/\/arbraculture.fr\/index.php\/murier-platane\/","name":"Plante - M\u00fbrier Platane - Arbraculture","isPartOf":{"@id":"https:\/\/arbraculture.fr\/#website"},"primaryImageOfPage":{"@id":"https:\/\/arbraculture.fr\/index.php\/murier-platane\/#primaryimage"},"image":{"@id":"https:\/\/arbraculture.fr\/index.php\/murier-platane\/#primaryimage"},"thumbnailUrl":"https:\/\/arbraculture.fr\/wp-content\/uploads\/2025\/04\/murier-platane-1.jpg","datePublished":"2025-04-17T20:02:59+00:00","dateModified":"2025-04-17T20:13:34+00:00","breadcrumb":{"@id":"https:\/\/arbraculture.fr\/index.php\/murier-platane\/#breadcrumb"},"inLanguage":"fr-FR","potentialAction":[{"@type":"ReadAction","target":["https:\/\/arbraculture.fr\/index.php\/murier-platane\/"]}]},{"@type":"ImageObject","inLanguage":"fr-FR","@id":"https:\/\/arbraculture.fr\/index.php\/murier-platane\/#primaryimage","url":"https:\/\/arbraculture.fr\/wp-content\/uploads\/2025\/04\/murier-platane-1.jpg","contentUrl":"https:\/\/arbraculture.fr\/wp-content\/uploads\/2025\/04\/murier-platane-1.jpg","width":331,"height":397},{"@type":"BreadcrumbList","@id":"https:\/\/arbraculture.fr\/index.php\/murier-platane\/#breadcrumb","itemListElement":[{"@type":"ListItem","position":1,"name":"Accueil","item":"https:\/\/arbraculture.fr\/"},{"@type":"ListItem","position":2,"name":"Plante &#8211; M\u00fbrier Platane"}]},{"@type":"WebSite","@id":"https:\/\/arbraculture.fr\/#website","url":"https:\/\/arbraculture.fr\/","name":"Arbraculture","description":"La transition paysag\u00e8re utile et naturelle","publisher":{"@id":"https:\/\/arbraculture.fr\/#organization"},"potentialAction":[{"@type":"SearchAction","target":{"@type":"EntryPoint","urlTemplate":"https:\/\/arbraculture.fr\/?s={search_term_string}"},"query-input":{"@type":"PropertyValueSpecification","valueRequired":true,"valueName":"search_term_string"}}],"inLanguage":"fr-FR"},{"@type":"Organization","@id":"https:\/\/arbraculture.fr\/#organization","name":"Arbraculture","url":"https:\/\/arbraculture.fr\/","logo":{"@type":"ImageObject","inLanguage":"fr-FR","@id":"https:\/\/arbraculture.fr\/#\/schema\/logo\/image\/","url":"https:\/\/arbraculture.fr\/wp-content\/uploads\/2025\/03\/cropped-Arbraculture-logo-site.png","contentUrl":"https:\/\/arbraculture.fr\/wp-content\/uploads\/2025\/03\/cropped-Arbraculture-logo-site.png","width":1198,"height":1012,"caption":"Arbraculture"},"image":{"@id":"https:\/\/arbraculture.fr\/#\/schema\/logo\/image\/"},"sameAs":["https:\/\/www.facebook.com\/Arbraculture\/?locale=fr_FR","https:\/\/www.linkedin.com\/company\/arbraculture\/?originalSubdomain=fr","https:\/\/www.instagram.com\/arbraculture\/?hl=fr"]}]}},"_links":{"self":[{"href":"https:\/\/arbraculture.fr\/index.php\/wp-json\/wp\/v2\/pages\/1838","targetHints":{"allow":["GET"]}}],"collection":[{"href":"https:\/\/arbraculture.fr\/index.php\/wp-json\/wp\/v2\/pages"}],"about":[{"href":"https:\/\/arbraculture.fr\/index.php\/wp-json\/wp\/v2\/types\/page"}],"author":[{"embeddable":true,"href":"https:\/\/arbraculture.fr\/index.php\/wp-json\/wp\/v2\/users\/2"}],"replies":[{"embeddable":true,"href":"https:\/\/arbraculture.fr\/index.php\/wp-json\/wp\/v2\/comments?post=1838"}],"version-history":[{"count":11,"href":"https:\/\/arbraculture.fr\/index.php\/wp-json\/wp\/v2\/pages\/1838\/revisions"}],"predecessor-version":[{"id":1852,"href":"https:\/\/arbraculture.fr\/index.php\/wp-json\/wp\/v2\/pages\/1838\/revisions\/1852"}],"wp:attachment":[{"href":"https:\/\/arbraculture.fr\/index.php\/wp-json\/wp\/v2\/media?parent=1838"}],"curies":[{"name":"wp","href":"https:\/\/api.w.org\/{rel}","templated":true}]}}