{"id":1827,"date":"2025-04-17T10:49:37","date_gmt":"2025-04-17T08:49:37","guid":{"rendered":"https:\/\/arbraculture.fr\/?page_id=1827"},"modified":"2025-04-17T10:52:22","modified_gmt":"2025-04-17T08:52:22","slug":"plante-amelanchier","status":"publish","type":"page","link":"https:\/\/arbraculture.fr\/index.php\/plante-amelanchier\/","title":{"rendered":"Plante &#8211; Am\u00e9lanchier"},"content":{"rendered":"\t\t<div data-elementor-type=\"wp-page\" data-elementor-id=\"1827\" class=\"elementor elementor-1827\">\n\t\t\t\t<div class=\"elementor-element elementor-element-70fe967a e-flex e-con-boxed wpr-particle-no wpr-jarallax-no wpr-parallax-no wpr-sticky-section-no e-con e-parent\" data-id=\"70fe967a\" data-element_type=\"container\" data-settings=\"{&quot;background_background&quot;:&quot;classic&quot;}\">\n\t\t\t\t\t<div class=\"e-con-inner\">\n\t\t\t\t<div class=\"elementor-element elementor-element-763c3636 elementor-invisible elementor-widget elementor-widget-heading\" data-id=\"763c3636\" data-element_type=\"widget\" data-settings=\"{&quot;_animation&quot;:&quot;fadeIn&quot;,&quot;_animation_delay&quot;:1000}\" data-widget_type=\"heading.default\">\n\t\t\t\t<div class=\"elementor-widget-container\">\n\t\t\t\t\t<h2 class=\"elementor-heading-title elementor-size-default\">L'am\u00e9lanchier \u00e0 feuilles d'aulne<\/h2>\t\t\t\t<\/div>\n\t\t\t\t<\/div>\n\t\t\t\t<div class=\"elementor-element elementor-element-70969f9d elementor-invisible elementor-widget elementor-widget-heading\" data-id=\"70969f9d\" data-element_type=\"widget\" data-settings=\"{&quot;_animation&quot;:&quot;fadeIn&quot;,&quot;_animation_delay&quot;:1500}\" data-widget_type=\"heading.default\">\n\t\t\t\t<div class=\"elementor-widget-container\">\n\t\t\t\t\t<h2 class=\"elementor-heading-title elementor-size-default\"> amelanchier alnifolia<\/h2>\t\t\t\t<\/div>\n\t\t\t\t<\/div>\n\t\t\t\t\t<\/div>\n\t\t\t\t<\/div>\n\t\t<div class=\"elementor-element elementor-element-30518294 e-flex e-con-boxed wpr-particle-no wpr-jarallax-no wpr-parallax-no wpr-sticky-section-no e-con e-parent\" data-id=\"30518294\" data-element_type=\"container\">\n\t\t\t\t\t<div class=\"e-con-inner\">\n\t\t<div class=\"elementor-element elementor-element-7305df8d e-con-full e-flex wpr-particle-no wpr-jarallax-no wpr-parallax-no wpr-sticky-section-no e-con e-child\" data-id=\"7305df8d\" data-element_type=\"container\">\n\t\t\t\t<div class=\"elementor-element elementor-element-4b250ad1 animated-slow elementor-invisible elementor-widget elementor-widget-image\" data-id=\"4b250ad1\" data-element_type=\"widget\" data-settings=\"{&quot;_animation&quot;:&quot;fadeInLeft&quot;,&quot;_animation_delay&quot;:2000}\" data-widget_type=\"image.default\">\n\t\t\t\t<div class=\"elementor-widget-container\">\n\t\t\t\t\t\t\t\t\t\t\t\t\t\t\t<img fetchpriority=\"high\" decoding=\"async\" width=\"440\" height=\"631\" src=\"https:\/\/arbraculture.fr\/wp-content\/uploads\/2025\/04\/amelanchier-2.png\" class=\"attachment-large size-large wp-image-1830\" alt=\"\" srcset=\"https:\/\/arbraculture.fr\/wp-content\/uploads\/2025\/04\/amelanchier-2.png 440w, https:\/\/arbraculture.fr\/wp-content\/uploads\/2025\/04\/amelanchier-2-209x300.png 209w\" sizes=\"(max-width: 440px) 100vw, 440px\" \/>\t\t\t\t\t\t\t\t\t\t\t\t\t\t\t<\/div>\n\t\t\t\t<\/div>\n\t\t\t\t<\/div>\n\t\t<div class=\"elementor-element elementor-element-30edb395 e-con-full e-flex wpr-particle-no wpr-jarallax-no wpr-parallax-no wpr-sticky-section-no e-con e-child\" data-id=\"30edb395\" data-element_type=\"container\">\n\t\t\t\t<div class=\"elementor-element elementor-element-1791a850 elementor-widget__width-initial animated-slow elementor-invisible elementor-widget elementor-widget-text-editor\" data-id=\"1791a850\" data-element_type=\"widget\" data-settings=\"{&quot;_animation&quot;:&quot;fadeIn&quot;,&quot;_animation_delay&quot;:2500}\" data-widget_type=\"text-editor.default\">\n\t\t\t\t<div class=\"elementor-widget-container\">\n\t\t\t\t\t\t\t\t\t<p><b>Synonyme(s)<\/b><span style=\"font-weight: 400;\"> : Juneberry, Saskatoon berry<\/span><\/p><p><b>Origine<\/b><span style=\"font-weight: 400;\"> : Ouest des Etats-Unis d\u2019Am\u00e9rique<br \/><\/span><\/p><p><b>Description de la plante<\/b><span style=\"font-weight: 400;\"> : Injustement m\u00e9connu en Europe, cet arbrisseau pousse lentement mais quasiment partout, et grandit jusqu&rsquo;\u00e0 4m de haut. Ses feuilles sont rondes \u00e0 ovales. Floraison blanche en avril. Il r\u00e9siste \u00e0 -30\u00b0C et \u00e0 la s\u00e9cheresse. <\/span><\/p>\t\t\t\t\t\t\t\t<\/div>\n\t\t\t\t<\/div>\n\t\t\t\t<\/div>\n\t\t\t\t\t<\/div>\n\t\t\t\t<\/div>\n\t\t<div class=\"elementor-element elementor-element-7ee0b952 e-flex e-con-boxed wpr-particle-no wpr-jarallax-no wpr-parallax-no wpr-sticky-section-no e-con e-parent\" data-id=\"7ee0b952\" data-element_type=\"container\">\n\t\t\t\t\t<div class=\"e-con-inner\">\n\t\t<div class=\"elementor-element elementor-element-546ec34c e-con-full e-flex wpr-particle-no wpr-jarallax-no wpr-parallax-no wpr-sticky-section-no e-con e-child\" data-id=\"546ec34c\" data-element_type=\"container\">\n\t\t\t\t<div class=\"elementor-element elementor-element-71522349 elementor-invisible elementor-widget elementor-widget-image\" data-id=\"71522349\" data-element_type=\"widget\" data-settings=\"{&quot;_animation&quot;:&quot;fadeIn&quot;,&quot;_animation_mobile&quot;:&quot;fadeIn&quot;,&quot;_animation_delay&quot;:500}\" data-widget_type=\"image.default\">\n\t\t\t\t<div class=\"elementor-widget-container\">\n\t\t\t\t\t\t\t\t\t\t\t\t\t\t\t<img decoding=\"async\" width=\"394\" height=\"396\" src=\"https:\/\/arbraculture.fr\/wp-content\/uploads\/2025\/04\/amelanchier-3.png\" class=\"attachment-large size-large wp-image-1831\" alt=\"\" srcset=\"https:\/\/arbraculture.fr\/wp-content\/uploads\/2025\/04\/amelanchier-3.png 394w, https:\/\/arbraculture.fr\/wp-content\/uploads\/2025\/04\/amelanchier-3-298x300.png 298w, https:\/\/arbraculture.fr\/wp-content\/uploads\/2025\/04\/amelanchier-3-150x150.png 150w\" sizes=\"(max-width: 394px) 100vw, 394px\" \/>\t\t\t\t\t\t\t\t\t\t\t\t\t\t\t<\/div>\n\t\t\t\t<\/div>\n\t\t\t\t<\/div>\n\t\t<div class=\"elementor-element elementor-element-180fe9ee e-con-full e-flex wpr-particle-no wpr-jarallax-no wpr-parallax-no wpr-sticky-section-no e-con e-child\" data-id=\"180fe9ee\" data-element_type=\"container\">\n\t\t\t\t<div class=\"elementor-element elementor-element-73ce5b9d animated-slow elementor-invisible elementor-widget elementor-widget-image\" data-id=\"73ce5b9d\" data-element_type=\"widget\" data-settings=\"{&quot;_animation&quot;:&quot;fadeIn&quot;,&quot;_animation_delay&quot;:1000}\" data-widget_type=\"image.default\">\n\t\t\t\t<div class=\"elementor-widget-container\">\n\t\t\t\t\t\t\t\t\t\t\t\t\t\t\t<img decoding=\"async\" width=\"404\" height=\"398\" src=\"https:\/\/arbraculture.fr\/wp-content\/uploads\/2025\/04\/amelanchier-1.png\" class=\"attachment-large size-large wp-image-1829\" alt=\"\" srcset=\"https:\/\/arbraculture.fr\/wp-content\/uploads\/2025\/04\/amelanchier-1.png 404w, https:\/\/arbraculture.fr\/wp-content\/uploads\/2025\/04\/amelanchier-1-300x296.png 300w\" sizes=\"(max-width: 404px) 100vw, 404px\" \/>\t\t\t\t\t\t\t\t\t\t\t\t\t\t\t<\/div>\n\t\t\t\t<\/div>\n\t\t\t\t<div class=\"elementor-element elementor-element-16b31228 elementor-widget__width-initial animated-slow elementor-invisible elementor-widget elementor-widget-text-editor\" data-id=\"16b31228\" data-element_type=\"widget\" data-settings=\"{&quot;_animation&quot;:&quot;fadeIn&quot;,&quot;_animation_delay&quot;:500}\" data-widget_type=\"text-editor.default\">\n\t\t\t\t<div class=\"elementor-widget-container\">\n\t\t\t\t\t\t\t\t\t<p><b>P\u00e9riode de r\u00e9colte du fruit<\/b><span style=\"font-weight: 400;\"> : Juin &#8211; juillet<\/span><\/p><p><b>Description du fruit<\/b><span style=\"font-weight: 400;\"> : <\/span><span style=\"font-weight: 400;\">Le fruit ressemble \u00e0 s\u2019y m\u00e9prendre \u00e0 la myrtille, il passe de vert \u00e0 rouge puis bleu et enfin presque noir lorsque bien m\u00fbr.<\/span><\/p><p><b>Go\u00fbt du fruit<\/b><span style=\"font-weight: 400;\"> : <\/span><span style=\"font-weight: 400;\">Le fruit est doux, juteux, sucr\u00e9, les petites graines ont un l\u00e9ger go\u00fbt d\u2019amande. Attention, les oiseaux sont aussi sur le coup !<\/span><\/p>\t\t\t\t\t\t\t\t<\/div>\n\t\t\t\t<\/div>\n\t\t\t\t<\/div>\n\t\t\t\t\t<\/div>\n\t\t\t\t<\/div>\n\t\t<div class=\"elementor-element elementor-element-78d61c95 e-con-full e-flex wpr-particle-no wpr-jarallax-no wpr-parallax-no wpr-sticky-section-no e-con e-child\" data-id=\"78d61c95\" data-element_type=\"container\">\n\t\t\t\t<div class=\"elementor-element elementor-element-65b98c89 elementor-widget elementor-widget-heading\" data-id=\"65b98c89\" data-element_type=\"widget\" data-widget_type=\"heading.default\">\n\t\t\t\t<div class=\"elementor-widget-container\">\n\t\t\t\t\t<h2 class=\"elementor-heading-title elementor-size-default\">En d\u00e9couvrir plus ?<\/h2>\t\t\t\t<\/div>\n\t\t\t\t<\/div>\n\t\t\t\t<div class=\"elementor-element elementor-element-4077a6d4 elementor-widget__width-initial elementor-widget elementor-widget-text-editor\" data-id=\"4077a6d4\" data-element_type=\"widget\" data-widget_type=\"text-editor.default\">\n\t\t\t\t<div class=\"elementor-widget-container\">\n\t\t\t\t\t\t\t\t\t<p>D\u00e9couvrez nos conseils, nos plantes.<br \/>Mais aussi nos r\u00e9alisations :<\/p>\t\t\t\t\t\t\t\t<\/div>\n\t\t\t\t<\/div>\n\t\t<div class=\"elementor-element elementor-element-605a2ffb e-con-full e-flex wpr-particle-no wpr-jarallax-no wpr-parallax-no wpr-sticky-section-no e-con e-child\" data-id=\"605a2ffb\" data-element_type=\"container\">\n\t\t\t\t<div class=\"elementor-element elementor-element-4b128c33 elementor-widget elementor-widget-button\" data-id=\"4b128c33\" data-element_type=\"widget\" data-widget_type=\"button.default\">\n\t\t\t\t<div class=\"elementor-widget-container\">\n\t\t\t\t\t\t\t\t\t<div class=\"elementor-button-wrapper\">\n\t\t\t\t\t<a class=\"elementor-button elementor-button-link elementor-size-sm\" href=\"https:\/\/arbraculture.fr\/index.php\/guide-du-jardin\/\">\n\t\t\t\t\t\t<span class=\"elementor-button-content-wrapper\">\n\t\t\t\t\t\t\t\t\t<span class=\"elementor-button-text\">Guide du jardin<\/span>\n\t\t\t\t\t<\/span>\n\t\t\t\t\t<\/a>\n\t\t\t\t<\/div>\n\t\t\t\t\t\t\t\t<\/div>\n\t\t\t\t<\/div>\n\t\t\t\t<div class=\"elementor-element elementor-element-7688e759 elementor-widget elementor-widget-button\" data-id=\"7688e759\" data-element_type=\"widget\" data-widget_type=\"button.default\">\n\t\t\t\t<div class=\"elementor-widget-container\">\n\t\t\t\t\t\t\t\t\t<div class=\"elementor-button-wrapper\">\n\t\t\t\t\t<a class=\"elementor-button elementor-button-link elementor-size-sm\" href=\"https:\/\/arbraculture.fr\/index.php\/projets\/\">\n\t\t\t\t\t\t<span class=\"elementor-button-content-wrapper\">\n\t\t\t\t\t\t\t\t\t<span class=\"elementor-button-text\">Projets<\/span>\n\t\t\t\t\t<\/span>\n\t\t\t\t\t<\/a>\n\t\t\t\t<\/div>\n\t\t\t\t\t\t\t\t<\/div>\n\t\t\t\t<\/div>\n\t\t\t\t<\/div>\n\t\t\t\t<\/div>\n\t\t\t\t<\/div>\n\t\t","protected":false},"excerpt":{"rendered":"<p>L&rsquo;am\u00e9lanchier \u00e0 feuilles d&rsquo;aulne amelanchier alnifolia Synonyme(s) : Juneberry, Saskatoon berry Origine : Ouest des Etats-Unis d\u2019Am\u00e9rique Description de la plante : Injustement m\u00e9connu en Europe, cet arbrisseau pousse lentement mais quasiment partout, et grandit jusqu&rsquo;\u00e0 4m de haut. Ses feuilles sont rondes \u00e0 ovales. Floraison blanche en avril. Il r\u00e9siste \u00e0 -30\u00b0C et \u00e0 la s\u00e9cheresse. P\u00e9riode de r\u00e9colte du fruit : Juin &#8211; juillet Description du fruit : Le fruit ressemble \u00e0 s\u2019y m\u00e9prendre \u00e0 la myrtille, il passe de vert \u00e0 rouge puis bleu et enfin presque noir lorsque bien m\u00fbr. Go\u00fbt du fruit : Le fruit est doux, juteux, sucr\u00e9, les petites graines ont un l\u00e9ger go\u00fbt d\u2019amande. Attention, les oiseaux sont aussi sur le coup ! En d\u00e9couvrir plus ? D\u00e9couvrez nos conseils, nos plantes.Mais aussi nos r\u00e9alisations : Guide du jardin Projets<\/p>\n","protected":false},"author":2,"featured_media":0,"parent":0,"menu_order":0,"comment_status":"closed","ping_status":"closed","template":"","meta":{"site-sidebar-layout":"no-sidebar","site-content-layout":"","ast-site-content-layout":"full-width-container","site-content-style":"default","site-sidebar-style":"default","ast-global-header-display":"","ast-banner-title-visibility":"","ast-main-header-display":"","ast-hfb-above-header-display":"","ast-hfb-below-header-display":"","ast-hfb-mobile-header-display":"","site-post-title":"disabled","ast-breadcrumbs-content":"","ast-featured-img":"disabled","footer-sml-layout":"","theme-transparent-header-meta":"","adv-header-id-meta":"","stick-header-meta":"","header-above-stick-meta":"","header-main-stick-meta":"","header-below-stick-meta":"","astra-migrate-meta-layouts":"default","ast-page-background-enabled":"default","ast-page-background-meta":{"desktop":{"background-color":"var(--ast-global-color-5)","background-image":"","background-repeat":"repeat","background-position":"center center","background-size":"auto","background-attachment":"scroll","background-type":"","background-media":"","overlay-type":"","overlay-color":"","overlay-opacity":"","overlay-gradient":""},"tablet":{"background-color":"","background-image":"","background-repeat":"repeat","background-position":"center center","background-size":"auto","background-attachment":"scroll","background-type":"","background-media":"","overlay-type":"","overlay-color":"","overlay-opacity":"","overlay-gradient":""},"mobile":{"background-color":"","background-image":"","background-repeat":"repeat","background-position":"center center","background-size":"auto","background-attachment":"scroll","background-type":"","background-media":"","overlay-type":"","overlay-color":"","overlay-opacity":"","overlay-gradient":""}},"ast-content-background-meta":{"desktop":{"background-color":"var(--ast-global-color-4)","background-image":"","background-repeat":"repeat","background-position":"center center","background-size":"auto","background-attachment":"scroll","background-type":"","background-media":"","overlay-type":"","overlay-color":"","overlay-opacity":"","overlay-gradient":""},"tablet":{"background-color":"var(--ast-global-color-4)","background-image":"","background-repeat":"repeat","background-position":"center center","background-size":"auto","background-attachment":"scroll","background-type":"","background-media":"","overlay-type":"","overlay-color":"","overlay-opacity":"","overlay-gradient":""},"mobile":{"background-color":"var(--ast-global-color-4)","background-image":"","background-repeat":"repeat","background-position":"center center","background-size":"auto","background-attachment":"scroll","background-type":"","background-media":"","overlay-type":"","overlay-color":"","overlay-opacity":"","overlay-gradient":""}},"footnotes":""},"class_list":["post-1827","page","type-page","status-publish","hentry"],"yoast_head":"<!-- This site is optimized with the Yoast SEO plugin v26.7 - https:\/\/yoast.com\/wordpress\/plugins\/seo\/ -->\n<title>Plante - Am\u00e9lanchier - Arbraculture<\/title>\n<meta name=\"robots\" content=\"index, follow, max-snippet:-1, max-image-preview:large, max-video-preview:-1\" \/>\n<link rel=\"canonical\" href=\"https:\/\/arbraculture.fr\/index.php\/plante-amelanchier\/\" \/>\n<meta property=\"og:locale\" content=\"fr_FR\" \/>\n<meta property=\"og:type\" content=\"article\" \/>\n<meta property=\"og:title\" content=\"Plante - Am\u00e9lanchier - Arbraculture\" \/>\n<meta property=\"og:description\" content=\"L&rsquo;am\u00e9lanchier \u00e0 feuilles d&rsquo;aulne amelanchier alnifolia Synonyme(s) : Juneberry, Saskatoon berry Origine : Ouest des Etats-Unis d\u2019Am\u00e9rique Description de la plante : Injustement m\u00e9connu en Europe, cet arbrisseau pousse lentement mais quasiment partout, et grandit jusqu&rsquo;\u00e0 4m de haut. Ses feuilles sont rondes \u00e0 ovales. Floraison blanche en avril. Il r\u00e9siste \u00e0 -30\u00b0C et \u00e0 la s\u00e9cheresse. P\u00e9riode de r\u00e9colte du fruit : Juin &#8211; juillet Description du fruit : Le fruit ressemble \u00e0 s\u2019y m\u00e9prendre \u00e0 la myrtille, il passe de vert \u00e0 rouge puis bleu et enfin presque noir lorsque bien m\u00fbr. Go\u00fbt du fruit : Le fruit est doux, juteux, sucr\u00e9, les petites graines ont un l\u00e9ger go\u00fbt d\u2019amande. Attention, les oiseaux sont aussi sur le coup ! En d\u00e9couvrir plus ? D\u00e9couvrez nos conseils, nos plantes.Mais aussi nos r\u00e9alisations : Guide du jardin Projets\" \/>\n<meta property=\"og:url\" content=\"https:\/\/arbraculture.fr\/index.php\/plante-amelanchier\/\" \/>\n<meta property=\"og:site_name\" content=\"Arbraculture\" \/>\n<meta property=\"article:publisher\" content=\"https:\/\/www.facebook.com\/Arbraculture\/?locale=fr_FR\" \/>\n<meta property=\"article:modified_time\" content=\"2025-04-17T08:52:22+00:00\" \/>\n<meta property=\"og:image\" content=\"https:\/\/arbraculture.fr\/wp-content\/uploads\/2025\/04\/amelanchier-2.png\" \/>\n\t<meta property=\"og:image:width\" content=\"440\" \/>\n\t<meta property=\"og:image:height\" content=\"631\" \/>\n\t<meta property=\"og:image:type\" content=\"image\/png\" \/>\n<meta name=\"twitter:card\" content=\"summary_large_image\" \/>\n<meta name=\"twitter:label1\" content=\"Dur\u00e9e de lecture estim\u00e9e\" \/>\n\t<meta name=\"twitter:data1\" content=\"1 minute\" \/>\n<script type=\"application\/ld+json\" class=\"yoast-schema-graph\">{\"@context\":\"https:\/\/schema.org\",\"@graph\":[{\"@type\":\"WebPage\",\"@id\":\"https:\/\/arbraculture.fr\/index.php\/plante-amelanchier\/\",\"url\":\"https:\/\/arbraculture.fr\/index.php\/plante-amelanchier\/\",\"name\":\"Plante - Am\u00e9lanchier - Arbraculture\",\"isPartOf\":{\"@id\":\"https:\/\/arbraculture.fr\/#website\"},\"primaryImageOfPage\":{\"@id\":\"https:\/\/arbraculture.fr\/index.php\/plante-amelanchier\/#primaryimage\"},\"image\":{\"@id\":\"https:\/\/arbraculture.fr\/index.php\/plante-amelanchier\/#primaryimage\"},\"thumbnailUrl\":\"https:\/\/arbraculture.fr\/wp-content\/uploads\/2025\/04\/amelanchier-2.png\",\"datePublished\":\"2025-04-17T08:49:37+00:00\",\"dateModified\":\"2025-04-17T08:52:22+00:00\",\"breadcrumb\":{\"@id\":\"https:\/\/arbraculture.fr\/index.php\/plante-amelanchier\/#breadcrumb\"},\"inLanguage\":\"fr-FR\",\"potentialAction\":[{\"@type\":\"ReadAction\",\"target\":[\"https:\/\/arbraculture.fr\/index.php\/plante-amelanchier\/\"]}]},{\"@type\":\"ImageObject\",\"inLanguage\":\"fr-FR\",\"@id\":\"https:\/\/arbraculture.fr\/index.php\/plante-amelanchier\/#primaryimage\",\"url\":\"https:\/\/arbraculture.fr\/wp-content\/uploads\/2025\/04\/amelanchier-2.png\",\"contentUrl\":\"https:\/\/arbraculture.fr\/wp-content\/uploads\/2025\/04\/amelanchier-2.png\",\"width\":440,\"height\":631},{\"@type\":\"BreadcrumbList\",\"@id\":\"https:\/\/arbraculture.fr\/index.php\/plante-amelanchier\/#breadcrumb\",\"itemListElement\":[{\"@type\":\"ListItem\",\"position\":1,\"name\":\"Accueil\",\"item\":\"https:\/\/arbraculture.fr\/\"},{\"@type\":\"ListItem\",\"position\":2,\"name\":\"Plante &#8211; Am\u00e9lanchier\"}]},{\"@type\":\"WebSite\",\"@id\":\"https:\/\/arbraculture.fr\/#website\",\"url\":\"https:\/\/arbraculture.fr\/\",\"name\":\"Arbraculture\",\"description\":\"La transition paysag\u00e8re utile et naturelle\",\"publisher\":{\"@id\":\"https:\/\/arbraculture.fr\/#organization\"},\"potentialAction\":[{\"@type\":\"SearchAction\",\"target\":{\"@type\":\"EntryPoint\",\"urlTemplate\":\"https:\/\/arbraculture.fr\/?s={search_term_string}\"},\"query-input\":{\"@type\":\"PropertyValueSpecification\",\"valueRequired\":true,\"valueName\":\"search_term_string\"}}],\"inLanguage\":\"fr-FR\"},{\"@type\":\"Organization\",\"@id\":\"https:\/\/arbraculture.fr\/#organization\",\"name\":\"Arbraculture\",\"url\":\"https:\/\/arbraculture.fr\/\",\"logo\":{\"@type\":\"ImageObject\",\"inLanguage\":\"fr-FR\",\"@id\":\"https:\/\/arbraculture.fr\/#\/schema\/logo\/image\/\",\"url\":\"https:\/\/arbraculture.fr\/wp-content\/uploads\/2025\/03\/cropped-Arbraculture-logo-site.png\",\"contentUrl\":\"https:\/\/arbraculture.fr\/wp-content\/uploads\/2025\/03\/cropped-Arbraculture-logo-site.png\",\"width\":1198,\"height\":1012,\"caption\":\"Arbraculture\"},\"image\":{\"@id\":\"https:\/\/arbraculture.fr\/#\/schema\/logo\/image\/\"},\"sameAs\":[\"https:\/\/www.facebook.com\/Arbraculture\/?locale=fr_FR\",\"https:\/\/www.linkedin.com\/company\/arbraculture\/?originalSubdomain=fr\",\"https:\/\/www.instagram.com\/arbraculture\/?hl=fr\"]}]}<\/script>\n<!-- \/ Yoast SEO plugin. -->","yoast_head_json":{"title":"Plante - Am\u00e9lanchier - Arbraculture","robots":{"index":"index","follow":"follow","max-snippet":"max-snippet:-1","max-image-preview":"max-image-preview:large","max-video-preview":"max-video-preview:-1"},"canonical":"https:\/\/arbraculture.fr\/index.php\/plante-amelanchier\/","og_locale":"fr_FR","og_type":"article","og_title":"Plante - Am\u00e9lanchier - Arbraculture","og_description":"L&rsquo;am\u00e9lanchier \u00e0 feuilles d&rsquo;aulne amelanchier alnifolia Synonyme(s) : Juneberry, Saskatoon berry Origine : Ouest des Etats-Unis d\u2019Am\u00e9rique Description de la plante : Injustement m\u00e9connu en Europe, cet arbrisseau pousse lentement mais quasiment partout, et grandit jusqu&rsquo;\u00e0 4m de haut. Ses feuilles sont rondes \u00e0 ovales. Floraison blanche en avril. Il r\u00e9siste \u00e0 -30\u00b0C et \u00e0 la s\u00e9cheresse. P\u00e9riode de r\u00e9colte du fruit : Juin &#8211; juillet Description du fruit : Le fruit ressemble \u00e0 s\u2019y m\u00e9prendre \u00e0 la myrtille, il passe de vert \u00e0 rouge puis bleu et enfin presque noir lorsque bien m\u00fbr. Go\u00fbt du fruit : Le fruit est doux, juteux, sucr\u00e9, les petites graines ont un l\u00e9ger go\u00fbt d\u2019amande. Attention, les oiseaux sont aussi sur le coup ! En d\u00e9couvrir plus ? D\u00e9couvrez nos conseils, nos plantes.Mais aussi nos r\u00e9alisations : Guide du jardin Projets","og_url":"https:\/\/arbraculture.fr\/index.php\/plante-amelanchier\/","og_site_name":"Arbraculture","article_publisher":"https:\/\/www.facebook.com\/Arbraculture\/?locale=fr_FR","article_modified_time":"2025-04-17T08:52:22+00:00","og_image":[{"width":440,"height":631,"url":"https:\/\/arbraculture.fr\/wp-content\/uploads\/2025\/04\/amelanchier-2.png","type":"image\/png"}],"twitter_card":"summary_large_image","twitter_misc":{"Dur\u00e9e de lecture estim\u00e9e":"1 minute"},"schema":{"@context":"https:\/\/schema.org","@graph":[{"@type":"WebPage","@id":"https:\/\/arbraculture.fr\/index.php\/plante-amelanchier\/","url":"https:\/\/arbraculture.fr\/index.php\/plante-amelanchier\/","name":"Plante - Am\u00e9lanchier - Arbraculture","isPartOf":{"@id":"https:\/\/arbraculture.fr\/#website"},"primaryImageOfPage":{"@id":"https:\/\/arbraculture.fr\/index.php\/plante-amelanchier\/#primaryimage"},"image":{"@id":"https:\/\/arbraculture.fr\/index.php\/plante-amelanchier\/#primaryimage"},"thumbnailUrl":"https:\/\/arbraculture.fr\/wp-content\/uploads\/2025\/04\/amelanchier-2.png","datePublished":"2025-04-17T08:49:37+00:00","dateModified":"2025-04-17T08:52:22+00:00","breadcrumb":{"@id":"https:\/\/arbraculture.fr\/index.php\/plante-amelanchier\/#breadcrumb"},"inLanguage":"fr-FR","potentialAction":[{"@type":"ReadAction","target":["https:\/\/arbraculture.fr\/index.php\/plante-amelanchier\/"]}]},{"@type":"ImageObject","inLanguage":"fr-FR","@id":"https:\/\/arbraculture.fr\/index.php\/plante-amelanchier\/#primaryimage","url":"https:\/\/arbraculture.fr\/wp-content\/uploads\/2025\/04\/amelanchier-2.png","contentUrl":"https:\/\/arbraculture.fr\/wp-content\/uploads\/2025\/04\/amelanchier-2.png","width":440,"height":631},{"@type":"BreadcrumbList","@id":"https:\/\/arbraculture.fr\/index.php\/plante-amelanchier\/#breadcrumb","itemListElement":[{"@type":"ListItem","position":1,"name":"Accueil","item":"https:\/\/arbraculture.fr\/"},{"@type":"ListItem","position":2,"name":"Plante &#8211; Am\u00e9lanchier"}]},{"@type":"WebSite","@id":"https:\/\/arbraculture.fr\/#website","url":"https:\/\/arbraculture.fr\/","name":"Arbraculture","description":"La transition paysag\u00e8re utile et naturelle","publisher":{"@id":"https:\/\/arbraculture.fr\/#organization"},"potentialAction":[{"@type":"SearchAction","target":{"@type":"EntryPoint","urlTemplate":"https:\/\/arbraculture.fr\/?s={search_term_string}"},"query-input":{"@type":"PropertyValueSpecification","valueRequired":true,"valueName":"search_term_string"}}],"inLanguage":"fr-FR"},{"@type":"Organization","@id":"https:\/\/arbraculture.fr\/#organization","name":"Arbraculture","url":"https:\/\/arbraculture.fr\/","logo":{"@type":"ImageObject","inLanguage":"fr-FR","@id":"https:\/\/arbraculture.fr\/#\/schema\/logo\/image\/","url":"https:\/\/arbraculture.fr\/wp-content\/uploads\/2025\/03\/cropped-Arbraculture-logo-site.png","contentUrl":"https:\/\/arbraculture.fr\/wp-content\/uploads\/2025\/03\/cropped-Arbraculture-logo-site.png","width":1198,"height":1012,"caption":"Arbraculture"},"image":{"@id":"https:\/\/arbraculture.fr\/#\/schema\/logo\/image\/"},"sameAs":["https:\/\/www.facebook.com\/Arbraculture\/?locale=fr_FR","https:\/\/www.linkedin.com\/company\/arbraculture\/?originalSubdomain=fr","https:\/\/www.instagram.com\/arbraculture\/?hl=fr"]}]}},"_links":{"self":[{"href":"https:\/\/arbraculture.fr\/index.php\/wp-json\/wp\/v2\/pages\/1827","targetHints":{"allow":["GET"]}}],"collection":[{"href":"https:\/\/arbraculture.fr\/index.php\/wp-json\/wp\/v2\/pages"}],"about":[{"href":"https:\/\/arbraculture.fr\/index.php\/wp-json\/wp\/v2\/types\/page"}],"author":[{"embeddable":true,"href":"https:\/\/arbraculture.fr\/index.php\/wp-json\/wp\/v2\/users\/2"}],"replies":[{"embeddable":true,"href":"https:\/\/arbraculture.fr\/index.php\/wp-json\/wp\/v2\/comments?post=1827"}],"version-history":[{"count":4,"href":"https:\/\/arbraculture.fr\/index.php\/wp-json\/wp\/v2\/pages\/1827\/revisions"}],"predecessor-version":[{"id":1834,"href":"https:\/\/arbraculture.fr\/index.php\/wp-json\/wp\/v2\/pages\/1827\/revisions\/1834"}],"wp:attachment":[{"href":"https:\/\/arbraculture.fr\/index.php\/wp-json\/wp\/v2\/media?parent=1827"}],"curies":[{"name":"wp","href":"https:\/\/api.w.org\/{rel}","templated":true}]}}